{"id":28752,"date":"2026-02-10T16:38:45","date_gmt":"2026-02-10T15:38:45","guid":{"rendered":"https:\/\/cottage.cz\/?page_id=28752"},"modified":"2026-02-11T09:12:09","modified_gmt":"2026-02-11T08:12:09","slug":"yoga-retreat-und-wellness-in-tschechien","status":"publish","type":"page","link":"https:\/\/cottage.cz\/de\/yoga-retreat-und-wellness-in-tschechien\/","title":{"rendered":"Yoga retreat und wellness in Tschechien"},"content":{"rendered":"<p>M\u00f6chten Sie Zeit in Tschechien verbringen, nur 1,5 Stunden von Prag und 1 Stunde von Dresden entfernt, inmitten der wundersch\u00f6nen Natur des <a href=\"https:\/\/cottage.cz\/de\/der-nationalpark-boehmische-schweiz\/\">Nationalparks B\u00f6hmische Schweiz<\/a>? Das Bohemian COTTAGE ist ein gem\u00fctliches kleines <a href=\"https:\/\/cottage.cz\/de\/unterkunft-bohmische-schweiz\/\">Boutique Hotel<\/a> mit 17 Betten und bietet Vollpension. <a href=\"https:\/\/cottage.cz\/de\/fuehrungen\/\">Professionelle Guides<\/a> im Nationalpark und in Tschechien erwarten Sie, damit Sie sich rundum wohlf\u00fchlen. F\u00fcr Ihren Aufenthalt steht Ihnen ein nat\u00fcrliches <a href=\"https:\/\/cottage.cz\/de\/naturliches-privates-wellness\/\">Wellness-Resort<\/a> mit Sauna, Whirlpool und einem Badesee im Garten zur Verf\u00fcgung. Ein spezielles <a href=\"https:\/\/cottage.cz\/de\/yoga\/\">Yoga-Studio<\/a> (Shala) mit kompletter Ausstattung f\u00fcr Yogalehrer ist ebenfalls vorhanden.<\/p>\n<p>Wenn Sie Interesse an der Organisation Ihrer Yoga-Retreat-Woche in Tschechien haben, kontaktieren Sie bitte Guide Ales und Yogalehrerin Irena per E-Mail unter <a href=\"mailto:info@cottage.cz\">info@cottage.cz<\/a>.<\/p>\nngg_shortcode_0_placeholder\n<p style=\"text-align: center;\">Yoga studio<\/p>\nngg_shortcode_1_placeholder\n<p style=\"text-align: center;\">Welcome<\/p>\n<p><iframe data-src=\"https:\/\/www.youtube.com\/embed\/vaQ2zUK5bS4\" width=\"100%\" height=\"587\" frameborder=\"0\" src=\"data:image\/svg+xml;base64,PHN2ZyB3aWR0aD0iMSIgaGVpZ2h0PSIxIiB4bWxucz0iaHR0cDovL3d3dy53My5vcmcvMjAwMC9zdmciPjwvc3ZnPg==\" class=\"lazyload\" data-load-mode=\"1\"><\/iframe><\/p>\n","protected":false},"excerpt":{"rendered":"<p>M\u00f6chten Sie Zeit in Tschechien verbringen, nur 1,5 Stunden von Prag und 1 Stunde von Dresden entfernt, inmitten der wundersch\u00f6nen Natur des Nationalparks B\u00f6hmische Schweiz? Das Bohemian COTTAGE ist ein gem\u00fctliches kleines Boutique Hotel mit 17 Betten und bietet Vollpension. Professionelle Guides im Nationalpark und in Tschechien erwarten Sie, damit Sie sich rundum wohlf\u00fchlen. F\u00fcr [&hellip;]<\/p>\n","protected":false},"author":2,"featured_media":19690,"parent":0,"menu_order":0,"comment_status":"closed","ping_status":"closed","template":"","meta":{"_monsterinsights_skip_tracking":false,"_monsterinsights_sitenote_active":false,"_monsterinsights_sitenote_note":"","_monsterinsights_sitenote_category":0,"ngg_post_thumbnail":0,"footnotes":""},"class_list":["post-28752","page","type-page","status-publish","has-post-thumbnail","hentry"],"aioseo_notices":[],"_links":{"self":[{"href":"https:\/\/cottage.cz\/de\/wp-json\/wp\/v2\/pages\/28752","targetHints":{"allow":["GET"]}}],"collection":[{"href":"https:\/\/cottage.cz\/de\/wp-json\/wp\/v2\/pages"}],"about":[{"href":"https:\/\/cottage.cz\/de\/wp-json\/wp\/v2\/types\/page"}],"author":[{"embeddable":true,"href":"https:\/\/cottage.cz\/de\/wp-json\/wp\/v2\/users\/2"}],"replies":[{"embeddable":true,"href":"https:\/\/cottage.cz\/de\/wp-json\/wp\/v2\/comments?post=28752"}],"version-history":[{"count":2,"href":"https:\/\/cottage.cz\/de\/wp-json\/wp\/v2\/pages\/28752\/revisions"}],"predecessor-version":[{"id":28756,"href":"https:\/\/cottage.cz\/de\/wp-json\/wp\/v2\/pages\/28752\/revisions\/28756"}],"wp:featuredmedia":[{"embeddable":true,"href":"https:\/\/cottage.cz\/de\/wp-json\/wp\/v2\/media\/19690"}],"wp:attachment":[{"href":"https:\/\/cottage.cz\/de\/wp-json\/wp\/v2\/media?parent=28752"}],"curies":[{"name":"wp","href":"https:\/\/api.w.org\/{rel}","templated":true}]}}