{"id":27560,"date":"2025-09-17T08:45:52","date_gmt":"2025-09-17T06:45:52","guid":{"rendered":"https:\/\/cottage.cz\/?page_id=27560"},"modified":"2025-12-14T18:29:40","modified_gmt":"2025-12-14T17:29:40","slug":"teamevents-und-teambuilding-in-der-boehmischen-schweiz","status":"publish","type":"page","link":"https:\/\/cottage.cz\/de\/teamevents-und-teambuilding-in-der-boehmischen-schweiz\/","title":{"rendered":"Teamevents und Teambuilding in der B\u00f6hmischen Schweiz"},"content":{"rendered":"\n<p>Teambuilding in der B\u00f6hmischen Schweiz \u2013 die ideale Wahl f\u00fcr kleine Unternehmen<br><br>Das Bohemia Cottage im Herzen der B\u00f6hmischen Schweiz in der N\u00e4he von Kr\u00e1sn\u00e1 L\u00edpa ist der ideale Ort f\u00fcr Teambuilding-Aktivit\u00e4ten in kleinen, freundlichen Teams. Es verbindet eine ruhige, nat\u00fcrliche Umgebung, die zu kreativer Arbeit anregt, mit hochwertigen Einrichtungen \u2013 privatem Wellnessbereich (Whirlpool, 2 Saunen) und einem Yoga-Raum (komfortabler Vortragsraum mit individueller Bestuhlung).<br><br>Ihre Mitarbeiter werden unser hausgemachtes <a href=\"https:\/\/cottage.cz\/de\/fest\/\" title=\"\">vegetarisches Essen<\/a> zu sch\u00e4tzen wissen. Die Ruhe und die nat\u00fcrliche Atmosph\u00e4re erm\u00f6glichen Konzentration, Entspannung und kreatives Arbeiten.<br><br>Kapazit\u00e4t (<strong>4 Apartments, bis zu 17 Betten<\/strong> plus 2) und ein Wohnwagen f\u00fcr Einzelreisende.<br>\u2013 Flipchart, Projector, Kaffee, Tee und Wasser stehen zur Verf\u00fcgung.<br>\u2013 M\u00f6glichkeit, Ihr Programm mit einer gef\u00fchrten Wanderung, Nordic Walking, <a href=\"https:\/\/cottage.cz\/de\/yoga-unterricht\/\" title=\"Yoga\">Yoga,<\/a> Saunaritual usw. zu erg\u00e4nzen.<br><br>Um die gesamte Anlage zu buchen und einen passenden Termin zu finden, klicken Sie bitte <a href=\"https:\/\/cottage.cz\/de\/rezervace\/das-gesamte-gebaeude-bohemian-cottage\/\" title=\"\">hier<\/a>.<\/p>\n\n\n\n<p><\/p>\n\n\n\nngg_shortcode_0_placeholder\n","protected":false},"excerpt":{"rendered":"<p>Teambuilding in der B\u00f6hmischen Schweiz \u2013 die ideale Wahl f\u00fcr kleine Unternehmen Das Bohemia Cottage im Herzen der B\u00f6hmischen Schweiz in der N\u00e4he von Kr\u00e1sn\u00e1 L\u00edpa ist der ideale Ort f\u00fcr Teambuilding-Aktivit\u00e4ten in kleinen, freundlichen Teams. Es verbindet eine ruhige, nat\u00fcrliche Umgebung, die zu kreativer Arbeit anregt, mit hochwertigen Einrichtungen \u2013 privatem Wellnessbereich (Whirlpool, 2 [&hellip;]<\/p>\n","protected":false},"author":2,"featured_media":27309,"parent":0,"menu_order":0,"comment_status":"closed","ping_status":"closed","template":"","meta":{"_monsterinsights_skip_tracking":false,"_monsterinsights_sitenote_active":false,"_monsterinsights_sitenote_note":"","_monsterinsights_sitenote_category":0,"ngg_post_thumbnail":0,"footnotes":""},"class_list":["post-27560","page","type-page","status-publish","has-post-thumbnail","hentry"],"aioseo_notices":[],"_links":{"self":[{"href":"https:\/\/cottage.cz\/de\/wp-json\/wp\/v2\/pages\/27560","targetHints":{"allow":["GET"]}}],"collection":[{"href":"https:\/\/cottage.cz\/de\/wp-json\/wp\/v2\/pages"}],"about":[{"href":"https:\/\/cottage.cz\/de\/wp-json\/wp\/v2\/types\/page"}],"author":[{"embeddable":true,"href":"https:\/\/cottage.cz\/de\/wp-json\/wp\/v2\/users\/2"}],"replies":[{"embeddable":true,"href":"https:\/\/cottage.cz\/de\/wp-json\/wp\/v2\/comments?post=27560"}],"version-history":[{"count":2,"href":"https:\/\/cottage.cz\/de\/wp-json\/wp\/v2\/pages\/27560\/revisions"}],"predecessor-version":[{"id":28172,"href":"https:\/\/cottage.cz\/de\/wp-json\/wp\/v2\/pages\/27560\/revisions\/28172"}],"wp:featuredmedia":[{"embeddable":true,"href":"https:\/\/cottage.cz\/de\/wp-json\/wp\/v2\/media\/27309"}],"wp:attachment":[{"href":"https:\/\/cottage.cz\/de\/wp-json\/wp\/v2\/media?parent=27560"}],"curies":[{"name":"wp","href":"https:\/\/api.w.org\/{rel}","templated":true}]}}