{"id":27188,"date":"2025-06-12T09:37:18","date_gmt":"2025-06-12T07:37:18","guid":{"rendered":"https:\/\/cottage.cz\/?page_id=27188"},"modified":"2025-06-12T09:37:20","modified_gmt":"2025-06-12T07:37:20","slug":"parkplatz","status":"publish","type":"page","link":"https:\/\/cottage.cz\/de\/parkplatz\/","title":{"rendered":"Parkplatz"},"content":{"rendered":"\n<p>Direkt neben dem G\u00e4stehaus steht ein privater Parkplatz nur f\u00fcr unsere G\u00e4ste zur Verf\u00fcgung. Bei Gruppen mit mehr als sechs Autos parken Sie bitte in zwei Reihen. F\u00fcr Elektroautos steht ein Parkplatz direkt am G\u00e4stehaus zur Verf\u00fcgung.<\/p>\n\n\n\n<p><\/p>\n","protected":false},"excerpt":{"rendered":"<p>Direkt neben dem G\u00e4stehaus steht ein privater Parkplatz nur f\u00fcr unsere G\u00e4ste zur Verf\u00fcgung. Bei Gruppen mit mehr als sechs Autos parken Sie bitte in zwei Reihen. F\u00fcr Elektroautos steht ein Parkplatz direkt am G\u00e4stehaus zur Verf\u00fcgung.<\/p>\n","protected":false},"author":2,"featured_media":27140,"parent":0,"menu_order":0,"comment_status":"closed","ping_status":"closed","template":"","meta":{"_monsterinsights_skip_tracking":false,"_monsterinsights_sitenote_active":false,"_monsterinsights_sitenote_note":"","_monsterinsights_sitenote_category":0,"ngg_post_thumbnail":0,"footnotes":""},"class_list":["post-27188","page","type-page","status-publish","has-post-thumbnail","hentry"],"aioseo_notices":[],"_links":{"self":[{"href":"https:\/\/cottage.cz\/de\/wp-json\/wp\/v2\/pages\/27188","targetHints":{"allow":["GET"]}}],"collection":[{"href":"https:\/\/cottage.cz\/de\/wp-json\/wp\/v2\/pages"}],"about":[{"href":"https:\/\/cottage.cz\/de\/wp-json\/wp\/v2\/types\/page"}],"author":[{"embeddable":true,"href":"https:\/\/cottage.cz\/de\/wp-json\/wp\/v2\/users\/2"}],"replies":[{"embeddable":true,"href":"https:\/\/cottage.cz\/de\/wp-json\/wp\/v2\/comments?post=27188"}],"version-history":[{"count":1,"href":"https:\/\/cottage.cz\/de\/wp-json\/wp\/v2\/pages\/27188\/revisions"}],"predecessor-version":[{"id":27189,"href":"https:\/\/cottage.cz\/de\/wp-json\/wp\/v2\/pages\/27188\/revisions\/27189"}],"wp:featuredmedia":[{"embeddable":true,"href":"https:\/\/cottage.cz\/de\/wp-json\/wp\/v2\/media\/27140"}],"wp:attachment":[{"href":"https:\/\/cottage.cz\/de\/wp-json\/wp\/v2\/media?parent=27188"}],"curies":[{"name":"wp","href":"https:\/\/api.w.org\/{rel}","templated":true}]}}