{"id":27159,"date":"2025-06-11T12:20:41","date_gmt":"2025-06-11T10:20:41","guid":{"rendered":"https:\/\/cottage.cz\/?page_id=27159"},"modified":"2025-12-03T08:33:44","modified_gmt":"2025-12-03T07:33:44","slug":"haustierfreundlich","status":"publish","type":"page","link":"https:\/\/cottage.cz\/de\/haustierfreundlich\/","title":{"rendered":"Haustierfreundlich"},"content":{"rendered":"\n<p>Bitte lassen Sie Ihre Haustiere (Hund, Katze, Papagei usw.) zu Hause. Sollten keine anderen M\u00f6glichkeiten bestehen, k\u00f6nnen Sie das gesamte Geb\u00e4ude oder die Maringotka gegen eine Geb\u00fchr von 500 czk \/ nacht pro Aufenthalt und Tier mieten.<\/p>\n\n\n\n<p>Please notify us in advance.<\/p>\n\n\n\n<p><\/p>\n","protected":false},"excerpt":{"rendered":"<p>Bitte lassen Sie Ihre Haustiere (Hund, Katze, Papagei usw.) zu Hause. Sollten keine anderen M\u00f6glichkeiten bestehen, k\u00f6nnen Sie das gesamte Geb\u00e4ude oder die Maringotka gegen eine Geb\u00fchr von 500 czk \/ nacht pro Aufenthalt und Tier mieten. Please notify us in advance.<\/p>\n","protected":false},"author":2,"featured_media":26906,"parent":0,"menu_order":0,"comment_status":"closed","ping_status":"closed","template":"","meta":{"_monsterinsights_skip_tracking":false,"_monsterinsights_sitenote_active":false,"_monsterinsights_sitenote_note":"","_monsterinsights_sitenote_category":0,"ngg_post_thumbnail":0,"footnotes":""},"class_list":["post-27159","page","type-page","status-publish","has-post-thumbnail","hentry"],"aioseo_notices":[],"_links":{"self":[{"href":"https:\/\/cottage.cz\/de\/wp-json\/wp\/v2\/pages\/27159","targetHints":{"allow":["GET"]}}],"collection":[{"href":"https:\/\/cottage.cz\/de\/wp-json\/wp\/v2\/pages"}],"about":[{"href":"https:\/\/cottage.cz\/de\/wp-json\/wp\/v2\/types\/page"}],"author":[{"embeddable":true,"href":"https:\/\/cottage.cz\/de\/wp-json\/wp\/v2\/users\/2"}],"replies":[{"embeddable":true,"href":"https:\/\/cottage.cz\/de\/wp-json\/wp\/v2\/comments?post=27159"}],"version-history":[{"count":2,"href":"https:\/\/cottage.cz\/de\/wp-json\/wp\/v2\/pages\/27159\/revisions"}],"predecessor-version":[{"id":28099,"href":"https:\/\/cottage.cz\/de\/wp-json\/wp\/v2\/pages\/27159\/revisions\/28099"}],"wp:featuredmedia":[{"embeddable":true,"href":"https:\/\/cottage.cz\/de\/wp-json\/wp\/v2\/media\/26906"}],"wp:attachment":[{"href":"https:\/\/cottage.cz\/de\/wp-json\/wp\/v2\/media?parent=27159"}],"curies":[{"name":"wp","href":"https:\/\/api.w.org\/{rel}","templated":true}]}}