{"id":2714,"date":"2017-07-28T11:22:35","date_gmt":"2017-07-28T09:22:35","guid":{"rendered":"http:\/\/cottage.napokusy.cz\/?page_id=2714"},"modified":"2024-02-20T10:21:29","modified_gmt":"2024-02-20T09:21:29","slug":"ueber-die-boehmische-schweiz","status":"publish","type":"page","link":"https:\/\/cottage.cz\/de\/ueber-die-boehmische-schweiz\/","title":{"rendered":"\u00dcber die B\u00f6hmische Schweiz"},"content":{"rendered":"<p><strong>Die Vision Bohemian COTTAGE<\/strong><br \/>\nCottage ist mehr als nur eine Pension. Von der urspr\u00fcnglichen Idee bis zur Realisierung des<br \/>\nletzten T\u00fcrschl\u00fcssels, glaubten wir an die Erf\u00fcllung unserer Vision: einen Ort zu schaffen, der<br \/>\ndurch die einzigartige Atmosph\u00e4re einen Anlass f\u00fcr Ruhe, zur Wiederaufnahme neuer Kr\u00e4fte,<br \/>\nzur Entstehung neuer Ideen und zur Verflechtung mit der umgebenden, wundersch\u00f6nen<br \/>\nLandschaft, die sich wellt und wandelt, wie unsere innere Welt, gibt. Das sind unsere eigenen<br \/>\nErfahrungen und unser Erlebnis mit dem Ort, zu dem wir Sie einladen. Wir glauben, dass uns<br \/>\nund unsere Lebenseinstellung die Natur durch Licht, Landschaft und unz\u00e4hlige Mengen von<br \/>\nFarben und Dufte, beeinflusst.<\/p>\n<div><\/div>\n<div class=\"embed-responsive embed-responsive-16by9\"><iframe class=\"embed-responsive-item lazyload\" data-src=\"https:\/\/www.youtube.com\/embed\/k-yAtkct39Q\" allowfullscreen=\"allowfullscreen\" data-mce-fragment=\"1\" src=\"data:image\/svg+xml;base64,PHN2ZyB3aWR0aD0iMSIgaGVpZ2h0PSIxIiB4bWxucz0iaHR0cDovL3d3dy53My5vcmcvMjAwMC9zdmciPjwvc3ZnPg==\" data-load-mode=\"1\"><\/iframe><\/div>\n<p style=\"text-align: center;\">\n<p><strong>Irena durch die Augen ihres Mannes:<\/strong><br \/>\nIst eine au\u00dfergew\u00f6hnliche Frau, die alles schafft! Sie lacht so wundersch\u00f6n, hat ein offenes Herz, aus ihr heraus kommt eine angenehme Energie, sie kann vers\u00f6hnen, ist freundlich, einf\u00fchlsam und unterst\u00fctzend\u2026aber Vorsicht! Wenn sie mit mir nicht einverstanden ist, l\u00e4sst sie an mir kein gutes Haar! Meine Frau k\u00fcmmert sich um das gemeinsame Zuhause, schreibt Gedichte, unterrichtet Yoga und verbreitet dies mit Begeisterung in der ganzen Gegend, sie kocht hausgemachte Kosmetik lieber als Gulasch, hat viele Notizb\u00fccher zum Schreiben und Zeichnen\u2026 Sie ist eine Muse sowie die Energie und Inspiration von Bohemian Cottage<\/p>\n<p><strong>Ale\u0161 durch die Augen seiner Frau:<\/strong><br \/>\nAle\u0161 ist ein ausgezeichneter F\u00fchrer im Nationalpark B\u00f6hmische Schweiz. Mit seinem<br \/>\neinzigartigem Scharfsinn und Gef\u00fchl f\u00fcr Detail kann er bei jedem Wetter ein tolles<br \/>\nAusflugserlebnis zaubern. Er ist ein Nordic-Walking Trainer, hervorragender Schlittschuhl\u00e4ufer<br \/>\nund Skifahrer. Er mag Natur, Reisen, Sport, Sauna und das regionale Bier. Anstatt Fitnessstudio<br \/>\nhackt er das Holz. Er respektiert Leute, die ihr Wort halten und immer f\u00fcr ein Gespr\u00e4ch offen<br \/>\nsind. Seine Meinungen sagt er offen, manchmal zu offen:-), wovon er nicht nur profitiert!<br \/>\nIch sch\u00e4tze ihn sehr, er ist ein toller Vater unserer Kinder und ein Baustein von Bohemian<br \/>\nH\u00fctte.<\/p>\n<p><strong>Wie kommen sie zu uns?<\/strong><br \/>\nAus Prag in knapp 2 Stunden mit dem Auto. Bequem \u00fcber die Autobahn R35 Richtung Liberec<br \/>\nund dann Richtung D\u011b\u010d\u00edn auf der Stra\u00dfe 13, hinter Cvikov Stra\u00dfe 9 Richtung Rumburk, Kr\u00e1sn\u00e1<br \/>\nL\u00edpa.<br \/>\nEine k\u00fcrzere (was Kilometer betrifft), aber kurvenreichere Strecke geht \u00fcber die Autobahn D8 nach M\u011bln\u00edk \u00fcber \u010cesk\u00e1 L\u00edpa, oder mit der Abfahrt Roudnice n.L. und dann Richtung \u010cesk\u00e1 Kamenice, Kr\u00e1sn\u00e1 L\u00edpa.<br \/>\nVon Kr\u00e1sn\u00e1 L\u00edpa, Markt f\u00fchrt zu uns ein gelber touristischer Weg (1,5 Km Kamenn\u00e1 Horka). Mit dem Auto fahren Sie Richtung Doubice und bevor sie Kr\u00e1sn\u00e1 L\u00edpa verlassen, biegen sie von derHauptstra\u00dfe nach rechts, Richtung Kamenn\u00e1 Horka. Beachten Sie unsere Hinweisschilder, Stra\u00dfe Wolkerova.<\/p>\n<div class=\"responsive-iframe-container\" style=\"text-align: center;\"><\/div>\n<div class=\"responsive-iframe-container\" style=\"text-align: center;\"><iframe style=\"border: 0;\" data-src=\"https:\/\/www.google.com\/maps\/embed?pb=!1m18!1m12!1m3!1d20124.28577312313!2d14.504596616772465!3d50.91380627538136!2m3!1f0!2f0!3f0!3m2!1i1024!2i768!4f13.1!3m3!1m2!1s0x0%3A0x3be4ebedf40928e7!2zU3BvcnRvdm7DrSBwxa9qxI1vdm5hIGEgdWJ5dG92w6Fuw60gQ290dGFnZQ!5e0!3m2!1scs!2scz!4v1403440112089\" width=\"880\" height=\"400\" frameborder=\"0\" data-mce-fragment=\"1\" src=\"data:image\/svg+xml;base64,PHN2ZyB3aWR0aD0iMSIgaGVpZ2h0PSIxIiB4bWxucz0iaHR0cDovL3d3dy53My5vcmcvMjAwMC9zdmciPjwvc3ZnPg==\" class=\"lazyload\" data-load-mode=\"1\"><\/iframe><\/div>\n<div><\/div>\n<p style=\"text-align: center;\">\n","protected":false},"excerpt":{"rendered":"<p>Die Vision Bohemian COTTAGE Cottage ist mehr als nur eine Pension. Von der urspr\u00fcnglichen Idee bis zur Realisierung des letzten T\u00fcrschl\u00fcssels, glaubten wir an die Erf\u00fcllung unserer Vision: einen Ort zu schaffen, der durch die einzigartige Atmosph\u00e4re einen Anlass f\u00fcr Ruhe, zur Wiederaufnahme neuer Kr\u00e4fte, zur Entstehung neuer Ideen und zur Verflechtung mit der umgebenden, [&hellip;]<\/p>\n","protected":false},"author":4,"featured_media":19039,"parent":0,"menu_order":0,"comment_status":"closed","ping_status":"closed","template":"","meta":{"_monsterinsights_skip_tracking":false,"_monsterinsights_sitenote_active":false,"_monsterinsights_sitenote_note":"","_monsterinsights_sitenote_category":0,"ngg_post_thumbnail":0,"footnotes":""},"class_list":["post-2714","page","type-page","status-publish","has-post-thumbnail","hentry"],"aioseo_notices":[],"_links":{"self":[{"href":"https:\/\/cottage.cz\/de\/wp-json\/wp\/v2\/pages\/2714","targetHints":{"allow":["GET"]}}],"collection":[{"href":"https:\/\/cottage.cz\/de\/wp-json\/wp\/v2\/pages"}],"about":[{"href":"https:\/\/cottage.cz\/de\/wp-json\/wp\/v2\/types\/page"}],"author":[{"embeddable":true,"href":"https:\/\/cottage.cz\/de\/wp-json\/wp\/v2\/users\/4"}],"replies":[{"embeddable":true,"href":"https:\/\/cottage.cz\/de\/wp-json\/wp\/v2\/comments?post=2714"}],"version-history":[{"count":3,"href":"https:\/\/cottage.cz\/de\/wp-json\/wp\/v2\/pages\/2714\/revisions"}],"predecessor-version":[{"id":21906,"href":"https:\/\/cottage.cz\/de\/wp-json\/wp\/v2\/pages\/2714\/revisions\/21906"}],"wp:featuredmedia":[{"embeddable":true,"href":"https:\/\/cottage.cz\/de\/wp-json\/wp\/v2\/media\/19039"}],"wp:attachment":[{"href":"https:\/\/cottage.cz\/de\/wp-json\/wp\/v2\/media?parent=2714"}],"curies":[{"name":"wp","href":"https:\/\/api.w.org\/{rel}","templated":true}]}}