{"id":25128,"date":"2026-01-17T18:08:40","date_gmt":"2026-01-17T17:08:40","guid":{"rendered":"https:\/\/cottage.cz\/?page_id=25128"},"modified":"2026-01-17T18:08:42","modified_gmt":"2026-01-17T17:08:42","slug":"saunarituale-boheme-aufguss","status":"publish","type":"page","link":"https:\/\/cottage.cz\/de\/saunarituale-boheme-aufguss\/","title":{"rendered":"Saunarituale \u2013 Boh\u00e8me Aufguss"},"content":{"rendered":"\n<p id=\"tw-target-text\">Private Saunarituale (Zeremonien) f\u00fcr 1\u20138 Personen. Urspr\u00fcngliche Atmosph\u00e4re, Kontakt zur Natur und Blick auf das Lausitzer Gebirge. Ein Erlebnis f\u00fcr alle Sinne (5+1). Was ist der sechste Sinn?<br>Wo: Kamenna Horka, Krasn\u00e1 Lipa, B\u00f6hmische Schweiz<br><\/p>\n\n\n\n<figure class=\"wp-block-gallery has-nested-images columns-default is-cropped wp-block-gallery-1 is-layout-flex wp-block-gallery-is-layout-flex\">\n<figure class=\"wp-block-image size-large\"><img decoding=\"async\" width=\"768\" height=\"1024\" data-id=\"24770\" data-src=\"https:\/\/cottage.cz\/wp-content\/uploads\/2025\/02\/20250207_204348-768x1024.jpg\" alt=\"\" class=\"wp-image-24770 lazyload\" data-srcset=\"https:\/\/cottage.cz\/wp-content\/uploads\/2025\/02\/20250207_204348-768x1024.jpg 768w, https:\/\/cottage.cz\/wp-content\/uploads\/2025\/02\/20250207_204348-225x300.jpg 225w, https:\/\/cottage.cz\/wp-content\/uploads\/2025\/02\/20250207_204348-1152x1536.jpg 1152w, https:\/\/cottage.cz\/wp-content\/uploads\/2025\/02\/20250207_204348-1536x2048.jpg 1536w, https:\/\/cottage.cz\/wp-content\/uploads\/2025\/02\/20250207_204348-scaled.jpg 1920w\" data-sizes=\"(max-width: 768px) 100vw, 768px\" src=\"data:image\/svg+xml;base64,PHN2ZyB3aWR0aD0iMSIgaGVpZ2h0PSIxIiB4bWxucz0iaHR0cDovL3d3dy53My5vcmcvMjAwMC9zdmciPjwvc3ZnPg==\" style=\"--smush-placeholder-width: 768px; --smush-placeholder-aspect-ratio: 768\/1024;\" \/><\/figure>\n\n\n\n<figure class=\"wp-block-image size-large\"><img decoding=\"async\" width=\"768\" height=\"1024\" data-id=\"24776\" data-src=\"https:\/\/cottage.cz\/wp-content\/uploads\/2025\/02\/20250207_194911-768x1024.jpg\" alt=\"\" class=\"wp-image-24776 lazyload\" data-srcset=\"https:\/\/cottage.cz\/wp-content\/uploads\/2025\/02\/20250207_194911-768x1024.jpg 768w, https:\/\/cottage.cz\/wp-content\/uploads\/2025\/02\/20250207_194911-225x300.jpg 225w, https:\/\/cottage.cz\/wp-content\/uploads\/2025\/02\/20250207_194911-1152x1536.jpg 1152w, https:\/\/cottage.cz\/wp-content\/uploads\/2025\/02\/20250207_194911-1536x2048.jpg 1536w, https:\/\/cottage.cz\/wp-content\/uploads\/2025\/02\/20250207_194911-scaled.jpg 1920w\" data-sizes=\"(max-width: 768px) 100vw, 768px\" src=\"data:image\/svg+xml;base64,PHN2ZyB3aWR0aD0iMSIgaGVpZ2h0PSIxIiB4bWxucz0iaHR0cDovL3d3dy53My5vcmcvMjAwMC9zdmciPjwvc3ZnPg==\" style=\"--smush-placeholder-width: 768px; --smush-placeholder-aspect-ratio: 768\/1024;\" \/><\/figure>\n\n\n\n<figure class=\"wp-block-image size-large\"><img decoding=\"async\" width=\"768\" height=\"1024\" data-id=\"24766\" data-src=\"https:\/\/cottage.cz\/wp-content\/uploads\/2025\/02\/20250207_200151-768x1024.jpg\" alt=\"\" class=\"wp-image-24766 lazyload\" data-srcset=\"https:\/\/cottage.cz\/wp-content\/uploads\/2025\/02\/20250207_200151-768x1024.jpg 768w, https:\/\/cottage.cz\/wp-content\/uploads\/2025\/02\/20250207_200151-225x300.jpg 225w, https:\/\/cottage.cz\/wp-content\/uploads\/2025\/02\/20250207_200151-1152x1536.jpg 1152w, https:\/\/cottage.cz\/wp-content\/uploads\/2025\/02\/20250207_200151-1536x2048.jpg 1536w, https:\/\/cottage.cz\/wp-content\/uploads\/2025\/02\/20250207_200151-scaled.jpg 1920w\" data-sizes=\"(max-width: 768px) 100vw, 768px\" src=\"data:image\/svg+xml;base64,PHN2ZyB3aWR0aD0iMSIgaGVpZ2h0PSIxIiB4bWxucz0iaHR0cDovL3d3dy53My5vcmcvMjAwMC9zdmciPjwvc3ZnPg==\" style=\"--smush-placeholder-width: 768px; --smush-placeholder-aspect-ratio: 768\/1024;\" \/><\/figure>\n\n\n\n<figure class=\"wp-block-image size-large\"><img decoding=\"async\" width=\"768\" height=\"1024\" data-id=\"24786\" data-src=\"https:\/\/cottage.cz\/wp-content\/uploads\/2025\/02\/20250103_160421-768x1024.jpg\" alt=\"\" class=\"wp-image-24786 lazyload\" data-srcset=\"https:\/\/cottage.cz\/wp-content\/uploads\/2025\/02\/20250103_160421-768x1024.jpg 768w, https:\/\/cottage.cz\/wp-content\/uploads\/2025\/02\/20250103_160421-225x300.jpg 225w, https:\/\/cottage.cz\/wp-content\/uploads\/2025\/02\/20250103_160421-1152x1536.jpg 1152w, https:\/\/cottage.cz\/wp-content\/uploads\/2025\/02\/20250103_160421-1536x2048.jpg 1536w, https:\/\/cottage.cz\/wp-content\/uploads\/2025\/02\/20250103_160421-scaled.jpg 1920w\" data-sizes=\"(max-width: 768px) 100vw, 768px\" src=\"data:image\/svg+xml;base64,PHN2ZyB3aWR0aD0iMSIgaGVpZ2h0PSIxIiB4bWxucz0iaHR0cDovL3d3dy53My5vcmcvMjAwMC9zdmciPjwvc3ZnPg==\" style=\"--smush-placeholder-width: 768px; --smush-placeholder-aspect-ratio: 768\/1024;\" \/><\/figure>\n\n\n\n<figure class=\"wp-block-image size-large\"><img decoding=\"async\" width=\"768\" height=\"1024\" data-id=\"24781\" data-src=\"https:\/\/cottage.cz\/wp-content\/uploads\/2025\/02\/20250204_102636-768x1024.jpg\" alt=\"\" class=\"wp-image-24781 lazyload\" data-srcset=\"https:\/\/cottage.cz\/wp-content\/uploads\/2025\/02\/20250204_102636-768x1024.jpg 768w, https:\/\/cottage.cz\/wp-content\/uploads\/2025\/02\/20250204_102636-225x300.jpg 225w, https:\/\/cottage.cz\/wp-content\/uploads\/2025\/02\/20250204_102636-1152x1536.jpg 1152w, https:\/\/cottage.cz\/wp-content\/uploads\/2025\/02\/20250204_102636-1536x2048.jpg 1536w, https:\/\/cottage.cz\/wp-content\/uploads\/2025\/02\/20250204_102636-scaled.jpg 1920w\" data-sizes=\"(max-width: 768px) 100vw, 768px\" src=\"data:image\/svg+xml;base64,PHN2ZyB3aWR0aD0iMSIgaGVpZ2h0PSIxIiB4bWxucz0iaHR0cDovL3d3dy53My5vcmcvMjAwMC9zdmciPjwvc3ZnPg==\" style=\"--smush-placeholder-width: 768px; --smush-placeholder-aspect-ratio: 768\/1024;\" \/><\/figure>\n\n\n\n<figure class=\"wp-block-image size-large\"><img decoding=\"async\" width=\"683\" height=\"1024\" data-id=\"25112\" data-src=\"https:\/\/cottage.cz\/wp-content\/uploads\/2025\/04\/FB_IMG_1742472602765-683x1024.jpg\" alt=\"\" class=\"wp-image-25112 lazyload\" data-srcset=\"https:\/\/cottage.cz\/wp-content\/uploads\/2025\/04\/FB_IMG_1742472602765-683x1024.jpg 683w, https:\/\/cottage.cz\/wp-content\/uploads\/2025\/04\/FB_IMG_1742472602765-200x300.jpg 200w, https:\/\/cottage.cz\/wp-content\/uploads\/2025\/04\/FB_IMG_1742472602765-768x1152.jpg 768w, https:\/\/cottage.cz\/wp-content\/uploads\/2025\/04\/FB_IMG_1742472602765-1024x1536.jpg 1024w, https:\/\/cottage.cz\/wp-content\/uploads\/2025\/04\/FB_IMG_1742472602765.jpg 1080w\" data-sizes=\"(max-width: 683px) 100vw, 683px\" src=\"data:image\/svg+xml;base64,PHN2ZyB3aWR0aD0iMSIgaGVpZ2h0PSIxIiB4bWxucz0iaHR0cDovL3d3dy53My5vcmcvMjAwMC9zdmciPjwvc3ZnPg==\" style=\"--smush-placeholder-width: 683px; --smush-placeholder-aspect-ratio: 683\/1024;\" \/><\/figure>\n<\/figure>\n\n\n\n<p>Weitere Informationen: info@cottage.cz<\/p>\n","protected":false},"excerpt":{"rendered":"<p>Private Saunarituale (Zeremonien) f\u00fcr 1\u20138 Personen. Urspr\u00fcngliche Atmosph\u00e4re, Kontakt zur Natur und Blick auf das Lausitzer Gebirge. Ein Erlebnis f\u00fcr alle Sinne (5+1). Was ist der sechste Sinn?Wo: Kamenna Horka, Krasn\u00e1 Lipa, B\u00f6hmische Schweiz Weitere Informationen: info@cottage.cz<\/p>\n","protected":false},"author":2,"featured_media":25122,"parent":0,"menu_order":0,"comment_status":"closed","ping_status":"closed","template":"","meta":{"_monsterinsights_skip_tracking":false,"_monsterinsights_sitenote_active":false,"_monsterinsights_sitenote_note":"","_monsterinsights_sitenote_category":0,"ngg_post_thumbnail":0,"footnotes":""},"class_list":["post-25128","page","type-page","status-publish","has-post-thumbnail","hentry"],"aioseo_notices":[],"_links":{"self":[{"href":"https:\/\/cottage.cz\/de\/wp-json\/wp\/v2\/pages\/25128","targetHints":{"allow":["GET"]}}],"collection":[{"href":"https:\/\/cottage.cz\/de\/wp-json\/wp\/v2\/pages"}],"about":[{"href":"https:\/\/cottage.cz\/de\/wp-json\/wp\/v2\/types\/page"}],"author":[{"embeddable":true,"href":"https:\/\/cottage.cz\/de\/wp-json\/wp\/v2\/users\/2"}],"replies":[{"embeddable":true,"href":"https:\/\/cottage.cz\/de\/wp-json\/wp\/v2\/comments?post=25128"}],"version-history":[{"count":1,"href":"https:\/\/cottage.cz\/de\/wp-json\/wp\/v2\/pages\/25128\/revisions"}],"predecessor-version":[{"id":25129,"href":"https:\/\/cottage.cz\/de\/wp-json\/wp\/v2\/pages\/25128\/revisions\/25129"}],"wp:featuredmedia":[{"embeddable":true,"href":"https:\/\/cottage.cz\/de\/wp-json\/wp\/v2\/media\/25122"}],"wp:attachment":[{"href":"https:\/\/cottage.cz\/de\/wp-json\/wp\/v2\/media?parent=25128"}],"curies":[{"name":"wp","href":"https:\/\/api.w.org\/{rel}","templated":true}]}}