{"id":24247,"date":"2024-11-28T09:20:20","date_gmt":"2024-11-28T08:20:20","guid":{"rendered":"https:\/\/cottage.cz\/?page_id=24247"},"modified":"2025-07-18T10:17:53","modified_gmt":"2025-07-18T08:17:53","slug":"allgemeine-geschaeftsbedingungen-und-registrierung","status":"publish","type":"page","link":"https:\/\/cottage.cz\/de\/haerterei-und-sauna\/allgemeine-geschaeftsbedingungen-und-registrierung\/","title":{"rendered":"Allgemeine Gesch\u00e4ftsbedingungen und Registrierung"},"content":{"rendered":"\n<p class=\"has-text-align-center\">M\u00f6chten Sie Mitglied des Clubs werden und Otu\u017eov\u00e1rna besuchen? <\/p>\n\n\n\n<ol class=\"wp-block-list\">\n<li>Lesen Sie die Vereinssatzung.<\/li>\n\n\n\n<li>Zahlen Sie den j\u00e4hrlichen Mitgliedsbeitrag von 100,- per QR-Code.<\/li>\n\n\n\n<li>Registrieren Sie sich. Wir senden Ihnen dann weitere Informationen per E-Mail zu.<\/li>\n<\/ol>\n\n\n\n<figure class=\"wp-block-image size-full\"><img decoding=\"async\" width=\"300\" height=\"300\" data-src=\"https:\/\/cottage.cz\/wp-content\/uploads\/2025\/07\/frame-1.png\" alt=\"\" class=\"wp-image-27265 lazyload\" data-srcset=\"https:\/\/cottage.cz\/wp-content\/uploads\/2025\/07\/frame-1.png 300w, https:\/\/cottage.cz\/wp-content\/uploads\/2025\/07\/frame-1-150x150.png 150w, https:\/\/cottage.cz\/wp-content\/uploads\/2025\/07\/frame-1-45x45.png 45w\" data-sizes=\"(max-width: 300px) 100vw, 300px\" src=\"data:image\/svg+xml;base64,PHN2ZyB3aWR0aD0iMSIgaGVpZ2h0PSIxIiB4bWxucz0iaHR0cDovL3d3dy53My5vcmcvMjAwMC9zdmciPjwvc3ZnPg==\" style=\"--smush-placeholder-width: 300px; --smush-placeholder-aspect-ratio: 300\/300;\" \/><\/figure>\n\n\n\n<figure class=\"wp-block-table\"><table><tbody><tr><td><style id=\"wpforms-css-vars-24242\">\n\t\t\t\t#wpforms-24242 {\n\t\t\t\t\n\t\t\t}\n\t\t\t<\/style><div class=\"wpforms-container wpforms-container-full wpforms-render-modern\" id=\"wpforms-24242\"><form id=\"wpforms-form-24242\" class=\"wpforms-validate wpforms-form wpforms-ajax-form\" data-formid=\"24242\" method=\"post\" enctype=\"multipart\/form-data\" action=\"\/de\/wp-json\/wp\/v2\/pages\/24247\" data-token=\"3d2fa609874d4f24172e458a5ad7a23e\" data-token-time=\"1775653037\"><noscript class=\"wpforms-error-noscript\">Bitte aktiviere JavaScript in deinem Browser, um dieses Formular fertigzustellen.<\/noscript><div id=\"wpforms-error-noscript\" style=\"display: none;\">Bitte aktiviere JavaScript in deinem Browser, um dieses Formular fertigzustellen.<\/div><div class=\"wpforms-field-container\"><div id=\"wpforms-24242-field_1-container\" class=\"wpforms-field wpforms-field-name\" data-field-id=\"1\"><fieldset><legend class=\"wpforms-field-label\">Name <span class=\"wpforms-required-label\" aria-hidden=\"true\">*<\/span><\/legend><div class=\"wpforms-field-row wpforms-field-medium\"><div class=\"wpforms-field-row-block wpforms-first wpforms-one-half\"><input type=\"text\" id=\"wpforms-24242-field_1\" class=\"wpforms-field-name-first wpforms-field-required\" name=\"wpforms[fields][1][first]\" aria-errormessage=\"wpforms-24242-field_1-error\" required><label for=\"wpforms-24242-field_1\" class=\"wpforms-field-sublabel after\">Vorname<\/label><\/div><div class=\"wpforms-field-row-block wpforms-one-half\"><input type=\"text\" id=\"wpforms-24242-field_1-last\" class=\"wpforms-field-name-last wpforms-field-required\" name=\"wpforms[fields][1][last]\" aria-errormessage=\"wpforms-24242-field_1-last-error\" required><label for=\"wpforms-24242-field_1-last\" class=\"wpforms-field-sublabel after\">Nachname<\/label><\/div><\/div><\/fieldset><\/div><div id=\"wpforms-24242-field_7-container\" class=\"wpforms-field wpforms-field-email\" data-field-id=\"7\"><label class=\"wpforms-field-label\" for=\"wpforms-24242-field_7\">Email <span class=\"wpforms-required-label\" aria-hidden=\"true\">*<\/span><\/label><input type=\"email\" id=\"wpforms-24242-field_7\" class=\"wpforms-field-medium wpforms-field-required\" name=\"wpforms[fields][7]\" spellcheck=\"false\" aria-errormessage=\"wpforms-24242-field_7-error\" required><\/div><div id=\"wpforms-24242-field_12-container\" class=\"wpforms-field wpforms-field-text\" data-field-id=\"12\"><label class=\"wpforms-field-label\" for=\"wpforms-24242-field_12\">Telefonnummer <span class=\"wpforms-required-label\" aria-hidden=\"true\">*<\/span><\/label><input type=\"text\" id=\"wpforms-24242-field_12\" class=\"wpforms-field-medium wpforms-field-required\" name=\"wpforms[fields][12]\" aria-errormessage=\"wpforms-24242-field_12-error\" required><\/div><div id=\"wpforms-24242-field_11-container\" class=\"wpforms-field wpforms-field-checkbox wpforms-list-inline\" data-field-id=\"11\"><fieldset><legend class=\"wpforms-field-label\">Ich stimme den Vereinsregeln zu <span class=\"wpforms-required-label\" aria-hidden=\"true\">*<\/span><\/legend><ul id=\"wpforms-24242-field_11\" class=\"wpforms-field-required\"><li class=\"choice-1 depth-1\"><input type=\"checkbox\" id=\"wpforms-24242-field_11_1\" name=\"wpforms[fields][11][]\" value=\".\" aria-errormessage=\"wpforms-24242-field_11_1-error\" required ><label class=\"wpforms-field-label-inline\" for=\"wpforms-24242-field_11_1\">.<\/label><\/li><\/ul><\/fieldset><\/div><div id=\"wpforms-24242-field_10-container\" class=\"wpforms-field wpforms-field-payment-single\" data-field-id=\"10\"><label class=\"wpforms-field-label\">Anmeldung <span class=\"wpforms-required-label\" aria-hidden=\"true\">*<\/span><\/label><div class=\"wpforms-single-item-price-content\"><div class=\"wpforms-single-item-price wpforms-field-medium wpforms-field-required wpforms-payment-price\">Cena: <span class=\"wpforms-price\">100,00 &#075;&#269;<\/span><\/div><\/div><input type=\"hidden\" id=\"wpforms-24242-field_10\" class=\"wpforms-field-medium wpforms-field-required wpforms-payment-price\" data-rule-required-positive-number=\"1\" name=\"wpforms[fields][10]\" value=\"100,00 &#075;&#269;\"><\/div><\/div><!-- .wpforms-field-container --><input type=\"hidden\" name=\"nlang\" value=\"de\"><div class=\"wpforms-submit-container\" ><input type=\"hidden\" name=\"wpforms[id]\" value=\"24242\"><input type=\"hidden\" name=\"page_title\" value=\"\"><input type=\"hidden\" name=\"page_url\" value=\"https:\/\/cottage.cz\/de\/wp-json\/wp\/v2\/pages\/24247\"><input type=\"hidden\" name=\"url_referer\" value=\"\"><button type=\"submit\" name=\"wpforms[submit]\" id=\"wpforms-submit-24242\" class=\"wpforms-submit\" data-alt-text=\"Senden...\" data-submit-text=\"Schicken\" aria-live=\"assertive\" value=\"wpforms-submit\">Schicken<\/button><img decoding=\"async\" data-src=\"https:\/\/cottage.cz\/wp-content\/plugins\/wpforms-lite\/assets\/images\/submit-spin.svg\" class=\"wpforms-submit-spinner lazyload\" style=\"--smush-placeholder-width: 26px; --smush-placeholder-aspect-ratio: 26\/26;display: none;\" width=\"26\" height=\"26\" alt=\"Wird geladen\" src=\"data:image\/svg+xml;base64,PHN2ZyB3aWR0aD0iMSIgaGVpZ2h0PSIxIiB4bWxucz0iaHR0cDovL3d3dy53My5vcmcvMjAwMC9zdmciPjwvc3ZnPg==\"><\/div><\/form><\/div>  <!-- .wpforms-container --><\/td><\/tr><\/tbody><\/table><\/figure>\n\n\n\n<p><strong>Satzung des Privatclubs Otuzovarna<\/strong><\/p>\n\n\n\n<p>Der Privatclub Otu\u017eov\u00e1rna wird gegr\u00fcndet, um Sport und Kultur zu verbinden. Sein Ziel ist es, eine Gemeinschaft von Fitnessbegeisterten und Saunag\u00e4ngern, Naturliebhabern, alternativen Lebensstilen und Kulturliebhabern zusammenzubringen.<\/p>\n\n\n\n<p>Das Fitnessstudio und die angrenzenden Bereiche sind eine private Einrichtung, die nur den Vereinsmitgliedern zum Zweck der Entspannung zur Verf\u00fcgung steht.<\/p>\n\n\n\n<p>Mitglied in unserem Verein kann jeder werden, der sich registriert und in der Datenbank eingetragen ist. Das Mitglied ist verpflichtet, f\u00fcr die Aktivit\u00e4ten des Vereins den entsprechenden j\u00e4hrlichen <strong>Mitgliedsbeitrag in H\u00f6he von 100 CZK zu zahlen (Online-Zahlung bei der Registrierung).<\/strong><\/p>\n\n\n\n<p>Preis f\u00fcr Sauna 1000 CZK\/max. 4 Personen, f\u00fcr ca. 3 Stunden , jede weitere 250 CZK\/Person (QR-Zahlung beim Eintritt in die Sauna). Die QR-Zahlung wird gesendet.<\/p>\n\n\n\n<p>Die H\u00e4rterei ist von 8.00 bis 22.00 Uhr ge\u00f6ffnet. <strong>Es kann privat gebucht werden.<\/strong><\/p>\n\n\n\n<p>Das Vereinsmitglied verpflichtet sich, alle auf dem Gebiet der Tschechischen Republik geltenden Gesetze und allgemein und \u00f6rtlich verbindlichen Rechtsvorschriften in den R\u00e4umlichkeiten der Otu\u017eov\u00e1rna und deren Umgebung einzuhalten.<\/p>\n\n\n\n<p>Clubmitglieder sind f\u00fcr ihre Gesundheit selbst verantwortlich.<\/p>\n\n\n\n<p>Die Mitgliedschaft erlischt automatisch ein Jahr nach der Registrierung.<\/p>\n\n\n\n<p>Ein Versto\u00df eines Clubmitglieds gegen eine der oben genannten Clubregeln f\u00fchrt zur sofortigen K\u00fcndigung der Mitgliedschaft.<\/p>\n\n\n\n<p><\/p>\n","protected":false},"excerpt":{"rendered":"<p>M\u00f6chten Sie Mitglied des Clubs werden und Otu\u017eov\u00e1rna besuchen? Satzung des Privatclubs Otuzovarna Der Privatclub Otu\u017eov\u00e1rna wird gegr\u00fcndet, um Sport und Kultur zu verbinden. Sein Ziel ist es, eine Gemeinschaft von Fitnessbegeisterten und Saunag\u00e4ngern, Naturliebhabern, alternativen Lebensstilen und Kulturliebhabern zusammenzubringen. Das Fitnessstudio und die angrenzenden Bereiche sind eine private Einrichtung, die nur den Vereinsmitgliedern zum [&hellip;]<\/p>\n","protected":false},"author":2,"featured_media":23818,"parent":20328,"menu_order":0,"comment_status":"closed","ping_status":"closed","template":"","meta":{"_monsterinsights_skip_tracking":false,"_monsterinsights_sitenote_active":false,"_monsterinsights_sitenote_note":"","_monsterinsights_sitenote_category":0,"ngg_post_thumbnail":0,"footnotes":""},"class_list":["post-24247","page","type-page","status-publish","has-post-thumbnail","hentry"],"aioseo_notices":[],"_links":{"self":[{"href":"https:\/\/cottage.cz\/de\/wp-json\/wp\/v2\/pages\/24247","targetHints":{"allow":["GET"]}}],"collection":[{"href":"https:\/\/cottage.cz\/de\/wp-json\/wp\/v2\/pages"}],"about":[{"href":"https:\/\/cottage.cz\/de\/wp-json\/wp\/v2\/types\/page"}],"author":[{"embeddable":true,"href":"https:\/\/cottage.cz\/de\/wp-json\/wp\/v2\/users\/2"}],"replies":[{"embeddable":true,"href":"https:\/\/cottage.cz\/de\/wp-json\/wp\/v2\/comments?post=24247"}],"version-history":[{"count":4,"href":"https:\/\/cottage.cz\/de\/wp-json\/wp\/v2\/pages\/24247\/revisions"}],"predecessor-version":[{"id":27270,"href":"https:\/\/cottage.cz\/de\/wp-json\/wp\/v2\/pages\/24247\/revisions\/27270"}],"up":[{"embeddable":true,"href":"https:\/\/cottage.cz\/de\/wp-json\/wp\/v2\/pages\/20328"}],"wp:featuredmedia":[{"embeddable":true,"href":"https:\/\/cottage.cz\/de\/wp-json\/wp\/v2\/media\/23818"}],"wp:attachment":[{"href":"https:\/\/cottage.cz\/de\/wp-json\/wp\/v2\/media?parent=24247"}],"curies":[{"name":"wp","href":"https:\/\/api.w.org\/{rel}","templated":true}]}}