{"id":23630,"date":"2024-07-13T08:33:42","date_gmt":"2024-07-13T06:33:42","guid":{"rendered":"https:\/\/cottage.cz\/?page_id=23630"},"modified":"2024-10-03T10:35:12","modified_gmt":"2024-10-03T08:35:12","slug":"geschaeftsbedingungen","status":"publish","type":"page","link":"https:\/\/cottage.cz\/de\/geschaeftsbedingungen\/","title":{"rendered":"Gesch\u00e4ftsbedingungen"},"content":{"rendered":"\n<pre id=\"tw-target-text\" class=\"wp-block-preformatted\"><\/pre>\n\n\n\n<p>Das gesamte G\u00e4stehaus ist rauchfrei\n\nBitte lassen Sie Haustiere zu Hause (M\u00f6glichkeit der Unterbringung mit Haustier bei Buchung des gesamten Geb\u00e4udes oder Maringotka gegen Geb\u00fchr)\n\nBettw\u00e4sche und Handt\u00fccher sind im \u00dcbernachtungspreis inbegriffen\n\nCheck-in ab 15:00 Uhr am Anreisetag (wir freuen uns, wenn Sie uns die ungef\u00e4hre Uhrzeit mitteilen)\n\nAm Abreisetag bitten wir Sie, das Zimmer bis 10:00 Uhr freizugeben\n\nIm Falle einer Reservierung leisten wir eine Anzahlung in H\u00f6he von 50 % des Gesamtpreises f\u00fcr die Unterkunft.\nDie Anzahlung wird nur zur\u00fcckerstattet, wenn der Termin von einem anderen Interessenten belegt wird.\n\nEine Stornierung des Aufenthalts 24 Stunden vor Anreise erfolgt zu 100 %.<\/p>\n\n\n\n<p><\/p>\n\n\n\n<p>Der Gutschein ist 1 Jahr ab Kauf g\u00fcltig. Der Gutschein ist \u00fcbertragbar. Wenn Sie einen Gutschein f\u00fcr ein bestimmtes Datum haben, ist die Anzahlung nicht erstattungsf\u00e4hig. Der Kunde w\u00e4hlt einen m\u00f6glichen freien Termin auf der Website www.cottage.cz <\/p>\n\n\n\n<p>Kinder ohne Anspruch auf ein Bett \u00fcbernachten kostenlos<\/p>\n\n\n\n<p>Jeder ist verpflichtet, sein Eigentum, auch das, was in geparkten Fahrzeugen zur\u00fcckgelassen wird, so zu sichern, dass es nicht gestohlen oder besch\u00e4digt wird.<\/p>\n\n\n\n<p>Verschlie\u00dfen Sie die Anlage beim Verlassen immer.<\/p>\n\n\n\n<p>Der Betreiber \u00fcbernimmt im Normalbetrieb keine Verantwortung f\u00fcr die Gesundheit der G\u00e4ste, daher bitten wir die G\u00e4ste, anvertraute Personen nicht unbeaufsichtigt zu lassen. Gesundheit und Leben der untergebrachten G\u00e4ste werden vom Betreiber nicht versichert.<\/p>\n\n\n\n<p>Die sich aufhaltende Person ist verpflichtet, die aktuellen Bedingungen der Regierung der Tschechischen Republik einzuhalten, die sich auf infektionsfreie Dokumente beziehen.<\/p>\n\n\n\n<p>Jeder Anwesende ist verpflichtet, die Brandgefahr, eine Situation, die das Eingreifen der Polizei oder eine medizinische Behandlung erfordert, unverz\u00fcglich der +420 736 224222 oder dem n\u00e4chstgelegenen Mitarbeiter des Pensionstr\u00e4gers zu melden und alles in seiner Macht Stehende zu tun, um eine Ausbreitung des Feuers zu verhindern oder die drohende Gefahr abwenden. Telefonnummern: NOTRUF 112, ERSTE HILFE 155, FEUERWEHR 150, POLIZEI 158<\/p>\n","protected":false},"excerpt":{"rendered":"<p>Das gesamte G\u00e4stehaus ist rauchfrei Bitte lassen Sie Haustiere zu Hause (M\u00f6glichkeit der Unterbringung mit Haustier bei Buchung des gesamten Geb\u00e4udes oder Maringotka gegen Geb\u00fchr) Bettw\u00e4sche und Handt\u00fccher sind im \u00dcbernachtungspreis inbegriffen Check-in ab 15:00 Uhr am Anreisetag (wir freuen uns, wenn Sie uns die ungef\u00e4hre Uhrzeit mitteilen) Am Abreisetag bitten wir Sie, das Zimmer [&hellip;]<\/p>\n","protected":false},"author":2,"featured_media":0,"parent":0,"menu_order":0,"comment_status":"closed","ping_status":"closed","template":"","meta":{"_monsterinsights_skip_tracking":false,"_monsterinsights_sitenote_active":false,"_monsterinsights_sitenote_note":"","_monsterinsights_sitenote_category":0,"ngg_post_thumbnail":0,"footnotes":""},"class_list":["post-23630","page","type-page","status-publish","hentry"],"aioseo_notices":[],"_links":{"self":[{"href":"https:\/\/cottage.cz\/de\/wp-json\/wp\/v2\/pages\/23630","targetHints":{"allow":["GET"]}}],"collection":[{"href":"https:\/\/cottage.cz\/de\/wp-json\/wp\/v2\/pages"}],"about":[{"href":"https:\/\/cottage.cz\/de\/wp-json\/wp\/v2\/types\/page"}],"author":[{"embeddable":true,"href":"https:\/\/cottage.cz\/de\/wp-json\/wp\/v2\/users\/2"}],"replies":[{"embeddable":true,"href":"https:\/\/cottage.cz\/de\/wp-json\/wp\/v2\/comments?post=23630"}],"version-history":[{"count":4,"href":"https:\/\/cottage.cz\/de\/wp-json\/wp\/v2\/pages\/23630\/revisions"}],"predecessor-version":[{"id":28883,"href":"https:\/\/cottage.cz\/de\/wp-json\/wp\/v2\/pages\/23630\/revisions\/28883"}],"wp:attachment":[{"href":"https:\/\/cottage.cz\/de\/wp-json\/wp\/v2\/media?parent=23630"}],"curies":[{"name":"wp","href":"https:\/\/api.w.org\/{rel}","templated":true}]}}