{"id":23409,"date":"2024-05-26T17:33:32","date_gmt":"2024-05-26T15:33:32","guid":{"rendered":"https:\/\/cottage.cz\/?page_id=23409"},"modified":"2024-05-26T17:33:35","modified_gmt":"2024-05-26T15:33:35","slug":"grosser-winterberg","status":"publish","type":"page","link":"https:\/\/cottage.cz\/de\/grosser-winterberg\/","title":{"rendered":"Gro\u00dfer Winterberg"},"content":{"rendered":"\n<p>Der zweith\u00f6chste Gipfel (556 m \u00fc. NN) des Nationalparks S\u00e4chsische Schweiz. Es gibt keine Aussicht. In den Jahren 1840\u20131846 wurde hier ein Hotel im Stil Schweizer Berghotels mit einem Aussichtsturm an der Spitze errichtet. Dieses Geb\u00e4ude existiert noch heute und steht unter Denkmalschutz. Jetzt im Umbau. Allerdings k\u00f6nnen Sie hier im \u00f6rtlichen Bistro mit Garten im Freien eine gute Erfrischung genie\u00dfen.<\/p>\n\n\n\n<p>Tipp: Vom Dorf Schmilka aus dauert der Treppenaufstieg 1,5 Stunden. Weiter geht es nach Schrammstein<\/p>\n\n\n\n<p><\/p>\n\n\n\n<figure class=\"wp-block-gallery has-nested-images columns-default is-cropped wp-block-gallery-1 is-layout-flex wp-block-gallery-is-layout-flex\">\n<figure class=\"wp-block-image size-large\"><img decoding=\"async\" width=\"1024\" height=\"577\" data-id=\"23383\" data-src=\"https:\/\/cottage.cz\/wp-content\/uploads\/2024\/05\/20240526_121826-1024x577.jpg\" alt=\"\" class=\"wp-image-23383 lazyload\" data-srcset=\"https:\/\/cottage.cz\/wp-content\/uploads\/2024\/05\/20240526_121826-1024x577.jpg 1024w, https:\/\/cottage.cz\/wp-content\/uploads\/2024\/05\/20240526_121826-300x169.jpg 300w, https:\/\/cottage.cz\/wp-content\/uploads\/2024\/05\/20240526_121826-768x432.jpg 768w, https:\/\/cottage.cz\/wp-content\/uploads\/2024\/05\/20240526_121826-1536x865.jpg 1536w, https:\/\/cottage.cz\/wp-content\/uploads\/2024\/05\/20240526_121826-2048x1153.jpg 2048w\" data-sizes=\"(max-width: 1024px) 100vw, 1024px\" src=\"data:image\/svg+xml;base64,PHN2ZyB3aWR0aD0iMSIgaGVpZ2h0PSIxIiB4bWxucz0iaHR0cDovL3d3dy53My5vcmcvMjAwMC9zdmciPjwvc3ZnPg==\" style=\"--smush-placeholder-width: 1024px; --smush-placeholder-aspect-ratio: 1024\/577;\" \/><\/figure>\n\n\n\n<figure class=\"wp-block-image size-large\"><img decoding=\"async\" width=\"577\" height=\"1024\" data-id=\"23388\" data-src=\"https:\/\/cottage.cz\/wp-content\/uploads\/2024\/05\/20240526_112743-577x1024.jpg\" alt=\"\" class=\"wp-image-23388 lazyload\" data-srcset=\"https:\/\/cottage.cz\/wp-content\/uploads\/2024\/05\/20240526_112743-577x1024.jpg 577w, https:\/\/cottage.cz\/wp-content\/uploads\/2024\/05\/20240526_112743-169x300.jpg 169w, https:\/\/cottage.cz\/wp-content\/uploads\/2024\/05\/20240526_112743-768x1364.jpg 768w, https:\/\/cottage.cz\/wp-content\/uploads\/2024\/05\/20240526_112743-865x1536.jpg 865w, https:\/\/cottage.cz\/wp-content\/uploads\/2024\/05\/20240526_112743-1153x2048.jpg 1153w, https:\/\/cottage.cz\/wp-content\/uploads\/2024\/05\/20240526_112743-scaled.jpg 1441w\" data-sizes=\"(max-width: 577px) 100vw, 577px\" src=\"data:image\/svg+xml;base64,PHN2ZyB3aWR0aD0iMSIgaGVpZ2h0PSIxIiB4bWxucz0iaHR0cDovL3d3dy53My5vcmcvMjAwMC9zdmciPjwvc3ZnPg==\" style=\"--smush-placeholder-width: 577px; --smush-placeholder-aspect-ratio: 577\/1024;\" \/><\/figure>\n\n\n\n<figure class=\"wp-block-image size-large\"><img decoding=\"async\" width=\"577\" height=\"1024\" data-id=\"23398\" data-src=\"https:\/\/cottage.cz\/wp-content\/uploads\/2024\/05\/20240526_123734-577x1024.jpg\" alt=\"\" class=\"wp-image-23398 lazyload\" data-srcset=\"https:\/\/cottage.cz\/wp-content\/uploads\/2024\/05\/20240526_123734-577x1024.jpg 577w, https:\/\/cottage.cz\/wp-content\/uploads\/2024\/05\/20240526_123734-169x300.jpg 169w, https:\/\/cottage.cz\/wp-content\/uploads\/2024\/05\/20240526_123734-768x1364.jpg 768w, https:\/\/cottage.cz\/wp-content\/uploads\/2024\/05\/20240526_123734-865x1536.jpg 865w, https:\/\/cottage.cz\/wp-content\/uploads\/2024\/05\/20240526_123734-1153x2048.jpg 1153w, https:\/\/cottage.cz\/wp-content\/uploads\/2024\/05\/20240526_123734-scaled.jpg 1441w\" data-sizes=\"(max-width: 577px) 100vw, 577px\" src=\"data:image\/svg+xml;base64,PHN2ZyB3aWR0aD0iMSIgaGVpZ2h0PSIxIiB4bWxucz0iaHR0cDovL3d3dy53My5vcmcvMjAwMC9zdmciPjwvc3ZnPg==\" style=\"--smush-placeholder-width: 577px; --smush-placeholder-aspect-ratio: 577\/1024;\" \/><\/figure>\n\n\n\n<figure class=\"wp-block-image size-large\"><img decoding=\"async\" width=\"1024\" height=\"577\" data-id=\"23378\" data-src=\"https:\/\/cottage.cz\/wp-content\/uploads\/2024\/05\/20240526_123742-1024x577.jpg\" alt=\"\" class=\"wp-image-23378 lazyload\" data-srcset=\"https:\/\/cottage.cz\/wp-content\/uploads\/2024\/05\/20240526_123742-1024x577.jpg 1024w, https:\/\/cottage.cz\/wp-content\/uploads\/2024\/05\/20240526_123742-300x169.jpg 300w, https:\/\/cottage.cz\/wp-content\/uploads\/2024\/05\/20240526_123742-768x432.jpg 768w, https:\/\/cottage.cz\/wp-content\/uploads\/2024\/05\/20240526_123742-1536x865.jpg 1536w, https:\/\/cottage.cz\/wp-content\/uploads\/2024\/05\/20240526_123742-2048x1153.jpg 2048w\" data-sizes=\"(max-width: 1024px) 100vw, 1024px\" src=\"data:image\/svg+xml;base64,PHN2ZyB3aWR0aD0iMSIgaGVpZ2h0PSIxIiB4bWxucz0iaHR0cDovL3d3dy53My5vcmcvMjAwMC9zdmciPjwvc3ZnPg==\" style=\"--smush-placeholder-width: 1024px; --smush-placeholder-aspect-ratio: 1024\/577;\" \/><\/figure>\n\n\n\n<figure class=\"wp-block-image size-large\"><img decoding=\"async\" width=\"577\" height=\"1024\" data-id=\"23393\" data-src=\"https:\/\/cottage.cz\/wp-content\/uploads\/2024\/05\/20240526_130014-577x1024.jpg\" alt=\"\" class=\"wp-image-23393 lazyload\" data-srcset=\"https:\/\/cottage.cz\/wp-content\/uploads\/2024\/05\/20240526_130014-577x1024.jpg 577w, https:\/\/cottage.cz\/wp-content\/uploads\/2024\/05\/20240526_130014-169x300.jpg 169w, https:\/\/cottage.cz\/wp-content\/uploads\/2024\/05\/20240526_130014-768x1364.jpg 768w, https:\/\/cottage.cz\/wp-content\/uploads\/2024\/05\/20240526_130014-865x1536.jpg 865w, https:\/\/cottage.cz\/wp-content\/uploads\/2024\/05\/20240526_130014-1153x2048.jpg 1153w, https:\/\/cottage.cz\/wp-content\/uploads\/2024\/05\/20240526_130014-scaled.jpg 1441w\" data-sizes=\"(max-width: 577px) 100vw, 577px\" src=\"data:image\/svg+xml;base64,PHN2ZyB3aWR0aD0iMSIgaGVpZ2h0PSIxIiB4bWxucz0iaHR0cDovL3d3dy53My5vcmcvMjAwMC9zdmciPjwvc3ZnPg==\" style=\"--smush-placeholder-width: 577px; --smush-placeholder-aspect-ratio: 577\/1024;\" \/><\/figure>\n<\/figure>\n\n\n\n<figure class=\"wp-block-gallery has-nested-images columns-default is-cropped wp-block-gallery-2 is-layout-flex wp-block-gallery-is-layout-flex\"><\/figure>\n","protected":false},"excerpt":{"rendered":"<p>Der zweith\u00f6chste Gipfel (556 m \u00fc. NN) des Nationalparks S\u00e4chsische Schweiz. Es gibt keine Aussicht. In den Jahren 1840\u20131846 wurde hier ein Hotel im Stil Schweizer Berghotels mit einem Aussichtsturm an der Spitze errichtet. Dieses Geb\u00e4ude existiert noch heute und steht unter Denkmalschutz. Jetzt im Umbau. Allerdings k\u00f6nnen Sie hier im \u00f6rtlichen Bistro mit Garten [&hellip;]<\/p>\n","protected":false},"author":2,"featured_media":23386,"parent":0,"menu_order":0,"comment_status":"closed","ping_status":"closed","template":"","meta":{"_monsterinsights_skip_tracking":false,"_monsterinsights_sitenote_active":false,"_monsterinsights_sitenote_note":"","_monsterinsights_sitenote_category":0,"ngg_post_thumbnail":0,"footnotes":""},"class_list":["post-23409","page","type-page","status-publish","has-post-thumbnail","hentry"],"aioseo_notices":[],"_links":{"self":[{"href":"https:\/\/cottage.cz\/de\/wp-json\/wp\/v2\/pages\/23409","targetHints":{"allow":["GET"]}}],"collection":[{"href":"https:\/\/cottage.cz\/de\/wp-json\/wp\/v2\/pages"}],"about":[{"href":"https:\/\/cottage.cz\/de\/wp-json\/wp\/v2\/types\/page"}],"author":[{"embeddable":true,"href":"https:\/\/cottage.cz\/de\/wp-json\/wp\/v2\/users\/2"}],"replies":[{"embeddable":true,"href":"https:\/\/cottage.cz\/de\/wp-json\/wp\/v2\/comments?post=23409"}],"version-history":[{"count":1,"href":"https:\/\/cottage.cz\/de\/wp-json\/wp\/v2\/pages\/23409\/revisions"}],"predecessor-version":[{"id":23410,"href":"https:\/\/cottage.cz\/de\/wp-json\/wp\/v2\/pages\/23409\/revisions\/23410"}],"wp:featuredmedia":[{"embeddable":true,"href":"https:\/\/cottage.cz\/de\/wp-json\/wp\/v2\/media\/23386"}],"wp:attachment":[{"href":"https:\/\/cottage.cz\/de\/wp-json\/wp\/v2\/media?parent=23409"}],"curies":[{"name":"wp","href":"https:\/\/api.w.org\/{rel}","templated":true}]}}