{"id":20854,"date":"2025-03-06T17:57:09","date_gmt":"2025-03-06T16:57:09","guid":{"rendered":"https:\/\/cottage.napokusy.cz\/?page_id=20854"},"modified":"2025-12-02T09:19:00","modified_gmt":"2025-12-02T08:19:00","slug":"karte-bohmische-sachsische-schweiz","status":"publish","type":"page","link":"https:\/\/cottage.cz\/de\/karte-bohmische-sachsische-schweiz\/","title":{"rendered":"Karte B\u00f6hmische S\u00e4chsische Schweiz"},"content":{"rendered":"\n<p>Wir haben f\u00fcr Sie eine einfache Touristenkarte eines Teils der B\u00f6hmischen Schweiz und der Lausitzer im A4-Format erstellt.\u00a0<strong>Kostenlos zum Herunterladen und Drucken\u00a0<\/strong><a href=\"https:\/\/cottage.cz\/wp-content\/uploads\/2025\/03\/mapa-ceske-svycarsko-2025.pdf\" title=\"\"><strong>hier<\/strong>\u00a0<\/a><em>(pdf)<\/em>.<br><\/p>\n\n\n\n<figure class=\"wp-block-image size-large\"><a href=\"https:\/\/cottage.cz\/wp-content\/uploads\/2025\/03\/mapa-ceske-svycarsko-2025-scaled.jpg\" rel=\"lightbox[20854]\"><img decoding=\"async\" width=\"1024\" height=\"724\" data-src=\"https:\/\/cottage.cz\/wp-content\/uploads\/2025\/03\/mapa-ceske-svycarsko-2025-1024x724.jpg\" alt=\"\" class=\"wp-image-24909 lazyload\" data-srcset=\"https:\/\/cottage.cz\/wp-content\/uploads\/2025\/03\/mapa-ceske-svycarsko-2025-1024x724.jpg 1024w, https:\/\/cottage.cz\/wp-content\/uploads\/2025\/03\/mapa-ceske-svycarsko-2025-300x212.jpg 300w, https:\/\/cottage.cz\/wp-content\/uploads\/2025\/03\/mapa-ceske-svycarsko-2025-768x543.jpg 768w, https:\/\/cottage.cz\/wp-content\/uploads\/2025\/03\/mapa-ceske-svycarsko-2025-1536x1086.jpg 1536w, https:\/\/cottage.cz\/wp-content\/uploads\/2025\/03\/mapa-ceske-svycarsko-2025-2048x1448.jpg 2048w\" data-sizes=\"(max-width: 1024px) 100vw, 1024px\" src=\"data:image\/svg+xml;base64,PHN2ZyB3aWR0aD0iMSIgaGVpZ2h0PSIxIiB4bWxucz0iaHR0cDovL3d3dy53My5vcmcvMjAwMC9zdmciPjwvc3ZnPg==\" style=\"--smush-placeholder-width: 1024px; --smush-placeholder-aspect-ratio: 1024\/724;\" \/><\/a><\/figure>\n\n\n\n<figure class=\"wp-block-image size-large\"><a href=\"https:\/\/cottage.cz\/wp-content\/uploads\/2025\/03\/Mapa-NP-zadni-strana-obtekajici-tex-vol.3_page-0001.jpg\" rel=\"lightbox[20854]\"><img decoding=\"async\" width=\"1024\" height=\"724\" data-src=\"https:\/\/cottage.cz\/wp-content\/uploads\/2025\/03\/Mapa-NP-zadni-strana-obtekajici-tex-vol.3_page-0001-1024x724.jpg\" alt=\"\" class=\"wp-image-24930 lazyload\" data-srcset=\"https:\/\/cottage.cz\/wp-content\/uploads\/2025\/03\/Mapa-NP-zadni-strana-obtekajici-tex-vol.3_page-0001-1024x724.jpg 1024w, https:\/\/cottage.cz\/wp-content\/uploads\/2025\/03\/Mapa-NP-zadni-strana-obtekajici-tex-vol.3_page-0001-300x212.jpg 300w, https:\/\/cottage.cz\/wp-content\/uploads\/2025\/03\/Mapa-NP-zadni-strana-obtekajici-tex-vol.3_page-0001-768x543.jpg 768w, https:\/\/cottage.cz\/wp-content\/uploads\/2025\/03\/Mapa-NP-zadni-strana-obtekajici-tex-vol.3_page-0001-1536x1086.jpg 1536w, https:\/\/cottage.cz\/wp-content\/uploads\/2025\/03\/Mapa-NP-zadni-strana-obtekajici-tex-vol.3_page-0001-2048x1448.jpg 2048w\" data-sizes=\"(max-width: 1024px) 100vw, 1024px\" src=\"data:image\/svg+xml;base64,PHN2ZyB3aWR0aD0iMSIgaGVpZ2h0PSIxIiB4bWxucz0iaHR0cDovL3d3dy53My5vcmcvMjAwMC9zdmciPjwvc3ZnPg==\" style=\"--smush-placeholder-width: 1024px; --smush-placeholder-aspect-ratio: 1024\/724;\" \/><\/a><\/figure>\n\n\n\n\n\n<p>Tipps f\u00fcr wander im der B\u00f6hmische S\u00e4chsische Schweiz <a href=\"https:\/\/www.cottage.cz\/de\/touren\/\">hier<\/a>.<\/p>\n","protected":false},"excerpt":{"rendered":"<p>Wir haben f\u00fcr Sie eine einfache Touristenkarte eines Teils der B\u00f6hmischen Schweiz und der Lausitzer im A4-Format erstellt.\u00a0Kostenlos zum Herunterladen und Drucken\u00a0hier\u00a0(pdf). Tipps f\u00fcr wander im der B\u00f6hmische S\u00e4chsische Schweiz hier.<\/p>\n","protected":false},"author":4,"featured_media":15253,"parent":0,"menu_order":0,"comment_status":"closed","ping_status":"closed","template":"","meta":{"_monsterinsights_skip_tracking":false,"_monsterinsights_sitenote_active":false,"_monsterinsights_sitenote_note":"","_monsterinsights_sitenote_category":0,"ngg_post_thumbnail":0,"footnotes":""},"class_list":["post-20854","page","type-page","status-publish","has-post-thumbnail","hentry"],"aioseo_notices":[],"_links":{"self":[{"href":"https:\/\/cottage.cz\/de\/wp-json\/wp\/v2\/pages\/20854","targetHints":{"allow":["GET"]}}],"collection":[{"href":"https:\/\/cottage.cz\/de\/wp-json\/wp\/v2\/pages"}],"about":[{"href":"https:\/\/cottage.cz\/de\/wp-json\/wp\/v2\/types\/page"}],"author":[{"embeddable":true,"href":"https:\/\/cottage.cz\/de\/wp-json\/wp\/v2\/users\/4"}],"replies":[{"embeddable":true,"href":"https:\/\/cottage.cz\/de\/wp-json\/wp\/v2\/comments?post=20854"}],"version-history":[{"count":4,"href":"https:\/\/cottage.cz\/de\/wp-json\/wp\/v2\/pages\/20854\/revisions"}],"predecessor-version":[{"id":24937,"href":"https:\/\/cottage.cz\/de\/wp-json\/wp\/v2\/pages\/20854\/revisions\/24937"}],"wp:featuredmedia":[{"embeddable":true,"href":"https:\/\/cottage.cz\/de\/wp-json\/wp\/v2\/media\/15253"}],"wp:attachment":[{"href":"https:\/\/cottage.cz\/de\/wp-json\/wp\/v2\/media?parent=20854"}],"curies":[{"name":"wp","href":"https:\/\/api.w.org\/{rel}","templated":true}]}}