{"id":20838,"date":"2024-01-03T19:16:27","date_gmt":"2024-01-03T18:16:27","guid":{"rendered":"https:\/\/cottage.napokusy.cz\/?page_id=20838"},"modified":"2026-03-06T08:17:04","modified_gmt":"2026-03-06T07:17:04","slug":"weihnachtsaufenthalt-in-einem-ferienhaus-in-der-boehmischen-schweiz","status":"publish","type":"page","link":"https:\/\/cottage.cz\/de\/weihnachtsaufenthalt-in-einem-ferienhaus-in-der-boehmischen-schweiz\/","title":{"rendered":"Weihnachten in einem Ferienhaus in der B\u00f6hmische Schweiz"},"content":{"rendered":"\n<figure class=\"wp-block-gallery has-nested-images columns-default is-cropped wp-block-gallery-1 is-layout-flex wp-block-gallery-is-layout-flex\">\n<figure class=\"wp-block-image size-large\"><img decoding=\"async\" width=\"577\" height=\"1024\" data-id=\"10879\" data-src=\"https:\/\/www.cottage.cz\/wp-content\/uploads\/2023\/11\/20231124_111627-577x1024.jpg\" alt=\"\" class=\"wp-image-10879 lazyload\" data-srcset=\"https:\/\/cottage.cz\/wp-content\/uploads\/2023\/11\/20231124_111627-577x1024.jpg 577w, https:\/\/cottage.cz\/wp-content\/uploads\/2023\/11\/20231124_111627-169x300.jpg 169w, https:\/\/cottage.cz\/wp-content\/uploads\/2023\/11\/20231124_111627-768x1364.jpg 768w, https:\/\/cottage.cz\/wp-content\/uploads\/2023\/11\/20231124_111627-865x1536.jpg 865w, https:\/\/cottage.cz\/wp-content\/uploads\/2023\/11\/20231124_111627-1153x2048.jpg 1153w, https:\/\/cottage.cz\/wp-content\/uploads\/2023\/11\/20231124_111627-1320x2345.jpg 1320w, https:\/\/cottage.cz\/wp-content\/uploads\/2023\/11\/20231124_111627-scaled.jpg 1441w\" data-sizes=\"(max-width: 577px) 100vw, 577px\" src=\"data:image\/svg+xml;base64,PHN2ZyB3aWR0aD0iMSIgaGVpZ2h0PSIxIiB4bWxucz0iaHR0cDovL3d3dy53My5vcmcvMjAwMC9zdmciPjwvc3ZnPg==\" style=\"--smush-placeholder-width: 577px; --smush-placeholder-aspect-ratio: 577\/1024;\" \/><\/figure>\n\n\n\n<figure class=\"wp-block-image size-large\"><img decoding=\"async\" width=\"683\" height=\"1024\" data-id=\"10873\" data-src=\"https:\/\/www.cottage.cz\/wp-content\/uploads\/2023\/11\/6-1-of-1-1-683x1024.jpg\" alt=\"\" class=\"wp-image-10873 lazyload\" data-srcset=\"https:\/\/cottage.cz\/wp-content\/uploads\/2023\/11\/6-1-of-1-1-683x1024.jpg 683w, https:\/\/cottage.cz\/wp-content\/uploads\/2023\/11\/6-1-of-1-1-200x300.jpg 200w, https:\/\/cottage.cz\/wp-content\/uploads\/2023\/11\/6-1-of-1-1-768x1152.jpg 768w, https:\/\/cottage.cz\/wp-content\/uploads\/2023\/11\/6-1-of-1-1-1024x1536.jpg 1024w, https:\/\/cottage.cz\/wp-content\/uploads\/2023\/11\/6-1-of-1-1-1365x2048.jpg 1365w, https:\/\/cottage.cz\/wp-content\/uploads\/2023\/11\/6-1-of-1-1-1320x1980.jpg 1320w, https:\/\/cottage.cz\/wp-content\/uploads\/2023\/11\/6-1-of-1-1-scaled.jpg 1707w\" data-sizes=\"(max-width: 683px) 100vw, 683px\" src=\"data:image\/svg+xml;base64,PHN2ZyB3aWR0aD0iMSIgaGVpZ2h0PSIxIiB4bWxucz0iaHR0cDovL3d3dy53My5vcmcvMjAwMC9zdmciPjwvc3ZnPg==\" style=\"--smush-placeholder-width: 683px; --smush-placeholder-aspect-ratio: 683\/1024;\" \/><\/figure>\n\n\n\n<figure class=\"wp-block-image size-large\"><img decoding=\"async\" width=\"768\" height=\"1024\" data-id=\"28821\" data-src=\"https:\/\/cottage.cz\/wp-content\/uploads\/2026\/03\/20251222_113914-768x1024.jpg\" alt=\"\" class=\"wp-image-28821 lazyload\" data-srcset=\"https:\/\/cottage.cz\/wp-content\/uploads\/2026\/03\/20251222_113914-768x1024.jpg 768w, https:\/\/cottage.cz\/wp-content\/uploads\/2026\/03\/20251222_113914-225x300.jpg 225w, https:\/\/cottage.cz\/wp-content\/uploads\/2026\/03\/20251222_113914-1152x1536.jpg 1152w, https:\/\/cottage.cz\/wp-content\/uploads\/2026\/03\/20251222_113914-1536x2048.jpg 1536w, https:\/\/cottage.cz\/wp-content\/uploads\/2026\/03\/20251222_113914-scaled.jpg 1920w\" data-sizes=\"(max-width: 768px) 100vw, 768px\" src=\"data:image\/svg+xml;base64,PHN2ZyB3aWR0aD0iMSIgaGVpZ2h0PSIxIiB4bWxucz0iaHR0cDovL3d3dy53My5vcmcvMjAwMC9zdmciPjwvc3ZnPg==\" style=\"--smush-placeholder-width: 768px; --smush-placeholder-aspect-ratio: 768\/1024;\" \/><\/figure>\n\n\n\n<figure class=\"wp-block-image size-large\"><img decoding=\"async\" width=\"1024\" height=\"683\" data-id=\"10870\" data-src=\"https:\/\/www.cottage.cz\/wp-content\/uploads\/2023\/11\/i-1-of-1-1-1024x683.jpg\" alt=\"\" class=\"wp-image-10870 lazyload\" data-srcset=\"https:\/\/cottage.cz\/wp-content\/uploads\/2023\/11\/i-1-of-1-1-1024x683.jpg 1024w, https:\/\/cottage.cz\/wp-content\/uploads\/2023\/11\/i-1-of-1-1-300x200.jpg 300w, https:\/\/cottage.cz\/wp-content\/uploads\/2023\/11\/i-1-of-1-1-768x512.jpg 768w, https:\/\/cottage.cz\/wp-content\/uploads\/2023\/11\/i-1-of-1-1-1536x1024.jpg 1536w, https:\/\/cottage.cz\/wp-content\/uploads\/2023\/11\/i-1-of-1-1-2048x1365.jpg 2048w, https:\/\/cottage.cz\/wp-content\/uploads\/2023\/11\/i-1-of-1-1-1320x880.jpg 1320w\" data-sizes=\"(max-width: 1024px) 100vw, 1024px\" src=\"data:image\/svg+xml;base64,PHN2ZyB3aWR0aD0iMSIgaGVpZ2h0PSIxIiB4bWxucz0iaHR0cDovL3d3dy53My5vcmcvMjAwMC9zdmciPjwvc3ZnPg==\" style=\"--smush-placeholder-width: 1024px; --smush-placeholder-aspect-ratio: 1024\/683;\" \/><\/figure>\n\n\n\n<figure class=\"wp-block-image size-large\"><img decoding=\"async\" width=\"1024\" height=\"683\" data-id=\"10872\" data-src=\"https:\/\/www.cottage.cz\/wp-content\/uploads\/2023\/11\/19-1-of-1-1-1024x683.jpg\" alt=\"\" class=\"wp-image-10872 lazyload\" data-srcset=\"https:\/\/cottage.cz\/wp-content\/uploads\/2023\/11\/19-1-of-1-1-1024x683.jpg 1024w, https:\/\/cottage.cz\/wp-content\/uploads\/2023\/11\/19-1-of-1-1-300x200.jpg 300w, https:\/\/cottage.cz\/wp-content\/uploads\/2023\/11\/19-1-of-1-1-768x512.jpg 768w, https:\/\/cottage.cz\/wp-content\/uploads\/2023\/11\/19-1-of-1-1-1536x1024.jpg 1536w, https:\/\/cottage.cz\/wp-content\/uploads\/2023\/11\/19-1-of-1-1-2048x1365.jpg 2048w, https:\/\/cottage.cz\/wp-content\/uploads\/2023\/11\/19-1-of-1-1-1320x880.jpg 1320w\" data-sizes=\"(max-width: 1024px) 100vw, 1024px\" src=\"data:image\/svg+xml;base64,PHN2ZyB3aWR0aD0iMSIgaGVpZ2h0PSIxIiB4bWxucz0iaHR0cDovL3d3dy53My5vcmcvMjAwMC9zdmciPjwvc3ZnPg==\" style=\"--smush-placeholder-width: 1024px; --smush-placeholder-aspect-ratio: 1024\/683;\" \/><\/figure>\n\n\n\n<figure class=\"wp-block-image size-large\"><img decoding=\"async\" width=\"1024\" height=\"683\" data-id=\"10871\" data-src=\"https:\/\/www.cottage.cz\/wp-content\/uploads\/2023\/11\/8-1-of-1-2-1024x683.jpg\" alt=\"\" class=\"wp-image-10871 lazyload\" data-srcset=\"https:\/\/cottage.cz\/wp-content\/uploads\/2023\/11\/8-1-of-1-2-1024x683.jpg 1024w, https:\/\/cottage.cz\/wp-content\/uploads\/2023\/11\/8-1-of-1-2-300x200.jpg 300w, https:\/\/cottage.cz\/wp-content\/uploads\/2023\/11\/8-1-of-1-2-768x512.jpg 768w, https:\/\/cottage.cz\/wp-content\/uploads\/2023\/11\/8-1-of-1-2-1536x1024.jpg 1536w, https:\/\/cottage.cz\/wp-content\/uploads\/2023\/11\/8-1-of-1-2-2048x1365.jpg 2048w, https:\/\/cottage.cz\/wp-content\/uploads\/2023\/11\/8-1-of-1-2-1320x880.jpg 1320w\" data-sizes=\"(max-width: 1024px) 100vw, 1024px\" src=\"data:image\/svg+xml;base64,PHN2ZyB3aWR0aD0iMSIgaGVpZ2h0PSIxIiB4bWxucz0iaHR0cDovL3d3dy53My5vcmcvMjAwMC9zdmciPjwvc3ZnPg==\" style=\"--smush-placeholder-width: 1024px; --smush-placeholder-aspect-ratio: 1024\/683;\" \/><\/figure>\n<\/figure>\n\n\n\n<figure class=\"wp-block-image size-large\"><img decoding=\"async\" width=\"1024\" height=\"577\" data-src=\"https:\/\/www.cottage.cz\/wp-content\/uploads\/2023\/11\/20231125_094938-1024x577.jpg\" alt=\"\" class=\"wp-image-10869 lazyload\" data-srcset=\"https:\/\/cottage.cz\/wp-content\/uploads\/2023\/11\/20231125_094938-1024x577.jpg 1024w, https:\/\/cottage.cz\/wp-content\/uploads\/2023\/11\/20231125_094938-300x169.jpg 300w, https:\/\/cottage.cz\/wp-content\/uploads\/2023\/11\/20231125_094938-768x432.jpg 768w, https:\/\/cottage.cz\/wp-content\/uploads\/2023\/11\/20231125_094938-1536x865.jpg 1536w, https:\/\/cottage.cz\/wp-content\/uploads\/2023\/11\/20231125_094938-2048x1153.jpg 2048w, https:\/\/cottage.cz\/wp-content\/uploads\/2023\/11\/20231125_094938-1320x743.jpg 1320w\" data-sizes=\"(max-width: 1024px) 100vw, 1024px\" src=\"data:image\/svg+xml;base64,PHN2ZyB3aWR0aD0iMSIgaGVpZ2h0PSIxIiB4bWxucz0iaHR0cDovL3d3dy53My5vcmcvMjAwMC9zdmciPjwvc3ZnPg==\" style=\"--smush-placeholder-width: 1024px; --smush-placeholder-aspect-ratio: 1024\/577;\" \/><\/figure>\n\n\n\n<p>Weihnachtskomfort, Duft, Baum, Kekse wie zu Hause, \u2026 diesmal ist es f\u00fcr uns im Bohemian Cottage in der Bohemian Switzerland.<\/p>\n\n\n\n<p>Was erwartet dich? \u2026.<\/p>\n\n\n\n<p>Frieden, aufger\u00e4umt, M\u00f6glichkeit des Wohlbefindens&nbsp;<a href=\"\/de\/ausfluege\/\" title=\"\">im Winter, Reisen<\/a>&nbsp;mit der Familie direkt von der H\u00fctte \u2026<\/p>\n\n\n\n<p>Jeder mit Familie hat seinen eigenen Komfort in seiner eigenen Wohnung<\/p>\n\n\n\n<p>Sie k\u00f6nnen jedoch alle zum gro\u00dfen Weihnachtstisch gehen\u00a0<a href=\"https:\/\/www.cottage.cz\/de\/kuchyne\/\">Esszimmer<\/a>\u00a0und Geschenke zum gemeinsamen Auspacken\u00a0<a href=\"https:\/\/www.cottage.cz\/de\/jogovy-sal\/\">Yoga-R\u00e4ume<\/a>\u00a0vor einem brennenden Kamin und ein Weihnachtsbaum, den man selbst schm\u00fcckt.<\/p>\n\n\n\n<p>Der Preis ist je nach Belegung der einzelnen Wohnungen und Laufzeit verhandelbar<\/p>\n\n\n\n<p><a href=\"https:\/\/cottage.cz\/de\/rezervace\/das-gesamte-gebaeude-bohemian-cottage\/\" title=\"\">RESERVATION<\/a><\/p>\n\n\n\n<figure class=\"wp-block-video\"><video height=\"1920\" style=\"aspect-ratio: 1080 \/ 1920;\" width=\"1080\" controls src=\"https:\/\/www.cottage.cz\/wp-content\/uploads\/2023\/11\/VID_44210219_163123_318.mp4\"><\/video><\/figure>\n\n\n\n<p><\/p>\n","protected":false},"excerpt":{"rendered":"<p>Weihnachtskomfort, Duft, Baum, Kekse wie zu Hause, \u2026 diesmal ist es f\u00fcr uns im Bohemian Cottage in der Bohemian Switzerland. Was erwartet dich? \u2026. Frieden, aufger\u00e4umt, M\u00f6glichkeit des Wohlbefindens&nbsp;im Winter, Reisen&nbsp;mit der Familie direkt von der H\u00fctte \u2026 Jeder mit Familie hat seinen eigenen Komfort in seiner eigenen Wohnung Sie k\u00f6nnen jedoch alle zum gro\u00dfen [&hellip;]<\/p>\n","protected":false},"author":4,"featured_media":16033,"parent":0,"menu_order":0,"comment_status":"closed","ping_status":"closed","template":"","meta":{"_monsterinsights_skip_tracking":false,"_monsterinsights_sitenote_active":false,"_monsterinsights_sitenote_note":"","_monsterinsights_sitenote_category":0,"ngg_post_thumbnail":0,"footnotes":""},"class_list":["post-20838","page","type-page","status-publish","has-post-thumbnail","hentry"],"aioseo_notices":[],"_links":{"self":[{"href":"https:\/\/cottage.cz\/de\/wp-json\/wp\/v2\/pages\/20838","targetHints":{"allow":["GET"]}}],"collection":[{"href":"https:\/\/cottage.cz\/de\/wp-json\/wp\/v2\/pages"}],"about":[{"href":"https:\/\/cottage.cz\/de\/wp-json\/wp\/v2\/types\/page"}],"author":[{"embeddable":true,"href":"https:\/\/cottage.cz\/de\/wp-json\/wp\/v2\/users\/4"}],"replies":[{"embeddable":true,"href":"https:\/\/cottage.cz\/de\/wp-json\/wp\/v2\/comments?post=20838"}],"version-history":[{"count":5,"href":"https:\/\/cottage.cz\/de\/wp-json\/wp\/v2\/pages\/20838\/revisions"}],"predecessor-version":[{"id":28825,"href":"https:\/\/cottage.cz\/de\/wp-json\/wp\/v2\/pages\/20838\/revisions\/28825"}],"wp:featuredmedia":[{"embeddable":true,"href":"https:\/\/cottage.cz\/de\/wp-json\/wp\/v2\/media\/16033"}],"wp:attachment":[{"href":"https:\/\/cottage.cz\/de\/wp-json\/wp\/v2\/media?parent=20838"}],"curies":[{"name":"wp","href":"https:\/\/api.w.org\/{rel}","templated":true}]}}