{"id":20829,"date":"2024-01-03T19:05:03","date_gmt":"2024-01-03T18:05:03","guid":{"rendered":"https:\/\/cottage.napokusy.cz\/?page_id=20829"},"modified":"2024-01-03T19:05:05","modified_gmt":"2024-01-03T18:05:05","slug":"tipps-ueber-die-unterkunft-in-anderen-regionen","status":"publish","type":"page","link":"https:\/\/cottage.cz\/de\/tipps-ueber-die-unterkunft-in-anderen-regionen\/","title":{"rendered":"Tipps \u00fcber die Unterkunft in anderen Regionen"},"content":{"rendered":"<p><strong>Unterkunft\u00a0<a title=\"Wohnung in Spindleruv Mlyn\" href=\"http:\/\/www.apartman-spindleruv-mlyn.cz\/\" target=\"_blank\" rel=\"noopener\">Wohnung Spindleruv Mlyn<\/a><\/strong><\/p>\n<p>Unterkunft bei unseren Freunden in einer Wohnung in Spindleruv Mlyn besteht aus einem Wohnzimmer mit Kochnische, Schlafzimmer, Bad mit WC, Garderobe und eine ger\u00e4umige Halle. Das Schlafzimmer verf\u00fcgt \u00fcber komfortable Schlaf f\u00fcr 2 Erwachsene und 2 Kinder. Das Wohnzimmer befindet sich 2 Betten. Die Wohnung befindet sich 100 Meter von der Seilbahn zum Medv\u011bd\u00edn. Ihre Kinder werden nicht aus dem Zimmer ziehen m\u00fcssen weg. mehr\u00a0<a title=\"Wohnung Spindleruv Mlyn\" href=\"http:\/\/www.apartman-spindleruv-mlyn.cz\/\" target=\"_blank\" rel=\"noopener\">www.apartman-spindleruv-mlyn.cz<\/a><\/p>\n<p><strong><a title=\"H\u00fctte hoch \u00fcber Jizerou\" href=\"http:\/\/www.chalupa-vysoke.nad-jizerou.cz\/\" target=\"_blank\" rel=\"noopener\">Unterkunft in Vysoke nad Jizerou<\/a><\/strong><\/p>\n<p>Wenn Sie lieben die Berge und Unterkunft in einem alten Holzhaus. Unsere Freunde bieten eine Unterkunft in Vysoke nad Jizerou. \u00a0Roubenka bietet Unterkunft an der Skipiste, komplette Ausr\u00fcstung, ausgestattete K\u00fcche, komfortable elektrische Heizung, drei Schlafzimmer, Bad mit Wanne und Dusche. Die angebotene Unterkunft in den Bergen ist f\u00fcr zwei bis acht Personen geeignet. weitere Informationen:\u00a0<a title=\"Cottage in Jizerk\u00e1ch\" href=\"http:\/\/www.chalupa-vysoke-nad-jizerou.cz\/\" target=\"_blank\" rel=\"noopener\">www.chalupa-vysoke-nad-jizerou.cz<\/a><\/p>\n<p><strong><a title=\"Unterkunft im Adlergebirge\" href=\"http:\/\/www.penzionceskepetrovice.cz\/\" target=\"_blank\" rel=\"noopener\">Pension im Adlergebirge<\/a><\/strong><\/p>\n<p>Um komfortabel Skifahren auf den Pisten des Adlergebirges ohne Warteschlangen. Schauen Sie in der Tschechischen Petrovic. In Petro finden Sie Pension Petro tschechisches Restaurant finden, Terrasse und entspanntes Personal. Die Kapazit\u00e4t ist 40 Betten. Die Unterkunft ist daher auch f\u00fcr gr\u00f6\u00dfere Gruppen geeignet (Schulen, Kindergarten). Im Sommer k\u00f6nnen Sie auf Wanderungen auf den Graten gehen und leihen Sie sich ein Fahrrad hier. mehr:\u00a0<a title=\"Unterkunft im Adlergebirge\" href=\"http:\/\/www.penzionceskepetrovice.cz\/\" target=\"_blank\" rel=\"noopener\">www.penzionceskepetrovice.cz<\/a><\/p>\n","protected":false},"excerpt":{"rendered":"<p>Unterkunft\u00a0Wohnung Spindleruv Mlyn Unterkunft bei unseren Freunden in einer Wohnung in Spindleruv Mlyn besteht aus einem Wohnzimmer mit Kochnische, Schlafzimmer, Bad mit WC, Garderobe und eine ger\u00e4umige Halle. Das Schlafzimmer verf\u00fcgt \u00fcber komfortable Schlaf f\u00fcr 2 Erwachsene und 2 Kinder. Das Wohnzimmer befindet sich 2 Betten. Die Wohnung befindet sich 100 Meter von der Seilbahn [&hellip;]<\/p>\n","protected":false},"author":4,"featured_media":0,"parent":0,"menu_order":0,"comment_status":"closed","ping_status":"closed","template":"","meta":{"_monsterinsights_skip_tracking":false,"_monsterinsights_sitenote_active":false,"_monsterinsights_sitenote_note":"","_monsterinsights_sitenote_category":0,"ngg_post_thumbnail":0,"footnotes":""},"class_list":["post-20829","page","type-page","status-publish","hentry"],"aioseo_notices":[],"_links":{"self":[{"href":"https:\/\/cottage.cz\/de\/wp-json\/wp\/v2\/pages\/20829","targetHints":{"allow":["GET"]}}],"collection":[{"href":"https:\/\/cottage.cz\/de\/wp-json\/wp\/v2\/pages"}],"about":[{"href":"https:\/\/cottage.cz\/de\/wp-json\/wp\/v2\/types\/page"}],"author":[{"embeddable":true,"href":"https:\/\/cottage.cz\/de\/wp-json\/wp\/v2\/users\/4"}],"replies":[{"embeddable":true,"href":"https:\/\/cottage.cz\/de\/wp-json\/wp\/v2\/comments?post=20829"}],"version-history":[{"count":1,"href":"https:\/\/cottage.cz\/de\/wp-json\/wp\/v2\/pages\/20829\/revisions"}],"predecessor-version":[{"id":20830,"href":"https:\/\/cottage.cz\/de\/wp-json\/wp\/v2\/pages\/20829\/revisions\/20830"}],"wp:attachment":[{"href":"https:\/\/cottage.cz\/de\/wp-json\/wp\/v2\/media?parent=20829"}],"curies":[{"name":"wp","href":"https:\/\/api.w.org\/{rel}","templated":true}]}}