{"id":20819,"date":"2024-01-03T18:25:28","date_gmt":"2024-01-03T17:25:28","guid":{"rendered":"https:\/\/cottage.napokusy.cz\/?page_id=20819"},"modified":"2025-02-18T14:23:10","modified_gmt":"2025-02-18T13:23:10","slug":"tipps-fuer-kneipen-und-restaurants","status":"publish","type":"page","link":"https:\/\/cottage.cz\/de\/tipps-fuer-kneipen-und-restaurants\/","title":{"rendered":"Tipps f\u00fcr Kneipen und Restaurants"},"content":{"rendered":"\n<p>Ein paar Tipps, wo gutes Essen und Trinken:<\/p>\n\n\n\n<p><a href=\"http:\/\/www.pivovar-kocour.cz\/\" target=\"_blank\" rel=\"noopener\" title=\"\">Pivovar Kocour<\/a>&nbsp;in Varnsdorf \u2013 Bierliebhaber m\u00fcssen besuchen.<br><a href=\"http:\/\/www.starahospoda.cz\/\" target=\"_blank\" rel=\"noopener\" title=\"\">Altes Pub in Doubice<\/a>&nbsp;\u2013 Liebhaber der guten Atmosph\u00e4re muss sitzen<br><a href=\"http:\/\/www.nastodolci.cz\/\" target=\"_blank\" rel=\"noopener\" title=\"\">Restaurant und Pension Na Stodolci<\/a>&nbsp;\u2013 gutes Essen<br><a href=\"http:\/\/fabrika.doubice.cz\/\" target=\"_blank\" rel=\"noreferrer noopener\">Fabrika Club in Doubice<\/a>&nbsp;\u2013 gute Club-Atmosph\u00e4re, Konzerte<br><a href=\"http:\/\/www.krinickypivovar.cz\/\" target=\"_blank\" rel=\"noopener\" title=\"\">K\u0159inick\u00e9 Brauerei in Krasna Lipa<\/a>&nbsp;\u2013 Bier als Meerrettich<\/p>\n\n\n\n<p>Oder w\u00e4hlen Sie online Speisen mit Lieferung zu unserer Unterkunft aus, schauen Sie hier: <a href=\"http:\/\/www.jidlopodnos.cz\" title=\"\">www.jidlopodnos.cz<\/a><\/p>\n","protected":false},"excerpt":{"rendered":"<p>Ein paar Tipps, wo gutes Essen und Trinken: Pivovar Kocour&nbsp;in Varnsdorf \u2013 Bierliebhaber m\u00fcssen besuchen.Altes Pub in Doubice&nbsp;\u2013 Liebhaber der guten Atmosph\u00e4re muss sitzenRestaurant und Pension Na Stodolci&nbsp;\u2013 gutes EssenFabrika Club in Doubice&nbsp;\u2013 gute Club-Atmosph\u00e4re, KonzerteK\u0159inick\u00e9 Brauerei in Krasna Lipa&nbsp;\u2013 Bier als Meerrettich Oder w\u00e4hlen Sie online Speisen mit Lieferung zu unserer Unterkunft aus, schauen [&hellip;]<\/p>\n","protected":false},"author":4,"featured_media":14275,"parent":0,"menu_order":0,"comment_status":"closed","ping_status":"closed","template":"","meta":{"_monsterinsights_skip_tracking":false,"_monsterinsights_sitenote_active":false,"_monsterinsights_sitenote_note":"","_monsterinsights_sitenote_category":0,"ngg_post_thumbnail":0,"footnotes":""},"class_list":["post-20819","page","type-page","status-publish","has-post-thumbnail","hentry"],"aioseo_notices":[],"_links":{"self":[{"href":"https:\/\/cottage.cz\/de\/wp-json\/wp\/v2\/pages\/20819","targetHints":{"allow":["GET"]}}],"collection":[{"href":"https:\/\/cottage.cz\/de\/wp-json\/wp\/v2\/pages"}],"about":[{"href":"https:\/\/cottage.cz\/de\/wp-json\/wp\/v2\/types\/page"}],"author":[{"embeddable":true,"href":"https:\/\/cottage.cz\/de\/wp-json\/wp\/v2\/users\/4"}],"replies":[{"embeddable":true,"href":"https:\/\/cottage.cz\/de\/wp-json\/wp\/v2\/comments?post=20819"}],"version-history":[{"count":5,"href":"https:\/\/cottage.cz\/de\/wp-json\/wp\/v2\/pages\/20819\/revisions"}],"predecessor-version":[{"id":24819,"href":"https:\/\/cottage.cz\/de\/wp-json\/wp\/v2\/pages\/20819\/revisions\/24819"}],"wp:featuredmedia":[{"embeddable":true,"href":"https:\/\/cottage.cz\/de\/wp-json\/wp\/v2\/media\/14275"}],"wp:attachment":[{"href":"https:\/\/cottage.cz\/de\/wp-json\/wp\/v2\/media?parent=20819"}],"curies":[{"name":"wp","href":"https:\/\/api.w.org\/{rel}","templated":true}]}}