{"id":20809,"date":"2024-01-02T20:05:17","date_gmt":"2024-01-02T19:05:17","guid":{"rendered":"https:\/\/cottage.napokusy.cz\/?page_id=20809"},"modified":"2024-01-02T20:06:52","modified_gmt":"2024-01-02T19:06:52","slug":"tisa-waende","status":"publish","type":"page","link":"https:\/\/cottage.cz\/de\/tisa-waende\/","title":{"rendered":"Tisa W\u00e4nde"},"content":{"rendered":"<p>Tisa W\u00e4nde sind aus Sandstein-Felsformation in der N\u00e4he des Dorfes Tisa in Decin. Sie sind einzigartig in ihrer Vielfalt<strong>\u00a0Steinformationen<\/strong>. Transport geht an leicht zug\u00e4nglichen Ort, es f\u00fchrt in der N\u00e4he des Prag-Dresden. Es gibt 2 Lehrpfade Tisa Walls (Kurz 1 km \/ lang ca. 2 km). Sie werden einzigartige Felsformationen verwoben mit mehreren sch\u00f6nen Aussichten Dorf Tisa sehen. Park im Dorf Tisa oder bei der Tourist H\u00fctte. Ich empfehle den Besuch des Caf\u00e9 Refugio in Tisa und sehr gut\u00a0<strong>Unterkunft und Gastronomie\u00a0<a href=\"http:\/\/www.hotelostrov.com\/\" target=\"_blank\" rel=\"noopener\">island Hotel<\/a>.<\/strong><\/p>\n<div class=\"gallery-1 gallery-wrapper columns-wrapper\"><div class=\"gallery-column\"><a class=\"gallery-item photoswipe-item\" data-caption=\"\" data-width=\"1104\" data-height=\"565\" href=\"https:\/\/cottage.cz\/wp-content\/uploads\/2018\/05\/tiske-steny.jpg\" rel=\"lightbox[20809]\"><img decoding=\"async\" class=\"gallery-img-desktop lazyload\" data-src=\"https:\/\/cottage.cz\/wp-content\/uploads\/2018\/05\/tiske-steny-550x309.jpg\" alt=\"\" src=\"data:image\/svg+xml;base64,PHN2ZyB3aWR0aD0iMSIgaGVpZ2h0PSIxIiB4bWxucz0iaHR0cDovL3d3dy53My5vcmcvMjAwMC9zdmciPjwvc3ZnPg==\" style=\"--smush-placeholder-width: 550px; --smush-placeholder-aspect-ratio: 550\/309;\" \/><img decoding=\"async\" class=\"gallery-img-mobile lazyload\" data-src=\"https:\/\/cottage.cz\/wp-content\/uploads\/2018\/05\/tiske-steny-500x500.jpg\" alt=\"\" src=\"data:image\/svg+xml;base64,PHN2ZyB3aWR0aD0iMSIgaGVpZ2h0PSIxIiB4bWxucz0iaHR0cDovL3d3dy53My5vcmcvMjAwMC9zdmciPjwvc3ZnPg==\" style=\"--smush-placeholder-width: 500px; --smush-placeholder-aspect-ratio: 500\/500;\" \/><div class=\"gallery-enlarge\"><\/div><\/a><\/div><div class=\"gallery-column\"><a class=\"gallery-item photoswipe-item\" data-caption=\"\" data-width=\"763\" data-height=\"524\" href=\"https:\/\/cottage.cz\/wp-content\/uploads\/2018\/05\/06-Skaln\u00ed-h\u0159ib-Tis\u00e1-foto-Z.-Patzelt.jpg\" rel=\"lightbox[20809]\"><img decoding=\"async\" class=\"gallery-img-desktop lazyload\" data-src=\"https:\/\/cottage.cz\/wp-content\/uploads\/2018\/05\/06-Skaln\u00ed-h\u0159ib-Tis\u00e1-foto-Z.-Patzelt-550x309.jpg\" alt=\"\" src=\"data:image\/svg+xml;base64,PHN2ZyB3aWR0aD0iMSIgaGVpZ2h0PSIxIiB4bWxucz0iaHR0cDovL3d3dy53My5vcmcvMjAwMC9zdmciPjwvc3ZnPg==\" style=\"--smush-placeholder-width: 550px; --smush-placeholder-aspect-ratio: 550\/309;\" \/><img decoding=\"async\" class=\"gallery-img-mobile lazyload\" data-src=\"https:\/\/cottage.cz\/wp-content\/uploads\/2018\/05\/06-Skaln\u00ed-h\u0159ib-Tis\u00e1-foto-Z.-Patzelt-500x500.jpg\" alt=\"\" src=\"data:image\/svg+xml;base64,PHN2ZyB3aWR0aD0iMSIgaGVpZ2h0PSIxIiB4bWxucz0iaHR0cDovL3d3dy53My5vcmcvMjAwMC9zdmciPjwvc3ZnPg==\" style=\"--smush-placeholder-width: 500px; --smush-placeholder-aspect-ratio: 500\/500;\" \/><div class=\"gallery-enlarge\"><\/div><\/a><\/div><div class=\"gallery-column\"><a class=\"gallery-item photoswipe-item\" data-caption=\"\" data-width=\"2268\" data-height=\"3024\" href=\"https:\/\/cottage.cz\/wp-content\/uploads\/2018\/12\/20180721_151800_resized.jpg\" rel=\"lightbox[20809]\"><img decoding=\"async\" class=\"gallery-img-desktop lazyload\" data-src=\"https:\/\/cottage.cz\/wp-content\/uploads\/2018\/12\/20180721_151800_resized-550x309.jpg\" alt=\"\" src=\"data:image\/svg+xml;base64,PHN2ZyB3aWR0aD0iMSIgaGVpZ2h0PSIxIiB4bWxucz0iaHR0cDovL3d3dy53My5vcmcvMjAwMC9zdmciPjwvc3ZnPg==\" style=\"--smush-placeholder-width: 550px; --smush-placeholder-aspect-ratio: 550\/309;\" \/><img decoding=\"async\" class=\"gallery-img-mobile lazyload\" data-src=\"https:\/\/cottage.cz\/wp-content\/uploads\/2018\/12\/20180721_151800_resized-500x500.jpg\" alt=\"\" src=\"data:image\/svg+xml;base64,PHN2ZyB3aWR0aD0iMSIgaGVpZ2h0PSIxIiB4bWxucz0iaHR0cDovL3d3dy53My5vcmcvMjAwMC9zdmciPjwvc3ZnPg==\" style=\"--smush-placeholder-width: 500px; --smush-placeholder-aspect-ratio: 500\/500;\" \/><div class=\"gallery-enlarge\"><\/div><\/a><\/div><div class=\"gallery-column\"><a class=\"gallery-item photoswipe-item\" data-caption=\"\" data-width=\"2268\" data-height=\"3024\" href=\"https:\/\/cottage.cz\/wp-content\/uploads\/2018\/12\/20180721_145141_resized.jpg\" rel=\"lightbox[20809]\"><img decoding=\"async\" class=\"gallery-img-desktop lazyload\" data-src=\"https:\/\/cottage.cz\/wp-content\/uploads\/2018\/12\/20180721_145141_resized-550x309.jpg\" alt=\"\" src=\"data:image\/svg+xml;base64,PHN2ZyB3aWR0aD0iMSIgaGVpZ2h0PSIxIiB4bWxucz0iaHR0cDovL3d3dy53My5vcmcvMjAwMC9zdmciPjwvc3ZnPg==\" style=\"--smush-placeholder-width: 550px; --smush-placeholder-aspect-ratio: 550\/309;\" \/><img decoding=\"async\" class=\"gallery-img-mobile lazyload\" data-src=\"https:\/\/cottage.cz\/wp-content\/uploads\/2018\/12\/20180721_145141_resized-500x500.jpg\" alt=\"\" src=\"data:image\/svg+xml;base64,PHN2ZyB3aWR0aD0iMSIgaGVpZ2h0PSIxIiB4bWxucz0iaHR0cDovL3d3dy53My5vcmcvMjAwMC9zdmciPjwvc3ZnPg==\" style=\"--smush-placeholder-width: 500px; --smush-placeholder-aspect-ratio: 500\/500;\" \/><div class=\"gallery-enlarge\"><\/div><\/a><\/div><style type=\"text\/css\">.gallery-1 .gallery-column { width: 33.33%; padding-bottom: 18.75%; }.gallery-1 { margin-left: -0px; margin-right: -0px; }.gallery-1 .gallery-item {bottom: 0px;left: 0px;right: 0px;top: 0px;}<\/style><\/div>\n","protected":false},"excerpt":{"rendered":"<p>Tisa W\u00e4nde sind aus Sandstein-Felsformation in der N\u00e4he des Dorfes Tisa in Decin. Sie sind einzigartig in ihrer Vielfalt\u00a0Steinformationen. Transport geht an leicht zug\u00e4nglichen Ort, es f\u00fchrt in der N\u00e4he des Prag-Dresden. Es gibt 2 Lehrpfade Tisa Walls (Kurz 1 km \/ lang ca. 2 km). Sie werden einzigartige Felsformationen verwoben mit mehreren sch\u00f6nen Aussichten [&hellip;]<\/p>\n","protected":false},"author":4,"featured_media":13561,"parent":0,"menu_order":0,"comment_status":"closed","ping_status":"closed","template":"","meta":{"_monsterinsights_skip_tracking":false,"_monsterinsights_sitenote_active":false,"_monsterinsights_sitenote_note":"","_monsterinsights_sitenote_category":0,"ngg_post_thumbnail":0,"footnotes":""},"class_list":["post-20809","page","type-page","status-publish","has-post-thumbnail","hentry"],"aioseo_notices":[],"_links":{"self":[{"href":"https:\/\/cottage.cz\/de\/wp-json\/wp\/v2\/pages\/20809","targetHints":{"allow":["GET"]}}],"collection":[{"href":"https:\/\/cottage.cz\/de\/wp-json\/wp\/v2\/pages"}],"about":[{"href":"https:\/\/cottage.cz\/de\/wp-json\/wp\/v2\/types\/page"}],"author":[{"embeddable":true,"href":"https:\/\/cottage.cz\/de\/wp-json\/wp\/v2\/users\/4"}],"replies":[{"embeddable":true,"href":"https:\/\/cottage.cz\/de\/wp-json\/wp\/v2\/comments?post=20809"}],"version-history":[{"count":1,"href":"https:\/\/cottage.cz\/de\/wp-json\/wp\/v2\/pages\/20809\/revisions"}],"predecessor-version":[{"id":20810,"href":"https:\/\/cottage.cz\/de\/wp-json\/wp\/v2\/pages\/20809\/revisions\/20810"}],"wp:featuredmedia":[{"embeddable":true,"href":"https:\/\/cottage.cz\/de\/wp-json\/wp\/v2\/media\/13561"}],"wp:attachment":[{"href":"https:\/\/cottage.cz\/de\/wp-json\/wp\/v2\/media?parent=20809"}],"curies":[{"name":"wp","href":"https:\/\/api.w.org\/{rel}","templated":true}]}}