{"id":20800,"date":"2024-01-02T19:54:32","date_gmt":"2024-01-02T18:54:32","guid":{"rendered":"https:\/\/cottage.napokusy.cz\/?page_id=20800"},"modified":"2024-01-02T19:59:12","modified_gmt":"2024-01-02T18:59:12","slug":"snezna","status":"publish","type":"page","link":"https:\/\/cottage.cz\/de\/snezna\/","title":{"rendered":"Sn\u011b\u017en\u00e1"},"content":{"rendered":"\n<figure class=\"wp-block-gallery has-nested-images columns-default is-cropped wp-block-gallery-1 is-layout-flex wp-block-gallery-is-layout-flex\">\n<figure class=\"wp-block-image size-large\"><img decoding=\"async\" width=\"800\" height=\"533\" data-id=\"3011\" data-src=\"https:\/\/www.cottage.cz\/wp-content\/uploads\/2016\/03\/034.jpg\" alt=\"\" class=\"wp-image-3011 lazyload\" data-srcset=\"https:\/\/cottage.cz\/wp-content\/uploads\/2016\/03\/034.jpg 800w, https:\/\/cottage.cz\/wp-content\/uploads\/2016\/03\/034-300x200.jpg 300w, https:\/\/cottage.cz\/wp-content\/uploads\/2016\/03\/034-768x512.jpg 768w\" data-sizes=\"(max-width: 800px) 100vw, 800px\" src=\"data:image\/svg+xml;base64,PHN2ZyB3aWR0aD0iMSIgaGVpZ2h0PSIxIiB4bWxucz0iaHR0cDovL3d3dy53My5vcmcvMjAwMC9zdmciPjwvc3ZnPg==\" style=\"--smush-placeholder-width: 800px; --smush-placeholder-aspect-ratio: 800\/533;\" \/><figcaption class=\"wp-element-caption\">Arboretum &#8211; Sn\u011b\u017en\u00e1<\/figcaption><\/figure>\n\n\n\n<figure class=\"wp-block-image size-large\"><img decoding=\"async\" width=\"1024\" height=\"768\" data-id=\"7636\" data-src=\"https:\/\/www.cottage.cz\/wp-content\/uploads\/2020\/08\/IMG_20200531_141149-1-1024x768.jpg\" alt=\"\" class=\"wp-image-7636 lazyload\" data-srcset=\"https:\/\/cottage.cz\/wp-content\/uploads\/2020\/08\/IMG_20200531_141149-1-1024x768.jpg 1024w, https:\/\/cottage.cz\/wp-content\/uploads\/2020\/08\/IMG_20200531_141149-1-300x225.jpg 300w, https:\/\/cottage.cz\/wp-content\/uploads\/2020\/08\/IMG_20200531_141149-1-768x576.jpg 768w, https:\/\/cottage.cz\/wp-content\/uploads\/2020\/08\/IMG_20200531_141149-1-1536x1152.jpg 1536w, https:\/\/cottage.cz\/wp-content\/uploads\/2020\/08\/IMG_20200531_141149-1-2048x1536.jpg 2048w\" data-sizes=\"(max-width: 1024px) 100vw, 1024px\" src=\"data:image\/svg+xml;base64,PHN2ZyB3aWR0aD0iMSIgaGVpZ2h0PSIxIiB4bWxucz0iaHR0cDovL3d3dy53My5vcmcvMjAwMC9zdmciPjwvc3ZnPg==\" style=\"--smush-placeholder-width: 1024px; --smush-placeholder-aspect-ratio: 1024\/768;\" \/><figcaption class=\"wp-element-caption\">kostel<\/figcaption><\/figure>\n\n\n\n<figure class=\"wp-block-image size-large\"><img decoding=\"async\" width=\"768\" height=\"1024\" data-id=\"7635\" data-src=\"https:\/\/www.cottage.cz\/wp-content\/uploads\/2020\/08\/IMG_20200531_140741-1-768x1024.jpg\" alt=\"\" class=\"wp-image-7635 lazyload\" data-srcset=\"https:\/\/cottage.cz\/wp-content\/uploads\/2020\/08\/IMG_20200531_140741-1-768x1024.jpg 768w, https:\/\/cottage.cz\/wp-content\/uploads\/2020\/08\/IMG_20200531_140741-1-225x300.jpg 225w, https:\/\/cottage.cz\/wp-content\/uploads\/2020\/08\/IMG_20200531_140741-1-1152x1536.jpg 1152w, https:\/\/cottage.cz\/wp-content\/uploads\/2020\/08\/IMG_20200531_140741-1-1536x2048.jpg 1536w, https:\/\/cottage.cz\/wp-content\/uploads\/2020\/08\/IMG_20200531_140741-1-scaled.jpg 1920w\" data-sizes=\"(max-width: 768px) 100vw, 768px\" src=\"data:image\/svg+xml;base64,PHN2ZyB3aWR0aD0iMSIgaGVpZ2h0PSIxIiB4bWxucz0iaHR0cDovL3d3dy53My5vcmcvMjAwMC9zdmciPjwvc3ZnPg==\" style=\"--smush-placeholder-width: 768px; --smush-placeholder-aspect-ratio: 768\/1024;\" \/><figcaption class=\"wp-element-caption\">informa\u010dn\u00ed tabule<\/figcaption><\/figure>\n\n\n\n<figure class=\"wp-block-image size-large\"><img decoding=\"async\" width=\"158\" height=\"211\" data-id=\"10435\" data-src=\"https:\/\/www.cottage.cz\/wp-content\/uploads\/2023\/06\/IMG_8017.jpg\" alt=\"\" class=\"wp-image-10435 lazyload\" src=\"data:image\/svg+xml;base64,PHN2ZyB3aWR0aD0iMSIgaGVpZ2h0PSIxIiB4bWxucz0iaHR0cDovL3d3dy53My5vcmcvMjAwMC9zdmciPjwvc3ZnPg==\" style=\"--smush-placeholder-width: 158px; --smush-placeholder-aspect-ratio: 158\/211;\" \/><\/figure>\n\n\n\n<figure class=\"wp-block-image size-large\"><img decoding=\"async\" width=\"1024\" height=\"577\" data-id=\"10436\" data-src=\"https:\/\/www.cottage.cz\/wp-content\/uploads\/2023\/06\/20230510_103331-1024x577.jpg\" alt=\"\" class=\"wp-image-10436 lazyload\" data-srcset=\"https:\/\/cottage.cz\/wp-content\/uploads\/2023\/06\/20230510_103331-1024x577.jpg 1024w, https:\/\/cottage.cz\/wp-content\/uploads\/2023\/06\/20230510_103331-300x169.jpg 300w, https:\/\/cottage.cz\/wp-content\/uploads\/2023\/06\/20230510_103331-768x433.jpg 768w, https:\/\/cottage.cz\/wp-content\/uploads\/2023\/06\/20230510_103331-1320x744.jpg 1320w, https:\/\/cottage.cz\/wp-content\/uploads\/2023\/06\/20230510_103331.jpg 1470w\" data-sizes=\"(max-width: 1024px) 100vw, 1024px\" src=\"data:image\/svg+xml;base64,PHN2ZyB3aWR0aD0iMSIgaGVpZ2h0PSIxIiB4bWxucz0iaHR0cDovL3d3dy53My5vcmcvMjAwMC9zdmciPjwvc3ZnPg==\" style=\"--smush-placeholder-width: 1024px; --smush-placeholder-aspect-ratio: 1024\/577;\" \/><\/figure>\n\n\n\n<figure class=\"wp-block-image size-large\"><img decoding=\"async\" width=\"768\" height=\"1024\" data-id=\"10437\" data-src=\"https:\/\/www.cottage.cz\/wp-content\/uploads\/2023\/06\/IMG_8002-768x1024.jpg\" alt=\"\" class=\"wp-image-10437 lazyload\" data-srcset=\"https:\/\/cottage.cz\/wp-content\/uploads\/2023\/06\/IMG_8002-768x1024.jpg 768w, https:\/\/cottage.cz\/wp-content\/uploads\/2023\/06\/IMG_8002-225x300.jpg 225w, https:\/\/cottage.cz\/wp-content\/uploads\/2023\/06\/IMG_8002-1152x1536.jpg 1152w, https:\/\/cottage.cz\/wp-content\/uploads\/2023\/06\/IMG_8002-1536x2048.jpg 1536w, https:\/\/cottage.cz\/wp-content\/uploads\/2023\/06\/IMG_8002-1320x1760.jpg 1320w, https:\/\/cottage.cz\/wp-content\/uploads\/2023\/06\/IMG_8002-scaled.jpg 1920w\" data-sizes=\"(max-width: 768px) 100vw, 768px\" src=\"data:image\/svg+xml;base64,PHN2ZyB3aWR0aD0iMSIgaGVpZ2h0PSIxIiB4bWxucz0iaHR0cDovL3d3dy53My5vcmcvMjAwMC9zdmciPjwvc3ZnPg==\" style=\"--smush-placeholder-width: 768px; --smush-placeholder-aspect-ratio: 768\/1024;\" \/><\/figure>\n<\/figure>\n\n\n\n<p>Oberhalb der Stadt liegt die kleine Siedlung Sn\u011b\u017en\u00e1\u00a0<a href=\"\/de\/krasna-lipa\/\" title=\"\">Krasna Lipa<\/a>. Du wirst finden, und ich empfehle auf jeden Fall einen Besuch, Arboretum pana Fritcheho. Kirche Unserer Lieben Frau vom Schnee.<\/p>\n\n\n\n<p><\/p>\n","protected":false},"excerpt":{"rendered":"<p>Oberhalb der Stadt liegt die kleine Siedlung Sn\u011b\u017en\u00e1\u00a0Krasna Lipa. Du wirst finden, und ich empfehle auf jeden Fall einen Besuch, Arboretum pana Fritcheho. Kirche Unserer Lieben Frau vom Schnee.<\/p>\n","protected":false},"author":4,"featured_media":19093,"parent":0,"menu_order":0,"comment_status":"closed","ping_status":"closed","template":"","meta":{"_monsterinsights_skip_tracking":false,"_monsterinsights_sitenote_active":false,"_monsterinsights_sitenote_note":"","_monsterinsights_sitenote_category":0,"ngg_post_thumbnail":0,"footnotes":""},"class_list":["post-20800","page","type-page","status-publish","has-post-thumbnail","hentry"],"aioseo_notices":[],"_links":{"self":[{"href":"https:\/\/cottage.cz\/de\/wp-json\/wp\/v2\/pages\/20800","targetHints":{"allow":["GET"]}}],"collection":[{"href":"https:\/\/cottage.cz\/de\/wp-json\/wp\/v2\/pages"}],"about":[{"href":"https:\/\/cottage.cz\/de\/wp-json\/wp\/v2\/types\/page"}],"author":[{"embeddable":true,"href":"https:\/\/cottage.cz\/de\/wp-json\/wp\/v2\/users\/4"}],"replies":[{"embeddable":true,"href":"https:\/\/cottage.cz\/de\/wp-json\/wp\/v2\/comments?post=20800"}],"version-history":[{"count":2,"href":"https:\/\/cottage.cz\/de\/wp-json\/wp\/v2\/pages\/20800\/revisions"}],"predecessor-version":[{"id":20805,"href":"https:\/\/cottage.cz\/de\/wp-json\/wp\/v2\/pages\/20800\/revisions\/20805"}],"wp:featuredmedia":[{"embeddable":true,"href":"https:\/\/cottage.cz\/de\/wp-json\/wp\/v2\/media\/19093"}],"wp:attachment":[{"href":"https:\/\/cottage.cz\/de\/wp-json\/wp\/v2\/media?parent=20800"}],"curies":[{"name":"wp","href":"https:\/\/api.w.org\/{rel}","templated":true}]}}