{"id":20793,"date":"2024-01-02T19:28:21","date_gmt":"2024-01-02T18:28:21","guid":{"rendered":"https:\/\/cottage.napokusy.cz\/?page_id=20793"},"modified":"2024-01-02T19:28:23","modified_gmt":"2024-01-02T18:28:23","slug":"service","status":"publish","type":"page","link":"https:\/\/cottage.cz\/de\/service\/","title":{"rendered":"Service"},"content":{"rendered":"<p style=\"text-align: center;\">Nach Auswahl eines Pakets, Wir verbinden und bieten\u2026<\/p>\n<div class=\"pt-cv-wrapper\"><div class=\"pt-cv-view pt-cv-grid pt-cv-colsys pt-cv-sharp-buttons\" id=\"pt-cv-view-dfa2ec25vl\"><div data-id=\"pt-cv-page-1\" class=\"pt-cv-page\" data-cvc=\"2\"><div class=\"col-md-6 col-sm-6 col-xs-12 pt-cv-content-item pt-cv-1-col\"  data-pid=\"20349\"><div class='pt-cv-ifield'><a href=\"https:\/\/cottage.cz\/de\/naturliches-privates-wellness\/\" class=\"_self pt-cv-href-thumbnail pt-cv-thumb-default cvplbd\" target=\"_self\" ><img decoding=\"async\" width=\"1800\" height=\"1199\" data-src=\"https:\/\/cottage.cz\/wp-content\/uploads\/2025\/05\/Resize-of-BC-136.jpg\" class=\"pt-cv-thumbnail img-none lazyload\" alt=\"Nat\u00fcrliches privates Wellness\" data-srcset=\"https:\/\/cottage.cz\/wp-content\/uploads\/2025\/05\/Resize-of-BC-136.jpg 1800w, https:\/\/cottage.cz\/wp-content\/uploads\/2025\/05\/Resize-of-BC-136-300x200.jpg 300w, https:\/\/cottage.cz\/wp-content\/uploads\/2025\/05\/Resize-of-BC-136-1024x682.jpg 1024w, https:\/\/cottage.cz\/wp-content\/uploads\/2025\/05\/Resize-of-BC-136-768x512.jpg 768w, https:\/\/cottage.cz\/wp-content\/uploads\/2025\/05\/Resize-of-BC-136-1536x1023.jpg 1536w\" data-sizes=\"(max-width: 1800px) 100vw, 1800px\" src=\"data:image\/svg+xml;base64,PHN2ZyB3aWR0aD0iMSIgaGVpZ2h0PSIxIiB4bWxucz0iaHR0cDovL3d3dy53My5vcmcvMjAwMC9zdmciPjwvc3ZnPg==\" style=\"--smush-placeholder-width: 1800px; --smush-placeholder-aspect-ratio: 1800\/1199;\" \/><\/a>\n<h4 class=\"pt-cv-title\"><a href=\"https:\/\/cottage.cz\/de\/naturliches-privates-wellness\/\" class=\"_self cvplbd\" target=\"_self\" >Nat\u00fcrliches privates Wellness<\/a><\/h4>\n<div class=\"pt-cv-content\">Privater Wellnessbereich Lieben Sie eine echte finnische Sauna? Kapazit\u00e4t 6 Personen. Temperatur 90\u00b0C +Whirlpool (Jacuzzi) f\u00fcr bis zu 4 Personen ...<\/div><\/div><\/div>\n<div class=\"col-md-6 col-sm-6 col-xs-12 pt-cv-content-item pt-cv-1-col\"  data-pid=\"20755\"><div class='pt-cv-ifield'><a href=\"https:\/\/cottage.cz\/de\/verpflegung\/\" class=\"_self pt-cv-href-thumbnail pt-cv-thumb-default cvplbd\" target=\"_self\" ><img decoding=\"async\" width=\"1800\" height=\"1199\" data-src=\"https:\/\/cottage.cz\/wp-content\/uploads\/2025\/05\/Resize-of-BC-89.jpg\" class=\"pt-cv-thumbnail img-none lazyload\" alt=\"Gastronomie\" data-srcset=\"https:\/\/cottage.cz\/wp-content\/uploads\/2025\/05\/Resize-of-BC-89.jpg 1800w, https:\/\/cottage.cz\/wp-content\/uploads\/2025\/05\/Resize-of-BC-89-300x200.jpg 300w, https:\/\/cottage.cz\/wp-content\/uploads\/2025\/05\/Resize-of-BC-89-1024x682.jpg 1024w, https:\/\/cottage.cz\/wp-content\/uploads\/2025\/05\/Resize-of-BC-89-768x512.jpg 768w, https:\/\/cottage.cz\/wp-content\/uploads\/2025\/05\/Resize-of-BC-89-1536x1023.jpg 1536w\" data-sizes=\"(max-width: 1800px) 100vw, 1800px\" src=\"data:image\/svg+xml;base64,PHN2ZyB3aWR0aD0iMSIgaGVpZ2h0PSIxIiB4bWxucz0iaHR0cDovL3d3dy53My5vcmcvMjAwMC9zdmciPjwvc3ZnPg==\" style=\"--smush-placeholder-width: 1800px; --smush-placeholder-aspect-ratio: 1800\/1199;\" \/><\/a>\n<h4 class=\"pt-cv-title\"><a href=\"https:\/\/cottage.cz\/de\/verpflegung\/\" class=\"_self cvplbd\" target=\"_self\" >Gastronomie<\/a><\/h4>\n<div class=\"pt-cv-content\">Omas Fr\u00fchst\u00fccksk\u00f6rbe Preis: 600\u20131200 CZK \/ Korb (klein\u2013gro\u00df) Unsere Gro\u00dfmutter bereitet Ihnen liebevoll ein k\u00f6stliches Fr\u00fchst\u00fcck zu. Jeden Morgen finden ...<\/div><\/div><\/div>\n<div class=\"col-md-6 col-sm-6 col-xs-12 pt-cv-content-item pt-cv-1-col\"  data-pid=\"20115\"><div class='pt-cv-ifield'><a href=\"https:\/\/cottage.cz\/de\/yoga-unterricht\/\" class=\"_self pt-cv-href-thumbnail pt-cv-thumb-default cvplbd\" target=\"_self\" ><img decoding=\"async\" width=\"6490\" height=\"4326\" data-src=\"https:\/\/cottage.cz\/wp-content\/uploads\/2018\/02\/28a.jpg\" class=\"pt-cv-thumbnail img-none lazyload\" alt=\"Yoga\" data-srcset=\"https:\/\/cottage.cz\/wp-content\/uploads\/2018\/02\/28a.jpg 6490w, https:\/\/cottage.cz\/wp-content\/uploads\/2018\/02\/28a-300x200.jpg 300w, https:\/\/cottage.cz\/wp-content\/uploads\/2018\/02\/28a-768x512.jpg 768w, https:\/\/cottage.cz\/wp-content\/uploads\/2018\/02\/28a-1024x683.jpg 1024w\" data-sizes=\"(max-width: 6490px) 100vw, 6490px\" src=\"data:image\/svg+xml;base64,PHN2ZyB3aWR0aD0iMSIgaGVpZ2h0PSIxIiB4bWxucz0iaHR0cDovL3d3dy53My5vcmcvMjAwMC9zdmciPjwvc3ZnPg==\" style=\"--smush-placeholder-width: 6490px; --smush-placeholder-aspect-ratio: 6490\/4326;\" \/><\/a>\n<h4 class=\"pt-cv-title\"><a href=\"https:\/\/cottage.cz\/de\/yoga-unterricht\/\" class=\"_self cvplbd\" target=\"_self\" >Yoga<\/a><\/h4>\n<div class=\"pt-cv-content\">Den Yogalehrern bieten wir die M\u00f6glichkeit, den \u201eSaal Meditative Linde\u201c kostenlos f\u00fcr Ihre Aufenthalte (Wochenende und l\u00e4ngere Aufenthalte) zu nutzen ...<\/div><\/div><\/div>\n<div class=\"col-md-6 col-sm-6 col-xs-12 pt-cv-content-item pt-cv-1-col\"  data-pid=\"20319\"><div class='pt-cv-ifield'><a href=\"https:\/\/cottage.cz\/de\/massage\/\" class=\"_self pt-cv-href-thumbnail pt-cv-thumb-default cvplbd\" target=\"_self\" ><img decoding=\"async\" width=\"640\" height=\"426\" data-src=\"https:\/\/cottage.cz\/wp-content\/uploads\/2022\/02\/06-2.jpg\" class=\"pt-cv-thumbnail img-none lazyload\" alt=\"Massage und  therapie\" data-srcset=\"https:\/\/cottage.cz\/wp-content\/uploads\/2022\/02\/06-2.jpg 640w, https:\/\/cottage.cz\/wp-content\/uploads\/2022\/02\/06-2-300x200.jpg 300w\" data-sizes=\"(max-width: 640px) 100vw, 640px\" src=\"data:image\/svg+xml;base64,PHN2ZyB3aWR0aD0iMSIgaGVpZ2h0PSIxIiB4bWxucz0iaHR0cDovL3d3dy53My5vcmcvMjAwMC9zdmciPjwvc3ZnPg==\" style=\"--smush-placeholder-width: 640px; --smush-placeholder-aspect-ratio: 640\/426;\" \/><\/a>\n<h4 class=\"pt-cv-title\"><a href=\"https:\/\/cottage.cz\/de\/massage\/\" class=\"_self cvplbd\" target=\"_self\" >Massage und  therapie<\/a><\/h4>\n<div class=\"pt-cv-content\">Wir lieben Ber\u00fchrungen, Massagen, Duft\u2026Wir w\u00e4hlen das beste f\u00fcr Sie, auf eigene Haut probieren, Womit wir uns umgeben, das was ...<\/div><\/div><\/div>\n<div class=\"col-md-6 col-sm-6 col-xs-12 pt-cv-content-item pt-cv-1-col\"  data-pid=\"19833\"><div class='pt-cv-ifield'><a href=\"https:\/\/cottage.cz\/de\/geschenkgutscheine\/\" class=\"_self pt-cv-href-thumbnail pt-cv-thumb-default cvplbd\" target=\"_self\" ><img decoding=\"async\" width=\"1600\" height=\"1067\" data-src=\"https:\/\/cottage.cz\/wp-content\/uploads\/2018\/12\/16-e1581598138562.jpg\" class=\"pt-cv-thumbnail img-none lazyload\" alt=\"Geschenkgutscheine\" src=\"data:image\/svg+xml;base64,PHN2ZyB3aWR0aD0iMSIgaGVpZ2h0PSIxIiB4bWxucz0iaHR0cDovL3d3dy53My5vcmcvMjAwMC9zdmciPjwvc3ZnPg==\" style=\"--smush-placeholder-width: 1600px; --smush-placeholder-aspect-ratio: 1600\/1067;\" \/><\/a>\n<h4 class=\"pt-cv-title\"><a href=\"https:\/\/cottage.cz\/de\/geschenkgutscheine\/\" class=\"_self cvplbd\" target=\"_self\" >Geschenkgutscheine<\/a><\/h4>\n<div class=\"pt-cv-content\">Wir bieten auch Geschenkgutscheine f\u00fcr zwei oder mehr N\u00e4chte, G\u00fcltigkeit 1 Jahr. Gutschein kann umfassen: Unterkunft an einem bestimmten Datum ...<\/div><\/div><\/div>\n<div class=\"col-md-6 col-sm-6 col-xs-12 pt-cv-content-item pt-cv-1-col\"  data-pid=\"21147\"><div class='pt-cv-ifield'><a href=\"https:\/\/cottage.cz\/de\/fuehrungen\/\" class=\"_self pt-cv-href-thumbnail pt-cv-thumb-default cvplbd\" target=\"_self\" ><img decoding=\"async\" width=\"2560\" height=\"1707\" data-src=\"https:\/\/cottage.cz\/wp-content\/uploads\/2020\/03\/DSCF4847-2-scaled.jpg\" class=\"pt-cv-thumbnail img-none lazyload\" alt=\"F\u00fchrer zum Nationalpark B\u00f6hmische Schweiz\" data-srcset=\"https:\/\/cottage.cz\/wp-content\/uploads\/2020\/03\/DSCF4847-2-scaled.jpg 2560w, https:\/\/cottage.cz\/wp-content\/uploads\/2020\/03\/DSCF4847-2-300x200.jpg 300w, https:\/\/cottage.cz\/wp-content\/uploads\/2020\/03\/DSCF4847-2-1024x683.jpg 1024w, https:\/\/cottage.cz\/wp-content\/uploads\/2020\/03\/DSCF4847-2-768x512.jpg 768w, https:\/\/cottage.cz\/wp-content\/uploads\/2020\/03\/DSCF4847-2-1536x1024.jpg 1536w, https:\/\/cottage.cz\/wp-content\/uploads\/2020\/03\/DSCF4847-2-2048x1365.jpg 2048w\" data-sizes=\"(max-width: 2560px) 100vw, 2560px\" src=\"data:image\/svg+xml;base64,PHN2ZyB3aWR0aD0iMSIgaGVpZ2h0PSIxIiB4bWxucz0iaHR0cDovL3d3dy53My5vcmcvMjAwMC9zdmciPjwvc3ZnPg==\" style=\"--smush-placeholder-width: 2560px; --smush-placeholder-aspect-ratio: 2560\/1707;\" \/><\/a>\n<h4 class=\"pt-cv-title\"><a href=\"https:\/\/cottage.cz\/de\/fuehrungen\/\" class=\"_self cvplbd\" target=\"_self\" >F\u00fchrer zum Nationalpark B\u00f6hmische Schweiz<\/a><\/h4>\n<div class=\"pt-cv-content\">Wir organisieren eine individuelle Reise mit Programm in der B\u00f6hmischen Schweiz, Lausitzer Berge auf Wunsch. Sie sind ein Unternehmen und ...<\/div><\/div><\/div>\n<div class=\"col-md-6 col-sm-6 col-xs-12 pt-cv-content-item pt-cv-1-col\"  data-pid=\"20542\"><div class='pt-cv-ifield'><a href=\"https:\/\/cottage.cz\/de\/verleih\/\" class=\"_self pt-cv-href-thumbnail pt-cv-thumb-default cvplbd\" target=\"_self\" ><img decoding=\"async\" width=\"5472\" height=\"3648\" data-src=\"https:\/\/cottage.cz\/wp-content\/uploads\/2018\/04\/IMG_2191.jpg\" class=\"pt-cv-thumbnail img-none lazyload\" alt=\"Verleih B\u00f6hmische Schweiz\" data-srcset=\"https:\/\/cottage.cz\/wp-content\/uploads\/2018\/04\/IMG_2191.jpg 5472w, https:\/\/cottage.cz\/wp-content\/uploads\/2018\/04\/IMG_2191-300x200.jpg 300w, https:\/\/cottage.cz\/wp-content\/uploads\/2018\/04\/IMG_2191-768x512.jpg 768w, https:\/\/cottage.cz\/wp-content\/uploads\/2018\/04\/IMG_2191-1024x683.jpg 1024w\" data-sizes=\"(max-width: 5472px) 100vw, 5472px\" src=\"data:image\/svg+xml;base64,PHN2ZyB3aWR0aD0iMSIgaGVpZ2h0PSIxIiB4bWxucz0iaHR0cDovL3d3dy53My5vcmcvMjAwMC9zdmciPjwvc3ZnPg==\" style=\"--smush-placeholder-width: 5472px; --smush-placeholder-aspect-ratio: 5472\/3648;\" \/><\/a>\n<h4 class=\"pt-cv-title\"><a href=\"https:\/\/cottage.cz\/de\/verleih\/\" class=\"_self cvplbd\" target=\"_self\" >Verleih B\u00f6hmische Schweiz<\/a><\/h4>\n<div class=\"pt-cv-content\">Haben Sie Lust Fahrrad zu fahren?? Testen von E-Bikes, Schneeschuhe, Schlittschuhe? mieten von: Fahrradr\u00e4dern, Langlaufski, Inline-Skates, Langlauf, Schneeschuhe, Roller, Sitze ...<\/div><\/div><\/div>\n<div class=\"col-md-6 col-sm-6 col-xs-12 pt-cv-content-item pt-cv-1-col\"  data-pid=\"21153\"><div class='pt-cv-ifield'><a href=\"https:\/\/cottage.cz\/de\/kurs-nordic-walking\/\" class=\"_self pt-cv-href-thumbnail pt-cv-thumb-default cvplbd\" target=\"_self\" ><img decoding=\"async\" width=\"5472\" height=\"3648\" data-src=\"https:\/\/cottage.cz\/wp-content\/uploads\/2018\/03\/IMG_8722.jpg\" class=\"pt-cv-thumbnail img-none lazyload\" alt=\"Kurs: Nordic Walking\" data-srcset=\"https:\/\/cottage.cz\/wp-content\/uploads\/2018\/03\/IMG_8722.jpg 5472w, https:\/\/cottage.cz\/wp-content\/uploads\/2018\/03\/IMG_8722-300x200.jpg 300w, https:\/\/cottage.cz\/wp-content\/uploads\/2018\/03\/IMG_8722-768x512.jpg 768w, https:\/\/cottage.cz\/wp-content\/uploads\/2018\/03\/IMG_8722-1024x683.jpg 1024w\" data-sizes=\"(max-width: 5472px) 100vw, 5472px\" src=\"data:image\/svg+xml;base64,PHN2ZyB3aWR0aD0iMSIgaGVpZ2h0PSIxIiB4bWxucz0iaHR0cDovL3d3dy53My5vcmcvMjAwMC9zdmciPjwvc3ZnPg==\" style=\"--smush-placeholder-width: 5472px; --smush-placeholder-aspect-ratio: 5472\/3648;\" \/><\/a>\n<h4 class=\"pt-cv-title\"><a href=\"https:\/\/cottage.cz\/de\/kurs-nordic-walking\/\" class=\"_self cvplbd\" target=\"_self\" >Kurs: Nordic Walking<\/a><\/h4>\n<div class=\"pt-cv-content\">M\u00f6chten Sie auf Reisen mit St\u00f6cken gehen? Nordic Yoga? M\u00f6chten Sie erfahren,, ob Sie die richtigen St\u00f6cke benutzen , perfekte ...<\/div><\/div><\/div>\n<div class=\"col-md-6 col-sm-6 col-xs-12 pt-cv-content-item pt-cv-1-col\"  data-pid=\"20306\"><div class='pt-cv-ifield'><a href=\"https:\/\/cottage.cz\/de\/transport\/\" class=\"_self pt-cv-href-thumbnail pt-cv-thumb-default cvplbd\" target=\"_self\" ><img decoding=\"async\" width=\"2560\" height=\"1920\" data-src=\"https:\/\/cottage.cz\/wp-content\/uploads\/2020\/05\/IMG_20200524_140321-scaled.jpg\" class=\"pt-cv-thumbnail img-none lazyload\" alt=\"Transport\" data-srcset=\"https:\/\/cottage.cz\/wp-content\/uploads\/2020\/05\/IMG_20200524_140321-scaled.jpg 2560w, https:\/\/cottage.cz\/wp-content\/uploads\/2020\/05\/IMG_20200524_140321-300x225.jpg 300w, https:\/\/cottage.cz\/wp-content\/uploads\/2020\/05\/IMG_20200524_140321-1024x768.jpg 1024w, https:\/\/cottage.cz\/wp-content\/uploads\/2020\/05\/IMG_20200524_140321-768x576.jpg 768w, https:\/\/cottage.cz\/wp-content\/uploads\/2020\/05\/IMG_20200524_140321-1536x1152.jpg 1536w, https:\/\/cottage.cz\/wp-content\/uploads\/2020\/05\/IMG_20200524_140321-2048x1536.jpg 2048w\" data-sizes=\"(max-width: 2560px) 100vw, 2560px\" src=\"data:image\/svg+xml;base64,PHN2ZyB3aWR0aD0iMSIgaGVpZ2h0PSIxIiB4bWxucz0iaHR0cDovL3d3dy53My5vcmcvMjAwMC9zdmciPjwvc3ZnPg==\" style=\"--smush-placeholder-width: 2560px; --smush-placeholder-aspect-ratio: 2560\/1920;\" \/><\/a>\n<h4 class=\"pt-cv-title\"><a href=\"https:\/\/cottage.cz\/de\/transport\/\" class=\"_self cvplbd\" target=\"_self\" >Transport<\/a><\/h4>\n<div class=\"pt-cv-content\">F\u00fcr unsere Kunden steht ein VW-Transporter mit 8+1 Sitzpl\u00e4tzen und ein 4-Rad-Gep\u00e4cktr\u00e4ger zur Verf\u00fcgung. So k\u00f6nnen wir Sie irgendwohin bringen, ...<\/div><\/div><\/div><\/div><\/div><\/div>\t\t\t<style type=\"text\/css\" id=\"pt-cv-inline-style-632bc782ql\">#pt-cv-view-dfa2ec25vl.pt-cv-post-border { margin: 0; border-top-width: 1px; border-left-width: 1px }\n#pt-cv-view-dfa2ec25vl.pt-cv-post-border { margin: 0; border-top-style: solid; border-left-style: solid }\n#pt-cv-view-dfa2ec25vl.pt-cv-post-border .pt-cv-content-item   { border-right-width: 1px; border-bottom-width: 1px; border-right-style: solid; border-bottom-style: solid; }\n#pt-cv-view-dfa2ec25vl .pt-cv-title a, #pt-cv-view-dfa2ec25vl  .panel-title { font-weight: 600 !important; }\n#pt-cv-view-dfa2ec25vl .pt-cv-readmore  { color: #ffffff !important; background-color: #ba7f42 !important; }\n#pt-cv-view-dfa2ec25vl .pt-cv-readmore:hover  { color: #ffffff !important; background-color: #ba7f42 !important; }\n#pt-cv-view-dfa2ec25vl  + .pt-cv-pagination-wrapper .pt-cv-more , #pt-cv-view-dfa2ec25vl  + .pt-cv-pagination-wrapper .pagination .active a { color: #ffffff !important; background-color: #00aeef !important; }<\/style>\r\n\t\t\t\n<p><a href=\"https:\/\/www.cottage.cz\/de\/erfahrung\/\">Mehr Erfahrungen hier.<\/a><\/p>\n","protected":false},"excerpt":{"rendered":"<p>Nach Auswahl eines Pakets, Wir verbinden und bieten\u2026 Mehr Erfahrungen hier.<\/p>\n","protected":false},"author":4,"featured_media":19033,"parent":0,"menu_order":0,"comment_status":"closed","ping_status":"closed","template":"","meta":{"_monsterinsights_skip_tracking":false,"_monsterinsights_sitenote_active":false,"_monsterinsights_sitenote_note":"","_monsterinsights_sitenote_category":0,"ngg_post_thumbnail":0,"footnotes":""},"class_list":["post-20793","page","type-page","status-publish","has-post-thumbnail","hentry"],"aioseo_notices":[],"_links":{"self":[{"href":"https:\/\/cottage.cz\/de\/wp-json\/wp\/v2\/pages\/20793","targetHints":{"allow":["GET"]}}],"collection":[{"href":"https:\/\/cottage.cz\/de\/wp-json\/wp\/v2\/pages"}],"about":[{"href":"https:\/\/cottage.cz\/de\/wp-json\/wp\/v2\/types\/page"}],"author":[{"embeddable":true,"href":"https:\/\/cottage.cz\/de\/wp-json\/wp\/v2\/users\/4"}],"replies":[{"embeddable":true,"href":"https:\/\/cottage.cz\/de\/wp-json\/wp\/v2\/comments?post=20793"}],"version-history":[{"count":1,"href":"https:\/\/cottage.cz\/de\/wp-json\/wp\/v2\/pages\/20793\/revisions"}],"predecessor-version":[{"id":20794,"href":"https:\/\/cottage.cz\/de\/wp-json\/wp\/v2\/pages\/20793\/revisions\/20794"}],"wp:featuredmedia":[{"embeddable":true,"href":"https:\/\/cottage.cz\/de\/wp-json\/wp\/v2\/media\/19033"}],"wp:attachment":[{"href":"https:\/\/cottage.cz\/de\/wp-json\/wp\/v2\/media?parent=20793"}],"curies":[{"name":"wp","href":"https:\/\/api.w.org\/{rel}","templated":true}]}}