{"id":20786,"date":"2024-01-02T19:18:00","date_gmt":"2024-01-02T18:18:00","guid":{"rendered":"https:\/\/cottage.napokusy.cz\/?page_id=20786"},"modified":"2024-01-02T19:18:02","modified_gmt":"2024-01-02T18:18:02","slug":"webcam-krasna-lipa-lausitzer-gebirge","status":"publish","type":"page","link":"https:\/\/cottage.cz\/de\/webcam-krasna-lipa-lausitzer-gebirge\/","title":{"rendered":"Web Cam"},"content":{"rendered":"<img decoding=\"async\" data-src=\"\/vivo\/fotka.jpg\" style=\"border: 1px solid black;\" alt=\"Pohled na Lu\u017eick\u00e9 Hory z Kr\u00e1sn\u00e9 L\u00edpy\" src=\"data:image\/svg+xml;base64,PHN2ZyB3aWR0aD0iMSIgaGVpZ2h0PSIxIiB4bWxucz0iaHR0cDovL3d3dy53My5vcmcvMjAwMC9zdmciPjwvc3ZnPg==\" class=\"lazyload\" \/>\n<p>Die Webcam befindet sich auf dem Felsen in der N\u00e4he Horka Krasna Lipa in H\u00f6he 480 m. mit Blick auf die sch\u00f6ne Lipa Lausitzergebirge und den Berg Jedlov\u00e1. Die Fotos werden jede Minute aktualisiert.<\/p>\n","protected":false},"excerpt":{"rendered":"<p>Die Webcam befindet sich auf dem Felsen in der N\u00e4he Horka Krasna Lipa in H\u00f6he 480 m. mit Blick auf die sch\u00f6ne Lipa Lausitzergebirge und den Berg Jedlov\u00e1. Die Fotos werden jede Minute aktualisiert.<\/p>\n","protected":false},"author":4,"featured_media":13825,"parent":0,"menu_order":0,"comment_status":"closed","ping_status":"closed","template":"","meta":{"_monsterinsights_skip_tracking":false,"_monsterinsights_sitenote_active":false,"_monsterinsights_sitenote_note":"","_monsterinsights_sitenote_category":0,"ngg_post_thumbnail":0,"footnotes":""},"class_list":["post-20786","page","type-page","status-publish","has-post-thumbnail","hentry"],"aioseo_notices":[],"_links":{"self":[{"href":"https:\/\/cottage.cz\/de\/wp-json\/wp\/v2\/pages\/20786","targetHints":{"allow":["GET"]}}],"collection":[{"href":"https:\/\/cottage.cz\/de\/wp-json\/wp\/v2\/pages"}],"about":[{"href":"https:\/\/cottage.cz\/de\/wp-json\/wp\/v2\/types\/page"}],"author":[{"embeddable":true,"href":"https:\/\/cottage.cz\/de\/wp-json\/wp\/v2\/users\/4"}],"replies":[{"embeddable":true,"href":"https:\/\/cottage.cz\/de\/wp-json\/wp\/v2\/comments?post=20786"}],"version-history":[{"count":1,"href":"https:\/\/cottage.cz\/de\/wp-json\/wp\/v2\/pages\/20786\/revisions"}],"predecessor-version":[{"id":20787,"href":"https:\/\/cottage.cz\/de\/wp-json\/wp\/v2\/pages\/20786\/revisions\/20787"}],"wp:featuredmedia":[{"embeddable":true,"href":"https:\/\/cottage.cz\/de\/wp-json\/wp\/v2\/media\/13825"}],"wp:attachment":[{"href":"https:\/\/cottage.cz\/de\/wp-json\/wp\/v2\/media?parent=20786"}],"curies":[{"name":"wp","href":"https:\/\/api.w.org\/{rel}","templated":true}]}}