{"id":20771,"date":"2024-01-02T18:46:02","date_gmt":"2024-01-02T17:46:02","guid":{"rendered":"https:\/\/cottage.napokusy.cz\/?page_id=20771"},"modified":"2025-05-23T08:42:00","modified_gmt":"2025-05-23T06:42:00","slug":"fruhstuck","status":"publish","type":"page","link":"https:\/\/cottage.cz\/de\/fruhstuck\/","title":{"rendered":"Fr\u00fchst\u00fcck"},"content":{"rendered":"<p style=\"text-align: center;\"><strong>Omas Fr\u00fchst\u00fcck K\u00f6rbe<\/strong><\/p>\n<p><strong>Preis:<\/strong> 600 CZK \/ Profi 1-2 Leute, 1200 CZK f\u00fcr 3-4 Leute<\/p>\n<p><strong>Unsere Gro\u00dfmutter<\/strong>&nbsp;sie bereiten euch liebevoll ein wunderbares Fr\u00fchst\u00fcck zu. Jeder Korb ist f\u00fcr&nbsp;<strong>eine leckere \u00fcberraschung<\/strong>&nbsp;Profi 1 wenn 4 Leute.&nbsp;<strong>Rohstoffe, die wir w\u00e4hlen, wenn m\u00f6glich, regionale und nationale.<\/strong><\/p>\n<p>Der verbleibende Teil ist geeignet f\u00fcr Snack w\u00e4hrend Reise (Warenkorb hat den ganzen Tag bleiben).<\/p>\n<p>Wir bereiten den Fr\u00fchst\u00fcckskorb nur f\u00fcr unsere G\u00e4ste vor. Auch f\u00fcr Vegetarier k\u00f6nnen wir \u00dcberraschungen zaubern, Veganer, Allergien\u2026<\/p>\n<p style=\"text-align: center;\"><strong>Das Fr\u00fchst\u00fcck bei der Buchung<\/strong><\/p>\n<p>&nbsp;<\/p>\n\n\nngg_shortcode_0_placeholder\n\n\n\n<p>F\u00fcr Gruppen bereiten wir einen Fr\u00fchst\u00fccksbrunch. 300 czk \/ Leute<\/p>\n\n\n\nngg_shortcode_1_placeholder\n","protected":false},"excerpt":{"rendered":"<p>Omas Fr\u00fchst\u00fcck K\u00f6rbe Preis: 600 CZK \/ Profi 1-2 Leute, 1200 CZK f\u00fcr 3-4 Leute Unsere Gro\u00dfmutter&nbsp;sie bereiten euch liebevoll ein wunderbares Fr\u00fchst\u00fcck zu. Jeder Korb ist f\u00fcr&nbsp;eine leckere \u00fcberraschung&nbsp;Profi 1 wenn 4 Leute.&nbsp;Rohstoffe, die wir w\u00e4hlen, wenn m\u00f6glich, regionale und nationale. Der verbleibende Teil ist geeignet f\u00fcr Snack w\u00e4hrend Reise (Warenkorb hat den ganzen [&hellip;]<\/p>\n","protected":false},"author":4,"featured_media":26249,"parent":0,"menu_order":0,"comment_status":"closed","ping_status":"closed","template":"","meta":{"_monsterinsights_skip_tracking":false,"_monsterinsights_sitenote_active":false,"_monsterinsights_sitenote_note":"","_monsterinsights_sitenote_category":0,"ngg_post_thumbnail":0,"footnotes":""},"class_list":["post-20771","page","type-page","status-publish","has-post-thumbnail","hentry"],"aioseo_notices":[],"_links":{"self":[{"href":"https:\/\/cottage.cz\/de\/wp-json\/wp\/v2\/pages\/20771","targetHints":{"allow":["GET"]}}],"collection":[{"href":"https:\/\/cottage.cz\/de\/wp-json\/wp\/v2\/pages"}],"about":[{"href":"https:\/\/cottage.cz\/de\/wp-json\/wp\/v2\/types\/page"}],"author":[{"embeddable":true,"href":"https:\/\/cottage.cz\/de\/wp-json\/wp\/v2\/users\/4"}],"replies":[{"embeddable":true,"href":"https:\/\/cottage.cz\/de\/wp-json\/wp\/v2\/comments?post=20771"}],"version-history":[{"count":6,"href":"https:\/\/cottage.cz\/de\/wp-json\/wp\/v2\/pages\/20771\/revisions"}],"predecessor-version":[{"id":26306,"href":"https:\/\/cottage.cz\/de\/wp-json\/wp\/v2\/pages\/20771\/revisions\/26306"}],"wp:featuredmedia":[{"embeddable":true,"href":"https:\/\/cottage.cz\/de\/wp-json\/wp\/v2\/media\/26249"}],"wp:attachment":[{"href":"https:\/\/cottage.cz\/de\/wp-json\/wp\/v2\/media?parent=20771"}],"curies":[{"name":"wp","href":"https:\/\/api.w.org\/{rel}","templated":true}]}}