{"id":20755,"date":"2024-01-02T18:19:41","date_gmt":"2024-01-02T17:19:41","guid":{"rendered":"https:\/\/cottage.napokusy.cz\/?page_id=20755"},"modified":"2026-01-18T10:17:26","modified_gmt":"2026-01-18T09:17:26","slug":"verpflegung","status":"publish","type":"page","link":"https:\/\/cottage.cz\/de\/verpflegung\/","title":{"rendered":"Gastronomie"},"content":{"rendered":"<p style=\"text-align: center;\"><a href=\"\/de\/fruehstueck\/\"><strong>Omas Fr\u00fchst\u00fccksk\u00f6rbe<\/strong><\/a><\/p>\n<p>Preis: 600\u20131200 CZK \/ Korb (klein\u2013gro\u00df)<\/p>\n<p>Unsere Gro\u00dfmutter bereitet Ihnen liebevoll ein k\u00f6stliches Fr\u00fchst\u00fcck zu. Jeden Morgen finden Sie einen Fr\u00fchst\u00fcckskorb vor Ihrer Wohnungst\u00fcr, sodass Sie jederzeit fr\u00fchst\u00fccken k\u00f6nnen. Warme Speisen werden in Thermobeh\u00e4ltern serviert. Wir verwenden ausschlie\u00dflich frische Zutaten aus der Region, wann immer m\u00f6glich. Jeder Korb (klein\u2013gro\u00df) ist f\u00fcr ein leckeres Fr\u00fchst\u00fcck f\u00fcr 2\u20134 Personen.<\/p>\n<p>Der Inhalt des Korbs ist eine \u00dcberraschung. Auch eine vegetarische\/vegane Variante ist m\u00f6glich. Im Korb finden Sie verschiedene Kombinationen von Leckereien: hausgemachte Desserts (Br\u00f6tchen oder Biskuitkuchen, Kuchen, Lebkuchen \u2026), frisches Geb\u00e4ck vom B\u00e4cker aus der Region, K\u00e4se vom Bauernhof Hampl, Schinken, hausgemachte Eier in verschiedenen Variationen, Bauernbutter, Marmeladen, hausgemachte Aufstriche, ein M\u00fcsliglas (Haferflocken oder andere Flocken, H\u00fcttenk\u00e4se, Obst), Porridge, Obst der Saison, eine Schale mit N\u00fcssen und Samen \u2026<\/p>\nngg_shortcode_0_placeholder\n<p>Das Fr\u00fchst\u00fcck (eher ein Brunch, man bekommt einen Korb f\u00fcr den ganzen Tag) wird bei der Buchung bestellt.<\/p>\n<p style=\"text-align: center;\"><a href=\"\/de\/fruehstueck\/\"><strong>Gruppenverpflegung<\/strong><\/a><\/p>\n<p>Wir bieten vegetarische Verpflegung f\u00fcr Gruppenaufenthalte an. Mahlzeiten f\u00fcr den ganzen Tag oder nach Absprache, z. B. nur Abendessen.<\/p>\nngg_shortcode_1_placeholder\n<p>Mittag- und Abendessen k\u00f6nnen auch online bestellt werden. Liefer- und Abholservices von verschiedenen Restaurants in der Umgebung finden Sie hier: <a href=\"https:\/\/www.jidlopodnos.cz\/\">J\u00eddlo pod nos<\/a>.<\/p>\n<p style=\"text-align: center;\"><a href=\"_wp_link_placeholder\" data-wplink-edit=\"true\"><strong>Selbstbedienungsbar<\/strong><\/a><\/p>\n<p>24 Stunden am Tag im Speisesaal ge\u00f6ffnet. Kocour Bier, BBCider, Kocour Limonaden, Lik\u00f6re der Destilerie Galli, Vratislavsk\u00e1 kyselka, Tesa\u0159\u00edk Weine und Hei\u00dfgetr\u00e4nke: Nespresso Kaffee, French-Press-Kaffee und verschiedene Teesorten. Au\u00dferdem erwarten Sie hausgemachte Kekse, K\u00e4se vom Bauernhof Hampl, hausgemachte \u00dcberraschungen und Obst.<\/p>\nngg_shortcode_2_placeholder\n\n\n<p><\/p>\n","protected":false},"excerpt":{"rendered":"<p>Omas Fr\u00fchst\u00fccksk\u00f6rbe Preis: 600\u20131200 CZK \/ Korb (klein\u2013gro\u00df) Unsere Gro\u00dfmutter bereitet Ihnen liebevoll ein k\u00f6stliches Fr\u00fchst\u00fcck zu. Jeden Morgen finden Sie einen Fr\u00fchst\u00fcckskorb vor Ihrer Wohnungst\u00fcr, sodass Sie jederzeit fr\u00fchst\u00fccken k\u00f6nnen. Warme Speisen werden in Thermobeh\u00e4ltern serviert. Wir verwenden ausschlie\u00dflich frische Zutaten aus der Region, wann immer m\u00f6glich. Jeder Korb (klein\u2013gro\u00df) ist f\u00fcr ein leckeres [&hellip;]<\/p>\n","protected":false},"author":4,"featured_media":26285,"parent":0,"menu_order":0,"comment_status":"closed","ping_status":"closed","template":"","meta":{"_monsterinsights_skip_tracking":false,"_monsterinsights_sitenote_active":false,"_monsterinsights_sitenote_note":"","_monsterinsights_sitenote_category":0,"ngg_post_thumbnail":0,"footnotes":""},"class_list":["post-20755","page","type-page","status-publish","has-post-thumbnail","hentry"],"aioseo_notices":[],"_links":{"self":[{"href":"https:\/\/cottage.cz\/de\/wp-json\/wp\/v2\/pages\/20755","targetHints":{"allow":["GET"]}}],"collection":[{"href":"https:\/\/cottage.cz\/de\/wp-json\/wp\/v2\/pages"}],"about":[{"href":"https:\/\/cottage.cz\/de\/wp-json\/wp\/v2\/types\/page"}],"author":[{"embeddable":true,"href":"https:\/\/cottage.cz\/de\/wp-json\/wp\/v2\/users\/4"}],"replies":[{"embeddable":true,"href":"https:\/\/cottage.cz\/de\/wp-json\/wp\/v2\/comments?post=20755"}],"version-history":[{"count":14,"href":"https:\/\/cottage.cz\/de\/wp-json\/wp\/v2\/pages\/20755\/revisions"}],"predecessor-version":[{"id":28657,"href":"https:\/\/cottage.cz\/de\/wp-json\/wp\/v2\/pages\/20755\/revisions\/28657"}],"wp:featuredmedia":[{"embeddable":true,"href":"https:\/\/cottage.cz\/de\/wp-json\/wp\/v2\/media\/26285"}],"wp:attachment":[{"href":"https:\/\/cottage.cz\/de\/wp-json\/wp\/v2\/media?parent=20755"}],"curies":[{"name":"wp","href":"https:\/\/api.w.org\/{rel}","templated":true}]}}