{"id":20747,"date":"2024-01-02T18:11:27","date_gmt":"2024-01-02T17:11:27","guid":{"rendered":"https:\/\/cottage.napokusy.cz\/?page_id=20747"},"modified":"2024-01-02T18:12:59","modified_gmt":"2024-01-02T17:12:59","slug":"narrow-stairs","status":"publish","type":"page","link":"https:\/\/cottage.cz\/de\/narrow-stairs\/","title":{"rendered":"Narrow stairs"},"content":{"rendered":"\n<figure class=\"wp-block-gallery has-nested-images columns-default is-cropped wp-block-gallery-1 is-layout-flex wp-block-gallery-is-layout-flex\">\n<figure class=\"wp-block-image size-large\"><img decoding=\"async\" width=\"768\" height=\"1024\" data-id=\"6965\" data-src=\"https:\/\/www.cottage.cz\/wp-content\/uploads\/2020\/03\/IMG_20200315_104946-768x1024.jpg\" alt=\"\" class=\"wp-image-6965 lazyload\" data-srcset=\"https:\/\/cottage.cz\/wp-content\/uploads\/2020\/03\/IMG_20200315_104946-768x1024.jpg 768w, https:\/\/cottage.cz\/wp-content\/uploads\/2020\/03\/IMG_20200315_104946-225x300.jpg 225w, https:\/\/cottage.cz\/wp-content\/uploads\/2020\/03\/IMG_20200315_104946-1152x1536.jpg 1152w, https:\/\/cottage.cz\/wp-content\/uploads\/2020\/03\/IMG_20200315_104946-1536x2048.jpg 1536w, https:\/\/cottage.cz\/wp-content\/uploads\/2020\/03\/IMG_20200315_104946-scaled.jpg 1920w\" data-sizes=\"(max-width: 768px) 100vw, 768px\" src=\"data:image\/svg+xml;base64,PHN2ZyB3aWR0aD0iMSIgaGVpZ2h0PSIxIiB4bWxucz0iaHR0cDovL3d3dy53My5vcmcvMjAwMC9zdmciPjwvc3ZnPg==\" style=\"--smush-placeholder-width: 768px; --smush-placeholder-aspect-ratio: 768\/1024;\" \/><figcaption class=\"wp-element-caption\">\u00fcber gelb<br><br><\/figcaption><\/figure>\n\n\n\n<figure class=\"wp-block-image size-large\"><img decoding=\"async\" width=\"1024\" height=\"768\" data-id=\"6966\" data-src=\"https:\/\/www.cottage.cz\/wp-content\/uploads\/2020\/03\/IMG_20200315_104304-1024x768.jpg\" alt=\"\" class=\"wp-image-6966 lazyload\" data-srcset=\"https:\/\/cottage.cz\/wp-content\/uploads\/2020\/03\/IMG_20200315_104304-1024x768.jpg 1024w, https:\/\/cottage.cz\/wp-content\/uploads\/2020\/03\/IMG_20200315_104304-300x225.jpg 300w, https:\/\/cottage.cz\/wp-content\/uploads\/2020\/03\/IMG_20200315_104304-768x576.jpg 768w, https:\/\/cottage.cz\/wp-content\/uploads\/2020\/03\/IMG_20200315_104304-1536x1152.jpg 1536w, https:\/\/cottage.cz\/wp-content\/uploads\/2020\/03\/IMG_20200315_104304-2048x1536.jpg 2048w\" data-sizes=\"(max-width: 1024px) 100vw, 1024px\" src=\"data:image\/svg+xml;base64,PHN2ZyB3aWR0aD0iMSIgaGVpZ2h0PSIxIiB4bWxucz0iaHR0cDovL3d3dy53My5vcmcvMjAwMC9zdmciPjwvc3ZnPg==\" style=\"--smush-placeholder-width: 1024px; --smush-placeholder-aspect-ratio: 1024\/768;\" \/><figcaption class=\"wp-element-caption\">\u00fcber schmale Treppen<\/figcaption><\/figure>\n\n\n\n<figure class=\"wp-block-image size-large\"><img decoding=\"async\" width=\"768\" height=\"1024\" data-id=\"6967\" data-src=\"https:\/\/www.cottage.cz\/wp-content\/uploads\/2020\/03\/IMG_20200315_103912-768x1024.jpg\" alt=\"\" class=\"wp-image-6967 lazyload\" data-srcset=\"https:\/\/cottage.cz\/wp-content\/uploads\/2020\/03\/IMG_20200315_103912-768x1024.jpg 768w, https:\/\/cottage.cz\/wp-content\/uploads\/2020\/03\/IMG_20200315_103912-225x300.jpg 225w, https:\/\/cottage.cz\/wp-content\/uploads\/2020\/03\/IMG_20200315_103912-1152x1536.jpg 1152w, https:\/\/cottage.cz\/wp-content\/uploads\/2020\/03\/IMG_20200315_103912-1536x2048.jpg 1536w, https:\/\/cottage.cz\/wp-content\/uploads\/2020\/03\/IMG_20200315_103912-scaled.jpg 1920w\" data-sizes=\"(max-width: 768px) 100vw, 768px\" src=\"data:image\/svg+xml;base64,PHN2ZyB3aWR0aD0iMSIgaGVpZ2h0PSIxIiB4bWxucz0iaHR0cDovL3d3dy53My5vcmcvMjAwMC9zdmciPjwvc3ZnPg==\" style=\"--smush-placeholder-width: 768px; --smush-placeholder-aspect-ratio: 768\/1024;\" \/><figcaption class=\"wp-element-caption\">schmale Treppe<\/figcaption><\/figure>\n\n\n\n<figure class=\"wp-block-image size-large\"><img decoding=\"async\" width=\"768\" height=\"1024\" data-id=\"6968\" data-src=\"https:\/\/www.cottage.cz\/wp-content\/uploads\/2020\/03\/IMG_20200315_103118-768x1024.jpg\" alt=\"\" class=\"wp-image-6968 lazyload\" data-srcset=\"https:\/\/cottage.cz\/wp-content\/uploads\/2020\/03\/IMG_20200315_103118-768x1024.jpg 768w, https:\/\/cottage.cz\/wp-content\/uploads\/2020\/03\/IMG_20200315_103118-225x300.jpg 225w, https:\/\/cottage.cz\/wp-content\/uploads\/2020\/03\/IMG_20200315_103118-1152x1536.jpg 1152w, https:\/\/cottage.cz\/wp-content\/uploads\/2020\/03\/IMG_20200315_103118-1536x2048.jpg 1536w, https:\/\/cottage.cz\/wp-content\/uploads\/2020\/03\/IMG_20200315_103118-scaled.jpg 1920w\" data-sizes=\"(max-width: 768px) 100vw, 768px\" src=\"data:image\/svg+xml;base64,PHN2ZyB3aWR0aD0iMSIgaGVpZ2h0PSIxIiB4bWxucz0iaHR0cDovL3d3dy53My5vcmcvMjAwMC9zdmciPjwvc3ZnPg==\" style=\"--smush-placeholder-width: 768px; --smush-placeholder-aspect-ratio: 768\/1024;\" \/><figcaption class=\"wp-element-caption\">unter der schmalen Treppe<\/figcaption><\/figure>\n<\/figure>\n\n\n\n<p>\u00dcbergangsfelsen aus Sandstein zwischen dem Dorf Doubice und den Jagdschl\u00f6ssern Na Tok\u00e1n\u00ed. Erreichbar auf dem gelb Wanderroute. Anspruchsvolle Durchgang zwischen dem Felsmassivs herum 50 Steigungs-.<\/p>\n","protected":false},"excerpt":{"rendered":"<p>\u00dcbergangsfelsen aus Sandstein zwischen dem Dorf Doubice und den Jagdschl\u00f6ssern Na Tok\u00e1n\u00ed. Erreichbar auf dem gelb Wanderroute. Anspruchsvolle Durchgang zwischen dem Felsmassivs herum 50 Steigungs-.<\/p>\n","protected":false},"author":4,"featured_media":15118,"parent":0,"menu_order":0,"comment_status":"closed","ping_status":"closed","template":"","meta":{"_monsterinsights_skip_tracking":false,"_monsterinsights_sitenote_active":false,"_monsterinsights_sitenote_note":"","_monsterinsights_sitenote_category":0,"ngg_post_thumbnail":0,"footnotes":""},"class_list":["post-20747","page","type-page","status-publish","has-post-thumbnail","hentry"],"aioseo_notices":[],"_links":{"self":[{"href":"https:\/\/cottage.cz\/de\/wp-json\/wp\/v2\/pages\/20747","targetHints":{"allow":["GET"]}}],"collection":[{"href":"https:\/\/cottage.cz\/de\/wp-json\/wp\/v2\/pages"}],"about":[{"href":"https:\/\/cottage.cz\/de\/wp-json\/wp\/v2\/types\/page"}],"author":[{"embeddable":true,"href":"https:\/\/cottage.cz\/de\/wp-json\/wp\/v2\/users\/4"}],"replies":[{"embeddable":true,"href":"https:\/\/cottage.cz\/de\/wp-json\/wp\/v2\/comments?post=20747"}],"version-history":[{"count":2,"href":"https:\/\/cottage.cz\/de\/wp-json\/wp\/v2\/pages\/20747\/revisions"}],"predecessor-version":[{"id":20750,"href":"https:\/\/cottage.cz\/de\/wp-json\/wp\/v2\/pages\/20747\/revisions\/20750"}],"wp:featuredmedia":[{"embeddable":true,"href":"https:\/\/cottage.cz\/de\/wp-json\/wp\/v2\/media\/15118"}],"wp:attachment":[{"href":"https:\/\/cottage.cz\/de\/wp-json\/wp\/v2\/media?parent=20747"}],"curies":[{"name":"wp","href":"https:\/\/api.w.org\/{rel}","templated":true}]}}