{"id":20741,"date":"2024-01-02T18:04:20","date_gmt":"2024-01-02T17:04:20","guid":{"rendered":"https:\/\/cottage.napokusy.cz\/?page_id=20741"},"modified":"2024-11-26T07:57:26","modified_gmt":"2024-11-26T06:57:26","slug":"hochzeit","status":"publish","type":"page","link":"https:\/\/cottage.cz\/de\/hochzeit\/","title":{"rendered":"Hochzeit"},"content":{"rendered":"\n<figure class=\"wp-block-gallery has-nested-images columns-default is-cropped wp-block-gallery-1 is-layout-flex wp-block-gallery-is-layout-flex\">\n<figure class=\"wp-block-image size-large\"><img decoding=\"async\" width=\"1024\" height=\"683\" data-id=\"10640\" data-src=\"https:\/\/www.cottage.cz\/wp-content\/uploads\/2023\/09\/DSC09732-1024x683.jpg\" alt=\"\" class=\"wp-image-10640 lazyload\" data-srcset=\"https:\/\/cottage.cz\/wp-content\/uploads\/2023\/09\/DSC09732-1024x683.jpg 1024w, https:\/\/cottage.cz\/wp-content\/uploads\/2023\/09\/DSC09732-300x200.jpg 300w, https:\/\/cottage.cz\/wp-content\/uploads\/2023\/09\/DSC09732-768x512.jpg 768w, https:\/\/cottage.cz\/wp-content\/uploads\/2023\/09\/DSC09732-1536x1024.jpg 1536w, https:\/\/cottage.cz\/wp-content\/uploads\/2023\/09\/DSC09732-2048x1365.jpg 2048w, https:\/\/cottage.cz\/wp-content\/uploads\/2023\/09\/DSC09732-1320x880.jpg 1320w\" data-sizes=\"(max-width: 1024px) 100vw, 1024px\" src=\"data:image\/svg+xml;base64,PHN2ZyB3aWR0aD0iMSIgaGVpZ2h0PSIxIiB4bWxucz0iaHR0cDovL3d3dy53My5vcmcvMjAwMC9zdmciPjwvc3ZnPg==\" style=\"--smush-placeholder-width: 1024px; --smush-placeholder-aspect-ratio: 1024\/683;\" \/><\/figure>\n\n\n\n<figure class=\"wp-block-image size-large\"><img decoding=\"async\" width=\"683\" height=\"1024\" data-id=\"10641\" data-src=\"https:\/\/www.cottage.cz\/wp-content\/uploads\/2023\/09\/DSC09754-683x1024.jpg\" alt=\"\" class=\"wp-image-10641 lazyload\" data-srcset=\"https:\/\/cottage.cz\/wp-content\/uploads\/2023\/09\/DSC09754-683x1024.jpg 683w, https:\/\/cottage.cz\/wp-content\/uploads\/2023\/09\/DSC09754-200x300.jpg 200w, https:\/\/cottage.cz\/wp-content\/uploads\/2023\/09\/DSC09754-768x1152.jpg 768w, https:\/\/cottage.cz\/wp-content\/uploads\/2023\/09\/DSC09754-1024x1536.jpg 1024w, https:\/\/cottage.cz\/wp-content\/uploads\/2023\/09\/DSC09754-1365x2048.jpg 1365w, https:\/\/cottage.cz\/wp-content\/uploads\/2023\/09\/DSC09754-1320x1980.jpg 1320w, https:\/\/cottage.cz\/wp-content\/uploads\/2023\/09\/DSC09754-scaled.jpg 1707w\" data-sizes=\"(max-width: 683px) 100vw, 683px\" src=\"data:image\/svg+xml;base64,PHN2ZyB3aWR0aD0iMSIgaGVpZ2h0PSIxIiB4bWxucz0iaHR0cDovL3d3dy53My5vcmcvMjAwMC9zdmciPjwvc3ZnPg==\" style=\"--smush-placeholder-width: 683px; --smush-placeholder-aspect-ratio: 683\/1024;\" \/><\/figure>\n\n\n\n<figure class=\"wp-block-image size-large\"><img decoding=\"async\" width=\"1024\" height=\"683\" data-id=\"10645\" data-src=\"https:\/\/www.cottage.cz\/wp-content\/uploads\/2023\/09\/DSC09571-1024x683.jpg\" alt=\"\" class=\"wp-image-10645 lazyload\" data-srcset=\"https:\/\/cottage.cz\/wp-content\/uploads\/2023\/09\/DSC09571-1024x683.jpg 1024w, https:\/\/cottage.cz\/wp-content\/uploads\/2023\/09\/DSC09571-300x200.jpg 300w, https:\/\/cottage.cz\/wp-content\/uploads\/2023\/09\/DSC09571-768x512.jpg 768w, https:\/\/cottage.cz\/wp-content\/uploads\/2023\/09\/DSC09571-1536x1024.jpg 1536w, https:\/\/cottage.cz\/wp-content\/uploads\/2023\/09\/DSC09571-2048x1365.jpg 2048w, https:\/\/cottage.cz\/wp-content\/uploads\/2023\/09\/DSC09571-1320x880.jpg 1320w\" data-sizes=\"(max-width: 1024px) 100vw, 1024px\" src=\"data:image\/svg+xml;base64,PHN2ZyB3aWR0aD0iMSIgaGVpZ2h0PSIxIiB4bWxucz0iaHR0cDovL3d3dy53My5vcmcvMjAwMC9zdmciPjwvc3ZnPg==\" style=\"--smush-placeholder-width: 1024px; --smush-placeholder-aspect-ratio: 1024\/683;\" \/><\/figure>\n\n\n\n<figure class=\"wp-block-image size-large\"><img decoding=\"async\" width=\"1024\" height=\"683\" data-id=\"10644\" data-src=\"https:\/\/www.cottage.cz\/wp-content\/uploads\/2023\/09\/DSC09589-1024x683.jpg\" alt=\"\" class=\"wp-image-10644 lazyload\" data-srcset=\"https:\/\/cottage.cz\/wp-content\/uploads\/2023\/09\/DSC09589-1024x683.jpg 1024w, https:\/\/cottage.cz\/wp-content\/uploads\/2023\/09\/DSC09589-300x200.jpg 300w, https:\/\/cottage.cz\/wp-content\/uploads\/2023\/09\/DSC09589-768x512.jpg 768w, https:\/\/cottage.cz\/wp-content\/uploads\/2023\/09\/DSC09589-1536x1024.jpg 1536w, https:\/\/cottage.cz\/wp-content\/uploads\/2023\/09\/DSC09589-2048x1365.jpg 2048w, https:\/\/cottage.cz\/wp-content\/uploads\/2023\/09\/DSC09589-1320x880.jpg 1320w\" data-sizes=\"(max-width: 1024px) 100vw, 1024px\" src=\"data:image\/svg+xml;base64,PHN2ZyB3aWR0aD0iMSIgaGVpZ2h0PSIxIiB4bWxucz0iaHR0cDovL3d3dy53My5vcmcvMjAwMC9zdmciPjwvc3ZnPg==\" style=\"--smush-placeholder-width: 1024px; --smush-placeholder-aspect-ratio: 1024\/683;\" \/><\/figure>\n\n\n\n<figure class=\"wp-block-image size-large\"><img decoding=\"async\" width=\"1024\" height=\"683\" data-id=\"10642\" data-src=\"https:\/\/www.cottage.cz\/wp-content\/uploads\/2023\/09\/DSC09592-1024x683.jpg\" alt=\"\" class=\"wp-image-10642 lazyload\" data-srcset=\"https:\/\/cottage.cz\/wp-content\/uploads\/2023\/09\/DSC09592-1024x683.jpg 1024w, https:\/\/cottage.cz\/wp-content\/uploads\/2023\/09\/DSC09592-300x200.jpg 300w, https:\/\/cottage.cz\/wp-content\/uploads\/2023\/09\/DSC09592-768x512.jpg 768w, https:\/\/cottage.cz\/wp-content\/uploads\/2023\/09\/DSC09592-1536x1024.jpg 1536w, https:\/\/cottage.cz\/wp-content\/uploads\/2023\/09\/DSC09592-2048x1365.jpg 2048w, https:\/\/cottage.cz\/wp-content\/uploads\/2023\/09\/DSC09592-1320x880.jpg 1320w\" data-sizes=\"(max-width: 1024px) 100vw, 1024px\" src=\"data:image\/svg+xml;base64,PHN2ZyB3aWR0aD0iMSIgaGVpZ2h0PSIxIiB4bWxucz0iaHR0cDovL3d3dy53My5vcmcvMjAwMC9zdmciPjwvc3ZnPg==\" style=\"--smush-placeholder-width: 1024px; --smush-placeholder-aspect-ratio: 1024\/683;\" \/><\/figure>\n\n\n\n<figure class=\"wp-block-image size-large\"><img decoding=\"async\" width=\"1024\" height=\"683\" data-id=\"10643\" data-src=\"https:\/\/www.cottage.cz\/wp-content\/uploads\/2023\/09\/DSC09548-1024x683.jpg\" alt=\"\" class=\"wp-image-10643 lazyload\" data-srcset=\"https:\/\/cottage.cz\/wp-content\/uploads\/2023\/09\/DSC09548-1024x683.jpg 1024w, https:\/\/cottage.cz\/wp-content\/uploads\/2023\/09\/DSC09548-300x200.jpg 300w, https:\/\/cottage.cz\/wp-content\/uploads\/2023\/09\/DSC09548-768x512.jpg 768w, https:\/\/cottage.cz\/wp-content\/uploads\/2023\/09\/DSC09548-1536x1024.jpg 1536w, https:\/\/cottage.cz\/wp-content\/uploads\/2023\/09\/DSC09548-2048x1365.jpg 2048w, https:\/\/cottage.cz\/wp-content\/uploads\/2023\/09\/DSC09548-1320x880.jpg 1320w\" data-sizes=\"(max-width: 1024px) 100vw, 1024px\" src=\"data:image\/svg+xml;base64,PHN2ZyB3aWR0aD0iMSIgaGVpZ2h0PSIxIiB4bWxucz0iaHR0cDovL3d3dy53My5vcmcvMjAwMC9zdmciPjwvc3ZnPg==\" style=\"--smush-placeholder-width: 1024px; --smush-placeholder-aspect-ratio: 1024\/683;\" \/><\/figure>\n\n\n\n<figure class=\"wp-block-image size-large\"><img decoding=\"async\" width=\"1024\" height=\"683\" data-id=\"10646\" data-src=\"https:\/\/www.cottage.cz\/wp-content\/uploads\/2023\/09\/DSC09551-1024x683.jpg\" alt=\"\" class=\"wp-image-10646 lazyload\" data-srcset=\"https:\/\/cottage.cz\/wp-content\/uploads\/2023\/09\/DSC09551-1024x683.jpg 1024w, https:\/\/cottage.cz\/wp-content\/uploads\/2023\/09\/DSC09551-300x200.jpg 300w, https:\/\/cottage.cz\/wp-content\/uploads\/2023\/09\/DSC09551-768x512.jpg 768w, https:\/\/cottage.cz\/wp-content\/uploads\/2023\/09\/DSC09551-1536x1024.jpg 1536w, https:\/\/cottage.cz\/wp-content\/uploads\/2023\/09\/DSC09551-2048x1365.jpg 2048w, https:\/\/cottage.cz\/wp-content\/uploads\/2023\/09\/DSC09551-1320x880.jpg 1320w\" data-sizes=\"(max-width: 1024px) 100vw, 1024px\" src=\"data:image\/svg+xml;base64,PHN2ZyB3aWR0aD0iMSIgaGVpZ2h0PSIxIiB4bWxucz0iaHR0cDovL3d3dy53My5vcmcvMjAwMC9zdmciPjwvc3ZnPg==\" style=\"--smush-placeholder-width: 1024px; --smush-placeholder-aspect-ratio: 1024\/683;\" \/><\/figure>\n\n\n\n<figure class=\"wp-block-image size-large\"><img decoding=\"async\" width=\"683\" height=\"1024\" data-id=\"10649\" data-src=\"https:\/\/www.cottage.cz\/wp-content\/uploads\/2023\/09\/DSC09517-683x1024.jpg\" alt=\"\" class=\"wp-image-10649 lazyload\" data-srcset=\"https:\/\/cottage.cz\/wp-content\/uploads\/2023\/09\/DSC09517-683x1024.jpg 683w, https:\/\/cottage.cz\/wp-content\/uploads\/2023\/09\/DSC09517-200x300.jpg 200w, https:\/\/cottage.cz\/wp-content\/uploads\/2023\/09\/DSC09517-768x1152.jpg 768w, https:\/\/cottage.cz\/wp-content\/uploads\/2023\/09\/DSC09517-1024x1536.jpg 1024w, https:\/\/cottage.cz\/wp-content\/uploads\/2023\/09\/DSC09517-1365x2048.jpg 1365w, https:\/\/cottage.cz\/wp-content\/uploads\/2023\/09\/DSC09517-1320x1980.jpg 1320w, https:\/\/cottage.cz\/wp-content\/uploads\/2023\/09\/DSC09517-scaled.jpg 1707w\" data-sizes=\"(max-width: 683px) 100vw, 683px\" src=\"data:image\/svg+xml;base64,PHN2ZyB3aWR0aD0iMSIgaGVpZ2h0PSIxIiB4bWxucz0iaHR0cDovL3d3dy53My5vcmcvMjAwMC9zdmciPjwvc3ZnPg==\" style=\"--smush-placeholder-width: 683px; --smush-placeholder-aspect-ratio: 683\/1024;\" \/><\/figure>\n\n\n\n<figure class=\"wp-block-image size-large\"><img decoding=\"async\" width=\"1024\" height=\"683\" data-id=\"10647\" data-src=\"https:\/\/www.cottage.cz\/wp-content\/uploads\/2023\/09\/DSC09536-1024x683.jpg\" alt=\"\" class=\"wp-image-10647 lazyload\" data-srcset=\"https:\/\/cottage.cz\/wp-content\/uploads\/2023\/09\/DSC09536-1024x683.jpg 1024w, https:\/\/cottage.cz\/wp-content\/uploads\/2023\/09\/DSC09536-300x200.jpg 300w, https:\/\/cottage.cz\/wp-content\/uploads\/2023\/09\/DSC09536-768x512.jpg 768w, https:\/\/cottage.cz\/wp-content\/uploads\/2023\/09\/DSC09536-1536x1024.jpg 1536w, https:\/\/cottage.cz\/wp-content\/uploads\/2023\/09\/DSC09536-2048x1365.jpg 2048w, https:\/\/cottage.cz\/wp-content\/uploads\/2023\/09\/DSC09536-1320x880.jpg 1320w\" data-sizes=\"(max-width: 1024px) 100vw, 1024px\" src=\"data:image\/svg+xml;base64,PHN2ZyB3aWR0aD0iMSIgaGVpZ2h0PSIxIiB4bWxucz0iaHR0cDovL3d3dy53My5vcmcvMjAwMC9zdmciPjwvc3ZnPg==\" style=\"--smush-placeholder-width: 1024px; --smush-placeholder-aspect-ratio: 1024\/683;\" \/><\/figure>\n\n\n\n<figure class=\"wp-block-image size-large\"><img decoding=\"async\" width=\"1024\" height=\"683\" data-id=\"10651\" data-src=\"https:\/\/www.cottage.cz\/wp-content\/uploads\/2023\/09\/DSC09540-1024x683.jpg\" alt=\"\" class=\"wp-image-10651 lazyload\" data-srcset=\"https:\/\/cottage.cz\/wp-content\/uploads\/2023\/09\/DSC09540-1024x683.jpg 1024w, https:\/\/cottage.cz\/wp-content\/uploads\/2023\/09\/DSC09540-300x200.jpg 300w, https:\/\/cottage.cz\/wp-content\/uploads\/2023\/09\/DSC09540-768x512.jpg 768w, https:\/\/cottage.cz\/wp-content\/uploads\/2023\/09\/DSC09540-1536x1024.jpg 1536w, https:\/\/cottage.cz\/wp-content\/uploads\/2023\/09\/DSC09540-2048x1365.jpg 2048w, https:\/\/cottage.cz\/wp-content\/uploads\/2023\/09\/DSC09540-1320x880.jpg 1320w\" data-sizes=\"(max-width: 1024px) 100vw, 1024px\" src=\"data:image\/svg+xml;base64,PHN2ZyB3aWR0aD0iMSIgaGVpZ2h0PSIxIiB4bWxucz0iaHR0cDovL3d3dy53My5vcmcvMjAwMC9zdmciPjwvc3ZnPg==\" style=\"--smush-placeholder-width: 1024px; --smush-placeholder-aspect-ratio: 1024\/683;\" \/><\/figure>\n\n\n\n<figure class=\"wp-block-image size-large\"><img decoding=\"async\" width=\"1024\" height=\"683\" data-id=\"10650\" data-src=\"https:\/\/www.cottage.cz\/wp-content\/uploads\/2023\/09\/DSC09514-1024x683.jpg\" alt=\"\" class=\"wp-image-10650 lazyload\" data-srcset=\"https:\/\/cottage.cz\/wp-content\/uploads\/2023\/09\/DSC09514-1024x683.jpg 1024w, https:\/\/cottage.cz\/wp-content\/uploads\/2023\/09\/DSC09514-300x200.jpg 300w, https:\/\/cottage.cz\/wp-content\/uploads\/2023\/09\/DSC09514-768x512.jpg 768w, https:\/\/cottage.cz\/wp-content\/uploads\/2023\/09\/DSC09514-1536x1024.jpg 1536w, https:\/\/cottage.cz\/wp-content\/uploads\/2023\/09\/DSC09514-2048x1365.jpg 2048w, https:\/\/cottage.cz\/wp-content\/uploads\/2023\/09\/DSC09514-1320x880.jpg 1320w\" data-sizes=\"(max-width: 1024px) 100vw, 1024px\" src=\"data:image\/svg+xml;base64,PHN2ZyB3aWR0aD0iMSIgaGVpZ2h0PSIxIiB4bWxucz0iaHR0cDovL3d3dy53My5vcmcvMjAwMC9zdmciPjwvc3ZnPg==\" style=\"--smush-placeholder-width: 1024px; --smush-placeholder-aspect-ratio: 1024\/683;\" \/><\/figure>\n\n\n\n<figure class=\"wp-block-image size-large\"><img decoding=\"async\" width=\"683\" height=\"1024\" data-id=\"10648\" data-src=\"https:\/\/www.cottage.cz\/wp-content\/uploads\/2023\/09\/DSC07795-683x1024.jpg\" alt=\"\" class=\"wp-image-10648 lazyload\" data-srcset=\"https:\/\/cottage.cz\/wp-content\/uploads\/2023\/09\/DSC07795-683x1024.jpg 683w, https:\/\/cottage.cz\/wp-content\/uploads\/2023\/09\/DSC07795-200x300.jpg 200w, https:\/\/cottage.cz\/wp-content\/uploads\/2023\/09\/DSC07795-768x1152.jpg 768w, https:\/\/cottage.cz\/wp-content\/uploads\/2023\/09\/DSC07795-1024x1536.jpg 1024w, https:\/\/cottage.cz\/wp-content\/uploads\/2023\/09\/DSC07795-1365x2048.jpg 1365w, https:\/\/cottage.cz\/wp-content\/uploads\/2023\/09\/DSC07795-1320x1980.jpg 1320w, https:\/\/cottage.cz\/wp-content\/uploads\/2023\/09\/DSC07795-scaled.jpg 1707w\" data-sizes=\"(max-width: 683px) 100vw, 683px\" src=\"data:image\/svg+xml;base64,PHN2ZyB3aWR0aD0iMSIgaGVpZ2h0PSIxIiB4bWxucz0iaHR0cDovL3d3dy53My5vcmcvMjAwMC9zdmciPjwvc3ZnPg==\" style=\"--smush-placeholder-width: 683px; --smush-placeholder-aspect-ratio: 683\/1024;\" \/><\/figure>\n\n\n\n<figure class=\"wp-block-image size-large\"><img decoding=\"async\" width=\"1024\" height=\"683\" data-id=\"10652\" data-src=\"https:\/\/www.cottage.cz\/wp-content\/uploads\/2023\/09\/DSC07681-1024x683.jpg\" alt=\"\" class=\"wp-image-10652 lazyload\" data-srcset=\"https:\/\/cottage.cz\/wp-content\/uploads\/2023\/09\/DSC07681-1024x683.jpg 1024w, https:\/\/cottage.cz\/wp-content\/uploads\/2023\/09\/DSC07681-300x200.jpg 300w, https:\/\/cottage.cz\/wp-content\/uploads\/2023\/09\/DSC07681-768x512.jpg 768w, https:\/\/cottage.cz\/wp-content\/uploads\/2023\/09\/DSC07681-1536x1024.jpg 1536w, https:\/\/cottage.cz\/wp-content\/uploads\/2023\/09\/DSC07681-2048x1365.jpg 2048w, https:\/\/cottage.cz\/wp-content\/uploads\/2023\/09\/DSC07681-1320x880.jpg 1320w\" data-sizes=\"(max-width: 1024px) 100vw, 1024px\" src=\"data:image\/svg+xml;base64,PHN2ZyB3aWR0aD0iMSIgaGVpZ2h0PSIxIiB4bWxucz0iaHR0cDovL3d3dy53My5vcmcvMjAwMC9zdmciPjwvc3ZnPg==\" style=\"--smush-placeholder-width: 1024px; --smush-placeholder-aspect-ratio: 1024\/683;\" \/><\/figure>\n\n\n\n<figure class=\"wp-block-image size-large\"><img decoding=\"async\" width=\"1024\" height=\"683\" data-id=\"10653\" data-src=\"https:\/\/www.cottage.cz\/wp-content\/uploads\/2023\/09\/DSC07727-1024x683.jpg\" alt=\"\" class=\"wp-image-10653 lazyload\" data-srcset=\"https:\/\/cottage.cz\/wp-content\/uploads\/2023\/09\/DSC07727-1024x683.jpg 1024w, https:\/\/cottage.cz\/wp-content\/uploads\/2023\/09\/DSC07727-300x200.jpg 300w, https:\/\/cottage.cz\/wp-content\/uploads\/2023\/09\/DSC07727-768x512.jpg 768w, https:\/\/cottage.cz\/wp-content\/uploads\/2023\/09\/DSC07727-1536x1024.jpg 1536w, https:\/\/cottage.cz\/wp-content\/uploads\/2023\/09\/DSC07727-2048x1365.jpg 2048w, https:\/\/cottage.cz\/wp-content\/uploads\/2023\/09\/DSC07727-1320x880.jpg 1320w\" data-sizes=\"(max-width: 1024px) 100vw, 1024px\" src=\"data:image\/svg+xml;base64,PHN2ZyB3aWR0aD0iMSIgaGVpZ2h0PSIxIiB4bWxucz0iaHR0cDovL3d3dy53My5vcmcvMjAwMC9zdmciPjwvc3ZnPg==\" style=\"--smush-placeholder-width: 1024px; --smush-placeholder-aspect-ratio: 1024\/683;\" \/><\/figure>\n\n\n\n<figure class=\"wp-block-image size-large\"><img decoding=\"async\" width=\"1024\" height=\"683\" data-id=\"10654\" data-src=\"https:\/\/www.cottage.cz\/wp-content\/uploads\/2023\/09\/DSC00278-1024x683.jpg\" alt=\"\" class=\"wp-image-10654 lazyload\" data-srcset=\"https:\/\/cottage.cz\/wp-content\/uploads\/2023\/09\/DSC00278-1024x683.jpg 1024w, https:\/\/cottage.cz\/wp-content\/uploads\/2023\/09\/DSC00278-300x200.jpg 300w, https:\/\/cottage.cz\/wp-content\/uploads\/2023\/09\/DSC00278-768x512.jpg 768w, https:\/\/cottage.cz\/wp-content\/uploads\/2023\/09\/DSC00278-1536x1024.jpg 1536w, https:\/\/cottage.cz\/wp-content\/uploads\/2023\/09\/DSC00278-2048x1365.jpg 2048w, https:\/\/cottage.cz\/wp-content\/uploads\/2023\/09\/DSC00278-1320x880.jpg 1320w\" data-sizes=\"(max-width: 1024px) 100vw, 1024px\" src=\"data:image\/svg+xml;base64,PHN2ZyB3aWR0aD0iMSIgaGVpZ2h0PSIxIiB4bWxucz0iaHR0cDovL3d3dy53My5vcmcvMjAwMC9zdmciPjwvc3ZnPg==\" style=\"--smush-placeholder-width: 1024px; --smush-placeholder-aspect-ratio: 1024\/683;\" \/><\/figure>\n\n\n\n<figure class=\"wp-block-image size-large\"><img decoding=\"async\" width=\"1024\" height=\"683\" data-id=\"10657\" data-src=\"https:\/\/www.cottage.cz\/wp-content\/uploads\/2023\/09\/DSC00733-1024x683.jpg\" alt=\"\" class=\"wp-image-10657 lazyload\" data-srcset=\"https:\/\/cottage.cz\/wp-content\/uploads\/2023\/09\/DSC00733-1024x683.jpg 1024w, https:\/\/cottage.cz\/wp-content\/uploads\/2023\/09\/DSC00733-300x200.jpg 300w, https:\/\/cottage.cz\/wp-content\/uploads\/2023\/09\/DSC00733-768x512.jpg 768w, https:\/\/cottage.cz\/wp-content\/uploads\/2023\/09\/DSC00733-1536x1024.jpg 1536w, https:\/\/cottage.cz\/wp-content\/uploads\/2023\/09\/DSC00733-2048x1365.jpg 2048w, https:\/\/cottage.cz\/wp-content\/uploads\/2023\/09\/DSC00733-1320x880.jpg 1320w\" data-sizes=\"(max-width: 1024px) 100vw, 1024px\" src=\"data:image\/svg+xml;base64,PHN2ZyB3aWR0aD0iMSIgaGVpZ2h0PSIxIiB4bWxucz0iaHR0cDovL3d3dy53My5vcmcvMjAwMC9zdmciPjwvc3ZnPg==\" style=\"--smush-placeholder-width: 1024px; --smush-placeholder-aspect-ratio: 1024\/683;\" \/><\/figure>\n\n\n\n<figure class=\"wp-block-image size-large\"><img decoding=\"async\" width=\"1024\" height=\"683\" data-id=\"10656\" data-src=\"https:\/\/www.cottage.cz\/wp-content\/uploads\/2023\/09\/DSC07670-1024x683.jpg\" alt=\"\" class=\"wp-image-10656 lazyload\" data-srcset=\"https:\/\/cottage.cz\/wp-content\/uploads\/2023\/09\/DSC07670-1024x683.jpg 1024w, https:\/\/cottage.cz\/wp-content\/uploads\/2023\/09\/DSC07670-300x200.jpg 300w, https:\/\/cottage.cz\/wp-content\/uploads\/2023\/09\/DSC07670-768x512.jpg 768w, https:\/\/cottage.cz\/wp-content\/uploads\/2023\/09\/DSC07670-1536x1024.jpg 1536w, https:\/\/cottage.cz\/wp-content\/uploads\/2023\/09\/DSC07670-2048x1365.jpg 2048w, https:\/\/cottage.cz\/wp-content\/uploads\/2023\/09\/DSC07670-1320x880.jpg 1320w\" data-sizes=\"(max-width: 1024px) 100vw, 1024px\" src=\"data:image\/svg+xml;base64,PHN2ZyB3aWR0aD0iMSIgaGVpZ2h0PSIxIiB4bWxucz0iaHR0cDovL3d3dy53My5vcmcvMjAwMC9zdmciPjwvc3ZnPg==\" style=\"--smush-placeholder-width: 1024px; --smush-placeholder-aspect-ratio: 1024\/683;\" \/><\/figure>\n\n\n\n<figure class=\"wp-block-image size-large\"><img decoding=\"async\" width=\"1024\" height=\"683\" data-id=\"10655\" data-src=\"https:\/\/www.cottage.cz\/wp-content\/uploads\/2023\/09\/DSC00184-1024x683.jpg\" alt=\"\" class=\"wp-image-10655 lazyload\" data-srcset=\"https:\/\/cottage.cz\/wp-content\/uploads\/2023\/09\/DSC00184-1024x683.jpg 1024w, https:\/\/cottage.cz\/wp-content\/uploads\/2023\/09\/DSC00184-300x200.jpg 300w, https:\/\/cottage.cz\/wp-content\/uploads\/2023\/09\/DSC00184-768x512.jpg 768w, https:\/\/cottage.cz\/wp-content\/uploads\/2023\/09\/DSC00184-1536x1024.jpg 1536w, https:\/\/cottage.cz\/wp-content\/uploads\/2023\/09\/DSC00184-2048x1365.jpg 2048w, https:\/\/cottage.cz\/wp-content\/uploads\/2023\/09\/DSC00184-1320x880.jpg 1320w\" data-sizes=\"(max-width: 1024px) 100vw, 1024px\" src=\"data:image\/svg+xml;base64,PHN2ZyB3aWR0aD0iMSIgaGVpZ2h0PSIxIiB4bWxucz0iaHR0cDovL3d3dy53My5vcmcvMjAwMC9zdmciPjwvc3ZnPg==\" style=\"--smush-placeholder-width: 1024px; --smush-placeholder-aspect-ratio: 1024\/683;\" \/><\/figure>\n<\/figure>\n\n\n\n<p>Wir sind kein Ort f\u00fcr Hochzeiten?<\/p>\n\n\n\n<p>Und doch findet uns von Zeit zu Zeit jemand. Angesprochen durch die umliegende Natur, Anspruchslosigkeit, wahre Sch\u00f6nheit vom Detail bis zum Ganzen und umgekehrt, Werte, Garten und gepflegter Bereich. Paare finden uns, die die M\u00f6glichkeit suchen, mit ihren Lieben in der Atmosph\u00e4re eines Hochzeitsrituals zusammen zu sein, was nicht nur respektiert, sondern spiegelt auch die umgebende Landschaft wider,&nbsp;Der Wald, die Wiesen und das Leben darin sind ihnen nicht fremd.<\/p>\n\n\n\n<p>Finde uns,&nbsp;Wenn:<\/p>\n\n\n\n<p>-Sie suchen einen ruhigen Ort und m\u00f6chten dort Ruhe lassen<\/p>\n\n\n\n<p>-Ihnen liegt die Atmosph\u00e4re am Herzen,&nbsp;Einzigartigkeit und Authentizit\u00e4t<\/p>\n\n\n\n<p>-Ihre G\u00e4ste finden in unseren Betten Platz&nbsp;( max 19 Betten)<\/p>\n\n\n\n<p>-Sie sind hinsichtlich der Frist flexibel<\/p>\n\n\n\n<p>Wir k\u00f6nnen es weiterempfehlen:&nbsp;Hochzeitskoordinatoren aus der Region,&nbsp;Florist,&nbsp;professionelles Hochzeits-Catering<\/p>\n\n\n\n<p>Danke an Gabriela und Jakub f\u00fcr die Fotos und&nbsp;<a href=\"https:\/\/www.bohemianweddings.cz\/\">B\u00f6hmische Hochzeit<\/a>&nbsp;f\u00fcr Design.<\/p>\n","protected":false},"excerpt":{"rendered":"<p>Wir sind kein Ort f\u00fcr Hochzeiten? Und doch findet uns von Zeit zu Zeit jemand. Angesprochen durch die umliegende Natur, Anspruchslosigkeit, wahre Sch\u00f6nheit vom Detail bis zum Ganzen und umgekehrt, Werte, Garten und gepflegter Bereich. Paare finden uns, die die M\u00f6glichkeit suchen, mit ihren Lieben in der Atmosph\u00e4re eines Hochzeitsrituals zusammen zu sein, was nicht [&hellip;]<\/p>\n","protected":false},"author":4,"featured_media":19525,"parent":0,"menu_order":0,"comment_status":"closed","ping_status":"closed","template":"","meta":{"_monsterinsights_skip_tracking":false,"_monsterinsights_sitenote_active":false,"_monsterinsights_sitenote_note":"","_monsterinsights_sitenote_category":0,"ngg_post_thumbnail":0,"footnotes":""},"class_list":["post-20741","page","type-page","status-publish","has-post-thumbnail","hentry"],"aioseo_notices":[],"_links":{"self":[{"href":"https:\/\/cottage.cz\/de\/wp-json\/wp\/v2\/pages\/20741","targetHints":{"allow":["GET"]}}],"collection":[{"href":"https:\/\/cottage.cz\/de\/wp-json\/wp\/v2\/pages"}],"about":[{"href":"https:\/\/cottage.cz\/de\/wp-json\/wp\/v2\/types\/page"}],"author":[{"embeddable":true,"href":"https:\/\/cottage.cz\/de\/wp-json\/wp\/v2\/users\/4"}],"replies":[{"embeddable":true,"href":"https:\/\/cottage.cz\/de\/wp-json\/wp\/v2\/comments?post=20741"}],"version-history":[{"count":1,"href":"https:\/\/cottage.cz\/de\/wp-json\/wp\/v2\/pages\/20741\/revisions"}],"predecessor-version":[{"id":20742,"href":"https:\/\/cottage.cz\/de\/wp-json\/wp\/v2\/pages\/20741\/revisions\/20742"}],"wp:featuredmedia":[{"embeddable":true,"href":"https:\/\/cottage.cz\/de\/wp-json\/wp\/v2\/media\/19525"}],"wp:attachment":[{"href":"https:\/\/cottage.cz\/de\/wp-json\/wp\/v2\/media?parent=20741"}],"curies":[{"name":"wp","href":"https:\/\/api.w.org\/{rel}","templated":true}]}}