{"id":20734,"date":"2025-06-03T09:28:54","date_gmt":"2025-06-03T07:28:54","guid":{"rendered":"https:\/\/cottage.napokusy.cz\/?page_id=20734"},"modified":"2025-06-03T09:28:56","modified_gmt":"2025-06-03T07:28:56","slug":"terrasse","status":"publish","type":"page","link":"https:\/\/cottage.cz\/de\/terrasse\/","title":{"rendered":"Terrasse"},"content":{"rendered":"\n<p>Der Hintergrund unserer Terrasse bietet eine ruhige Sitzecke mit Blick auf den See, <a href=\"https:\/\/cottage.cz\/de\/garten\/\" title=\"Garten\">Garten<\/a> und Wald. Es ist vorhanden\u00a0<strong>richtiger Grill\u00a0<\/strong>aus Stahlguss eines tschechischen Herstellers\u00a0<a href=\"https:\/\/www.facebook.com\/kovarstvi.divis\/?__tn__=K-R&amp;eid=ARCdB5OFTb2N4Aqg7TZLwXCfOfqr6QepPMLZUxBACBoxLxOVhq092FASBW9Un62Zsi9Z1wZU_GFnUWdh&amp;fref=mentions&amp;__xts__%5B0%5D=68.ARCaVKhaktH3AqyoBv0I9cG4AWJfOhY9vinpiyi94qp2ISOdjpNddgyDAcQe8hOne_V_KXstWg540QmZjoHMB5tanYz8CfFSca0Yd-_2Inucv-plU5FUCakpd0YkoZ47jYoiQGy9Fr1pZ3nhCCNWB2zT3sd84I0F9sfZonKYoyn4EbPMGCf6n2vNR4aQcMx7bzityXZt-qN_DBZCi_hDO_VOpjNWYIOI_XKGqNwWB2bhm7IJlP5Bro27y9YYeQyQDNsvC0Z1mzyExQrDzA4SyawBB4xbtmRPDEpS7qwjJjB1rIOahBALpFpZHAjhaMjmHDP7XDEifwZ0zj2FRxIdwFoSyA\">Kov\u00e1\u0159stv\u00ed Divi\u0161<\/a>! Wir haben es bereits getestet und glauben Sie uns, wir sind begeistert. Es erm\u00f6glicht Ihnen, eine gro\u00dfe Menge an Essen zuzubereiten (Zum Beispiel frische Forellen aus <a href=\"https:\/\/www.facebook.com\/rybafischeu\/?__tn__=K-R&amp;eid=ARDvlTdyKqG02fe0wXVLQc8lQ2EPshtwwiXQSYCAhjhXyoHSIW2O4b0-D3zIMGkISdn1aM_xlDTdL1Gp&amp;fref=mentions&amp;__xts__%5B0%5D=68.ARCaVKhaktH3AqyoBv0I9cG4AWJfOhY9vinpiyi94qp2ISOdjpNddgyDAcQe8hOne_V_KXstWg540QmZjoHMB5tanYz8CfFSca0Yd-_2Inucv-plU5FUCakpd0YkoZ47jYoiQGy9Fr1pZ3nhCCNWB2zT3sd84I0F9sfZonKYoyn4EbPMGCf6n2vNR4aQcMx7bzityXZt-qN_DBZCi_hDO_VOpjNWYIOI_XKGqNwWB2bhm7IJlP5Bro27y9YYeQyQDNsvC0Z1mzyExQrDzA4SyawBB4xbtmRPDEpS7qwjJjB1rIOahBALpFpZHAjhaMjmHDP7XDEifwZ0zj2FRxIdwFoSyA\">Fischerei \u2013 Fischerei<\/a>). Sie k\u00f6nnen beide Geschm\u00e4cker mischen, indem Sie m\u00e4hrischen Wein von Sp\u011bv\u00e1k von Doln\u00ed B\u00edlovice und Kolarik von Prusanky w\u00e4hlen. Sie m\u00fcssen f\u00fcr nichts zum K\u00fchlschrank laufen, gleich nebenan ist kalt\u00a0<strong>Keller<\/strong>\u00a0mit einer Auswahl an Weinen. Es gibt gen\u00fcgend Platz zum Kochen, einschlie\u00dflich Wasser und Strom. <strong>Essen ist ein Erlebnis.<\/strong><\/p>\n\n\n\nngg_shortcode_0_placeholder\n\n\n\n<p>Es gibt zwei gro\u00dfe Holztische mit B\u00e4nken mit einer Kapazit\u00e4t 17 Personen oder Bar neben dem Grill.<\/p>\n","protected":false},"excerpt":{"rendered":"<p>Der Hintergrund unserer Terrasse bietet eine ruhige Sitzecke mit Blick auf den See, Garten und Wald. Es ist vorhanden\u00a0richtiger Grill\u00a0aus Stahlguss eines tschechischen Herstellers\u00a0Kov\u00e1\u0159stv\u00ed Divi\u0161! Wir haben es bereits getestet und glauben Sie uns, wir sind begeistert. Es erm\u00f6glicht Ihnen, eine gro\u00dfe Menge an Essen zuzubereiten (Zum Beispiel frische Forellen aus Fischerei \u2013 Fischerei). Sie [&hellip;]<\/p>\n","protected":false},"author":4,"featured_media":23161,"parent":0,"menu_order":0,"comment_status":"closed","ping_status":"closed","template":"","meta":{"_monsterinsights_skip_tracking":false,"_monsterinsights_sitenote_active":false,"_monsterinsights_sitenote_note":"","_monsterinsights_sitenote_category":0,"ngg_post_thumbnail":0,"footnotes":""},"class_list":["post-20734","page","type-page","status-publish","has-post-thumbnail","hentry"],"aioseo_notices":[],"_links":{"self":[{"href":"https:\/\/cottage.cz\/de\/wp-json\/wp\/v2\/pages\/20734","targetHints":{"allow":["GET"]}}],"collection":[{"href":"https:\/\/cottage.cz\/de\/wp-json\/wp\/v2\/pages"}],"about":[{"href":"https:\/\/cottage.cz\/de\/wp-json\/wp\/v2\/types\/page"}],"author":[{"embeddable":true,"href":"https:\/\/cottage.cz\/de\/wp-json\/wp\/v2\/users\/4"}],"replies":[{"embeddable":true,"href":"https:\/\/cottage.cz\/de\/wp-json\/wp\/v2\/comments?post=20734"}],"version-history":[{"count":5,"href":"https:\/\/cottage.cz\/de\/wp-json\/wp\/v2\/pages\/20734\/revisions"}],"predecessor-version":[{"id":26788,"href":"https:\/\/cottage.cz\/de\/wp-json\/wp\/v2\/pages\/20734\/revisions\/26788"}],"wp:featuredmedia":[{"embeddable":true,"href":"https:\/\/cottage.cz\/de\/wp-json\/wp\/v2\/media\/23161"}],"wp:attachment":[{"href":"https:\/\/cottage.cz\/de\/wp-json\/wp\/v2\/media?parent=20734"}],"curies":[{"name":"wp","href":"https:\/\/api.w.org\/{rel}","templated":true}]}}