{"id":20714,"date":"2024-01-02T16:33:03","date_gmt":"2024-01-02T15:33:03","guid":{"rendered":"https:\/\/cottage.napokusy.cz\/?page_id=20714"},"modified":"2024-01-02T16:33:06","modified_gmt":"2024-01-02T15:33:06","slug":"schmilka","status":"publish","type":"page","link":"https:\/\/cottage.cz\/de\/schmilka\/","title":{"rendered":"Schmilka"},"content":{"rendered":"\n<p>Kleiner, sondern ein m\u00e4rchenhaftes Dorf nahe der tschechisch-deutschen Grenze am linken Elbufer. Parkplatz im Zentrum beim Caf\u00e9 Richter. Braumanufaktur B\u00e4ckerei und M\u00fchlenmanufaktur (H\u00fcbsch, aber teuer). Nach dem gelben Touristen gelangen Sie \u00fcber die l\u00e4ngste Treppe zu den einzigartigen Ausblicken\u00a0<a href=\"https:\/\/www.cottage.cz\/de\/schrammsteine\/\">Schrammsteine<\/a>.<br>Spitze: sch\u00f6ner Radweg zu\u00a0<a href=\"https:\/\/www.cottage.cz\/de\/bad-Schandau\/\">Bad Schandau<\/a>.<\/p>\n\n\n\n<figure class=\"wp-block-gallery has-nested-images columns-default is-cropped wp-block-gallery-1 is-layout-flex wp-block-gallery-is-layout-flex\">\n<figure class=\"wp-block-image size-large\"><img decoding=\"async\" width=\"768\" height=\"1024\" data-id=\"9773\" data-src=\"https:\/\/www.cottage.cz\/wp-content\/uploads\/2022\/09\/20220923_115004-768x1024.jpg\" alt=\"\" class=\"wp-image-9773 lazyload\" data-srcset=\"https:\/\/cottage.cz\/wp-content\/uploads\/2022\/09\/20220923_115004-768x1024.jpg 768w, https:\/\/cottage.cz\/wp-content\/uploads\/2022\/09\/20220923_115004-225x300.jpg 225w, https:\/\/cottage.cz\/wp-content\/uploads\/2022\/09\/20220923_115004-1152x1536.jpg 1152w, https:\/\/cottage.cz\/wp-content\/uploads\/2022\/09\/20220923_115004-1536x2048.jpg 1536w, https:\/\/cottage.cz\/wp-content\/uploads\/2022\/09\/20220923_115004-1320x1760.jpg 1320w, https:\/\/cottage.cz\/wp-content\/uploads\/2022\/09\/20220923_115004-scaled.jpg 1920w\" data-sizes=\"(max-width: 768px) 100vw, 768px\" src=\"data:image\/svg+xml;base64,PHN2ZyB3aWR0aD0iMSIgaGVpZ2h0PSIxIiB4bWxucz0iaHR0cDovL3d3dy53My5vcmcvMjAwMC9zdmciPjwvc3ZnPg==\" style=\"--smush-placeholder-width: 768px; --smush-placeholder-aspect-ratio: 768\/1024;\" \/><\/figure>\n\n\n\n<figure class=\"wp-block-image size-large\"><img decoding=\"async\" width=\"768\" height=\"1024\" data-id=\"9772\" data-src=\"https:\/\/www.cottage.cz\/wp-content\/uploads\/2022\/09\/20220923_152428-768x1024.jpg\" alt=\"\" class=\"wp-image-9772 lazyload\" data-srcset=\"https:\/\/cottage.cz\/wp-content\/uploads\/2022\/09\/20220923_152428-768x1024.jpg 768w, https:\/\/cottage.cz\/wp-content\/uploads\/2022\/09\/20220923_152428-225x300.jpg 225w, https:\/\/cottage.cz\/wp-content\/uploads\/2022\/09\/20220923_152428-1152x1536.jpg 1152w, https:\/\/cottage.cz\/wp-content\/uploads\/2022\/09\/20220923_152428-1536x2048.jpg 1536w, https:\/\/cottage.cz\/wp-content\/uploads\/2022\/09\/20220923_152428-1320x1760.jpg 1320w, https:\/\/cottage.cz\/wp-content\/uploads\/2022\/09\/20220923_152428-scaled.jpg 1920w\" data-sizes=\"(max-width: 768px) 100vw, 768px\" src=\"data:image\/svg+xml;base64,PHN2ZyB3aWR0aD0iMSIgaGVpZ2h0PSIxIiB4bWxucz0iaHR0cDovL3d3dy53My5vcmcvMjAwMC9zdmciPjwvc3ZnPg==\" style=\"--smush-placeholder-width: 768px; --smush-placeholder-aspect-ratio: 768\/1024;\" \/><\/figure>\n\n\n\n<figure class=\"wp-block-image size-large\"><img decoding=\"async\" width=\"768\" height=\"1024\" data-id=\"9771\" data-src=\"https:\/\/www.cottage.cz\/wp-content\/uploads\/2022\/09\/20220923_152537-768x1024.jpg\" alt=\"\" class=\"wp-image-9771 lazyload\" data-srcset=\"https:\/\/cottage.cz\/wp-content\/uploads\/2022\/09\/20220923_152537-768x1024.jpg 768w, https:\/\/cottage.cz\/wp-content\/uploads\/2022\/09\/20220923_152537-225x300.jpg 225w, https:\/\/cottage.cz\/wp-content\/uploads\/2022\/09\/20220923_152537-1152x1536.jpg 1152w, https:\/\/cottage.cz\/wp-content\/uploads\/2022\/09\/20220923_152537-1536x2048.jpg 1536w, https:\/\/cottage.cz\/wp-content\/uploads\/2022\/09\/20220923_152537-1320x1760.jpg 1320w, https:\/\/cottage.cz\/wp-content\/uploads\/2022\/09\/20220923_152537-scaled.jpg 1920w\" data-sizes=\"(max-width: 768px) 100vw, 768px\" src=\"data:image\/svg+xml;base64,PHN2ZyB3aWR0aD0iMSIgaGVpZ2h0PSIxIiB4bWxucz0iaHR0cDovL3d3dy53My5vcmcvMjAwMC9zdmciPjwvc3ZnPg==\" style=\"--smush-placeholder-width: 768px; --smush-placeholder-aspect-ratio: 768\/1024;\" \/><\/figure>\n<\/figure>\n","protected":false},"excerpt":{"rendered":"<p>Kleiner, sondern ein m\u00e4rchenhaftes Dorf nahe der tschechisch-deutschen Grenze am linken Elbufer. Parkplatz im Zentrum beim Caf\u00e9 Richter. Braumanufaktur B\u00e4ckerei und M\u00fchlenmanufaktur (H\u00fcbsch, aber teuer). Nach dem gelben Touristen gelangen Sie \u00fcber die l\u00e4ngste Treppe zu den einzigartigen Ausblicken\u00a0Schrammsteine.Spitze: sch\u00f6ner Radweg zu\u00a0Bad Schandau.<\/p>\n","protected":false},"author":4,"featured_media":18352,"parent":0,"menu_order":0,"comment_status":"closed","ping_status":"closed","template":"","meta":{"_monsterinsights_skip_tracking":false,"_monsterinsights_sitenote_active":false,"_monsterinsights_sitenote_note":"","_monsterinsights_sitenote_category":0,"ngg_post_thumbnail":0,"footnotes":""},"class_list":["post-20714","page","type-page","status-publish","has-post-thumbnail","hentry"],"aioseo_notices":[],"_links":{"self":[{"href":"https:\/\/cottage.cz\/de\/wp-json\/wp\/v2\/pages\/20714","targetHints":{"allow":["GET"]}}],"collection":[{"href":"https:\/\/cottage.cz\/de\/wp-json\/wp\/v2\/pages"}],"about":[{"href":"https:\/\/cottage.cz\/de\/wp-json\/wp\/v2\/types\/page"}],"author":[{"embeddable":true,"href":"https:\/\/cottage.cz\/de\/wp-json\/wp\/v2\/users\/4"}],"replies":[{"embeddable":true,"href":"https:\/\/cottage.cz\/de\/wp-json\/wp\/v2\/comments?post=20714"}],"version-history":[{"count":1,"href":"https:\/\/cottage.cz\/de\/wp-json\/wp\/v2\/pages\/20714\/revisions"}],"predecessor-version":[{"id":20715,"href":"https:\/\/cottage.cz\/de\/wp-json\/wp\/v2\/pages\/20714\/revisions\/20715"}],"wp:featuredmedia":[{"embeddable":true,"href":"https:\/\/cottage.cz\/de\/wp-json\/wp\/v2\/media\/18352"}],"wp:attachment":[{"href":"https:\/\/cottage.cz\/de\/wp-json\/wp\/v2\/media?parent=20714"}],"curies":[{"name":"wp","href":"https:\/\/api.w.org\/{rel}","templated":true}]}}