{"id":20689,"date":"2024-01-02T15:52:56","date_gmt":"2024-01-02T14:52:56","guid":{"rendered":"https:\/\/cottage.napokusy.cz\/?page_id=20689"},"modified":"2024-01-02T16:21:49","modified_gmt":"2024-01-02T15:21:49","slug":"ein-ausflug-zu-den-brtnice-eisfaellen","status":"publish","type":"page","link":"https:\/\/cottage.cz\/de\/ein-ausflug-zu-den-brtnice-eisfaellen\/","title":{"rendered":"Ein Ausflug zu den Brtnice-Eisf\u00e4llen"},"content":{"rendered":"<p>Wir werden einen Ausflug zu den Brtnice-Eisf\u00e4llen im Dorf beginnen\u00a0<a title=\"Das Dorf Brtn\u00edky\" href=\"\/de\/zeidler\/\">Zeidler<\/a>\u00a0(Nordwesten 8 km von\u00a0<a href=\"\/de\/krasna-lipa\/\">Krasna Lipa<\/a>). Wir k\u00f6nnen das Auto kostenlos auf dem Platz in Brtn\u00edky parken. Folgen Sie dem gr\u00fcnen Touristenschild zum ehemaligen Jagdschloss \u0160ternberk oder an der Abzweigung zur Siedlung Kopec (Es liegt n\u00e4her an den Eisf\u00e4llen von \u0160ternberk und f\u00fcr Familien mit Kindern ist die Reise nach \u0160ternberk auch im Winter angenehm). Fahren Sie vom nicht mehr vorhandenen Schloss \u0160ternberk auf dem Gr\u00fcn weiter nach\u00a0<a href=\"\/de\/der-nationalpark-boehmische-schweiz\/\">NP B\u00f6hmische Schweiz<\/a>\u00a0(wenn viel Schnee, Sie werden sehr viel einen Kinderwagen fahren, sehr schwierig) und nach ungef\u00e4hr 700 m in den Wintermonaten erscheinen Informationspfeile links von den Eisf\u00e4llen (neu auch markiert \u2013 blauer Naturlehrpfad). Wenn dir nicht kalt ist, Sie k\u00f6nnen einen langen Weg durch die Siedlung Kopec zur\u00fcckgehen, Hier k\u00f6nnen Sie auch au\u00dferhalb der Saison einen Snack genie\u00dfen\u00a0<a title=\"U Oty\" href=\"http:\/\/www.hemm.cz\/hospoda.html\">Pensionen U Oty<\/a>.<\/p>\n<p>KARTE<\/p>\n<p><a href=\"https:\/\/www.cottage.cz\/wp-content\/uploads\/2021\/02\/brtnicke-ledopady-mapa.jpg\" rel=\"lightbox[20689]\"><img decoding=\"async\" class=\"aligncenter wp-image-7959 size-large lazyload\" data-src=\"https:\/\/www.cottage.cz\/wp-content\/uploads\/2021\/02\/brtnicke-ledopady-mapa-727x1024.jpg\" alt=\"\" width=\"727\" height=\"1024\" data-srcset=\"https:\/\/cottage.cz\/wp-content\/uploads\/2021\/02\/brtnicke-ledopady-mapa-727x1024.jpg 727w, https:\/\/cottage.cz\/wp-content\/uploads\/2021\/02\/brtnicke-ledopady-mapa-213x300.jpg 213w, https:\/\/cottage.cz\/wp-content\/uploads\/2021\/02\/brtnicke-ledopady-mapa-768x1082.jpg 768w, https:\/\/cottage.cz\/wp-content\/uploads\/2021\/02\/brtnicke-ledopady-mapa-1090x1536.jpg 1090w, https:\/\/cottage.cz\/wp-content\/uploads\/2021\/02\/brtnicke-ledopady-mapa.jpg 1263w\" data-sizes=\"(max-width: 727px) 100vw, 727px\" src=\"data:image\/svg+xml;base64,PHN2ZyB3aWR0aD0iMSIgaGVpZ2h0PSIxIiB4bWxucz0iaHR0cDovL3d3dy53My5vcmcvMjAwMC9zdmciPjwvc3ZnPg==\" style=\"--smush-placeholder-width: 727px; --smush-placeholder-aspect-ratio: 727\/1024;\" \/><\/a><\/p>\n<p><strong>Vorsicht: Eisf\u00e4lle bilden sich meist am Ende kalter Winter mit Schneedecke, normalerweise Februar, M\u00e4rz.<\/strong><\/p>\n<p><strong>Parkplatz:\u00a0<\/strong>Brtn\u00edky vor der Kolonialzeit (ca. 15 Sitze), die spulen (ca. 6 Sitze), An der Fakult\u00e4t \u2013 Kyjov Tal (8 + 8 + 8 Sitze), Wolf berg (ca. 20 Sitze)<\/p>\n<p>Der ber\u00fchmteste der sogenannten. Eis f\u00e4llt\u00a0<strong>H\u00f6hle der Feen<\/strong>. Tipp f\u00fcr einen Ausflug nach\u00a0<a title=\"H\u00f6hle der Feen\" href=\"https:\/\/www.cottage.cz\/de\/H%C3%B6hle-Villen\">Feenh\u00f6hle hier<\/a>.<\/p>\n<div class=\"gallery-1 gallery-wrapper columns-wrapper\"><div class=\"gallery-column\"><a class=\"gallery-item photoswipe-item\" data-caption=\"\" data-width=\"800\" data-height=\"450\" href=\"https:\/\/cottage.cz\/wp-content\/uploads\/2017\/01\/IMG_20170115_102619.jpg\" rel=\"lightbox[20689]\"><img decoding=\"async\" class=\"gallery-img-desktop lazyload\" data-src=\"https:\/\/cottage.cz\/wp-content\/uploads\/2017\/01\/IMG_20170115_102619-550x309.jpg\" alt=\"\" src=\"data:image\/svg+xml;base64,PHN2ZyB3aWR0aD0iMSIgaGVpZ2h0PSIxIiB4bWxucz0iaHR0cDovL3d3dy53My5vcmcvMjAwMC9zdmciPjwvc3ZnPg==\" style=\"--smush-placeholder-width: 550px; --smush-placeholder-aspect-ratio: 550\/309;\" \/><img decoding=\"async\" class=\"gallery-img-mobile lazyload\" data-src=\"https:\/\/cottage.cz\/wp-content\/uploads\/2017\/01\/IMG_20170115_102619-500x500.jpg\" alt=\"\" src=\"data:image\/svg+xml;base64,PHN2ZyB3aWR0aD0iMSIgaGVpZ2h0PSIxIiB4bWxucz0iaHR0cDovL3d3dy53My5vcmcvMjAwMC9zdmciPjwvc3ZnPg==\" style=\"--smush-placeholder-width: 500px; --smush-placeholder-aspect-ratio: 500\/500;\" \/><div class=\"gallery-enlarge\"><\/div><\/a><\/div><div class=\"gallery-column\"><a class=\"gallery-item photoswipe-item\" data-caption=\"\" data-width=\"600\" data-height=\"800\" href=\"https:\/\/cottage.cz\/wp-content\/uploads\/2017\/01\/15966267_820564228082681_5620593676741609020_n.jpg\" rel=\"lightbox[20689]\"><img decoding=\"async\" class=\"gallery-img-desktop lazyload\" data-src=\"https:\/\/cottage.cz\/wp-content\/uploads\/2017\/01\/15966267_820564228082681_5620593676741609020_n-550x309.jpg\" alt=\"\" src=\"data:image\/svg+xml;base64,PHN2ZyB3aWR0aD0iMSIgaGVpZ2h0PSIxIiB4bWxucz0iaHR0cDovL3d3dy53My5vcmcvMjAwMC9zdmciPjwvc3ZnPg==\" style=\"--smush-placeholder-width: 550px; --smush-placeholder-aspect-ratio: 550\/309;\" \/><img decoding=\"async\" class=\"gallery-img-mobile lazyload\" data-src=\"https:\/\/cottage.cz\/wp-content\/uploads\/2017\/01\/15966267_820564228082681_5620593676741609020_n-500x500.jpg\" alt=\"\" src=\"data:image\/svg+xml;base64,PHN2ZyB3aWR0aD0iMSIgaGVpZ2h0PSIxIiB4bWxucz0iaHR0cDovL3d3dy53My5vcmcvMjAwMC9zdmciPjwvc3ZnPg==\" style=\"--smush-placeholder-width: 500px; --smush-placeholder-aspect-ratio: 500\/500;\" \/><div class=\"gallery-enlarge\"><\/div><\/a><\/div><div class=\"gallery-column\"><a class=\"gallery-item photoswipe-item\" data-caption=\"\" data-width=\"800\" data-height=\"533\" href=\"https:\/\/cottage.cz\/wp-content\/uploads\/2017\/01\/034.jpg\" rel=\"lightbox[20689]\"><img decoding=\"async\" class=\"gallery-img-desktop lazyload\" data-src=\"https:\/\/cottage.cz\/wp-content\/uploads\/2017\/01\/034-550x309.jpg\" alt=\"\" src=\"data:image\/svg+xml;base64,PHN2ZyB3aWR0aD0iMSIgaGVpZ2h0PSIxIiB4bWxucz0iaHR0cDovL3d3dy53My5vcmcvMjAwMC9zdmciPjwvc3ZnPg==\" style=\"--smush-placeholder-width: 550px; --smush-placeholder-aspect-ratio: 550\/309;\" \/><img decoding=\"async\" class=\"gallery-img-mobile lazyload\" data-src=\"https:\/\/cottage.cz\/wp-content\/uploads\/2017\/01\/034-500x500.jpg\" alt=\"\" src=\"data:image\/svg+xml;base64,PHN2ZyB3aWR0aD0iMSIgaGVpZ2h0PSIxIiB4bWxucz0iaHR0cDovL3d3dy53My5vcmcvMjAwMC9zdmciPjwvc3ZnPg==\" style=\"--smush-placeholder-width: 500px; --smush-placeholder-aspect-ratio: 500\/500;\" \/><div class=\"gallery-enlarge\"><\/div><\/a><\/div><div class=\"gallery-column\"><a class=\"gallery-item photoswipe-item\" data-caption=\"\" data-width=\"600\" data-height=\"800\" href=\"https:\/\/cottage.cz\/wp-content\/uploads\/2017\/01\/brtnicky-ledopad.jpg\" rel=\"lightbox[20689]\"><img decoding=\"async\" class=\"gallery-img-desktop lazyload\" data-src=\"https:\/\/cottage.cz\/wp-content\/uploads\/2017\/01\/brtnicky-ledopad-550x309.jpg\" alt=\"\" src=\"data:image\/svg+xml;base64,PHN2ZyB3aWR0aD0iMSIgaGVpZ2h0PSIxIiB4bWxucz0iaHR0cDovL3d3dy53My5vcmcvMjAwMC9zdmciPjwvc3ZnPg==\" style=\"--smush-placeholder-width: 550px; --smush-placeholder-aspect-ratio: 550\/309;\" \/><img decoding=\"async\" class=\"gallery-img-mobile lazyload\" data-src=\"https:\/\/cottage.cz\/wp-content\/uploads\/2017\/01\/brtnicky-ledopad-500x500.jpg\" alt=\"\" src=\"data:image\/svg+xml;base64,PHN2ZyB3aWR0aD0iMSIgaGVpZ2h0PSIxIiB4bWxucz0iaHR0cDovL3d3dy53My5vcmcvMjAwMC9zdmciPjwvc3ZnPg==\" style=\"--smush-placeholder-width: 500px; --smush-placeholder-aspect-ratio: 500\/500;\" \/><div class=\"gallery-enlarge\"><\/div><\/a><\/div><div class=\"gallery-column\"><a class=\"gallery-item photoswipe-item\" data-caption=\"\" data-width=\"800\" data-height=\"600\" href=\"https:\/\/cottage.cz\/wp-content\/uploads\/2017\/01\/15872008_820564131416024_5505992930353148725_n.jpg\" rel=\"lightbox[20689]\"><img decoding=\"async\" class=\"gallery-img-desktop lazyload\" data-src=\"https:\/\/cottage.cz\/wp-content\/uploads\/2017\/01\/15872008_820564131416024_5505992930353148725_n-550x309.jpg\" alt=\"\" src=\"data:image\/svg+xml;base64,PHN2ZyB3aWR0aD0iMSIgaGVpZ2h0PSIxIiB4bWxucz0iaHR0cDovL3d3dy53My5vcmcvMjAwMC9zdmciPjwvc3ZnPg==\" style=\"--smush-placeholder-width: 550px; --smush-placeholder-aspect-ratio: 550\/309;\" \/><img decoding=\"async\" class=\"gallery-img-mobile lazyload\" data-src=\"https:\/\/cottage.cz\/wp-content\/uploads\/2017\/01\/15872008_820564131416024_5505992930353148725_n-500x500.jpg\" alt=\"\" src=\"data:image\/svg+xml;base64,PHN2ZyB3aWR0aD0iMSIgaGVpZ2h0PSIxIiB4bWxucz0iaHR0cDovL3d3dy53My5vcmcvMjAwMC9zdmciPjwvc3ZnPg==\" style=\"--smush-placeholder-width: 500px; --smush-placeholder-aspect-ratio: 500\/500;\" \/><div class=\"gallery-enlarge\"><\/div><\/a><\/div><div class=\"gallery-column\"><a class=\"gallery-item photoswipe-item\" data-caption=\"\" data-width=\"800\" data-height=\"450\" href=\"https:\/\/cottage.cz\/wp-content\/uploads\/2017\/01\/IMG_20170115_112556.jpg\" rel=\"lightbox[20689]\"><img decoding=\"async\" class=\"gallery-img-desktop lazyload\" data-src=\"https:\/\/cottage.cz\/wp-content\/uploads\/2017\/01\/IMG_20170115_112556-550x309.jpg\" alt=\"\" src=\"data:image\/svg+xml;base64,PHN2ZyB3aWR0aD0iMSIgaGVpZ2h0PSIxIiB4bWxucz0iaHR0cDovL3d3dy53My5vcmcvMjAwMC9zdmciPjwvc3ZnPg==\" style=\"--smush-placeholder-width: 550px; --smush-placeholder-aspect-ratio: 550\/309;\" \/><img decoding=\"async\" class=\"gallery-img-mobile lazyload\" data-src=\"https:\/\/cottage.cz\/wp-content\/uploads\/2017\/01\/IMG_20170115_112556-500x500.jpg\" alt=\"\" src=\"data:image\/svg+xml;base64,PHN2ZyB3aWR0aD0iMSIgaGVpZ2h0PSIxIiB4bWxucz0iaHR0cDovL3d3dy53My5vcmcvMjAwMC9zdmciPjwvc3ZnPg==\" style=\"--smush-placeholder-width: 500px; --smush-placeholder-aspect-ratio: 500\/500;\" \/><div class=\"gallery-enlarge\"><\/div><\/a><\/div><div class=\"gallery-column\"><a class=\"gallery-item photoswipe-item\" data-caption=\"\" data-width=\"800\" data-height=\"450\" href=\"https:\/\/cottage.cz\/wp-content\/uploads\/2017\/01\/IMG_20170115_114945.jpg\" rel=\"lightbox[20689]\"><img decoding=\"async\" class=\"gallery-img-desktop lazyload\" data-src=\"https:\/\/cottage.cz\/wp-content\/uploads\/2017\/01\/IMG_20170115_114945-550x309.jpg\" alt=\"\" src=\"data:image\/svg+xml;base64,PHN2ZyB3aWR0aD0iMSIgaGVpZ2h0PSIxIiB4bWxucz0iaHR0cDovL3d3dy53My5vcmcvMjAwMC9zdmciPjwvc3ZnPg==\" style=\"--smush-placeholder-width: 550px; --smush-placeholder-aspect-ratio: 550\/309;\" \/><img decoding=\"async\" class=\"gallery-img-mobile lazyload\" data-src=\"https:\/\/cottage.cz\/wp-content\/uploads\/2017\/01\/IMG_20170115_114945-500x500.jpg\" alt=\"\" src=\"data:image\/svg+xml;base64,PHN2ZyB3aWR0aD0iMSIgaGVpZ2h0PSIxIiB4bWxucz0iaHR0cDovL3d3dy53My5vcmcvMjAwMC9zdmciPjwvc3ZnPg==\" style=\"--smush-placeholder-width: 500px; --smush-placeholder-aspect-ratio: 500\/500;\" \/><div class=\"gallery-enlarge\"><\/div><\/a><\/div><div class=\"gallery-column\"><a class=\"gallery-item photoswipe-item\" data-caption=\"\" data-width=\"800\" data-height=\"450\" href=\"https:\/\/cottage.cz\/wp-content\/uploads\/2017\/01\/IMG_20170115_120052.jpg\" rel=\"lightbox[20689]\"><img decoding=\"async\" class=\"gallery-img-desktop lazyload\" data-src=\"https:\/\/cottage.cz\/wp-content\/uploads\/2017\/01\/IMG_20170115_120052-550x309.jpg\" alt=\"\" src=\"data:image\/svg+xml;base64,PHN2ZyB3aWR0aD0iMSIgaGVpZ2h0PSIxIiB4bWxucz0iaHR0cDovL3d3dy53My5vcmcvMjAwMC9zdmciPjwvc3ZnPg==\" style=\"--smush-placeholder-width: 550px; --smush-placeholder-aspect-ratio: 550\/309;\" \/><img decoding=\"async\" class=\"gallery-img-mobile lazyload\" data-src=\"https:\/\/cottage.cz\/wp-content\/uploads\/2017\/01\/IMG_20170115_120052-500x500.jpg\" alt=\"\" src=\"data:image\/svg+xml;base64,PHN2ZyB3aWR0aD0iMSIgaGVpZ2h0PSIxIiB4bWxucz0iaHR0cDovL3d3dy53My5vcmcvMjAwMC9zdmciPjwvc3ZnPg==\" style=\"--smush-placeholder-width: 500px; --smush-placeholder-aspect-ratio: 500\/500;\" \/><div class=\"gallery-enlarge\"><\/div><\/a><\/div><div class=\"gallery-column\"><a class=\"gallery-item photoswipe-item\" data-caption=\"Podst\u00e1vky\" data-width=\"2976\" data-height=\"3968\" href=\"https:\/\/cottage.cz\/wp-content\/uploads\/2018\/12\/IMG_20181212_123655.jpg\" rel=\"lightbox[20689]\"><img decoding=\"async\" class=\"gallery-img-desktop lazyload\" data-src=\"https:\/\/cottage.cz\/wp-content\/uploads\/2018\/12\/IMG_20181212_123655-550x309.jpg\" alt=\"\" src=\"data:image\/svg+xml;base64,PHN2ZyB3aWR0aD0iMSIgaGVpZ2h0PSIxIiB4bWxucz0iaHR0cDovL3d3dy53My5vcmcvMjAwMC9zdmciPjwvc3ZnPg==\" style=\"--smush-placeholder-width: 550px; --smush-placeholder-aspect-ratio: 550\/309;\" \/><img decoding=\"async\" class=\"gallery-img-mobile lazyload\" data-src=\"https:\/\/cottage.cz\/wp-content\/uploads\/2018\/12\/IMG_20181212_123655-500x500.jpg\" alt=\"\" src=\"data:image\/svg+xml;base64,PHN2ZyB3aWR0aD0iMSIgaGVpZ2h0PSIxIiB4bWxucz0iaHR0cDovL3d3dy53My5vcmcvMjAwMC9zdmciPjwvc3ZnPg==\" style=\"--smush-placeholder-width: 500px; --smush-placeholder-aspect-ratio: 500\/500;\" \/><div class=\"gallery-enlarge\"><\/div><\/a><\/div><style type=\"text\/css\">.gallery-1 .gallery-column { width: 33.33%; padding-bottom: 18.75%; }.gallery-1 { margin-left: -0px; margin-right: -0px; }.gallery-1 .gallery-item {bottom: 0px;left: 0px;right: 0px;top: 0px;}<\/style><\/div>\n","protected":false},"excerpt":{"rendered":"<p>Wir werden einen Ausflug zu den Brtnice-Eisf\u00e4llen im Dorf beginnen\u00a0Zeidler\u00a0(Nordwesten 8 km von\u00a0Krasna Lipa). Wir k\u00f6nnen das Auto kostenlos auf dem Platz in Brtn\u00edky parken. Folgen Sie dem gr\u00fcnen Touristenschild zum ehemaligen Jagdschloss \u0160ternberk oder an der Abzweigung zur Siedlung Kopec (Es liegt n\u00e4her an den Eisf\u00e4llen von \u0160ternberk und f\u00fcr Familien mit Kindern ist [&hellip;]<\/p>\n","protected":false},"author":4,"featured_media":11281,"parent":0,"menu_order":0,"comment_status":"closed","ping_status":"closed","template":"","meta":{"_monsterinsights_skip_tracking":false,"_monsterinsights_sitenote_active":false,"_monsterinsights_sitenote_note":"","_monsterinsights_sitenote_category":0,"ngg_post_thumbnail":0,"footnotes":""},"class_list":["post-20689","page","type-page","status-publish","has-post-thumbnail","hentry"],"aioseo_notices":[],"_links":{"self":[{"href":"https:\/\/cottage.cz\/de\/wp-json\/wp\/v2\/pages\/20689","targetHints":{"allow":["GET"]}}],"collection":[{"href":"https:\/\/cottage.cz\/de\/wp-json\/wp\/v2\/pages"}],"about":[{"href":"https:\/\/cottage.cz\/de\/wp-json\/wp\/v2\/types\/page"}],"author":[{"embeddable":true,"href":"https:\/\/cottage.cz\/de\/wp-json\/wp\/v2\/users\/4"}],"replies":[{"embeddable":true,"href":"https:\/\/cottage.cz\/de\/wp-json\/wp\/v2\/comments?post=20689"}],"version-history":[{"count":6,"href":"https:\/\/cottage.cz\/de\/wp-json\/wp\/v2\/pages\/20689\/revisions"}],"predecessor-version":[{"id":20707,"href":"https:\/\/cottage.cz\/de\/wp-json\/wp\/v2\/pages\/20689\/revisions\/20707"}],"wp:featuredmedia":[{"embeddable":true,"href":"https:\/\/cottage.cz\/de\/wp-json\/wp\/v2\/media\/11281"}],"wp:attachment":[{"href":"https:\/\/cottage.cz\/de\/wp-json\/wp\/v2\/media?parent=20689"}],"curies":[{"name":"wp","href":"https:\/\/api.w.org\/{rel}","templated":true}]}}