{"id":20677,"date":"2024-01-02T13:49:09","date_gmt":"2024-01-02T12:49:09","guid":{"rendered":"https:\/\/cottage.napokusy.cz\/?page_id=20677"},"modified":"2024-01-02T14:32:55","modified_gmt":"2024-01-02T13:32:55","slug":"glasmuseum-novy-bor","status":"publish","type":"page","link":"https:\/\/cottage.cz\/de\/glasmuseum-novy-bor\/","title":{"rendered":"Glasmuseum Nov\u00fd Bor"},"content":{"rendered":"\n\n\n<figure class=\"wp-block-gallery has-nested-images columns-default is-cropped wp-block-gallery-1 is-layout-flex wp-block-gallery-is-layout-flex\">\n<figure class=\"wp-block-image size-large\"><img decoding=\"async\" width=\"1024\" height=\"576\" data-id=\"8977\" data-src=\"https:\/\/www.cottage.cz\/wp-content\/uploads\/2022\/02\/20220129_120142-1024x576.jpg\" alt=\"\" class=\"wp-image-8977 lazyload\" data-srcset=\"https:\/\/cottage.cz\/wp-content\/uploads\/2022\/02\/20220129_120142-1024x576.jpg 1024w, https:\/\/cottage.cz\/wp-content\/uploads\/2022\/02\/20220129_120142-300x169.jpg 300w, https:\/\/cottage.cz\/wp-content\/uploads\/2022\/02\/20220129_120142-768x432.jpg 768w, https:\/\/cottage.cz\/wp-content\/uploads\/2022\/02\/20220129_120142-1536x864.jpg 1536w, https:\/\/cottage.cz\/wp-content\/uploads\/2022\/02\/20220129_120142-2048x1152.jpg 2048w\" data-sizes=\"(max-width: 1024px) 100vw, 1024px\" src=\"data:image\/svg+xml;base64,PHN2ZyB3aWR0aD0iMSIgaGVpZ2h0PSIxIiB4bWxucz0iaHR0cDovL3d3dy53My5vcmcvMjAwMC9zdmciPjwvc3ZnPg==\" style=\"--smush-placeholder-width: 1024px; --smush-placeholder-aspect-ratio: 1024\/576;\" \/><\/figure>\n\n\n\n<figure class=\"wp-block-image size-large\"><img decoding=\"async\" width=\"576\" height=\"1024\" data-id=\"8975\" data-src=\"https:\/\/www.cottage.cz\/wp-content\/uploads\/2022\/02\/20220129_115040-576x1024.jpg\" alt=\"\" class=\"wp-image-8975 lazyload\" data-srcset=\"https:\/\/cottage.cz\/wp-content\/uploads\/2022\/02\/20220129_115040-576x1024.jpg 576w, https:\/\/cottage.cz\/wp-content\/uploads\/2022\/02\/20220129_115040-169x300.jpg 169w, https:\/\/cottage.cz\/wp-content\/uploads\/2022\/02\/20220129_115040-768x1365.jpg 768w, https:\/\/cottage.cz\/wp-content\/uploads\/2022\/02\/20220129_115040-864x1536.jpg 864w, https:\/\/cottage.cz\/wp-content\/uploads\/2022\/02\/20220129_115040-1152x2048.jpg 1152w, https:\/\/cottage.cz\/wp-content\/uploads\/2022\/02\/20220129_115040-rotated.jpg 1440w\" data-sizes=\"(max-width: 576px) 100vw, 576px\" src=\"data:image\/svg+xml;base64,PHN2ZyB3aWR0aD0iMSIgaGVpZ2h0PSIxIiB4bWxucz0iaHR0cDovL3d3dy53My5vcmcvMjAwMC9zdmciPjwvc3ZnPg==\" style=\"--smush-placeholder-width: 576px; --smush-placeholder-aspect-ratio: 576\/1024;\" \/><\/figure>\n\n\n\n<figure class=\"wp-block-image size-large\"><img decoding=\"async\" width=\"576\" height=\"1024\" data-id=\"8976\" data-src=\"https:\/\/www.cottage.cz\/wp-content\/uploads\/2022\/02\/20220129_115919-576x1024.jpg\" alt=\"\" class=\"wp-image-8976 lazyload\" data-srcset=\"https:\/\/cottage.cz\/wp-content\/uploads\/2022\/02\/20220129_115919-576x1024.jpg 576w, https:\/\/cottage.cz\/wp-content\/uploads\/2022\/02\/20220129_115919-169x300.jpg 169w, https:\/\/cottage.cz\/wp-content\/uploads\/2022\/02\/20220129_115919-768x1365.jpg 768w, https:\/\/cottage.cz\/wp-content\/uploads\/2022\/02\/20220129_115919-864x1536.jpg 864w, https:\/\/cottage.cz\/wp-content\/uploads\/2022\/02\/20220129_115919-1152x2048.jpg 1152w, https:\/\/cottage.cz\/wp-content\/uploads\/2022\/02\/20220129_115919-rotated.jpg 1440w\" data-sizes=\"(max-width: 576px) 100vw, 576px\" src=\"data:image\/svg+xml;base64,PHN2ZyB3aWR0aD0iMSIgaGVpZ2h0PSIxIiB4bWxucz0iaHR0cDovL3d3dy53My5vcmcvMjAwMC9zdmciPjwvc3ZnPg==\" style=\"--smush-placeholder-width: 576px; --smush-placeholder-aspect-ratio: 576\/1024;\" \/><\/figure>\n\n\n\n<figure class=\"wp-block-image size-large\"><img decoding=\"async\" width=\"1024\" height=\"576\" data-id=\"8972\" data-src=\"https:\/\/www.cottage.cz\/wp-content\/uploads\/2022\/02\/20220129_114221-1024x576.jpg\" alt=\"\" class=\"wp-image-8972 lazyload\" data-srcset=\"https:\/\/cottage.cz\/wp-content\/uploads\/2022\/02\/20220129_114221-1024x576.jpg 1024w, https:\/\/cottage.cz\/wp-content\/uploads\/2022\/02\/20220129_114221-300x169.jpg 300w, https:\/\/cottage.cz\/wp-content\/uploads\/2022\/02\/20220129_114221-768x432.jpg 768w, https:\/\/cottage.cz\/wp-content\/uploads\/2022\/02\/20220129_114221-1536x864.jpg 1536w, https:\/\/cottage.cz\/wp-content\/uploads\/2022\/02\/20220129_114221-2048x1152.jpg 2048w\" data-sizes=\"(max-width: 1024px) 100vw, 1024px\" src=\"data:image\/svg+xml;base64,PHN2ZyB3aWR0aD0iMSIgaGVpZ2h0PSIxIiB4bWxucz0iaHR0cDovL3d3dy53My5vcmcvMjAwMC9zdmciPjwvc3ZnPg==\" style=\"--smush-placeholder-width: 1024px; --smush-placeholder-aspect-ratio: 1024\/576;\" \/><\/figure>\n\n\n\n<figure class=\"wp-block-image size-large\"><img decoding=\"async\" width=\"576\" height=\"1024\" data-id=\"8974\" data-src=\"https:\/\/www.cottage.cz\/wp-content\/uploads\/2022\/02\/20220129_115737-576x1024.jpg\" alt=\"\" class=\"wp-image-8974 lazyload\" data-srcset=\"https:\/\/cottage.cz\/wp-content\/uploads\/2022\/02\/20220129_115737-576x1024.jpg 576w, https:\/\/cottage.cz\/wp-content\/uploads\/2022\/02\/20220129_115737-169x300.jpg 169w, https:\/\/cottage.cz\/wp-content\/uploads\/2022\/02\/20220129_115737-768x1365.jpg 768w, https:\/\/cottage.cz\/wp-content\/uploads\/2022\/02\/20220129_115737-864x1536.jpg 864w, https:\/\/cottage.cz\/wp-content\/uploads\/2022\/02\/20220129_115737-1152x2048.jpg 1152w, https:\/\/cottage.cz\/wp-content\/uploads\/2022\/02\/20220129_115737-rotated.jpg 1440w\" data-sizes=\"(max-width: 576px) 100vw, 576px\" src=\"data:image\/svg+xml;base64,PHN2ZyB3aWR0aD0iMSIgaGVpZ2h0PSIxIiB4bWxucz0iaHR0cDovL3d3dy53My5vcmcvMjAwMC9zdmciPjwvc3ZnPg==\" style=\"--smush-placeholder-width: 576px; --smush-placeholder-aspect-ratio: 576\/1024;\" \/><\/figure>\n\n\n\n<figure class=\"wp-block-image size-large\"><img decoding=\"async\" width=\"576\" height=\"1024\" data-id=\"8973\" data-src=\"https:\/\/www.cottage.cz\/wp-content\/uploads\/2022\/02\/20220129_113918-576x1024.jpg\" alt=\"\" class=\"wp-image-8973 lazyload\" data-srcset=\"https:\/\/cottage.cz\/wp-content\/uploads\/2022\/02\/20220129_113918-576x1024.jpg 576w, https:\/\/cottage.cz\/wp-content\/uploads\/2022\/02\/20220129_113918-169x300.jpg 169w, https:\/\/cottage.cz\/wp-content\/uploads\/2022\/02\/20220129_113918-768x1365.jpg 768w, https:\/\/cottage.cz\/wp-content\/uploads\/2022\/02\/20220129_113918-864x1536.jpg 864w, https:\/\/cottage.cz\/wp-content\/uploads\/2022\/02\/20220129_113918-1152x2048.jpg 1152w, https:\/\/cottage.cz\/wp-content\/uploads\/2022\/02\/20220129_113918-rotated.jpg 1440w\" data-sizes=\"(max-width: 576px) 100vw, 576px\" src=\"data:image\/svg+xml;base64,PHN2ZyB3aWR0aD0iMSIgaGVpZ2h0PSIxIiB4bWxucz0iaHR0cDovL3d3dy53My5vcmcvMjAwMC9zdmciPjwvc3ZnPg==\" style=\"--smush-placeholder-width: 576px; --smush-placeholder-aspect-ratio: 576\/1024;\" \/><\/figure>\n\n\n\n<figure class=\"wp-block-image size-large\"><img decoding=\"async\" width=\"576\" height=\"1024\" data-id=\"8978\" data-src=\"https:\/\/www.cottage.cz\/wp-content\/uploads\/2022\/02\/20220129_113902-576x1024.jpg\" alt=\"\" class=\"wp-image-8978 lazyload\" data-srcset=\"https:\/\/cottage.cz\/wp-content\/uploads\/2022\/02\/20220129_113902-576x1024.jpg 576w, https:\/\/cottage.cz\/wp-content\/uploads\/2022\/02\/20220129_113902-169x300.jpg 169w, https:\/\/cottage.cz\/wp-content\/uploads\/2022\/02\/20220129_113902-768x1365.jpg 768w, https:\/\/cottage.cz\/wp-content\/uploads\/2022\/02\/20220129_113902-864x1536.jpg 864w, https:\/\/cottage.cz\/wp-content\/uploads\/2022\/02\/20220129_113902-1152x2048.jpg 1152w, https:\/\/cottage.cz\/wp-content\/uploads\/2022\/02\/20220129_113902-rotated.jpg 1440w\" data-sizes=\"(max-width: 576px) 100vw, 576px\" src=\"data:image\/svg+xml;base64,PHN2ZyB3aWR0aD0iMSIgaGVpZ2h0PSIxIiB4bWxucz0iaHR0cDovL3d3dy53My5vcmcvMjAwMC9zdmciPjwvc3ZnPg==\" style=\"--smush-placeholder-width: 576px; --smush-placeholder-aspect-ratio: 576\/1024;\" \/><\/figure>\n\n\n\n<figure class=\"wp-block-image size-large\"><img decoding=\"async\" width=\"576\" height=\"1024\" data-id=\"8979\" data-src=\"https:\/\/www.cottage.cz\/wp-content\/uploads\/2022\/02\/20220129_115217-576x1024.jpg\" alt=\"\" class=\"wp-image-8979 lazyload\" data-srcset=\"https:\/\/cottage.cz\/wp-content\/uploads\/2022\/02\/20220129_115217-576x1024.jpg 576w, https:\/\/cottage.cz\/wp-content\/uploads\/2022\/02\/20220129_115217-169x300.jpg 169w, https:\/\/cottage.cz\/wp-content\/uploads\/2022\/02\/20220129_115217-768x1365.jpg 768w, https:\/\/cottage.cz\/wp-content\/uploads\/2022\/02\/20220129_115217-864x1536.jpg 864w, https:\/\/cottage.cz\/wp-content\/uploads\/2022\/02\/20220129_115217-1152x2048.jpg 1152w, https:\/\/cottage.cz\/wp-content\/uploads\/2022\/02\/20220129_115217-rotated.jpg 1440w\" data-sizes=\"(max-width: 576px) 100vw, 576px\" src=\"data:image\/svg+xml;base64,PHN2ZyB3aWR0aD0iMSIgaGVpZ2h0PSIxIiB4bWxucz0iaHR0cDovL3d3dy53My5vcmcvMjAwMC9zdmciPjwvc3ZnPg==\" style=\"--smush-placeholder-width: 576px; --smush-placeholder-aspect-ratio: 576\/1024;\" \/><\/figure>\n<\/figure>\n\n\n\n<p>Das Museum befindet sich am Hauptplatz der Glasstadt Nov\u00fd Bor. Sie parken einfach direkt vor dem Museum. Es gibt eine Dauerausstellung der Glasherstellung von der Geschichte bis zur Gegenwart. Und eine Ausstellung in der Galerie. Mehr auf der Website des <a href=\"https:\/\/www.glasmuseum.eu\" target=\"_blank\" rel=\"noopener\" title=\"\">Museums<\/a>.<\/p>\n\n\n\n<p>Kontakt:<br>Glasmuseum Nov\u00fd Bor<br>organisatorischer Bestandteil der Stadt Nov\u00fd Bor<br>UNS. Glasmuseum Nov\u00fd Bor 105<br>473 01 Neu Bor<\/p>\n\n\n\n<p>TECH ICAL: 00260771<br>Glasmuseum Nov\u00fd Bor: CZ00260771<\/p>\n\n\n\n<p>Tel: +420 487 726 196<br>Email: muzeum@novy-bor.cz<br>www.glasmuseum.eu<\/p>\n\n\n\n<p><\/p>\n","protected":false},"excerpt":{"rendered":"<p>Das Museum befindet sich am Hauptplatz der Glasstadt Nov\u00fd Bor. Sie parken einfach direkt vor dem Museum. Es gibt eine Dauerausstellung der Glasherstellung von der Geschichte bis zur Gegenwart. Und eine Ausstellung in der Galerie. Mehr auf der Website des Museums. Kontakt:Glasmuseum Nov\u00fd Bororganisatorischer Bestandteil der Stadt Nov\u00fd BorUNS. Glasmuseum Nov\u00fd Bor 105473 01 Neu [&hellip;]<\/p>\n","protected":false},"author":4,"featured_media":0,"parent":0,"menu_order":0,"comment_status":"closed","ping_status":"closed","template":"","meta":{"_monsterinsights_skip_tracking":false,"_monsterinsights_sitenote_active":false,"_monsterinsights_sitenote_note":"","_monsterinsights_sitenote_category":0,"ngg_post_thumbnail":0,"footnotes":""},"class_list":["post-20677","page","type-page","status-publish","hentry"],"aioseo_notices":[],"_links":{"self":[{"href":"https:\/\/cottage.cz\/de\/wp-json\/wp\/v2\/pages\/20677","targetHints":{"allow":["GET"]}}],"collection":[{"href":"https:\/\/cottage.cz\/de\/wp-json\/wp\/v2\/pages"}],"about":[{"href":"https:\/\/cottage.cz\/de\/wp-json\/wp\/v2\/types\/page"}],"author":[{"embeddable":true,"href":"https:\/\/cottage.cz\/de\/wp-json\/wp\/v2\/users\/4"}],"replies":[{"embeddable":true,"href":"https:\/\/cottage.cz\/de\/wp-json\/wp\/v2\/comments?post=20677"}],"version-history":[{"count":2,"href":"https:\/\/cottage.cz\/de\/wp-json\/wp\/v2\/pages\/20677\/revisions"}],"predecessor-version":[{"id":20686,"href":"https:\/\/cottage.cz\/de\/wp-json\/wp\/v2\/pages\/20677\/revisions\/20686"}],"wp:attachment":[{"href":"https:\/\/cottage.cz\/de\/wp-json\/wp\/v2\/media?parent=20677"}],"curies":[{"name":"wp","href":"https:\/\/api.w.org\/{rel}","templated":true}]}}