{"id":20671,"date":"2026-02-12T08:45:59","date_gmt":"2026-02-12T07:45:59","guid":{"rendered":"https:\/\/cottage.napokusy.cz\/?page_id=20671"},"modified":"2026-02-12T08:47:29","modified_gmt":"2026-02-12T07:47:29","slug":"garten","status":"publish","type":"page","link":"https:\/\/cottage.cz\/de\/garten\/","title":{"rendered":"Garten"},"content":{"rendered":"<p style=\"text-align: center;\"><strong>\u201ewenn sich drau\u00dfen die stimmung formt\u201c<\/strong><\/p>\n<p style=\"text-align: center;\">Barfu\u00df spazieren gehen, das sind, Liegen im Gras, in den Netzen schwingen, lesen, Entspannen Sie auf der Holzterrasse, erfrische dich im nat\u00fcrlichen Lebensraum, Beobachte die Libellen, Reibe den Duft von Lavendel in deine H\u00e4nde, kochen in unserer Outdoor-K\u00fcche, schau dir den Sonnenuntergang oder den Sternenhimmel an.&nbsp;<strong>Lass dich inspirieren\u2026<\/strong><\/p>\n<p style=\"text-align: center;\"><strong>\u00dcber den Garten<\/strong><br>Verhalten Sie sich in unserem Garten zu Hause.<br>Untersuchen&nbsp;<a href=\"https:\/\/www.cottage.cz\/de\/kcov\/\">kaskadierender Wurzelreiniger<\/a>, Peek in den Keller, sitzen auf Stein&nbsp;<a href=\"https:\/\/cottage.cz\/de\/terrasse\/\"><strong>Terrasse mit Grill<\/strong><\/a>, Entspannen auf dem Holzdeck Blick auf die Landschaft, ein Bad im&nbsp;<strong>nat\u00fcrliche&nbsp;<a href=\"https:\/\/www.cottage.cz\/de\/nature-wellness\/\">Badeteich<\/a><\/strong>&nbsp;(biotop), riechen&nbsp;<strong>Kraut&nbsp;<\/strong><strong>Garten<\/strong>,&nbsp;<strong>trainieren Sie im 42 m2 gro\u00dfen Terrasse.<\/strong><\/p>\nngg_shortcode_0_placeholder\n\n\n<figure class=\"wp-block-image size-large is-resized\"><a href=\"https:\/\/www.cottage.cz\/wp-content\/uploads\/2020\/03\/zahrada_mensi.jpg\" rel=\"lightbox[20671]\"><img decoding=\"async\" width=\"1024\" height=\"673\" data-src=\"https:\/\/www.cottage.cz\/wp-content\/uploads\/2020\/03\/zahrada_mensi-1024x673.jpg\" alt=\"\" class=\"wp-image-7080 lazyload\" style=\"--smush-placeholder-width: 1024px; --smush-placeholder-aspect-ratio: 1024\/673;width:1024px\" data-srcset=\"https:\/\/cottage.cz\/wp-content\/uploads\/2020\/03\/zahrada_mensi-1024x673.jpg 1024w, https:\/\/cottage.cz\/wp-content\/uploads\/2020\/03\/zahrada_mensi-300x197.jpg 300w, https:\/\/cottage.cz\/wp-content\/uploads\/2020\/03\/zahrada_mensi-768x505.jpg 768w, https:\/\/cottage.cz\/wp-content\/uploads\/2020\/03\/zahrada_mensi-1536x1009.jpg 1536w, https:\/\/cottage.cz\/wp-content\/uploads\/2020\/03\/zahrada_mensi.jpg 1800w\" data-sizes=\"(max-width: 1024px) 100vw, 1024px\" src=\"data:image\/svg+xml;base64,PHN2ZyB3aWR0aD0iMSIgaGVpZ2h0PSIxIiB4bWxucz0iaHR0cDovL3d3dy53My5vcmcvMjAwMC9zdmciPjwvc3ZnPg==\" \/><\/a><figcaption class=\"wp-element-caption\">Gartenplan<\/figcaption><\/figure>\n","protected":false},"excerpt":{"rendered":"<p>\u201ewenn sich drau\u00dfen die stimmung formt\u201c Barfu\u00df spazieren gehen, das sind, Liegen im Gras, in den Netzen schwingen, lesen, Entspannen Sie auf der Holzterrasse, erfrische dich im nat\u00fcrlichen Lebensraum, Beobachte die Libellen, Reibe den Duft von Lavendel in deine H\u00e4nde, kochen in unserer Outdoor-K\u00fcche, schau dir den Sonnenuntergang oder den Sternenhimmel an.&nbsp;Lass dich inspirieren\u2026 \u00dcber [&hellip;]<\/p>\n","protected":false},"author":4,"featured_media":27067,"parent":0,"menu_order":0,"comment_status":"closed","ping_status":"closed","template":"","meta":{"_monsterinsights_skip_tracking":false,"_monsterinsights_sitenote_active":false,"_monsterinsights_sitenote_note":"","_monsterinsights_sitenote_category":0,"ngg_post_thumbnail":0,"footnotes":""},"class_list":["post-20671","page","type-page","status-publish","has-post-thumbnail","hentry"],"aioseo_notices":[],"_links":{"self":[{"href":"https:\/\/cottage.cz\/de\/wp-json\/wp\/v2\/pages\/20671","targetHints":{"allow":["GET"]}}],"collection":[{"href":"https:\/\/cottage.cz\/de\/wp-json\/wp\/v2\/pages"}],"about":[{"href":"https:\/\/cottage.cz\/de\/wp-json\/wp\/v2\/types\/page"}],"author":[{"embeddable":true,"href":"https:\/\/cottage.cz\/de\/wp-json\/wp\/v2\/users\/4"}],"replies":[{"embeddable":true,"href":"https:\/\/cottage.cz\/de\/wp-json\/wp\/v2\/comments?post=20671"}],"version-history":[{"count":5,"href":"https:\/\/cottage.cz\/de\/wp-json\/wp\/v2\/pages\/20671\/revisions"}],"predecessor-version":[{"id":28760,"href":"https:\/\/cottage.cz\/de\/wp-json\/wp\/v2\/pages\/20671\/revisions\/28760"}],"wp:featuredmedia":[{"embeddable":true,"href":"https:\/\/cottage.cz\/de\/wp-json\/wp\/v2\/media\/27067"}],"wp:attachment":[{"href":"https:\/\/cottage.cz\/de\/wp-json\/wp\/v2\/media?parent=20671"}],"curies":[{"name":"wp","href":"https:\/\/api.w.org\/{rel}","templated":true}]}}