{"id":20635,"date":"2024-01-02T12:27:15","date_gmt":"2024-01-02T11:27:15","guid":{"rendered":"https:\/\/cottage.napokusy.cz\/?page_id=20635"},"modified":"2024-01-02T12:27:17","modified_gmt":"2024-01-02T11:27:17","slug":"glashuette-ajeto-lindava","status":"publish","type":"page","link":"https:\/\/cottage.cz\/de\/glashuette-ajeto-lindava\/","title":{"rendered":"Glash\u00fctte AJETO Lindava"},"content":{"rendered":"<p>Glash\u00fctte AJETO Lindava in der N\u00e4he von Novy Bor ist weit von der tschechischen Schweiz \u00fcber 20 mir. Beim Besuch haben Sie die Gelegenheit, um zu sehen, als hei\u00dfe Fl\u00fcssigkeit Glasmasse in den H\u00e4nden der Glasbl\u00e4ser Ver\u00e4nderungen in der zarten Sch\u00f6nheit. Wer will, Er kann versuchen, und die Arbeit der Glasmacher durch das Blasrohr schafft Glasprodukt.<\/p>\n<p>Die ob\u010destven\u00e9 ist ein stilvolles Glas Taverne Ajeto.<\/p>\n<p><strong>\u00d6ffnungszeiten Glash\u00fctte:<\/strong><\/p>\n<p>April \u2013 September<\/p>\n<p>Montag \u2013 Freitag 9.00 \u2013 13.00 Stunden<\/p>\n<p>Samstag in unregelm\u00e4\u00dfigen Modus<\/p>\n<p>(m\u00fcssen Telefonanruf voran\u00a0<a href=\"tel:+420487751613\">+420 487 751 613<\/a>\u00a0und informieren die, wenn Glash\u00fctte insbesondere wird am Samstag arbeiten)<\/p>\n<p>Oktober \u2013 M\u00e4rz<\/p>\n<p>Montag \u2013 Freitag 7.00 \u2013 13.00 Stunden<\/p>\n<p>Samstag in unregelm\u00e4\u00dfigen Modus<\/p>\n<p>(m\u00fcssen Telefonanruf voran\u00a0<a href=\"tel:+420487751613\">+420 487 751 613<\/a>\u00a0und informieren die, wenn Glash\u00fctte insbesondere wird am Samstag arbeiten)<\/p>\n<p><iframe data-src=\"https:\/\/www.youtube.com\/embed\/_C6U2YYTodA\" width=\"853\" height=\"480\" frameborder=\"0\" src=\"data:image\/svg+xml;base64,PHN2ZyB3aWR0aD0iMSIgaGVpZ2h0PSIxIiB4bWxucz0iaHR0cDovL3d3dy53My5vcmcvMjAwMC9zdmciPjwvc3ZnPg==\" class=\"lazyload\" data-load-mode=\"1\"><\/iframe><\/p>\n<div class=\"gallery-1 gallery-wrapper columns-wrapper\"><div class=\"gallery-column\"><a class=\"gallery-item photoswipe-item\" data-caption=\"\" data-width=\"663\" data-height=\"800\" href=\"https:\/\/cottage.cz\/wp-content\/uploads\/2016\/11\/2016-11-12.jpg\" rel=\"lightbox[20635]\"><img decoding=\"async\" class=\"gallery-img-desktop lazyload\" data-src=\"https:\/\/cottage.cz\/wp-content\/uploads\/2016\/11\/2016-11-12-550x309.jpg\" alt=\"\" src=\"data:image\/svg+xml;base64,PHN2ZyB3aWR0aD0iMSIgaGVpZ2h0PSIxIiB4bWxucz0iaHR0cDovL3d3dy53My5vcmcvMjAwMC9zdmciPjwvc3ZnPg==\" style=\"--smush-placeholder-width: 550px; --smush-placeholder-aspect-ratio: 550\/309;\" \/><img decoding=\"async\" class=\"gallery-img-mobile lazyload\" data-src=\"https:\/\/cottage.cz\/wp-content\/uploads\/2016\/11\/2016-11-12-500x500.jpg\" alt=\"\" src=\"data:image\/svg+xml;base64,PHN2ZyB3aWR0aD0iMSIgaGVpZ2h0PSIxIiB4bWxucz0iaHR0cDovL3d3dy53My5vcmcvMjAwMC9zdmciPjwvc3ZnPg==\" style=\"--smush-placeholder-width: 500px; --smush-placeholder-aspect-ratio: 500\/500;\" \/><div class=\"gallery-enlarge\"><\/div><\/a><\/div><div class=\"gallery-column\"><a class=\"gallery-item photoswipe-item\" data-caption=\"\" data-width=\"800\" data-height=\"450\" href=\"https:\/\/cottage.cz\/wp-content\/uploads\/2016\/11\/IMG_20161112_095310.jpg\" rel=\"lightbox[20635]\"><img decoding=\"async\" class=\"gallery-img-desktop lazyload\" data-src=\"https:\/\/cottage.cz\/wp-content\/uploads\/2016\/11\/IMG_20161112_095310-550x309.jpg\" alt=\"\" src=\"data:image\/svg+xml;base64,PHN2ZyB3aWR0aD0iMSIgaGVpZ2h0PSIxIiB4bWxucz0iaHR0cDovL3d3dy53My5vcmcvMjAwMC9zdmciPjwvc3ZnPg==\" style=\"--smush-placeholder-width: 550px; --smush-placeholder-aspect-ratio: 550\/309;\" \/><img decoding=\"async\" class=\"gallery-img-mobile lazyload\" data-src=\"https:\/\/cottage.cz\/wp-content\/uploads\/2016\/11\/IMG_20161112_095310-500x500.jpg\" alt=\"\" src=\"data:image\/svg+xml;base64,PHN2ZyB3aWR0aD0iMSIgaGVpZ2h0PSIxIiB4bWxucz0iaHR0cDovL3d3dy53My5vcmcvMjAwMC9zdmciPjwvc3ZnPg==\" style=\"--smush-placeholder-width: 500px; --smush-placeholder-aspect-ratio: 500\/500;\" \/><div class=\"gallery-enlarge\"><\/div><\/a><\/div><div class=\"gallery-column\"><a class=\"gallery-item photoswipe-item\" data-caption=\"\" data-width=\"800\" data-height=\"450\" href=\"https:\/\/cottage.cz\/wp-content\/uploads\/2016\/11\/IMG_20161112_095517.jpg\" rel=\"lightbox[20635]\"><img decoding=\"async\" class=\"gallery-img-desktop lazyload\" data-src=\"https:\/\/cottage.cz\/wp-content\/uploads\/2016\/11\/IMG_20161112_095517-550x309.jpg\" alt=\"\" src=\"data:image\/svg+xml;base64,PHN2ZyB3aWR0aD0iMSIgaGVpZ2h0PSIxIiB4bWxucz0iaHR0cDovL3d3dy53My5vcmcvMjAwMC9zdmciPjwvc3ZnPg==\" style=\"--smush-placeholder-width: 550px; --smush-placeholder-aspect-ratio: 550\/309;\" \/><img decoding=\"async\" class=\"gallery-img-mobile lazyload\" data-src=\"https:\/\/cottage.cz\/wp-content\/uploads\/2016\/11\/IMG_20161112_095517-500x500.jpg\" alt=\"\" src=\"data:image\/svg+xml;base64,PHN2ZyB3aWR0aD0iMSIgaGVpZ2h0PSIxIiB4bWxucz0iaHR0cDovL3d3dy53My5vcmcvMjAwMC9zdmciPjwvc3ZnPg==\" style=\"--smush-placeholder-width: 500px; --smush-placeholder-aspect-ratio: 500\/500;\" \/><div class=\"gallery-enlarge\"><\/div><\/a><\/div><div class=\"gallery-column\"><a class=\"gallery-item photoswipe-item\" data-caption=\"\" data-width=\"800\" data-height=\"450\" href=\"https:\/\/cottage.cz\/wp-content\/uploads\/2016\/11\/IMG_20161112_104416.jpg\" rel=\"lightbox[20635]\"><img decoding=\"async\" class=\"gallery-img-desktop lazyload\" data-src=\"https:\/\/cottage.cz\/wp-content\/uploads\/2016\/11\/IMG_20161112_104416-550x309.jpg\" alt=\"\" src=\"data:image\/svg+xml;base64,PHN2ZyB3aWR0aD0iMSIgaGVpZ2h0PSIxIiB4bWxucz0iaHR0cDovL3d3dy53My5vcmcvMjAwMC9zdmciPjwvc3ZnPg==\" style=\"--smush-placeholder-width: 550px; --smush-placeholder-aspect-ratio: 550\/309;\" \/><img decoding=\"async\" class=\"gallery-img-mobile lazyload\" data-src=\"https:\/\/cottage.cz\/wp-content\/uploads\/2016\/11\/IMG_20161112_104416-500x500.jpg\" alt=\"\" src=\"data:image\/svg+xml;base64,PHN2ZyB3aWR0aD0iMSIgaGVpZ2h0PSIxIiB4bWxucz0iaHR0cDovL3d3dy53My5vcmcvMjAwMC9zdmciPjwvc3ZnPg==\" style=\"--smush-placeholder-width: 500px; --smush-placeholder-aspect-ratio: 500\/500;\" \/><div class=\"gallery-enlarge\"><\/div><\/a><\/div><style type=\"text\/css\">.gallery-1 .gallery-column { width: 33.33%; padding-bottom: 18.75%; }.gallery-1 { margin-left: -0px; margin-right: -0px; }.gallery-1 .gallery-item {bottom: 0px;left: 0px;right: 0px;top: 0px;}<\/style><\/div>\n","protected":false},"excerpt":{"rendered":"<p>Glash\u00fctte AJETO Lindava in der N\u00e4he von Novy Bor ist weit von der tschechischen Schweiz \u00fcber 20 mir. Beim Besuch haben Sie die Gelegenheit, um zu sehen, als hei\u00dfe Fl\u00fcssigkeit Glasmasse in den H\u00e4nden der Glasbl\u00e4ser Ver\u00e4nderungen in der zarten Sch\u00f6nheit. Wer will, Er kann versuchen, und die Arbeit der Glasmacher durch das Blasrohr schafft [&hellip;]<\/p>\n","protected":false},"author":4,"featured_media":0,"parent":0,"menu_order":0,"comment_status":"closed","ping_status":"closed","template":"","meta":{"_monsterinsights_skip_tracking":false,"_monsterinsights_sitenote_active":false,"_monsterinsights_sitenote_note":"","_monsterinsights_sitenote_category":0,"ngg_post_thumbnail":0,"footnotes":""},"class_list":["post-20635","page","type-page","status-publish","hentry"],"aioseo_notices":[],"_links":{"self":[{"href":"https:\/\/cottage.cz\/de\/wp-json\/wp\/v2\/pages\/20635","targetHints":{"allow":["GET"]}}],"collection":[{"href":"https:\/\/cottage.cz\/de\/wp-json\/wp\/v2\/pages"}],"about":[{"href":"https:\/\/cottage.cz\/de\/wp-json\/wp\/v2\/types\/page"}],"author":[{"embeddable":true,"href":"https:\/\/cottage.cz\/de\/wp-json\/wp\/v2\/users\/4"}],"replies":[{"embeddable":true,"href":"https:\/\/cottage.cz\/de\/wp-json\/wp\/v2\/comments?post=20635"}],"version-history":[{"count":1,"href":"https:\/\/cottage.cz\/de\/wp-json\/wp\/v2\/pages\/20635\/revisions"}],"predecessor-version":[{"id":20636,"href":"https:\/\/cottage.cz\/de\/wp-json\/wp\/v2\/pages\/20635\/revisions\/20636"}],"wp:attachment":[{"href":"https:\/\/cottage.cz\/de\/wp-json\/wp\/v2\/media?parent=20635"}],"curies":[{"name":"wp","href":"https:\/\/api.w.org\/{rel}","templated":true}]}}