{"id":20574,"date":"2024-01-01T17:15:48","date_gmt":"2024-01-01T16:15:48","guid":{"rendered":"https:\/\/cottage.napokusy.cz\/?page_id=20574"},"modified":"2024-01-01T17:15:50","modified_gmt":"2024-01-01T16:15:50","slug":"saunstejn","status":"publish","type":"page","link":"https:\/\/cottage.cz\/de\/saunstejn\/","title":{"rendered":"\u0160aun\u0161tejn"},"content":{"rendered":"\n<figure class=\"wp-block-gallery has-nested-images columns-default is-cropped wp-block-gallery-1 is-layout-flex wp-block-gallery-is-layout-flex\">\n<figure class=\"wp-block-image size-large\"><img decoding=\"async\" width=\"768\" height=\"1024\" data-id=\"9604\" data-src=\"https:\/\/www.cottage.cz\/wp-content\/uploads\/2022\/07\/IMG-0408-1-768x1024.jpg\" alt=\"\" class=\"wp-image-9604 lazyload\" data-srcset=\"https:\/\/cottage.cz\/wp-content\/uploads\/2022\/07\/IMG-0408-1-768x1024.jpg 768w, https:\/\/cottage.cz\/wp-content\/uploads\/2022\/07\/IMG-0408-1-225x300.jpg 225w, https:\/\/cottage.cz\/wp-content\/uploads\/2022\/07\/IMG-0408-1-1152x1536.jpg 1152w, https:\/\/cottage.cz\/wp-content\/uploads\/2022\/07\/IMG-0408-1-1536x2048.jpg 1536w, https:\/\/cottage.cz\/wp-content\/uploads\/2022\/07\/IMG-0408-1-1320x1760.jpg 1320w, https:\/\/cottage.cz\/wp-content\/uploads\/2022\/07\/IMG-0408-1-scaled.jpg 1920w\" data-sizes=\"(max-width: 768px) 100vw, 768px\" src=\"data:image\/svg+xml;base64,PHN2ZyB3aWR0aD0iMSIgaGVpZ2h0PSIxIiB4bWxucz0iaHR0cDovL3d3dy53My5vcmcvMjAwMC9zdmciPjwvc3ZnPg==\" style=\"--smush-placeholder-width: 768px; --smush-placeholder-aspect-ratio: 768\/1024;\" \/><\/figure>\n\n\n\n<figure class=\"wp-block-image size-large\"><img decoding=\"async\" width=\"768\" height=\"1024\" data-id=\"9605\" data-src=\"https:\/\/www.cottage.cz\/wp-content\/uploads\/2022\/07\/IMG-0397-768x1024.jpg\" alt=\"\" class=\"wp-image-9605 lazyload\" data-srcset=\"https:\/\/cottage.cz\/wp-content\/uploads\/2022\/07\/IMG-0397-768x1024.jpg 768w, https:\/\/cottage.cz\/wp-content\/uploads\/2022\/07\/IMG-0397-225x300.jpg 225w, https:\/\/cottage.cz\/wp-content\/uploads\/2022\/07\/IMG-0397-1152x1536.jpg 1152w, https:\/\/cottage.cz\/wp-content\/uploads\/2022\/07\/IMG-0397-1536x2048.jpg 1536w, https:\/\/cottage.cz\/wp-content\/uploads\/2022\/07\/IMG-0397-1320x1760.jpg 1320w, https:\/\/cottage.cz\/wp-content\/uploads\/2022\/07\/IMG-0397-scaled.jpg 1920w\" data-sizes=\"(max-width: 768px) 100vw, 768px\" src=\"data:image\/svg+xml;base64,PHN2ZyB3aWR0aD0iMSIgaGVpZ2h0PSIxIiB4bWxucz0iaHR0cDovL3d3dy53My5vcmcvMjAwMC9zdmciPjwvc3ZnPg==\" style=\"--smush-placeholder-width: 768px; --smush-placeholder-aspect-ratio: 768\/1024;\" \/><\/figure>\n\n\n\n<figure class=\"wp-block-image size-large\"><img decoding=\"async\" width=\"1024\" height=\"768\" data-id=\"9601\" data-src=\"https:\/\/www.cottage.cz\/wp-content\/uploads\/2022\/07\/IMG-0403-1024x768.jpg\" alt=\"\" class=\"wp-image-9601 lazyload\" data-srcset=\"https:\/\/cottage.cz\/wp-content\/uploads\/2022\/07\/IMG-0403-1024x768.jpg 1024w, https:\/\/cottage.cz\/wp-content\/uploads\/2022\/07\/IMG-0403-300x225.jpg 300w, https:\/\/cottage.cz\/wp-content\/uploads\/2022\/07\/IMG-0403-768x576.jpg 768w, https:\/\/cottage.cz\/wp-content\/uploads\/2022\/07\/IMG-0403-1536x1152.jpg 1536w, https:\/\/cottage.cz\/wp-content\/uploads\/2022\/07\/IMG-0403-2048x1536.jpg 2048w, https:\/\/cottage.cz\/wp-content\/uploads\/2022\/07\/IMG-0403-1320x990.jpg 1320w\" data-sizes=\"(max-width: 1024px) 100vw, 1024px\" src=\"data:image\/svg+xml;base64,PHN2ZyB3aWR0aD0iMSIgaGVpZ2h0PSIxIiB4bWxucz0iaHR0cDovL3d3dy53My5vcmcvMjAwMC9zdmciPjwvc3ZnPg==\" style=\"--smush-placeholder-width: 1024px; --smush-placeholder-aspect-ratio: 1024\/768;\" \/><\/figure>\n\n\n\n<figure class=\"wp-block-image size-large\"><img decoding=\"async\" width=\"1024\" height=\"768\" data-id=\"9602\" data-src=\"https:\/\/www.cottage.cz\/wp-content\/uploads\/2022\/07\/IMG-0406-1024x768.jpg\" alt=\"\" class=\"wp-image-9602 lazyload\" data-srcset=\"https:\/\/cottage.cz\/wp-content\/uploads\/2022\/07\/IMG-0406-1024x768.jpg 1024w, https:\/\/cottage.cz\/wp-content\/uploads\/2022\/07\/IMG-0406-300x225.jpg 300w, https:\/\/cottage.cz\/wp-content\/uploads\/2022\/07\/IMG-0406-768x576.jpg 768w, https:\/\/cottage.cz\/wp-content\/uploads\/2022\/07\/IMG-0406-1536x1152.jpg 1536w, https:\/\/cottage.cz\/wp-content\/uploads\/2022\/07\/IMG-0406-2048x1536.jpg 2048w, https:\/\/cottage.cz\/wp-content\/uploads\/2022\/07\/IMG-0406-1320x990.jpg 1320w\" data-sizes=\"(max-width: 1024px) 100vw, 1024px\" src=\"data:image\/svg+xml;base64,PHN2ZyB3aWR0aD0iMSIgaGVpZ2h0PSIxIiB4bWxucz0iaHR0cDovL3d3dy53My5vcmcvMjAwMC9zdmciPjwvc3ZnPg==\" style=\"--smush-placeholder-width: 1024px; --smush-placeholder-aspect-ratio: 1024\/768;\" \/><\/figure>\n\n\n\n<figure class=\"wp-block-image size-large\"><img decoding=\"async\" width=\"576\" height=\"1024\" data-id=\"9612\" data-src=\"https:\/\/www.cottage.cz\/wp-content\/uploads\/2022\/07\/20220622_154020-576x1024.jpg\" alt=\"\" class=\"wp-image-9612 lazyload\" data-srcset=\"https:\/\/cottage.cz\/wp-content\/uploads\/2022\/07\/20220622_154020-576x1024.jpg 576w, https:\/\/cottage.cz\/wp-content\/uploads\/2022\/07\/20220622_154020-169x300.jpg 169w, https:\/\/cottage.cz\/wp-content\/uploads\/2022\/07\/20220622_154020-768x1365.jpg 768w, https:\/\/cottage.cz\/wp-content\/uploads\/2022\/07\/20220622_154020-864x1536.jpg 864w, https:\/\/cottage.cz\/wp-content\/uploads\/2022\/07\/20220622_154020-1152x2048.jpg 1152w, https:\/\/cottage.cz\/wp-content\/uploads\/2022\/07\/20220622_154020-1320x2347.jpg 1320w, https:\/\/cottage.cz\/wp-content\/uploads\/2022\/07\/20220622_154020-rotated.jpg 1440w\" data-sizes=\"(max-width: 576px) 100vw, 576px\" src=\"data:image\/svg+xml;base64,PHN2ZyB3aWR0aD0iMSIgaGVpZ2h0PSIxIiB4bWxucz0iaHR0cDovL3d3dy53My5vcmcvMjAwMC9zdmciPjwvc3ZnPg==\" style=\"--smush-placeholder-width: 576px; --smush-placeholder-aspect-ratio: 576\/1024;\" \/><figcaption class=\"wp-element-caption\">P\u0159\u00edkr\u00e9 schody<\/figcaption><\/figure>\n\n\n\n<figure class=\"wp-block-image size-large\"><img decoding=\"async\" width=\"1024\" height=\"768\" data-id=\"9603\" data-src=\"https:\/\/www.cottage.cz\/wp-content\/uploads\/2022\/07\/IMG-0407-1024x768.jpg\" alt=\"\" class=\"wp-image-9603 lazyload\" data-srcset=\"https:\/\/cottage.cz\/wp-content\/uploads\/2022\/07\/IMG-0407-1024x768.jpg 1024w, https:\/\/cottage.cz\/wp-content\/uploads\/2022\/07\/IMG-0407-300x225.jpg 300w, https:\/\/cottage.cz\/wp-content\/uploads\/2022\/07\/IMG-0407-768x576.jpg 768w, https:\/\/cottage.cz\/wp-content\/uploads\/2022\/07\/IMG-0407-1536x1152.jpg 1536w, https:\/\/cottage.cz\/wp-content\/uploads\/2022\/07\/IMG-0407-2048x1536.jpg 2048w, https:\/\/cottage.cz\/wp-content\/uploads\/2022\/07\/IMG-0407-1320x990.jpg 1320w\" data-sizes=\"(max-width: 1024px) 100vw, 1024px\" src=\"data:image\/svg+xml;base64,PHN2ZyB3aWR0aD0iMSIgaGVpZ2h0PSIxIiB4bWxucz0iaHR0cDovL3d3dy53My5vcmcvMjAwMC9zdmciPjwvc3ZnPg==\" style=\"--smush-placeholder-width: 1024px; --smush-placeholder-aspect-ratio: 1024\/768;\" \/><\/figure>\n\n\n\n<figure class=\"wp-block-image size-large\"><img decoding=\"async\" width=\"576\" height=\"1024\" data-id=\"9620\" data-src=\"https:\/\/www.cottage.cz\/wp-content\/uploads\/2022\/07\/20220622_154616-576x1024.jpg\" alt=\"\" class=\"wp-image-9620 lazyload\" data-srcset=\"https:\/\/cottage.cz\/wp-content\/uploads\/2022\/07\/20220622_154616-576x1024.jpg 576w, https:\/\/cottage.cz\/wp-content\/uploads\/2022\/07\/20220622_154616-169x300.jpg 169w, https:\/\/cottage.cz\/wp-content\/uploads\/2022\/07\/20220622_154616-768x1365.jpg 768w, https:\/\/cottage.cz\/wp-content\/uploads\/2022\/07\/20220622_154616-864x1536.jpg 864w, https:\/\/cottage.cz\/wp-content\/uploads\/2022\/07\/20220622_154616-1152x2048.jpg 1152w, https:\/\/cottage.cz\/wp-content\/uploads\/2022\/07\/20220622_154616-1320x2347.jpg 1320w, https:\/\/cottage.cz\/wp-content\/uploads\/2022\/07\/20220622_154616-rotated.jpg 1440w\" data-sizes=\"(max-width: 576px) 100vw, 576px\" src=\"data:image\/svg+xml;base64,PHN2ZyB3aWR0aD0iMSIgaGVpZ2h0PSIxIiB4bWxucz0iaHR0cDovL3d3dy53My5vcmcvMjAwMC9zdmciPjwvc3ZnPg==\" style=\"--smush-placeholder-width: 576px; --smush-placeholder-aspect-ratio: 576\/1024;\" \/><\/figure>\n<\/figure>\n\n\n\n<p>Etwa 1 km vom Dorf Vysok\u00e1 L\u00edpa in der Tschechischen Schweiz entfernt k\u00f6nnen Sie einen Sandsteinblock sehen, auf dem einst die Felsenburg \u0160aun\u0161tejn stand. Das Gel\u00e4nde ist das ganze Jahr \u00fcber frei zug\u00e4nglich und wurde im Jahr 2022 renoviert. Auf der \u201eBurg\u201c kann man gem\u00fctlich sitzen und ein Picknick mit herrlicher Aussicht auf die B\u00f6hmische Schweiz und das Lausitzer Gebirge machen.<\/p>\n\n\n\n<p>Der Schwierigkeitsgrad des Aufstiegs ist mittelschwer (steile Treppen). Kinderwagen und andere Lasten k\u00f6nnen unter dem Felsmassiv abgestellt werden.<\/p>\n\n\n\n<p>Tipp: Sie k\u00f6nnen in Richtung Mezn\u00ed louka bis Mala Prav\u010dick\u00e1 br\u00e1na weiterfahren<\/p>\n","protected":false},"excerpt":{"rendered":"<p>Etwa 1 km vom Dorf Vysok\u00e1 L\u00edpa in der Tschechischen Schweiz entfernt k\u00f6nnen Sie einen Sandsteinblock sehen, auf dem einst die Felsenburg \u0160aun\u0161tejn stand. Das Gel\u00e4nde ist das ganze Jahr \u00fcber frei zug\u00e4nglich und wurde im Jahr 2022 renoviert. Auf der \u201eBurg\u201c kann man gem\u00fctlich sitzen und ein Picknick mit herrlicher Aussicht auf die B\u00f6hmische [&hellip;]<\/p>\n","protected":false},"author":2,"featured_media":0,"parent":0,"menu_order":0,"comment_status":"closed","ping_status":"closed","template":"","meta":{"_monsterinsights_skip_tracking":false,"_monsterinsights_sitenote_active":false,"_monsterinsights_sitenote_note":"","_monsterinsights_sitenote_category":0,"ngg_post_thumbnail":0,"footnotes":""},"class_list":["post-20574","page","type-page","status-publish","hentry"],"aioseo_notices":[],"_links":{"self":[{"href":"https:\/\/cottage.cz\/de\/wp-json\/wp\/v2\/pages\/20574","targetHints":{"allow":["GET"]}}],"collection":[{"href":"https:\/\/cottage.cz\/de\/wp-json\/wp\/v2\/pages"}],"about":[{"href":"https:\/\/cottage.cz\/de\/wp-json\/wp\/v2\/types\/page"}],"author":[{"embeddable":true,"href":"https:\/\/cottage.cz\/de\/wp-json\/wp\/v2\/users\/2"}],"replies":[{"embeddable":true,"href":"https:\/\/cottage.cz\/de\/wp-json\/wp\/v2\/comments?post=20574"}],"version-history":[{"count":2,"href":"https:\/\/cottage.cz\/de\/wp-json\/wp\/v2\/pages\/20574\/revisions"}],"predecessor-version":[{"id":20576,"href":"https:\/\/cottage.cz\/de\/wp-json\/wp\/v2\/pages\/20574\/revisions\/20576"}],"wp:attachment":[{"href":"https:\/\/cottage.cz\/de\/wp-json\/wp\/v2\/media?parent=20574"}],"curies":[{"name":"wp","href":"https:\/\/api.w.org\/{rel}","templated":true}]}}