{"id":20567,"date":"2024-01-01T15:41:01","date_gmt":"2024-01-01T14:41:01","guid":{"rendered":"https:\/\/cottage.napokusy.cz\/?page_id=20567"},"modified":"2026-01-16T08:23:07","modified_gmt":"2026-01-16T07:23:07","slug":"selbstbedienungsbar","status":"publish","type":"page","link":"https:\/\/cottage.cz\/de\/selbstbedienungsbar\/","title":{"rendered":"Selbstbedienungsbar"},"content":{"rendered":"\n<p>F\u00fcr Ihr Wohlbefinden bieten wir regionale Getr\u00e4nke (Kocour-Bier, BBCider, Kocour-Limonaden, Lik\u00f6re der Galli-Destilerie, Vratislavsk\u00e1 kyselka, Tesa\u0159\u00edk-Weine und Hei\u00dfgetr\u00e4nke, Nespresso-Kaffee, verschiedene Teesorten). Au\u00dferdem erwarten Sie handgemachte Kekse, K\u00e4se vom Hampl-Bauernhof, hausgemachte \u00dcberraschungen und Obst. 24 Stunden am Tag nur f\u00fcr unsere G\u00e4ste ge\u00f6ffnet.<\/p>\n\n\n\nngg_shortcode_0_placeholder\n","protected":false},"excerpt":{"rendered":"<p>F\u00fcr Ihr Wohlbefinden bieten wir regionale Getr\u00e4nke (Kocour-Bier, BBCider, Kocour-Limonaden, Lik\u00f6re der Galli-Destilerie, Vratislavsk\u00e1 kyselka, Tesa\u0159\u00edk-Weine und Hei\u00dfgetr\u00e4nke, Nespresso-Kaffee, verschiedene Teesorten). Au\u00dferdem erwarten Sie handgemachte Kekse, K\u00e4se vom Hampl-Bauernhof, hausgemachte \u00dcberraschungen und Obst. 24 Stunden am Tag nur f\u00fcr unsere G\u00e4ste ge\u00f6ffnet.<\/p>\n","protected":false},"author":2,"featured_media":25916,"parent":0,"menu_order":0,"comment_status":"closed","ping_status":"closed","template":"","meta":{"_monsterinsights_skip_tracking":false,"_monsterinsights_sitenote_active":false,"_monsterinsights_sitenote_note":"","_monsterinsights_sitenote_category":0,"ngg_post_thumbnail":0,"footnotes":""},"class_list":["post-20567","page","type-page","status-publish","has-post-thumbnail","hentry"],"aioseo_notices":[],"_links":{"self":[{"href":"https:\/\/cottage.cz\/de\/wp-json\/wp\/v2\/pages\/20567","targetHints":{"allow":["GET"]}}],"collection":[{"href":"https:\/\/cottage.cz\/de\/wp-json\/wp\/v2\/pages"}],"about":[{"href":"https:\/\/cottage.cz\/de\/wp-json\/wp\/v2\/types\/page"}],"author":[{"embeddable":true,"href":"https:\/\/cottage.cz\/de\/wp-json\/wp\/v2\/users\/2"}],"replies":[{"embeddable":true,"href":"https:\/\/cottage.cz\/de\/wp-json\/wp\/v2\/comments?post=20567"}],"version-history":[{"count":3,"href":"https:\/\/cottage.cz\/de\/wp-json\/wp\/v2\/pages\/20567\/revisions"}],"predecessor-version":[{"id":28622,"href":"https:\/\/cottage.cz\/de\/wp-json\/wp\/v2\/pages\/20567\/revisions\/28622"}],"wp:featuredmedia":[{"embeddable":true,"href":"https:\/\/cottage.cz\/de\/wp-json\/wp\/v2\/media\/25916"}],"wp:attachment":[{"href":"https:\/\/cottage.cz\/de\/wp-json\/wp\/v2\/media?parent=20567"}],"curies":[{"name":"wp","href":"https:\/\/api.w.org\/{rel}","templated":true}]}}