{"id":20542,"date":"2025-06-03T12:01:40","date_gmt":"2025-06-03T10:01:40","guid":{"rendered":"https:\/\/cottage.napokusy.cz\/?page_id=20542"},"modified":"2025-10-30T19:08:22","modified_gmt":"2025-10-30T18:08:22","slug":"verleih","status":"publish","type":"page","link":"https:\/\/cottage.cz\/de\/verleih\/","title":{"rendered":"Verleih B\u00f6hmische Schweiz"},"content":{"rendered":"\n<pre id=\"tw-target-text\" class=\"wp-block-preformatted\"><br><br><\/pre>\n\n\n\n<p>Haben Sie Lust Fahrrad zu fahren?? Testen von E-Bikes, Schneeschuhe, Schlittschuhe? mieten von: Fahrradr\u00e4dern, Langlaufski, &nbsp;Inline-Skates, Langlauf, Schneeschuhe, Roller, Sitze f\u00fcr Fahrr\u00e4der und andere Ger\u00e4te.<\/p>\n\n\n\n<p><strong>Betriebszeit:&nbsp;<\/strong>wie vereinbart Bitte, vorher anrufen 8:00-20:00. whatspups: +420736224222<\/p>\n\n\n<div class=\"wp-block-image\">\n<figure class=\"alignleft\"><img decoding=\"async\" width=\"300\" height=\"200\" data-src=\"https:\/\/www.cottage.cz\/wp-content\/uploads\/2020\/09\/IMG_9490-300x200.jpg\" alt=\"\" class=\"wp-image-7652 lazyload\" src=\"data:image\/svg+xml;base64,PHN2ZyB3aWR0aD0iMSIgaGVpZ2h0PSIxIiB4bWxucz0iaHR0cDovL3d3dy53My5vcmcvMjAwMC9zdmciPjwvc3ZnPg==\" style=\"--smush-placeholder-width: 300px; --smush-placeholder-aspect-ratio: 300\/200;\" \/><\/figure>\n<\/div>\n\n\n<p><strong>Nahm an:&nbsp;<a href=\"https:\/\/goo.gl\/maps\/2wkRcb6NwnRVPDNbA\">Kamenna Horka 110, Krasna Lipa<\/a>&nbsp;(rotes Haus mit einer gro\u00dfen Karte)<\/strong><\/p>\n\n\n\n<p><strong>Wenn Sie interessiert sind, werden wir die Vereinbarung Ausr\u00fcstung liefern<\/strong>&nbsp;Geb\u00fchr Ihre Unterkunft zu platzieren<a href=\"https:\/\/www.cottage.cz\/de\/Nationalpark-B%C3%B6hmische-Schweiz\">Bohmische Schweiz<\/a>,&nbsp;<a href=\"https:\/\/www.cottage.cz\/de\/Lausitzer-Gebirge\">Lausitzer Gebirge<\/a>&nbsp;und Sluknov hook.<\/p>\n\n\n<div class=\"pt-cv-wrapper\"><div class=\"pt-cv-view pt-cv-grid pt-cv-colsys pt-cv-pgregular pt-cv-sharp-buttons\" id=\"pt-cv-view-d56bbc35r0\"><div data-id=\"pt-cv-page-1\" class=\"pt-cv-page\" data-cvc=\"3\"><div class=\"col-md-4 col-sm-6 col-xs-12 pt-cv-content-item pt-cv-1-col\"  data-pid=\"21267\"><div class='pt-cv-ifield'><a href=\"https:\/\/cottage.cz\/de\/fahrad-verleih\/\" class=\"_self pt-cv-href-thumbnail pt-cv-thumb-default cvplbd cvp-responsive-image img-none\" target=\"_self\" data-iw=\"300\" data-ih=\"300\"><img decoding=\"async\" width=\"300\" height=\"169\" data-src=\"https:\/\/cottage.cz\/wp-content\/uploads\/2018\/03\/20240329_092847-300x169.jpg\" class=\"pt-cv-thumbnail img-none lazyload\" alt=\"Fahrad verleih\" data-srcset=\"https:\/\/cottage.cz\/wp-content\/uploads\/2018\/03\/20240329_092847-300x169.jpg 300w, https:\/\/cottage.cz\/wp-content\/uploads\/2018\/03\/20240329_092847-1024x577.jpg 1024w, https:\/\/cottage.cz\/wp-content\/uploads\/2018\/03\/20240329_092847-768x432.jpg 768w, https:\/\/cottage.cz\/wp-content\/uploads\/2018\/03\/20240329_092847-1536x865.jpg 1536w, https:\/\/cottage.cz\/wp-content\/uploads\/2018\/03\/20240329_092847-2048x1153.jpg 2048w\" data-sizes=\"(max-width: 300px) 100vw, 300px\" src=\"data:image\/svg+xml;base64,PHN2ZyB3aWR0aD0iMSIgaGVpZ2h0PSIxIiB4bWxucz0iaHR0cDovL3d3dy53My5vcmcvMjAwMC9zdmciPjwvc3ZnPg==\" style=\"--smush-placeholder-width: 300px; --smush-placeholder-aspect-ratio: 300\/169;\" \/><\/a>\n<h4 class=\"pt-cv-title\"><a href=\"https:\/\/cottage.cz\/de\/fahrad-verleih\/\" class=\"_self cvplbd\" target=\"_self\" data-iw=\"300\" data-ih=\"300\">Fahrad verleih<\/a><\/h4>\n<div class=\"pt-cv-content\">Preis: 350 CZK \/ Tag \/ \u00e4ltere Wanderungen, 500 \/ Tag \/ neuere Bergwanderungen Beschreibung: Wir bieten Fahrrad-Trekkingr\u00e4der zum Verleih ...<\/div><\/div><\/div>\n<div class=\"col-md-4 col-sm-6 col-xs-12 pt-cv-content-item pt-cv-1-col\"  data-pid=\"25064\"><div class='pt-cv-ifield'><a href=\"https:\/\/cottage.cz\/de\/e-bike-verleih-in-der-boehmischen-schweiz\/\" class=\"_self pt-cv-href-thumbnail pt-cv-thumb-default cvplbd cvp-responsive-image img-none\" target=\"_self\" data-iw=\"300\" data-ih=\"300\"><img decoding=\"async\" width=\"300\" height=\"225\" data-src=\"https:\/\/cottage.cz\/wp-content\/uploads\/2025\/03\/elektrokolo-300x225.jpg\" class=\"pt-cv-thumbnail img-none lazyload\" alt=\"E-Bike Verleih in der B\u00f6hmischen Schweiz\" data-srcset=\"https:\/\/cottage.cz\/wp-content\/uploads\/2025\/03\/elektrokolo-300x225.jpg 300w, https:\/\/cottage.cz\/wp-content\/uploads\/2025\/03\/elektrokolo-1024x769.jpg 1024w, https:\/\/cottage.cz\/wp-content\/uploads\/2025\/03\/elektrokolo-768x577.jpg 768w, https:\/\/cottage.cz\/wp-content\/uploads\/2025\/03\/elektrokolo.jpg 1216w\" data-sizes=\"(max-width: 300px) 100vw, 300px\" src=\"data:image\/svg+xml;base64,PHN2ZyB3aWR0aD0iMSIgaGVpZ2h0PSIxIiB4bWxucz0iaHR0cDovL3d3dy53My5vcmcvMjAwMC9zdmciPjwvc3ZnPg==\" style=\"--smush-placeholder-width: 300px; --smush-placeholder-aspect-ratio: 300\/225;\" \/><\/a>\n<h4 class=\"pt-cv-title\"><a href=\"https:\/\/cottage.cz\/de\/e-bike-verleih-in-der-boehmischen-schweiz\/\" class=\"_self cvplbd\" target=\"_self\" data-iw=\"300\" data-ih=\"300\">E-Bike Verleih in der B\u00f6hmischen Schweiz<\/a><\/h4>\n<div class=\"pt-cv-content\">Preis: 800-950 CZK\/Einheit\/Tag, ohne Anzahlung (Rabatt f\u00fcr mehr 3 Tage)Weitere Tagesrabatte nach Vereinbarung.Helm, Schloss inklusive. 800 czk \/tag Trek E-Bike ...<\/div><\/div><\/div>\n<div class=\"col-md-4 col-sm-6 col-xs-12 pt-cv-content-item pt-cv-1-col\"  data-pid=\"21411\"><div class='pt-cv-ifield'><a href=\"https:\/\/cottage.cz\/de\/kolobezky\/\" class=\"_self pt-cv-href-thumbnail pt-cv-thumb-default cvplbd cvp-responsive-image img-none\" target=\"_self\" data-iw=\"300\" data-ih=\"300\"><img decoding=\"async\" width=\"300\" height=\"221\" data-src=\"https:\/\/cottage.cz\/wp-content\/uploads\/2014\/09\/kolobezka-do-terenu-300x221.jpg\" class=\"pt-cv-thumbnail img-none lazyload\" alt=\"Kolob\u011b\u017eky\" data-srcset=\"https:\/\/cottage.cz\/wp-content\/uploads\/2014\/09\/kolobezka-do-terenu-300x221.jpg 300w, https:\/\/cottage.cz\/wp-content\/uploads\/2014\/09\/kolobezka-do-terenu-768x564.jpg 768w, https:\/\/cottage.cz\/wp-content\/uploads\/2014\/09\/kolobezka-do-terenu.jpg 800w\" data-sizes=\"(max-width: 300px) 100vw, 300px\" src=\"data:image\/svg+xml;base64,PHN2ZyB3aWR0aD0iMSIgaGVpZ2h0PSIxIiB4bWxucz0iaHR0cDovL3d3dy53My5vcmcvMjAwMC9zdmciPjwvc3ZnPg==\" style=\"--smush-placeholder-width: 300px; --smush-placeholder-aspect-ratio: 300\/221;\" \/><\/a>\n<h4 class=\"pt-cv-title\"><a href=\"https:\/\/cottage.cz\/de\/kolobezky\/\" class=\"_self cvplbd\" target=\"_self\" data-iw=\"300\" data-ih=\"300\">Kolob\u011b\u017eky<\/a><\/h4>\n<div class=\"pt-cv-content\">Vyzvednut\u00ed na adrese:\u00a0Kamenn\u00e1 Horka 110, Kr\u00e1sn\u00e1 L\u00edpa Cena:\u00a0350\/ks\/den Popis: Chcete vyzkou\u0161et kolob\u011b\u017eky v \u010cesk\u00e9m \u0160v\u00fdcarsku? Nechcete jet na kole ani ...<\/div><\/div><\/div>\n<div class=\"col-md-4 col-sm-6 col-xs-12 pt-cv-content-item pt-cv-1-col\"  data-pid=\"21402\"><div class='pt-cv-ifield'><a href=\"https:\/\/cottage.cz\/de\/kinderfahrraeder\/\" class=\"_self pt-cv-href-thumbnail pt-cv-thumb-default cvplbd cvp-responsive-image img-none\" target=\"_self\" data-iw=\"300\" data-ih=\"300\"><img decoding=\"async\" width=\"300\" height=\"225\" data-src=\"https:\/\/cottage.cz\/wp-content\/uploads\/2014\/09\/IMG_20190807_134514-300x225.jpg\" class=\"pt-cv-thumbnail img-none lazyload\" alt=\"Kinderfahrr\u00e4der\" data-srcset=\"https:\/\/cottage.cz\/wp-content\/uploads\/2014\/09\/IMG_20190807_134514-300x225.jpg 300w, https:\/\/cottage.cz\/wp-content\/uploads\/2014\/09\/IMG_20190807_134514-768x576.jpg 768w, https:\/\/cottage.cz\/wp-content\/uploads\/2014\/09\/IMG_20190807_134514-1024x768.jpg 1024w\" data-sizes=\"(max-width: 300px) 100vw, 300px\" src=\"data:image\/svg+xml;base64,PHN2ZyB3aWR0aD0iMSIgaGVpZ2h0PSIxIiB4bWxucz0iaHR0cDovL3d3dy53My5vcmcvMjAwMC9zdmciPjwvc3ZnPg==\" style=\"--smush-placeholder-width: 300px; --smush-placeholder-aspect-ratio: 300\/225;\" \/><\/a>\n<h4 class=\"pt-cv-title\"><a href=\"https:\/\/cottage.cz\/de\/kinderfahrraeder\/\" class=\"_self cvplbd\" target=\"_self\" data-iw=\"300\" data-ih=\"300\">Kinderfahrr\u00e4der<\/a><\/h4>\n<div class=\"pt-cv-content\">Preis: 300 CZK\/St\u00fcck\/Tag Beschreibung: Wir bieten Kinderfahrr\u00e4der f\u00fcr Kinder von 3 bis 10 Jahren an. Option zum Hinzuf\u00fcgen von Hinterr\u00e4dern ...<\/div><\/div><\/div>\n<div class=\"col-md-4 col-sm-6 col-xs-12 pt-cv-content-item pt-cv-1-col\"  data-pid=\"21389\"><div class='pt-cv-ifield'><a href=\"https:\/\/cottage.cz\/de\/rollschuhe\/\" class=\"_self pt-cv-href-thumbnail pt-cv-thumb-default cvplbd cvp-responsive-image img-none\" target=\"_self\" data-iw=\"300\" data-ih=\"300\"><img decoding=\"async\" width=\"300\" height=\"300\" data-src=\"https:\/\/cottage.cz\/wp-content\/uploads\/2014\/11\/koleckove-brusle2-300x300.jpg\" class=\"pt-cv-thumbnail img-none lazyload\" alt=\"Rollschuhe\" data-srcset=\"https:\/\/cottage.cz\/wp-content\/uploads\/2014\/11\/koleckove-brusle2-300x300.jpg 300w, https:\/\/cottage.cz\/wp-content\/uploads\/2014\/11\/koleckove-brusle2-150x150.jpg 150w, https:\/\/cottage.cz\/wp-content\/uploads\/2014\/11\/koleckove-brusle2-60x60.jpg 60w, https:\/\/cottage.cz\/wp-content\/uploads\/2014\/11\/koleckove-brusle2-45x45.jpg 45w, https:\/\/cottage.cz\/wp-content\/uploads\/2014\/11\/koleckove-brusle2.jpg 600w\" data-sizes=\"(max-width: 300px) 100vw, 300px\" src=\"data:image\/svg+xml;base64,PHN2ZyB3aWR0aD0iMSIgaGVpZ2h0PSIxIiB4bWxucz0iaHR0cDovL3d3dy53My5vcmcvMjAwMC9zdmciPjwvc3ZnPg==\" style=\"--smush-placeholder-width: 300px; --smush-placeholder-aspect-ratio: 300\/300;\" \/><\/a>\n<h4 class=\"pt-cv-title\"><a href=\"https:\/\/cottage.cz\/de\/rollschuhe\/\" class=\"_self cvplbd\" target=\"_self\" data-iw=\"300\" data-ih=\"300\">Rollschuhe<\/a><\/h4>\n<div class=\"pt-cv-content\">Rollschuhe f\u00fcr Kinder (29-34), Herren (42,46), Damen (41) Preis: 300 CZK \/ Paar \/ Tag Zur Abholung: Kamenn\u00e1 Horka 110, ...<\/div><\/div><\/div>\n<div class=\"col-md-4 col-sm-6 col-xs-12 pt-cv-content-item pt-cv-1-col\"  data-pid=\"20908\"><div class='pt-cv-ifield'><a href=\"https:\/\/cottage.cz\/de\/skilanglauf\/\" class=\"_self pt-cv-href-thumbnail pt-cv-thumb-default cvplbd cvp-responsive-image img-none\" target=\"_self\" data-iw=\"300\" data-ih=\"300\"><img decoding=\"async\" width=\"200\" height=\"300\" data-src=\"https:\/\/cottage.cz\/wp-content\/uploads\/2013\/12\/bezky-set_madsues-2-200x300.jpg\" class=\"pt-cv-thumbnail img-none lazyload\" alt=\"Skilanglauf\" data-srcset=\"https:\/\/cottage.cz\/wp-content\/uploads\/2013\/12\/bezky-set_madsues-2-200x300.jpg 200w, https:\/\/cottage.cz\/wp-content\/uploads\/2013\/12\/bezky-set_madsues-2.jpg 600w\" data-sizes=\"(max-width: 200px) 100vw, 200px\" src=\"data:image\/svg+xml;base64,PHN2ZyB3aWR0aD0iMSIgaGVpZ2h0PSIxIiB4bWxucz0iaHR0cDovL3d3dy53My5vcmcvMjAwMC9zdmciPjwvc3ZnPg==\" style=\"--smush-placeholder-width: 200px; --smush-placeholder-aspect-ratio: 200\/300;\" \/><\/a>\n<h4 class=\"pt-cv-title\"><a href=\"https:\/\/cottage.cz\/de\/skilanglauf\/\" class=\"_self cvplbd\" target=\"_self\" data-iw=\"300\" data-ih=\"300\">Skilanglauf<\/a><\/h4>\n<div class=\"pt-cv-content\">Pries: 350 CZK set Beschreibung: B\u00f6hmische Schweiz und Lausitzer Berge sind in der Regel gute Schneeverh\u00e4ltnisse Skifahren, pr\u00e4parierte Abfahrten mehrere ...<\/div><\/div><\/div>\n<div class=\"col-md-4 col-sm-6 col-xs-12 pt-cv-content-item pt-cv-1-col\"  data-pid=\"24364\"><div class='pt-cv-ifield'><a href=\"https:\/\/cottage.cz\/de\/schneegloeckchen\/\" class=\"_self pt-cv-href-thumbnail pt-cv-thumb-default cvplbd cvp-responsive-image img-none\" target=\"_self\" data-iw=\"300\" data-ih=\"300\"><img decoding=\"async\" width=\"300\" height=\"246\" data-src=\"https:\/\/cottage.cz\/wp-content\/uploads\/2013\/01\/sneznice-1-300x246.jpeg\" class=\"pt-cv-thumbnail img-none lazyload\" alt=\"Schneegl\u00f6ckchen\" data-srcset=\"https:\/\/cottage.cz\/wp-content\/uploads\/2013\/01\/sneznice-1-300x246.jpeg 300w, https:\/\/cottage.cz\/wp-content\/uploads\/2013\/01\/sneznice-1.jpeg 733w\" data-sizes=\"(max-width: 300px) 100vw, 300px\" src=\"data:image\/svg+xml;base64,PHN2ZyB3aWR0aD0iMSIgaGVpZ2h0PSIxIiB4bWxucz0iaHR0cDovL3d3dy53My5vcmcvMjAwMC9zdmciPjwvc3ZnPg==\" style=\"--smush-placeholder-width: 300px; --smush-placeholder-aspect-ratio: 300\/246;\" \/><\/a>\n<h4 class=\"pt-cv-title\"><a href=\"https:\/\/cottage.cz\/de\/schneegloeckchen\/\" class=\"_self cvplbd\" target=\"_self\" data-iw=\"300\" data-ih=\"300\">Schneegl\u00f6ckchen<\/a><\/h4>\n<div class=\"pt-cv-content\">Wandern Sie gerne durch die Winterlandschaft? Versuchen Sie einen unvergesslichen Aufstieg auf den h\u00f6chsten Berg des Lausitzer Gebirges, auch bei ...<\/div><\/div><\/div><\/div><\/div><\/div>\t\t\t<style type=\"text\/css\" id=\"pt-cv-inline-style-3bae4316qa\">#pt-cv-view-d56bbc35r0.pt-cv-post-border { margin: 0; border-top-width: 1px; border-left-width: 1px }\n#pt-cv-view-d56bbc35r0.pt-cv-post-border { margin: 0; border-top-style: solid; border-left-style: solid }\n#pt-cv-view-d56bbc35r0.pt-cv-post-border .pt-cv-content-item   { border-right-width: 1px; border-bottom-width: 1px; border-right-style: solid; border-bottom-style: solid; }\n#pt-cv-view-d56bbc35r0 .pt-cv-title a, #pt-cv-view-d56bbc35r0  .panel-title { font-weight: 600 !important; }\n#pt-cv-view-d56bbc35r0 .pt-cv-readmore  { color: #ffffff !important; background-color: #ba7f42 !important; }\n#pt-cv-view-d56bbc35r0 .pt-cv-readmore:hover  { color: #ffffff !important; background-color: #ba7f42 !important; }\n#pt-cv-view-d56bbc35r0  + .pt-cv-pagination-wrapper .pt-cv-more , #pt-cv-view-d56bbc35r0  + .pt-cv-pagination-wrapper .pagination .active a { color: #ffffff !important; background-color: #ba7f42 !important; }\n#pt-cv-view-d56bbc35r0 .cvp-responsive-image[style*=\"background-image\"] { width: 300px; height: 300px; }<\/style>\r\n\t\t\t\n","protected":false},"excerpt":{"rendered":"<p>Haben Sie Lust Fahrrad zu fahren?? Testen von E-Bikes, Schneeschuhe, Schlittschuhe? mieten von: Fahrradr\u00e4dern, Langlaufski, &nbsp;Inline-Skates, Langlauf, Schneeschuhe, Roller, Sitze f\u00fcr Fahrr\u00e4der und andere Ger\u00e4te. Betriebszeit:&nbsp;wie vereinbart Bitte, vorher anrufen 8:00-20:00. whatspups: +420736224222 Nahm an:&nbsp;Kamenna Horka 110, Krasna Lipa&nbsp;(rotes Haus mit einer gro\u00dfen Karte) Wenn Sie interessiert sind, werden wir die Vereinbarung Ausr\u00fcstung liefern&nbsp;Geb\u00fchr Ihre [&hellip;]<\/p>\n","protected":false},"author":2,"featured_media":13363,"parent":0,"menu_order":0,"comment_status":"closed","ping_status":"closed","template":"","meta":{"_monsterinsights_skip_tracking":false,"_monsterinsights_sitenote_active":false,"_monsterinsights_sitenote_note":"","_monsterinsights_sitenote_category":0,"ngg_post_thumbnail":0,"footnotes":""},"class_list":["post-20542","page","type-page","status-publish","has-post-thumbnail","hentry"],"aioseo_notices":[],"_links":{"self":[{"href":"https:\/\/cottage.cz\/de\/wp-json\/wp\/v2\/pages\/20542","targetHints":{"allow":["GET"]}}],"collection":[{"href":"https:\/\/cottage.cz\/de\/wp-json\/wp\/v2\/pages"}],"about":[{"href":"https:\/\/cottage.cz\/de\/wp-json\/wp\/v2\/types\/page"}],"author":[{"embeddable":true,"href":"https:\/\/cottage.cz\/de\/wp-json\/wp\/v2\/users\/2"}],"replies":[{"embeddable":true,"href":"https:\/\/cottage.cz\/de\/wp-json\/wp\/v2\/comments?post=20542"}],"version-history":[{"count":8,"href":"https:\/\/cottage.cz\/de\/wp-json\/wp\/v2\/pages\/20542\/revisions"}],"predecessor-version":[{"id":27673,"href":"https:\/\/cottage.cz\/de\/wp-json\/wp\/v2\/pages\/20542\/revisions\/27673"}],"wp:featuredmedia":[{"embeddable":true,"href":"https:\/\/cottage.cz\/de\/wp-json\/wp\/v2\/media\/13363"}],"wp:attachment":[{"href":"https:\/\/cottage.cz\/de\/wp-json\/wp\/v2\/media?parent=20542"}],"curies":[{"name":"wp","href":"https:\/\/api.w.org\/{rel}","templated":true}]}}