{"id":20524,"date":"2024-01-01T14:53:09","date_gmt":"2024-01-01T13:53:09","guid":{"rendered":"https:\/\/cottage.napokusy.cz\/?page_id=20524"},"modified":"2024-01-01T14:53:11","modified_gmt":"2024-01-01T13:53:11","slug":"als-ich-mit-dem-tourismus-in-der-boehmischen-schweiz-begann","status":"publish","type":"page","link":"https:\/\/cottage.cz\/de\/als-ich-mit-dem-tourismus-in-der-boehmischen-schweiz-begann\/","title":{"rendered":"Als ich mit dem Tourismus in der B\u00f6hmischen Schweiz begann"},"content":{"rendered":"<p>Die Tschechoslowakische Schweiz war einer der ersten Orte auf der Welt, an dem sich die Tourismusbranche zu entwickeln begann. Die erste Touristenattraktion war die Bastei-Felsenbr\u00fccke (1851) und die Felsenburg Neuraten in der S\u00e4chsischen Schweiz. Bereits im 19. Jahrhundert str\u00f6mten die ersten Touristen in die B\u00f6hmische Schweiz. Der erste Tourismusbetrieb ist mit Graf Edmund Clary-Aldringen (1813-1894) aus Teplice verbunden. Clary-Aldringen in den 1930er Jahren. Sie schufen einen Weg von H\u0159ensk nach Prav\u010dick\u00e1 br\u00e1na und unterst\u00fctzten die Ausstellung von Hotels und Gasth\u00f6fen. Doch erst 1881 lie\u00df Edmund in der N\u00e4he von Prav\u010dick\u00e1 br\u00e1ny das Hotel Sokol\u00ed hn\u00edzdo mit einer Kapazit\u00e4t von 50 Betten errichten (heute ist das Hotel nur noch w\u00e4hrend der Saison mit einem Restaurant in Betrieb).<\/p>\n<p>Auch F\u00fcrst Edmund Clary-Aldringen investierte ab den 1880er Jahren in die Erschlie\u00dfung des Schluchtengebiets. Als Besitzer des \u00f6rtlichen Gutshofes zog er italienische Experten hinzu, die im Bereich der Kamenice-Schlucht Fu\u00dfwege, Br\u00fccken, Tunnel, Stege und Wehre f\u00fcr Fu\u00dfg\u00e4nger bauten. Als erster Abschnitt wurde 1890 die Tich\u00e1 sout\u011bska er\u00f6ffnet und anschlie\u00dfend ein Restaurant eingerichtet. Zu dieser Zeit befuhren f\u00fcnf Boote die Gew\u00e4sser der Schlucht. Die Popularit\u00e4t des Ortes nahm weiter zu und in den 1920er Jahren wurden die Schluchten pro Jahr (in der Saison) von 160.000 Besuchern besucht.<\/p>\n<p>Das benachbarte Gut geh\u00f6rte Rudolf Kinsky. Der von . 1832 zur Verbesserung der Stra\u00dfen und zum Bau von Fu\u00dfg\u00e4ngerbr\u00fccken und Br\u00fccken auf der Jet\u0159ichovicka. Im Jahr 1864 ver\u00f6ffentlichte der f\u00fcrstliche Forstf\u00fcrst Ferdinand N\u00e1hl\u00edk aus Rynartic hier den ersten F\u00fchrer durch einen Teil der B\u00f6hmischen Schweiz. .<\/p>\n<p>Im Jahr 1879 wurden in Vysok\u00e9 L\u00edpa und H\u0159ensk Gruppen des Gebirgsvereins f\u00fcr die B\u00f6hmische Schweiz nach dem Vorbild der Alpenvereine gegr\u00fcndet \u2013 die H\u0159ensk-Gruppe hatte 92 Mitglieder und wurde von Anton Clary geleitet.<\/p>\n<p>Der Tourismus in der B\u00f6hmischen Schweiz florierte bis in die 1930er Jahre, als er durch den Zweiten Weltkrieg erheblich beeintr\u00e4chtigt wurde.<\/p>\n<div class=\"gallery-1 gallery-wrapper columns-wrapper\"><div class=\"gallery-column\"><a class=\"gallery-item photoswipe-item\" data-caption=\"\" data-width=\"440\" data-height=\"480\" href=\"https:\/\/cottage.cz\/wp-content\/uploads\/2016\/11\/edmund_clary_aldringen.jpg\" rel=\"lightbox[20524]\"><img decoding=\"async\" class=\"gallery-img-desktop lazyload\" data-src=\"https:\/\/cottage.cz\/wp-content\/uploads\/2016\/11\/edmund_clary_aldringen-550x309.jpg\" alt=\"\" src=\"data:image\/svg+xml;base64,PHN2ZyB3aWR0aD0iMSIgaGVpZ2h0PSIxIiB4bWxucz0iaHR0cDovL3d3dy53My5vcmcvMjAwMC9zdmciPjwvc3ZnPg==\" style=\"--smush-placeholder-width: 550px; --smush-placeholder-aspect-ratio: 550\/309;\" \/><img decoding=\"async\" class=\"gallery-img-mobile lazyload\" data-src=\"https:\/\/cottage.cz\/wp-content\/uploads\/2016\/11\/edmund_clary_aldringen-500x500.jpg\" alt=\"\" src=\"data:image\/svg+xml;base64,PHN2ZyB3aWR0aD0iMSIgaGVpZ2h0PSIxIiB4bWxucz0iaHR0cDovL3d3dy53My5vcmcvMjAwMC9zdmciPjwvc3ZnPg==\" style=\"--smush-placeholder-width: 500px; --smush-placeholder-aspect-ratio: 500\/500;\" \/><div class=\"gallery-enlarge\"><\/div><\/a><\/div><div class=\"gallery-column\"><a class=\"gallery-item photoswipe-item\" data-caption=\"\" data-width=\"630\" data-height=\"472\" href=\"https:\/\/cottage.cz\/wp-content\/uploads\/2016\/11\/lodicky-edmundova-soutezka.gif\" rel=\"lightbox[20524]\"><img decoding=\"async\" class=\"gallery-img-desktop lazyload\" data-src=\"https:\/\/cottage.cz\/wp-content\/uploads\/2016\/11\/lodicky-edmundova-soutezka-550x309.gif\" alt=\"\" src=\"data:image\/svg+xml;base64,PHN2ZyB3aWR0aD0iMSIgaGVpZ2h0PSIxIiB4bWxucz0iaHR0cDovL3d3dy53My5vcmcvMjAwMC9zdmciPjwvc3ZnPg==\" style=\"--smush-placeholder-width: 550px; --smush-placeholder-aspect-ratio: 550\/309;\" \/><img decoding=\"async\" class=\"gallery-img-mobile lazyload\" data-src=\"https:\/\/cottage.cz\/wp-content\/uploads\/2016\/11\/lodicky-edmundova-soutezka-500x500.gif\" alt=\"\" src=\"data:image\/svg+xml;base64,PHN2ZyB3aWR0aD0iMSIgaGVpZ2h0PSIxIiB4bWxucz0iaHR0cDovL3d3dy53My5vcmcvMjAwMC9zdmciPjwvc3ZnPg==\" style=\"--smush-placeholder-width: 500px; --smush-placeholder-aspect-ratio: 500\/500;\" \/><div class=\"gallery-enlarge\"><\/div><\/a><\/div><div class=\"gallery-column\"><a class=\"gallery-item photoswipe-item\" data-caption=\"under Pravcicka gate\" data-width=\"800\" data-height=\"450\" href=\"https:\/\/cottage.cz\/wp-content\/uploads\/2016\/11\/pravcicka.jpg\" rel=\"lightbox[20524]\"><img decoding=\"async\" class=\"gallery-img-desktop lazyload\" data-src=\"https:\/\/cottage.cz\/wp-content\/uploads\/2016\/11\/pravcicka-550x309.jpg\" alt=\"\" src=\"data:image\/svg+xml;base64,PHN2ZyB3aWR0aD0iMSIgaGVpZ2h0PSIxIiB4bWxucz0iaHR0cDovL3d3dy53My5vcmcvMjAwMC9zdmciPjwvc3ZnPg==\" style=\"--smush-placeholder-width: 550px; --smush-placeholder-aspect-ratio: 550\/309;\" \/><img decoding=\"async\" class=\"gallery-img-mobile lazyload\" data-src=\"https:\/\/cottage.cz\/wp-content\/uploads\/2016\/11\/pravcicka-500x500.jpg\" alt=\"\" src=\"data:image\/svg+xml;base64,PHN2ZyB3aWR0aD0iMSIgaGVpZ2h0PSIxIiB4bWxucz0iaHR0cDovL3d3dy53My5vcmcvMjAwMC9zdmciPjwvc3ZnPg==\" style=\"--smush-placeholder-width: 500px; --smush-placeholder-aspect-ratio: 500\/500;\" \/><div class=\"gallery-enlarge\"><\/div><\/a><\/div><div class=\"gallery-column\"><a class=\"gallery-item photoswipe-item\" data-caption=\"\" data-width=\"750\" data-height=\"458\" href=\"https:\/\/cottage.cz\/wp-content\/uploads\/2016\/11\/old_cottage.jpg\" rel=\"lightbox[20524]\"><img decoding=\"async\" class=\"gallery-img-desktop lazyload\" data-src=\"https:\/\/cottage.cz\/wp-content\/uploads\/2016\/11\/old_cottage-550x309.jpg\" alt=\"\" src=\"data:image\/svg+xml;base64,PHN2ZyB3aWR0aD0iMSIgaGVpZ2h0PSIxIiB4bWxucz0iaHR0cDovL3d3dy53My5vcmcvMjAwMC9zdmciPjwvc3ZnPg==\" style=\"--smush-placeholder-width: 550px; --smush-placeholder-aspect-ratio: 550\/309;\" \/><img decoding=\"async\" class=\"gallery-img-mobile lazyload\" data-src=\"https:\/\/cottage.cz\/wp-content\/uploads\/2016\/11\/old_cottage-500x500.jpg\" alt=\"\" src=\"data:image\/svg+xml;base64,PHN2ZyB3aWR0aD0iMSIgaGVpZ2h0PSIxIiB4bWxucz0iaHR0cDovL3d3dy53My5vcmcvMjAwMC9zdmciPjwvc3ZnPg==\" style=\"--smush-placeholder-width: 500px; --smush-placeholder-aspect-ratio: 500\/500;\" \/><div class=\"gallery-enlarge\"><\/div><\/a><\/div><style type=\"text\/css\">.gallery-1 .gallery-column { width: 33.33%; padding-bottom: 18.75%; }.gallery-1 { margin-left: -0px; margin-right: -0px; }.gallery-1 .gallery-item {bottom: 0px;left: 0px;right: 0px;top: 0px;}<\/style><\/div>\n","protected":false},"excerpt":{"rendered":"<p>Die Tschechoslowakische Schweiz war einer der ersten Orte auf der Welt, an dem sich die Tourismusbranche zu entwickeln begann. Die erste Touristenattraktion war die Bastei-Felsenbr\u00fccke (1851) und die Felsenburg Neuraten in der S\u00e4chsischen Schweiz. Bereits im 19. Jahrhundert str\u00f6mten die ersten Touristen in die B\u00f6hmische Schweiz. Der erste Tourismusbetrieb ist mit Graf Edmund Clary-Aldringen (1813-1894) [&hellip;]<\/p>\n","protected":false},"author":2,"featured_media":0,"parent":0,"menu_order":0,"comment_status":"closed","ping_status":"closed","template":"","meta":{"_monsterinsights_skip_tracking":false,"_monsterinsights_sitenote_active":false,"_monsterinsights_sitenote_note":"","_monsterinsights_sitenote_category":0,"ngg_post_thumbnail":0,"footnotes":""},"class_list":["post-20524","page","type-page","status-publish","hentry"],"aioseo_notices":[],"_links":{"self":[{"href":"https:\/\/cottage.cz\/de\/wp-json\/wp\/v2\/pages\/20524","targetHints":{"allow":["GET"]}}],"collection":[{"href":"https:\/\/cottage.cz\/de\/wp-json\/wp\/v2\/pages"}],"about":[{"href":"https:\/\/cottage.cz\/de\/wp-json\/wp\/v2\/types\/page"}],"author":[{"embeddable":true,"href":"https:\/\/cottage.cz\/de\/wp-json\/wp\/v2\/users\/2"}],"replies":[{"embeddable":true,"href":"https:\/\/cottage.cz\/de\/wp-json\/wp\/v2\/comments?post=20524"}],"version-history":[{"count":1,"href":"https:\/\/cottage.cz\/de\/wp-json\/wp\/v2\/pages\/20524\/revisions"}],"predecessor-version":[{"id":20525,"href":"https:\/\/cottage.cz\/de\/wp-json\/wp\/v2\/pages\/20524\/revisions\/20525"}],"wp:attachment":[{"href":"https:\/\/cottage.cz\/de\/wp-json\/wp\/v2\/media?parent=20524"}],"curies":[{"name":"wp","href":"https:\/\/api.w.org\/{rel}","templated":true}]}}