{"id":20510,"date":"2024-01-01T14:39:49","date_gmt":"2024-01-01T13:39:49","guid":{"rendered":"https:\/\/cottage.napokusy.cz\/?page_id=20510"},"modified":"2024-01-01T14:39:51","modified_gmt":"2024-01-01T13:39:51","slug":"unternehmungen","status":"publish","type":"page","link":"https:\/\/cottage.cz\/de\/unternehmungen\/","title":{"rendered":"Unternehmungen"},"content":{"rendered":"<div class=\"pt-cv-wrapper\"><div class=\"pt-cv-view pt-cv-grid pt-cv-colsys pt-cv-pgregular pt-cv-sharp-buttons\" id=\"pt-cv-view-ecdf67a0km\"><div data-id=\"pt-cv-page-1\" class=\"pt-cv-page\" data-cvc=\"3\"><div class=\"col-md-4 col-sm-6 col-xs-12 pt-cv-content-item pt-cv-1-col\"  data-pid=\"25534\"><div class='pt-cv-ifield'><a href=\"https:\/\/cottage.cz\/de\/reise-ganztaegige-e-bike-tour-durch-die-gesamte-boehmisch-saechsische-schweiz\/\" class=\"_self pt-cv-href-thumbnail pt-cv-thumb-default cvplbd\" target=\"_self\" ><img decoding=\"async\" width=\"300\" height=\"169\" data-src=\"https:\/\/cottage.cz\/wp-content\/uploads\/2015\/07\/ebike-ceske-svycarsko-300x169.jpg\" class=\"pt-cv-thumbnail img-none lazyload\" alt=\"Reise: Ganzt\u00e4gige E-Bike-Tour durch die gesamte B\u00f6hmisch-S\u00e4chsische Schweiz\" data-srcset=\"https:\/\/cottage.cz\/wp-content\/uploads\/2015\/07\/ebike-ceske-svycarsko-300x169.jpg 300w, https:\/\/cottage.cz\/wp-content\/uploads\/2015\/07\/ebike-ceske-svycarsko-768x432.jpg 768w, https:\/\/cottage.cz\/wp-content\/uploads\/2015\/07\/ebike-ceske-svycarsko-1024x576.jpg 1024w, https:\/\/cottage.cz\/wp-content\/uploads\/2015\/07\/ebike-ceske-svycarsko.jpg 1920w\" data-sizes=\"(max-width: 300px) 100vw, 300px\" src=\"data:image\/svg+xml;base64,PHN2ZyB3aWR0aD0iMSIgaGVpZ2h0PSIxIiB4bWxucz0iaHR0cDovL3d3dy53My5vcmcvMjAwMC9zdmciPjwvc3ZnPg==\" style=\"--smush-placeholder-width: 300px; --smush-placeholder-aspect-ratio: 300\/169;\" \/><\/a>\n<h4 class=\"pt-cv-title\"><a href=\"https:\/\/cottage.cz\/de\/reise-ganztaegige-e-bike-tour-durch-die-gesamte-boehmisch-saechsische-schweiz\/\" class=\"_self cvplbd\" target=\"_self\" >Reise: Ganzt\u00e4gige E-Bike-Tour durch die gesamte B\u00f6hmisch-S\u00e4chsische Schweiz<\/a><\/h4>\n<div class=\"pt-cv-content\">\u201eIch genie\u00dfe die Natur und trete trotzdem in die Pedale und fahre, ohne ins Schwitzen zu kommen, daf\u00fcr gibt es ...<br \/><div class=\"pt-cv-rmwrap\"><a href=\"https:\/\/cottage.cz\/de\/reise-ganztaegige-e-bike-tour-durch-die-gesamte-boehmisch-saechsische-schweiz\/\" class=\"_self pt-cv-readmore btn btn-success cvplbd\" target=\"_self\">V\u00edce informac\u00ed zde<\/a><\/div><\/div><\/div><\/div>\n<div class=\"col-md-4 col-sm-6 col-xs-12 pt-cv-content-item pt-cv-1-col\"  data-pid=\"21166\"><div class='pt-cv-ifield'><a href=\"https:\/\/cottage.cz\/de\/tour-schneeschuhwanderungen\/\" class=\"_self pt-cv-href-thumbnail pt-cv-thumb-default cvplbd\" target=\"_self\" ><img decoding=\"async\" width=\"300\" height=\"169\" data-src=\"https:\/\/cottage.cz\/wp-content\/uploads\/2016\/02\/IMG_20170112_143120-300x169.jpg\" class=\"pt-cv-thumbnail img-none lazyload\" alt=\"Tour: Schneeschuhwanderungen\" data-srcset=\"https:\/\/cottage.cz\/wp-content\/uploads\/2016\/02\/IMG_20170112_143120-300x169.jpg 300w, https:\/\/cottage.cz\/wp-content\/uploads\/2016\/02\/IMG_20170112_143120-768x432.jpg 768w, https:\/\/cottage.cz\/wp-content\/uploads\/2016\/02\/IMG_20170112_143120-1024x576.jpg 1024w, https:\/\/cottage.cz\/wp-content\/uploads\/2016\/02\/IMG_20170112_143120.jpg 1920w\" data-sizes=\"(max-width: 300px) 100vw, 300px\" src=\"data:image\/svg+xml;base64,PHN2ZyB3aWR0aD0iMSIgaGVpZ2h0PSIxIiB4bWxucz0iaHR0cDovL3d3dy53My5vcmcvMjAwMC9zdmciPjwvc3ZnPg==\" style=\"--smush-placeholder-width: 300px; --smush-placeholder-aspect-ratio: 300\/169;\" \/><\/a>\n<h4 class=\"pt-cv-title\"><a href=\"https:\/\/cottage.cz\/de\/tour-schneeschuhwanderungen\/\" class=\"_self cvplbd\" target=\"_self\" >Tour: Schneeschuhwanderungen<\/a><\/h4>\n<div class=\"pt-cv-content\">Kommen Sie versuchen Schneeschuh- und entdecken Sie die verschneite Landschaft der B\u00f6hmischen Schweiz und Lausitzer Gebirge, untrodden Platz weg Stra\u00dfen.\u00a0Schneeschuhe ...<br \/><div class=\"pt-cv-rmwrap\"><a href=\"https:\/\/cottage.cz\/de\/tour-schneeschuhwanderungen\/\" class=\"_self pt-cv-readmore btn btn-success cvplbd\" target=\"_self\">V\u00edce informac\u00ed zde<\/a><\/div><\/div><\/div><\/div>\n<div class=\"col-md-4 col-sm-6 col-xs-12 pt-cv-content-item pt-cv-1-col\"  data-pid=\"21153\"><div class='pt-cv-ifield'><a href=\"https:\/\/cottage.cz\/de\/kurs-nordic-walking\/\" class=\"_self pt-cv-href-thumbnail pt-cv-thumb-default cvplbd\" target=\"_self\" ><img decoding=\"async\" width=\"300\" height=\"200\" data-src=\"https:\/\/cottage.cz\/wp-content\/uploads\/2018\/03\/IMG_8722-300x200.jpg\" class=\"pt-cv-thumbnail img-none lazyload\" alt=\"Kurs: Nordic Walking\" data-srcset=\"https:\/\/cottage.cz\/wp-content\/uploads\/2018\/03\/IMG_8722-300x200.jpg 300w, https:\/\/cottage.cz\/wp-content\/uploads\/2018\/03\/IMG_8722-768x512.jpg 768w, https:\/\/cottage.cz\/wp-content\/uploads\/2018\/03\/IMG_8722-1024x683.jpg 1024w\" data-sizes=\"(max-width: 300px) 100vw, 300px\" src=\"data:image\/svg+xml;base64,PHN2ZyB3aWR0aD0iMSIgaGVpZ2h0PSIxIiB4bWxucz0iaHR0cDovL3d3dy53My5vcmcvMjAwMC9zdmciPjwvc3ZnPg==\" style=\"--smush-placeholder-width: 300px; --smush-placeholder-aspect-ratio: 300\/200;\" \/><\/a>\n<h4 class=\"pt-cv-title\"><a href=\"https:\/\/cottage.cz\/de\/kurs-nordic-walking\/\" class=\"_self cvplbd\" target=\"_self\" >Kurs: Nordic Walking<\/a><\/h4>\n<div class=\"pt-cv-content\">M\u00f6chten Sie auf Reisen mit St\u00f6cken gehen? Nordic Yoga? M\u00f6chten Sie erfahren,, ob Sie die richtigen St\u00f6cke benutzen , perfekte ...<br \/><div class=\"pt-cv-rmwrap\"><a href=\"https:\/\/cottage.cz\/de\/kurs-nordic-walking\/\" class=\"_self pt-cv-readmore btn btn-success cvplbd\" target=\"_self\">V\u00edce informac\u00ed zde<\/a><\/div><\/div><\/div><\/div>\n<div class=\"col-md-4 col-sm-6 col-xs-12 pt-cv-content-item pt-cv-1-col\"  data-pid=\"21147\"><div class='pt-cv-ifield'><a href=\"https:\/\/cottage.cz\/de\/fuehrungen\/\" class=\"_self pt-cv-href-thumbnail pt-cv-thumb-default cvplbd\" target=\"_self\" ><img decoding=\"async\" width=\"300\" height=\"200\" data-src=\"https:\/\/cottage.cz\/wp-content\/uploads\/2020\/03\/DSCF4847-2-300x200.jpg\" class=\"pt-cv-thumbnail img-none lazyload\" alt=\"F\u00fchrer zum Nationalpark B\u00f6hmische Schweiz\" data-srcset=\"https:\/\/cottage.cz\/wp-content\/uploads\/2020\/03\/DSCF4847-2-300x200.jpg 300w, https:\/\/cottage.cz\/wp-content\/uploads\/2020\/03\/DSCF4847-2-1024x683.jpg 1024w, https:\/\/cottage.cz\/wp-content\/uploads\/2020\/03\/DSCF4847-2-768x512.jpg 768w, https:\/\/cottage.cz\/wp-content\/uploads\/2020\/03\/DSCF4847-2-1536x1024.jpg 1536w, https:\/\/cottage.cz\/wp-content\/uploads\/2020\/03\/DSCF4847-2-2048x1365.jpg 2048w\" data-sizes=\"(max-width: 300px) 100vw, 300px\" src=\"data:image\/svg+xml;base64,PHN2ZyB3aWR0aD0iMSIgaGVpZ2h0PSIxIiB4bWxucz0iaHR0cDovL3d3dy53My5vcmcvMjAwMC9zdmciPjwvc3ZnPg==\" style=\"--smush-placeholder-width: 300px; --smush-placeholder-aspect-ratio: 300\/200;\" \/><\/a>\n<h4 class=\"pt-cv-title\"><a href=\"https:\/\/cottage.cz\/de\/fuehrungen\/\" class=\"_self cvplbd\" target=\"_self\" >F\u00fchrer zum Nationalpark B\u00f6hmische Schweiz<\/a><\/h4>\n<div class=\"pt-cv-content\">Wir organisieren eine individuelle Reise mit Programm in der B\u00f6hmischen Schweiz, Lausitzer Berge auf Wunsch. Sie sind ein Unternehmen und ...<br \/><div class=\"pt-cv-rmwrap\"><a href=\"https:\/\/cottage.cz\/de\/fuehrungen\/\" class=\"_self pt-cv-readmore btn btn-success cvplbd\" target=\"_self\">V\u00edce informac\u00ed zde<\/a><\/div><\/div><\/div><\/div><\/div><\/div><\/div>\t\t\t<style type=\"text\/css\" id=\"pt-cv-inline-style-273c9c643o\">#pt-cv-view-ecdf67a0km.pt-cv-post-border { margin: 0; border-top-width: 1px; border-left-width: 1px }\n#pt-cv-view-ecdf67a0km.pt-cv-post-border { margin: 0; border-top-style: solid; border-left-style: solid }\n#pt-cv-view-ecdf67a0km.pt-cv-post-border .pt-cv-content-item   { border-right-width: 1px; border-bottom-width: 1px; border-right-style: solid; border-bottom-style: solid; }\n#pt-cv-view-ecdf67a0km .pt-cv-title a, #pt-cv-view-ecdf67a0km  .panel-title { font-weight: 600 !important; }\n#pt-cv-view-ecdf67a0km .pt-cv-readmore  { color: #ffffff !important; background-color: #ba7f42 !important; }\n#pt-cv-view-ecdf67a0km .pt-cv-readmore:hover  { color: #ffffff !important; background-color: #ba7f42 !important; }\n#pt-cv-view-ecdf67a0km  + .pt-cv-pagination-wrapper .pt-cv-more , #pt-cv-view-ecdf67a0km  + .pt-cv-pagination-wrapper .pagination .active a { color: #ffffff !important; background-color: #ba7f42 !important; }<\/style>\r\n\t\t\t\n","protected":false},"excerpt":{"rendered":"","protected":false},"author":2,"featured_media":14980,"parent":0,"menu_order":0,"comment_status":"closed","ping_status":"closed","template":"","meta":{"_monsterinsights_skip_tracking":false,"_monsterinsights_sitenote_active":false,"_monsterinsights_sitenote_note":"","_monsterinsights_sitenote_category":0,"ngg_post_thumbnail":0,"footnotes":""},"class_list":["post-20510","page","type-page","status-publish","has-post-thumbnail","hentry"],"aioseo_notices":[],"_links":{"self":[{"href":"https:\/\/cottage.cz\/de\/wp-json\/wp\/v2\/pages\/20510","targetHints":{"allow":["GET"]}}],"collection":[{"href":"https:\/\/cottage.cz\/de\/wp-json\/wp\/v2\/pages"}],"about":[{"href":"https:\/\/cottage.cz\/de\/wp-json\/wp\/v2\/types\/page"}],"author":[{"embeddable":true,"href":"https:\/\/cottage.cz\/de\/wp-json\/wp\/v2\/users\/2"}],"replies":[{"embeddable":true,"href":"https:\/\/cottage.cz\/de\/wp-json\/wp\/v2\/comments?post=20510"}],"version-history":[{"count":1,"href":"https:\/\/cottage.cz\/de\/wp-json\/wp\/v2\/pages\/20510\/revisions"}],"predecessor-version":[{"id":20511,"href":"https:\/\/cottage.cz\/de\/wp-json\/wp\/v2\/pages\/20510\/revisions\/20511"}],"wp:featuredmedia":[{"embeddable":true,"href":"https:\/\/cottage.cz\/de\/wp-json\/wp\/v2\/media\/14980"}],"wp:attachment":[{"href":"https:\/\/cottage.cz\/de\/wp-json\/wp\/v2\/media?parent=20510"}],"curies":[{"name":"wp","href":"https:\/\/api.w.org\/{rel}","templated":true}]}}