{"id":20463,"date":"2023-12-29T16:26:35","date_gmt":"2023-12-29T15:26:35","guid":{"rendered":"https:\/\/cottage.napokusy.cz\/?page_id=20463"},"modified":"2023-12-29T16:26:38","modified_gmt":"2023-12-29T15:26:38","slug":"prebischtor-2","status":"publish","type":"page","link":"https:\/\/cottage.cz\/de\/prebischtor-2\/","title":{"rendered":"Prebischtor"},"content":{"rendered":"<p>Das nationale Naturdenkmal Prav\u010dick\u00e1 br\u00e1na (deutsch Prebischtor) ist eine Felsformation auf dem Gebiet des Nationalparks B\u00f6hmische Schweiz, etwa 3 km von H\u0159ensk entfernt. Die Gr\u00f6\u00dfe des Tores betr\u00e4gt jeweils 26,5 Meter in der Breite und 16 Meter in der H\u00f6he. Prav\u010dick\u00e1 br\u00e1na ist das gr\u00f6\u00dfte Sandsteinfelsentor Europas. Im umliegenden Felsmassiv Prav\u010dick\u00e1 br\u00e1ny befindet sich die Burg und das Restaurant Sokol\u00ed hn\u00edzdo.<\/p>\n<p>Achtung: Das m\u00f6chten Sie sehen. Eintrittspreis je 75 CZK pro Kopf an den Schlossbesitzer, n\u00e9 NP \u010cesk\u00e9 \u0160v\u00fdcarsko. Aktuelle \u00d6ffnungszeiten und Eintrittspreise finden Sie hier.<\/p>\n<p>Der Preis f\u00fcr den H\u0159enska-Teller betr\u00e4gt mindestens 100 CZK (Mindestpreis 100 CZK)<\/p>\n<p>Die zweite und bessere M\u00f6glichkeit, nach Prav\u010dick\u00e1 br\u00e1na zu gelangen, ist die rote Stra\u00dfe von Mezn\u00ed Louka (oder von Mezn\u00e1 \u2013 ohne Parkgeb\u00fchr). Wer aber nichts damit zu tun haben m\u00f6chte, muss sich mit einem Touristenbus ein paar Minuten Zeit nehmen, um dorthin zu gelangen.<\/p>\n<p><iframe data-src=\"https:\/\/www.youtube.com\/embed\/xCLTv8WxrKs\" width=\"853\" height=\"480\" frameborder=\"0\" src=\"data:image\/svg+xml;base64,PHN2ZyB3aWR0aD0iMSIgaGVpZ2h0PSIxIiB4bWxucz0iaHR0cDovL3d3dy53My5vcmcvMjAwMC9zdmciPjwvc3ZnPg==\" class=\"lazyload\" data-load-mode=\"1\"><\/iframe><\/p>\n<p><img decoding=\"async\" src=\"http:\/\/cottage.cz\/wp-content\/uploads\/2017\/07\/cottage_files\/01 Prav\u010dick\u00e1 br\u00e1na,  foto Z. Patzelt.jpg\" \/><img decoding=\"async\" src=\"http:\/\/cottage.cz\/wp-content\/uploads\/2017\/07\/cottage_files\/15 Prav\u010dick\u00e1 br\u00e1na v zim\u011b, foto V. Sojka.jpg\" \/><img decoding=\"async\" data-src=\"http:\/\/cottage.cz\/wp-content\/uploads\/2017\/07\/cottage_files\/WP_20150812_13_02_41_Pro.jpg\" src=\"data:image\/svg+xml;base64,PHN2ZyB3aWR0aD0iMSIgaGVpZ2h0PSIxIiB4bWxucz0iaHR0cDovL3d3dy53My5vcmcvMjAwMC9zdmciPjwvc3ZnPg==\" class=\"lazyload\" \/><img decoding=\"async\" data-src=\"http:\/\/cottage.cz\/wp-content\/uploads\/2017\/07\/cottage_files\/WP_20150812_13_16_23_Pro.jpg\" src=\"data:image\/svg+xml;base64,PHN2ZyB3aWR0aD0iMSIgaGVpZ2h0PSIxIiB4bWxucz0iaHR0cDovL3d3dy53My5vcmcvMjAwMC9zdmciPjwvc3ZnPg==\" class=\"lazyload\" \/><\/p>\n","protected":false},"excerpt":{"rendered":"<p>Das nationale Naturdenkmal Prav\u010dick\u00e1 br\u00e1na (deutsch Prebischtor) ist eine Felsformation auf dem Gebiet des Nationalparks B\u00f6hmische Schweiz, etwa 3 km von H\u0159ensk entfernt. Die Gr\u00f6\u00dfe des Tores betr\u00e4gt jeweils 26,5 Meter in der Breite und 16 Meter in der H\u00f6he. Prav\u010dick\u00e1 br\u00e1na ist das gr\u00f6\u00dfte Sandsteinfelsentor Europas. Im umliegenden Felsmassiv Prav\u010dick\u00e1 br\u00e1ny befindet sich die [&hellip;]<\/p>\n","protected":false},"author":2,"featured_media":0,"parent":0,"menu_order":0,"comment_status":"closed","ping_status":"closed","template":"","meta":{"_monsterinsights_skip_tracking":false,"_monsterinsights_sitenote_active":false,"_monsterinsights_sitenote_note":"","_monsterinsights_sitenote_category":0,"ngg_post_thumbnail":0,"footnotes":""},"class_list":["post-20463","page","type-page","status-publish","hentry"],"aioseo_notices":[],"_links":{"self":[{"href":"https:\/\/cottage.cz\/de\/wp-json\/wp\/v2\/pages\/20463","targetHints":{"allow":["GET"]}}],"collection":[{"href":"https:\/\/cottage.cz\/de\/wp-json\/wp\/v2\/pages"}],"about":[{"href":"https:\/\/cottage.cz\/de\/wp-json\/wp\/v2\/types\/page"}],"author":[{"embeddable":true,"href":"https:\/\/cottage.cz\/de\/wp-json\/wp\/v2\/users\/2"}],"replies":[{"embeddable":true,"href":"https:\/\/cottage.cz\/de\/wp-json\/wp\/v2\/comments?post=20463"}],"version-history":[{"count":1,"href":"https:\/\/cottage.cz\/de\/wp-json\/wp\/v2\/pages\/20463\/revisions"}],"predecessor-version":[{"id":20464,"href":"https:\/\/cottage.cz\/de\/wp-json\/wp\/v2\/pages\/20463\/revisions\/20464"}],"wp:attachment":[{"href":"https:\/\/cottage.cz\/de\/wp-json\/wp\/v2\/media?parent=20463"}],"curies":[{"name":"wp","href":"https:\/\/api.w.org\/{rel}","templated":true}]}}