{"id":20455,"date":"2023-12-29T16:17:54","date_gmt":"2023-12-29T15:17:54","guid":{"rendered":"https:\/\/cottage.napokusy.cz\/?page_id=20455"},"modified":"2024-11-13T11:45:59","modified_gmt":"2024-11-13T10:45:59","slug":"der-nationalpark-boehmische-schweiz","status":"publish","type":"page","link":"https:\/\/cottage.cz\/de\/der-nationalpark-boehmische-schweiz\/","title":{"rendered":"Der Nationalpark B\u00f6hmische Schweiz"},"content":{"rendered":"<p>Der Nationalpark B\u00f6hmische Schweiz wurde im Jahr 2000 zum Nationalpark B\u00f6hmische Schweiz erkl\u00e4rt. Das Hauptschutzobjekt sind die einzigartigen Sandsteinformationen und das mit ihnen verbundene Biotop. Massive Felst\u00fcrme, Tore, Mauern, Schluchten, St\u00e4dte und Labyrinthe entstanden durch die Erosion mariner Sedimente aus der Kreidezeit, die im Quart\u00e4r durch die Alpenfaltung an die Oberfl\u00e4che gelangten. Die bekannteste Felsformation ist Prav\u010dick\u00e1 br\u00e1na.<\/p>\n<p>\u010cesk\u00e9 \u0160v\u00fdcarsko liegt im Bezirk D\u011b\u010d\u00edn zwischen den D\u00f6rfern <a href=\"https:\/\/cottage.cz\/de\/hrensko\/\">H\u0159ensko<\/a>, Ch\u0159ibsk\u00e1 und dem Dorf Brtn\u00edky. Es nimmt ein Gebiet nahe der Staatsgrenze zu Deutschland ein, das es vom Nationalpark S\u00e4chsische Schweiz trennt. Die Fl\u00e4che des Parks betr\u00e4gt 79,23 km\u00b2.<\/p>\n<p>Das Gebiet geh\u00f6rt zur geomorphologischen Einheit des D\u011b\u010d\u00edner Berglandes, das Teil der Kru\u0161nohorsk\u00e1 Hornatina ist. Im Park gibt es nur ein Dorf, n\u00e4mlich Mezn\u00e1, das zur Gemeinde H\u0159ensko geh\u00f6rt, sowie die Ruinen einer Wasserm\u00fchle und mehrerer Felsenburgen (z. B. Falken\u0161tejn, \u0160aun\u0161tejn, Brtnick\u00fd hradek, &#8230;). W\u00e4lder bedecken 97 % des Territoriums. Die urspr\u00fcnglich vorherrschende Waldbuche wurde durch die heute stark vorherrschende Fichte verdr\u00e4ngt. Einst war die Kentish-Hortensie eine bekannte Pflanze des Parks, aber sie kommt im Park nicht mehr vor, ebenso wie viele andere Tiere wie europ\u00e4ische Elche oder Wildkatzen. In der B\u00f6hmischen Schweiz nisten Dutzende Vogelarten, darunter der Schwarzstorch oder der Wanderfalke, deren heimischer Bestand der gr\u00f6\u00dfte in Mitteleuropa ist.<\/p>\n<p>Offizielle Website der Verwaltung des Nationalparks B\u00f6hmische Schweiz: www.npcs.cz<\/p>\n","protected":false},"excerpt":{"rendered":"<p>Der Nationalpark B\u00f6hmische Schweiz wurde im Jahr 2000 zum Nationalpark B\u00f6hmische Schweiz erkl\u00e4rt. Das Hauptschutzobjekt sind die einzigartigen Sandsteinformationen und das mit ihnen verbundene Biotop. Massive Felst\u00fcrme, Tore, Mauern, Schluchten, St\u00e4dte und Labyrinthe entstanden durch die Erosion mariner Sedimente aus der Kreidezeit, die im Quart\u00e4r durch die Alpenfaltung an die Oberfl\u00e4che gelangten. Die bekannteste Felsformation [&hellip;]<\/p>\n","protected":false},"author":2,"featured_media":13621,"parent":0,"menu_order":0,"comment_status":"closed","ping_status":"closed","template":"","meta":{"_monsterinsights_skip_tracking":false,"_monsterinsights_sitenote_active":false,"_monsterinsights_sitenote_note":"","_monsterinsights_sitenote_category":0,"ngg_post_thumbnail":0,"footnotes":""},"class_list":["post-20455","page","type-page","status-publish","has-post-thumbnail","hentry"],"aioseo_notices":[],"_links":{"self":[{"href":"https:\/\/cottage.cz\/de\/wp-json\/wp\/v2\/pages\/20455","targetHints":{"allow":["GET"]}}],"collection":[{"href":"https:\/\/cottage.cz\/de\/wp-json\/wp\/v2\/pages"}],"about":[{"href":"https:\/\/cottage.cz\/de\/wp-json\/wp\/v2\/types\/page"}],"author":[{"embeddable":true,"href":"https:\/\/cottage.cz\/de\/wp-json\/wp\/v2\/users\/2"}],"replies":[{"embeddable":true,"href":"https:\/\/cottage.cz\/de\/wp-json\/wp\/v2\/comments?post=20455"}],"version-history":[{"count":2,"href":"https:\/\/cottage.cz\/de\/wp-json\/wp\/v2\/pages\/20455\/revisions"}],"predecessor-version":[{"id":23900,"href":"https:\/\/cottage.cz\/de\/wp-json\/wp\/v2\/pages\/20455\/revisions\/23900"}],"wp:featuredmedia":[{"embeddable":true,"href":"https:\/\/cottage.cz\/de\/wp-json\/wp\/v2\/media\/13621"}],"wp:attachment":[{"href":"https:\/\/cottage.cz\/de\/wp-json\/wp\/v2\/media?parent=20455"}],"curies":[{"name":"wp","href":"https:\/\/api.w.org\/{rel}","templated":true}]}}