{"id":20442,"date":"2023-12-20T17:10:50","date_gmt":"2023-12-20T16:10:50","guid":{"rendered":"https:\/\/cottage.napokusy.cz\/?page_id=20442"},"modified":"2023-12-20T17:10:54","modified_gmt":"2023-12-20T16:10:54","slug":"newsletter","status":"publish","type":"page","link":"https:\/\/cottage.cz\/de\/newsletter\/","title":{"rendered":"Newsletter"},"content":{"rendered":"\n<p>Liebe G\u00e4ste,<\/p>\n\n\n\n<p>bei sozialen Netzwerken geht es von zehn auf f\u00fcnf. Wir schaffen gegenseitige Verbindungen auf andere Weise als hier. Wir m\u00f6chten Sie daher am liebsten per E-Mail \u00fcber unsere Veranstaltungen, Neuigkeiten, Ideen, freie Termine oder Inspirationen zum Thema Nachhaltigkeit, gesunder Lebensstil, Familienunternehmen und Slow Travel informieren. Wenn Sie danach suchen, melden Sie sich hier f\u00fcr den Newsletter an:<\/p>\n\n\n<div class=\"tnp tnp-subscription \">\n<form method=\"post\" action=\"https:\/\/cottage.cz\/wp-admin\/admin-ajax.php?action=tnp&amp;na=s\">\n<input type=\"hidden\" name=\"nlang\" value=\"de\">\n<div class=\"tnp-field tnp-field-firstname\"><label for=\"tnp-1\">Vorname<\/label>\n<input class=\"tnp-name\" type=\"text\" name=\"nn\" id=\"tnp-1\" value=\"\" placeholder=\"\"><\/div>\n<div class=\"tnp-field tnp-field-email\"><label for=\"tnp-2\">E-Mail-Adresse<\/label>\n<input class=\"tnp-email\" type=\"email\" name=\"ne\" id=\"tnp-2\" value=\"\" placeholder=\"\" required><\/div>\n<div class=\"tnp-field tnp-privacy-field\"><label><input type=\"checkbox\" name=\"ny\" required class=\"tnp-privacy\"> Hiermit akzeptiere ich die Datenschutzbestimmungen<\/label><\/div><div class=\"tnp-field tnp-field-button\" style=\"text-align: left\"><input class=\"tnp-submit\" type=\"submit\" value=\"Abonnieren\" style=\"\">\n<\/div>\n<\/form>\n<\/div>\n\n\n\n\n<p>Unser Newsletter wird niemals von k\u00fcnstlicher Intelligenz geschrieben, sondern von uns zwei lebenden Menschen \ud83d\ude42<\/p>\n\n\n\n<p>Irena a Ale\u0161 Kubicovi<\/p>\n\n\n\n<p><\/p>\n","protected":false},"excerpt":{"rendered":"<p>Liebe G\u00e4ste, bei sozialen Netzwerken geht es von zehn auf f\u00fcnf. Wir schaffen gegenseitige Verbindungen auf andere Weise als hier. Wir m\u00f6chten Sie daher am liebsten per E-Mail \u00fcber unsere Veranstaltungen, Neuigkeiten, Ideen, freie Termine oder Inspirationen zum Thema Nachhaltigkeit, gesunder Lebensstil, Familienunternehmen und Slow Travel informieren. Wenn Sie danach suchen, melden Sie sich hier [&hellip;]<\/p>\n","protected":false},"author":2,"featured_media":19588,"parent":0,"menu_order":0,"comment_status":"closed","ping_status":"closed","template":"","meta":{"_monsterinsights_skip_tracking":false,"_monsterinsights_sitenote_active":false,"_monsterinsights_sitenote_note":"","_monsterinsights_sitenote_category":0,"ngg_post_thumbnail":0,"footnotes":""},"class_list":["post-20442","page","type-page","status-publish","has-post-thumbnail","hentry"],"aioseo_notices":[],"_links":{"self":[{"href":"https:\/\/cottage.cz\/de\/wp-json\/wp\/v2\/pages\/20442","targetHints":{"allow":["GET"]}}],"collection":[{"href":"https:\/\/cottage.cz\/de\/wp-json\/wp\/v2\/pages"}],"about":[{"href":"https:\/\/cottage.cz\/de\/wp-json\/wp\/v2\/types\/page"}],"author":[{"embeddable":true,"href":"https:\/\/cottage.cz\/de\/wp-json\/wp\/v2\/users\/2"}],"replies":[{"embeddable":true,"href":"https:\/\/cottage.cz\/de\/wp-json\/wp\/v2\/comments?post=20442"}],"version-history":[{"count":1,"href":"https:\/\/cottage.cz\/de\/wp-json\/wp\/v2\/pages\/20442\/revisions"}],"predecessor-version":[{"id":20443,"href":"https:\/\/cottage.cz\/de\/wp-json\/wp\/v2\/pages\/20442\/revisions\/20443"}],"wp:featuredmedia":[{"embeddable":true,"href":"https:\/\/cottage.cz\/de\/wp-json\/wp\/v2\/media\/19588"}],"wp:attachment":[{"href":"https:\/\/cottage.cz\/de\/wp-json\/wp\/v2\/media?parent=20442"}],"curies":[{"name":"wp","href":"https:\/\/api.w.org\/{rel}","templated":true}]}}