{"id":20435,"date":"2023-12-20T16:59:36","date_gmt":"2023-12-20T15:59:36","guid":{"rendered":"https:\/\/cottage.napokusy.cz\/?page_id=20435"},"modified":"2023-12-20T16:59:38","modified_gmt":"2023-12-20T15:59:38","slug":"khaa","status":"publish","type":"page","link":"https:\/\/cottage.cz\/de\/khaa\/","title":{"rendered":"Khaa"},"content":{"rendered":"<p>Kyjov (deutsch: Khaa) ist ein langgestrecktes Dorf (361 m \u00fc.d.M.) am Fluss K\u0159inice. In Kyjov und seinen Teilen, z.B. Dlouh\u00fd D\u016fl, gibt es viele romantische Holzh\u00fctten, H\u00fctten und Pfahlbauten. Eines der bekanntesten ist das Gasthaus Na Fakult\u011b oder Dix\u016fv ml\u00fdn am Eingang zum Kyjovsk\u00e9 \u00fadol\u00ed. Bereits im Jahr 1884 wurde hier der Gebirgsverein Kyjovsk\u00e9 \u00fadol\u00ed gegr\u00fcndet, der interessante Felsformationen (ehemals Feenh\u00f6hle) zug\u00e4nglich machte. Im Dorf gibt es einen Kyjovsk\u00e1-Staudamm mit der M\u00f6glichkeit zum angenehmen Naturbaden<\/p>\n\n\n<figure class=\"wp-block-image size-large\"><img decoding=\"async\" width=\"1024\" height=\"576\" data-src=\"https:\/\/www.cottage.cz\/wp-content\/uploads\/2020\/06\/IMG_20161204_144649-1024x576.jpg\" alt=\"\" class=\"wp-image-7400 lazyload\" data-srcset=\"https:\/\/cottage.cz\/wp-content\/uploads\/2020\/06\/IMG_20161204_144649-1024x576.jpg 1024w, https:\/\/cottage.cz\/wp-content\/uploads\/2020\/06\/IMG_20161204_144649-300x169.jpg 300w, https:\/\/cottage.cz\/wp-content\/uploads\/2020\/06\/IMG_20161204_144649-768x432.jpg 768w, https:\/\/cottage.cz\/wp-content\/uploads\/2020\/06\/IMG_20161204_144649-1536x864.jpg 1536w, https:\/\/cottage.cz\/wp-content\/uploads\/2020\/06\/IMG_20161204_144649.jpg 1920w\" data-sizes=\"(max-width: 1024px) 100vw, 1024px\" src=\"data:image\/svg+xml;base64,PHN2ZyB3aWR0aD0iMSIgaGVpZ2h0PSIxIiB4bWxucz0iaHR0cDovL3d3dy53My5vcmcvMjAwMC9zdmciPjwvc3ZnPg==\" style=\"--smush-placeholder-width: 1024px; --smush-placeholder-aspect-ratio: 1024\/576;\" \/><figcaption class=\"wp-element-caption\">Informa\u010dn\u00ed tabule v Kyjov\u011b<\/figcaption><\/figure>\n\n\n\n<figure class=\"wp-block-image size-large\"><img decoding=\"async\" width=\"1024\" height=\"768\" data-src=\"https:\/\/www.cottage.cz\/wp-content\/uploads\/2020\/06\/IMG_20181212_122819-1024x768.jpg\" alt=\"\" class=\"wp-image-7402 lazyload\" data-srcset=\"https:\/\/cottage.cz\/wp-content\/uploads\/2020\/06\/IMG_20181212_122819-1024x768.jpg 1024w, https:\/\/cottage.cz\/wp-content\/uploads\/2020\/06\/IMG_20181212_122819-300x225.jpg 300w, https:\/\/cottage.cz\/wp-content\/uploads\/2020\/06\/IMG_20181212_122819-768x576.jpg 768w, https:\/\/cottage.cz\/wp-content\/uploads\/2020\/06\/IMG_20181212_122819-1536x1152.jpg 1536w, https:\/\/cottage.cz\/wp-content\/uploads\/2020\/06\/IMG_20181212_122819-2048x1536.jpg 2048w\" data-sizes=\"(max-width: 1024px) 100vw, 1024px\" src=\"data:image\/svg+xml;base64,PHN2ZyB3aWR0aD0iMSIgaGVpZ2h0PSIxIiB4bWxucz0iaHR0cDovL3d3dy53My5vcmcvMjAwMC9zdmciPjwvc3ZnPg==\" style=\"--smush-placeholder-width: 1024px; --smush-placeholder-aspect-ratio: 1024\/768;\" \/><figcaption class=\"wp-element-caption\">Kyjovsk\u00e1 p\u0159ehrada v zim\u011b<\/figcaption><\/figure>\n\n\n\n<figure class=\"wp-block-image size-large\"><img decoding=\"async\" width=\"240\" height=\"240\" data-src=\"https:\/\/www.cottage.cz\/wp-content\/uploads\/2014\/06\/chalupa-v-kyjove.jpg\" alt=\"\" class=\"wp-image-862 lazyload\" data-srcset=\"https:\/\/cottage.cz\/wp-content\/uploads\/2014\/06\/chalupa-v-kyjove.jpg 240w, https:\/\/cottage.cz\/wp-content\/uploads\/2014\/06\/chalupa-v-kyjove-150x150.jpg 150w, https:\/\/cottage.cz\/wp-content\/uploads\/2014\/06\/chalupa-v-kyjove-60x60.jpg 60w\" data-sizes=\"(max-width: 240px) 100vw, 240px\" src=\"data:image\/svg+xml;base64,PHN2ZyB3aWR0aD0iMSIgaGVpZ2h0PSIxIiB4bWxucz0iaHR0cDovL3d3dy53My5vcmcvMjAwMC9zdmciPjwvc3ZnPg==\" style=\"--smush-placeholder-width: 240px; --smush-placeholder-aspect-ratio: 240\/240;\" \/><\/figure>\n\n\n\n<figure class=\"wp-block-image size-large\"><img decoding=\"async\" width=\"800\" height=\"533\" data-src=\"https:\/\/www.cottage.cz\/wp-content\/uploads\/2013\/05\/aq.jpg\" alt=\"\" class=\"wp-image-3410 lazyload\" data-srcset=\"https:\/\/cottage.cz\/wp-content\/uploads\/2013\/05\/aq.jpg 800w, https:\/\/cottage.cz\/wp-content\/uploads\/2013\/05\/aq-300x200.jpg 300w, https:\/\/cottage.cz\/wp-content\/uploads\/2013\/05\/aq-768x512.jpg 768w\" data-sizes=\"(max-width: 800px) 100vw, 800px\" src=\"data:image\/svg+xml;base64,PHN2ZyB3aWR0aD0iMSIgaGVpZ2h0PSIxIiB4bWxucz0iaHR0cDovL3d3dy53My5vcmcvMjAwMC9zdmciPjwvc3ZnPg==\" style=\"--smush-placeholder-width: 800px; --smush-placeholder-aspect-ratio: 800\/533;\" \/><figcaption class=\"wp-element-caption\">Kyjovsk\u00e9 \u00fadol\u00ed &#8211; 1 hodina p\u011b\u0161ky<\/figcaption><\/figure>\n\n\n\n<figure class=\"wp-block-image size-large\"><img decoding=\"async\" width=\"800\" height=\"533\" data-src=\"https:\/\/www.cottage.cz\/wp-content\/uploads\/2015\/02\/rokle-kyjovske-udoli.jpg\" alt=\"\" class=\"wp-image-3376 lazyload\" data-srcset=\"https:\/\/cottage.cz\/wp-content\/uploads\/2015\/02\/rokle-kyjovske-udoli.jpg 800w, https:\/\/cottage.cz\/wp-content\/uploads\/2015\/02\/rokle-kyjovske-udoli-300x200.jpg 300w, https:\/\/cottage.cz\/wp-content\/uploads\/2015\/02\/rokle-kyjovske-udoli-768x512.jpg 768w\" data-sizes=\"(max-width: 800px) 100vw, 800px\" src=\"data:image\/svg+xml;base64,PHN2ZyB3aWR0aD0iMSIgaGVpZ2h0PSIxIiB4bWxucz0iaHR0cDovL3d3dy53My5vcmcvMjAwMC9zdmciPjwvc3ZnPg==\" style=\"--smush-placeholder-width: 800px; --smush-placeholder-aspect-ratio: 800\/533;\" \/><figcaption class=\"wp-element-caption\">Kyjovs valley &#8211; The Narnia labyrint <\/figcaption><\/figure>\n\n\n\n<figure class=\"wp-block-image size-large\"><img decoding=\"async\" width=\"1024\" height=\"576\" data-src=\"https:\/\/www.cottage.cz\/wp-content\/uploads\/2015\/05\/IMG_20160505_093946-1024x576.jpg\" alt=\"\" class=\"wp-image-3324 lazyload\" data-srcset=\"https:\/\/cottage.cz\/wp-content\/uploads\/2015\/05\/IMG_20160505_093946-1024x576.jpg 1024w, https:\/\/cottage.cz\/wp-content\/uploads\/2015\/05\/IMG_20160505_093946-300x169.jpg 300w, https:\/\/cottage.cz\/wp-content\/uploads\/2015\/05\/IMG_20160505_093946-768x432.jpg 768w, https:\/\/cottage.cz\/wp-content\/uploads\/2015\/05\/IMG_20160505_093946.jpg 1920w\" data-sizes=\"(max-width: 1024px) 100vw, 1024px\" src=\"data:image\/svg+xml;base64,PHN2ZyB3aWR0aD0iMSIgaGVpZ2h0PSIxIiB4bWxucz0iaHR0cDovL3d3dy53My5vcmcvMjAwMC9zdmciPjwvc3ZnPg==\" style=\"--smush-placeholder-width: 1024px; --smush-placeholder-aspect-ratio: 1024\/576;\" \/><figcaption class=\"wp-element-caption\">Kyjovsk\u00e9 \u00fadol\u00ed<\/figcaption><\/figure>\n\n\n\n<figure class=\"wp-block-image size-large\"><img decoding=\"async\" width=\"768\" height=\"1024\" data-src=\"https:\/\/www.cottage.cz\/wp-content\/uploads\/2022\/11\/IMG_2304-768x1024.jpg\" alt=\"\" class=\"wp-image-9882 lazyload\" data-srcset=\"https:\/\/cottage.cz\/wp-content\/uploads\/2022\/11\/IMG_2304-768x1024.jpg 768w, https:\/\/cottage.cz\/wp-content\/uploads\/2022\/11\/IMG_2304-225x300.jpg 225w, https:\/\/cottage.cz\/wp-content\/uploads\/2022\/11\/IMG_2304-1152x1536.jpg 1152w, https:\/\/cottage.cz\/wp-content\/uploads\/2022\/11\/IMG_2304-1536x2048.jpg 1536w, https:\/\/cottage.cz\/wp-content\/uploads\/2022\/11\/IMG_2304-1320x1760.jpg 1320w, https:\/\/cottage.cz\/wp-content\/uploads\/2022\/11\/IMG_2304-scaled.jpg 1920w\" data-sizes=\"(max-width: 768px) 100vw, 768px\" src=\"data:image\/svg+xml;base64,PHN2ZyB3aWR0aD0iMSIgaGVpZ2h0PSIxIiB4bWxucz0iaHR0cDovL3d3dy53My5vcmcvMjAwMC9zdmciPjwvc3ZnPg==\" style=\"--smush-placeholder-width: 768px; --smush-placeholder-aspect-ratio: 768\/1024;\" \/><\/figure>\n\n\n\n<figure class=\"wp-block-image size-large\"><img decoding=\"async\" width=\"768\" height=\"1024\" data-src=\"https:\/\/www.cottage.cz\/wp-content\/uploads\/2022\/11\/IMG_2199-768x1024.jpg\" alt=\"\" class=\"wp-image-9887 lazyload\" data-srcset=\"https:\/\/cottage.cz\/wp-content\/uploads\/2022\/11\/IMG_2199-768x1024.jpg 768w, https:\/\/cottage.cz\/wp-content\/uploads\/2022\/11\/IMG_2199-225x300.jpg 225w, https:\/\/cottage.cz\/wp-content\/uploads\/2022\/11\/IMG_2199-1152x1536.jpg 1152w, https:\/\/cottage.cz\/wp-content\/uploads\/2022\/11\/IMG_2199-1536x2048.jpg 1536w, https:\/\/cottage.cz\/wp-content\/uploads\/2022\/11\/IMG_2199-1320x1760.jpg 1320w, https:\/\/cottage.cz\/wp-content\/uploads\/2022\/11\/IMG_2199-scaled.jpg 1920w\" data-sizes=\"(max-width: 768px) 100vw, 768px\" src=\"data:image\/svg+xml;base64,PHN2ZyB3aWR0aD0iMSIgaGVpZ2h0PSIxIiB4bWxucz0iaHR0cDovL3d3dy53My5vcmcvMjAwMC9zdmciPjwvc3ZnPg==\" style=\"--smush-placeholder-width: 768px; --smush-placeholder-aspect-ratio: 768\/1024;\" \/><\/figure>\n","protected":false},"excerpt":{"rendered":"<p>Kyjov (deutsch: Khaa) ist ein langgestrecktes Dorf (361 m \u00fc.d.M.) am Fluss K\u0159inice. In Kyjov und seinen Teilen, z.B. Dlouh\u00fd D\u016fl, gibt es viele romantische Holzh\u00fctten, H\u00fctten und Pfahlbauten. Eines der bekanntesten ist das Gasthaus Na Fakult\u011b oder Dix\u016fv ml\u00fdn am Eingang zum Kyjovsk\u00e9 \u00fadol\u00ed. Bereits im Jahr 1884 wurde hier der Gebirgsverein Kyjovsk\u00e9 \u00fadol\u00ed [&hellip;]<\/p>\n","protected":false},"author":2,"featured_media":15571,"parent":0,"menu_order":0,"comment_status":"closed","ping_status":"closed","template":"","meta":{"_monsterinsights_skip_tracking":false,"_monsterinsights_sitenote_active":false,"_monsterinsights_sitenote_note":"","_monsterinsights_sitenote_category":0,"ngg_post_thumbnail":0,"footnotes":""},"class_list":["post-20435","page","type-page","status-publish","has-post-thumbnail","hentry"],"aioseo_notices":[],"_links":{"self":[{"href":"https:\/\/cottage.cz\/de\/wp-json\/wp\/v2\/pages\/20435","targetHints":{"allow":["GET"]}}],"collection":[{"href":"https:\/\/cottage.cz\/de\/wp-json\/wp\/v2\/pages"}],"about":[{"href":"https:\/\/cottage.cz\/de\/wp-json\/wp\/v2\/types\/page"}],"author":[{"embeddable":true,"href":"https:\/\/cottage.cz\/de\/wp-json\/wp\/v2\/users\/2"}],"replies":[{"embeddable":true,"href":"https:\/\/cottage.cz\/de\/wp-json\/wp\/v2\/comments?post=20435"}],"version-history":[{"count":1,"href":"https:\/\/cottage.cz\/de\/wp-json\/wp\/v2\/pages\/20435\/revisions"}],"predecessor-version":[{"id":20437,"href":"https:\/\/cottage.cz\/de\/wp-json\/wp\/v2\/pages\/20435\/revisions\/20437"}],"wp:featuredmedia":[{"embeddable":true,"href":"https:\/\/cottage.cz\/de\/wp-json\/wp\/v2\/media\/15571"}],"wp:attachment":[{"href":"https:\/\/cottage.cz\/de\/wp-json\/wp\/v2\/media?parent=20435"}],"curies":[{"name":"wp","href":"https:\/\/api.w.org\/{rel}","templated":true}]}}