{"id":20429,"date":"2023-12-20T16:52:20","date_gmt":"2023-12-20T15:52:20","guid":{"rendered":"https:\/\/cottage.napokusy.cz\/?page_id=20429"},"modified":"2024-11-29T20:53:16","modified_gmt":"2024-11-29T19:53:16","slug":"krasna-lipa","status":"publish","type":"page","link":"https:\/\/cottage.cz\/de\/krasna-lipa\/","title":{"rendered":"<strong>Krasna Lipa<\/strong> &#8211; Tor zum Nationalpark B\u00f6hmische Schweiz"},"content":{"rendered":"<p><strong>Krasna Lipa ist eine Stadt mit etwa 3600 Bewohner\u00a0<\/strong>und im nord\u00f6stlichen Teil befindet\u00a0<strong>Bezirk Decin<\/strong>. Stadt Fluss K\u0159inice, die weiter durch den Nationalpark B\u00f6hmische Schweiz in der Elbe.<\/p>\n<div>Krasna Lipa war das Ende 13. Jahrhundert. Die ersten Siedler waren wahrscheinlich auf 30 Familien Kolonisten aus Oberfranken.\u00a0<strong>Die erste schriftliche Erw\u00e4hnung\u00a0<\/strong>Termine\u00a0<strong>Jahr 1361<\/strong>, als der Besitzer des Dorfes ist Vanek von Wartenberg dokumentiert. Mit dem Aufkommen des Luthertums ist in Krasna Lipa 1551 als Lutheran erw\u00e4hnte. die grob 100 Jahre sp\u00e4ter, durch eine vollst\u00e4ndige R\u00fcckkehr zum Katholizismus folgte. in\u00a0<strong>1731<\/strong>\u00a0Das Dorf war Kaiser Karl VI. gef\u00f6rdert\u00a0<strong>Gemeinde<\/strong>, zugleich\u00a0<strong>Entwicklung der Produktion und Verarbeitung von Textilien<\/strong>. K\u00a0<strong>F\u00f6rderung der Stadt<\/strong>\u00a0trat in\u00a0<strong>1870<\/strong>, Die Textilindustrie hat einen industriellen Charakter hat. Neben der Entwicklung der Industrie 2. polovina 19. Jahrhundert auch mit der Entwicklung des Tourismus im Zusammenhang, 23. August 1885 Es wurde in Krasna Lipa Mountain Club f\u00fcr Nordb\u00f6hmen gegr\u00fcndet, die f\u00fcr die Schaffung der touristischen Infrastruktur. in 1910 hatte die Stadt \u00fcber 7000 resident, als ein Ergebnis der Nachkriegs Vertreibung der Zahl fiel nach dem Jahr 1945 rund 3100. von 2000 die Stadt\u00a0<strong>Sitz\u00a0<a title=\"Die Verwaltung des Nationalparks B\u00f6hmische Schweiz\" href=\"http:\/\/www.npcs.cz\/\" target=\"_blank\" rel=\"noopener\">Verwaltung des Nationalparks B\u00f6hmische Schweiz<\/a><\/strong>.<\/div>\n<div><\/div>\n<div>ich empfehle:<\/div>\n<div>B\u00f6hmische Schweiz Informationszentrum mit Ausstellung, t\u00e4glich ge\u00f6ffnet<\/div>\n<div>Brauerei Falkenstein, t\u00e4glich ge\u00f6ffnet<\/div>\n<div>Atelier Caf\u00e9 \u2013 ge\u00f6ffnet Freitag \u2013 Sonntag<\/div>\n<div>Schokoladen-Man \u2013 t\u00e4glich ge\u00f6ffnet<\/div>\n<div>Sportkomplex \u2013 t\u00e4glich ge\u00f6ffnet<\/div>\n<div><\/div>\n<div>\n<div class=\"gallery-1 gallery-wrapper columns-wrapper\"><div class=\"gallery-column\"><a class=\"gallery-item photoswipe-item\" data-caption=\"\" data-width=\"3904\" data-height=\"2696\" href=\"https:\/\/cottage.cz\/wp-content\/uploads\/2018\/02\/01-N\u00e1m\u011bst\u00ed-s-nov\u00fdm-hotelem.jpg\" rel=\"lightbox[20429]\"><img decoding=\"async\" class=\"gallery-img-desktop lazyload\" data-src=\"https:\/\/cottage.cz\/wp-content\/uploads\/2018\/02\/01-N\u00e1m\u011bst\u00ed-s-nov\u00fdm-hotelem-550x309.jpg\" alt=\"\" src=\"data:image\/svg+xml;base64,PHN2ZyB3aWR0aD0iMSIgaGVpZ2h0PSIxIiB4bWxucz0iaHR0cDovL3d3dy53My5vcmcvMjAwMC9zdmciPjwvc3ZnPg==\" style=\"--smush-placeholder-width: 550px; --smush-placeholder-aspect-ratio: 550\/309;\" \/><img decoding=\"async\" class=\"gallery-img-mobile lazyload\" data-src=\"https:\/\/cottage.cz\/wp-content\/uploads\/2018\/02\/01-N\u00e1m\u011bst\u00ed-s-nov\u00fdm-hotelem-500x500.jpg\" alt=\"\" src=\"data:image\/svg+xml;base64,PHN2ZyB3aWR0aD0iMSIgaGVpZ2h0PSIxIiB4bWxucz0iaHR0cDovL3d3dy53My5vcmcvMjAwMC9zdmciPjwvc3ZnPg==\" style=\"--smush-placeholder-width: 500px; --smush-placeholder-aspect-ratio: 500\/500;\" \/><div class=\"gallery-enlarge\"><\/div><\/a><\/div><div class=\"gallery-column\"><a class=\"gallery-item photoswipe-item\" data-caption=\"sportovni areal\" data-width=\"4122\" data-height=\"2787\" href=\"https:\/\/cottage.cz\/wp-content\/uploads\/2018\/02\/01-Sportovn\u00ed-are\u00e1l-\u010cesk\u00e9ho-\u0160v\u00fdcarska-v-KL.jpg\" rel=\"lightbox[20429]\"><img decoding=\"async\" class=\"gallery-img-desktop lazyload\" data-src=\"https:\/\/cottage.cz\/wp-content\/uploads\/2018\/02\/01-Sportovn\u00ed-are\u00e1l-\u010cesk\u00e9ho-\u0160v\u00fdcarska-v-KL-550x309.jpg\" alt=\"\" src=\"data:image\/svg+xml;base64,PHN2ZyB3aWR0aD0iMSIgaGVpZ2h0PSIxIiB4bWxucz0iaHR0cDovL3d3dy53My5vcmcvMjAwMC9zdmciPjwvc3ZnPg==\" style=\"--smush-placeholder-width: 550px; --smush-placeholder-aspect-ratio: 550\/309;\" \/><img decoding=\"async\" class=\"gallery-img-mobile lazyload\" data-src=\"https:\/\/cottage.cz\/wp-content\/uploads\/2018\/02\/01-Sportovn\u00ed-are\u00e1l-\u010cesk\u00e9ho-\u0160v\u00fdcarska-v-KL-500x500.jpg\" alt=\"\" src=\"data:image\/svg+xml;base64,PHN2ZyB3aWR0aD0iMSIgaGVpZ2h0PSIxIiB4bWxucz0iaHR0cDovL3d3dy53My5vcmcvMjAwMC9zdmciPjwvc3ZnPg==\" style=\"--smush-placeholder-width: 500px; --smush-placeholder-aspect-ratio: 500\/500;\" \/><div class=\"gallery-enlarge\"><\/div><\/a><\/div><div class=\"gallery-column\"><a class=\"gallery-item photoswipe-item\" data-caption=\"square\" data-width=\"2048\" data-height=\"1536\" href=\"https:\/\/cottage.cz\/wp-content\/uploads\/2018\/02\/\u010dervenec-2013-1.jpg\" rel=\"lightbox[20429]\"><img decoding=\"async\" class=\"gallery-img-desktop lazyload\" data-src=\"https:\/\/cottage.cz\/wp-content\/uploads\/2018\/02\/\u010dervenec-2013-1-550x309.jpg\" alt=\"\" src=\"data:image\/svg+xml;base64,PHN2ZyB3aWR0aD0iMSIgaGVpZ2h0PSIxIiB4bWxucz0iaHR0cDovL3d3dy53My5vcmcvMjAwMC9zdmciPjwvc3ZnPg==\" style=\"--smush-placeholder-width: 550px; --smush-placeholder-aspect-ratio: 550\/309;\" \/><img decoding=\"async\" class=\"gallery-img-mobile lazyload\" data-src=\"https:\/\/cottage.cz\/wp-content\/uploads\/2018\/02\/\u010dervenec-2013-1-500x500.jpg\" alt=\"\" src=\"data:image\/svg+xml;base64,PHN2ZyB3aWR0aD0iMSIgaGVpZ2h0PSIxIiB4bWxucz0iaHR0cDovL3d3dy53My5vcmcvMjAwMC9zdmciPjwvc3ZnPg==\" style=\"--smush-placeholder-width: 500px; --smush-placeholder-aspect-ratio: 500\/500;\" \/><div class=\"gallery-enlarge\"><\/div><\/a><\/div><div class=\"gallery-column\"><a class=\"gallery-item photoswipe-item\" data-caption=\"church\" data-width=\"1536\" data-height=\"2048\" href=\"https:\/\/cottage.cz\/wp-content\/uploads\/2018\/02\/\u010dervenec-2013-5.jpg\" rel=\"lightbox[20429]\"><img decoding=\"async\" class=\"gallery-img-desktop lazyload\" data-src=\"https:\/\/cottage.cz\/wp-content\/uploads\/2018\/02\/\u010dervenec-2013-5-550x309.jpg\" alt=\"\" src=\"data:image\/svg+xml;base64,PHN2ZyB3aWR0aD0iMSIgaGVpZ2h0PSIxIiB4bWxucz0iaHR0cDovL3d3dy53My5vcmcvMjAwMC9zdmciPjwvc3ZnPg==\" style=\"--smush-placeholder-width: 550px; --smush-placeholder-aspect-ratio: 550\/309;\" \/><img decoding=\"async\" class=\"gallery-img-mobile lazyload\" data-src=\"https:\/\/cottage.cz\/wp-content\/uploads\/2018\/02\/\u010dervenec-2013-5-500x500.jpg\" alt=\"\" src=\"data:image\/svg+xml;base64,PHN2ZyB3aWR0aD0iMSIgaGVpZ2h0PSIxIiB4bWxucz0iaHR0cDovL3d3dy53My5vcmcvMjAwMC9zdmciPjwvc3ZnPg==\" style=\"--smush-placeholder-width: 500px; --smush-placeholder-aspect-ratio: 500\/500;\" \/><div class=\"gallery-enlarge\"><\/div><\/a><\/div><div class=\"gallery-column\"><a class=\"gallery-item photoswipe-item\" data-caption=\"informacni cetrum ceske svycarsko\" data-width=\"2048\" data-height=\"1536\" href=\"https:\/\/cottage.cz\/wp-content\/uploads\/2018\/02\/\u010dervenec-2013-7.jpg\" rel=\"lightbox[20429]\"><img decoding=\"async\" class=\"gallery-img-desktop lazyload\" data-src=\"https:\/\/cottage.cz\/wp-content\/uploads\/2018\/02\/\u010dervenec-2013-7-550x309.jpg\" alt=\"\" src=\"data:image\/svg+xml;base64,PHN2ZyB3aWR0aD0iMSIgaGVpZ2h0PSIxIiB4bWxucz0iaHR0cDovL3d3dy53My5vcmcvMjAwMC9zdmciPjwvc3ZnPg==\" style=\"--smush-placeholder-width: 550px; --smush-placeholder-aspect-ratio: 550\/309;\" \/><img decoding=\"async\" class=\"gallery-img-mobile lazyload\" data-src=\"https:\/\/cottage.cz\/wp-content\/uploads\/2018\/02\/\u010dervenec-2013-7-500x500.jpg\" alt=\"\" src=\"data:image\/svg+xml;base64,PHN2ZyB3aWR0aD0iMSIgaGVpZ2h0PSIxIiB4bWxucz0iaHR0cDovL3d3dy53My5vcmcvMjAwMC9zdmciPjwvc3ZnPg==\" style=\"--smush-placeholder-width: 500px; --smush-placeholder-aspect-ratio: 500\/500;\" \/><div class=\"gallery-enlarge\"><\/div><\/a><\/div><div class=\"gallery-column\"><a class=\"gallery-item photoswipe-item\" data-caption=\"krinicke namesti\" data-width=\"1889\" data-height=\"1257\" href=\"https:\/\/cottage.cz\/wp-content\/uploads\/2018\/02\/KL-n\u00e1m\u011bst\u00ed.jpg\" rel=\"lightbox[20429]\"><img decoding=\"async\" class=\"gallery-img-desktop lazyload\" data-src=\"https:\/\/cottage.cz\/wp-content\/uploads\/2018\/02\/KL-n\u00e1m\u011bst\u00ed-550x309.jpg\" alt=\"\" src=\"data:image\/svg+xml;base64,PHN2ZyB3aWR0aD0iMSIgaGVpZ2h0PSIxIiB4bWxucz0iaHR0cDovL3d3dy53My5vcmcvMjAwMC9zdmciPjwvc3ZnPg==\" style=\"--smush-placeholder-width: 550px; --smush-placeholder-aspect-ratio: 550\/309;\" \/><img decoding=\"async\" class=\"gallery-img-mobile lazyload\" data-src=\"https:\/\/cottage.cz\/wp-content\/uploads\/2018\/02\/KL-n\u00e1m\u011bst\u00ed-500x500.jpg\" alt=\"\" src=\"data:image\/svg+xml;base64,PHN2ZyB3aWR0aD0iMSIgaGVpZ2h0PSIxIiB4bWxucz0iaHR0cDovL3d3dy53My5vcmcvMjAwMC9zdmciPjwvc3ZnPg==\" style=\"--smush-placeholder-width: 500px; --smush-placeholder-aspect-ratio: 500\/500;\" \/><div class=\"gallery-enlarge\"><\/div><\/a><\/div><div class=\"gallery-column\"><a class=\"gallery-item photoswipe-item\" data-caption=\"kavarna Atelier\" data-width=\"960\" data-height=\"493\" href=\"https:\/\/cottage.cz\/wp-content\/uploads\/2019\/02\/kavarna-atelier.jpg\" rel=\"lightbox[20429]\"><img decoding=\"async\" class=\"gallery-img-desktop lazyload\" data-src=\"https:\/\/cottage.cz\/wp-content\/uploads\/2019\/02\/kavarna-atelier-550x309.jpg\" alt=\"\" src=\"data:image\/svg+xml;base64,PHN2ZyB3aWR0aD0iMSIgaGVpZ2h0PSIxIiB4bWxucz0iaHR0cDovL3d3dy53My5vcmcvMjAwMC9zdmciPjwvc3ZnPg==\" style=\"--smush-placeholder-width: 550px; --smush-placeholder-aspect-ratio: 550\/309;\" \/><img decoding=\"async\" class=\"gallery-img-mobile lazyload\" data-src=\"https:\/\/cottage.cz\/wp-content\/uploads\/2019\/02\/kavarna-atelier-500x500.jpg\" alt=\"\" src=\"data:image\/svg+xml;base64,PHN2ZyB3aWR0aD0iMSIgaGVpZ2h0PSIxIiB4bWxucz0iaHR0cDovL3d3dy53My5vcmcvMjAwMC9zdmciPjwvc3ZnPg==\" style=\"--smush-placeholder-width: 500px; --smush-placeholder-aspect-ratio: 500\/500;\" \/><div class=\"gallery-enlarge\"><\/div><\/a><\/div><div class=\"gallery-column\"><a class=\"gallery-item photoswipe-item\" data-caption=\"pivovar Falkenstejn\" data-width=\"840\" data-height=\"560\" href=\"https:\/\/cottage.cz\/wp-content\/uploads\/2019\/02\/pivovar-falkenstejn.jpg\" rel=\"lightbox[20429]\"><img decoding=\"async\" class=\"gallery-img-desktop lazyload\" data-src=\"https:\/\/cottage.cz\/wp-content\/uploads\/2019\/02\/pivovar-falkenstejn-550x309.jpg\" alt=\"\" src=\"data:image\/svg+xml;base64,PHN2ZyB3aWR0aD0iMSIgaGVpZ2h0PSIxIiB4bWxucz0iaHR0cDovL3d3dy53My5vcmcvMjAwMC9zdmciPjwvc3ZnPg==\" style=\"--smush-placeholder-width: 550px; --smush-placeholder-aspect-ratio: 550\/309;\" \/><img decoding=\"async\" class=\"gallery-img-mobile lazyload\" data-src=\"https:\/\/cottage.cz\/wp-content\/uploads\/2019\/02\/pivovar-falkenstejn-500x500.jpg\" alt=\"\" src=\"data:image\/svg+xml;base64,PHN2ZyB3aWR0aD0iMSIgaGVpZ2h0PSIxIiB4bWxucz0iaHR0cDovL3d3dy53My5vcmcvMjAwMC9zdmciPjwvc3ZnPg==\" style=\"--smush-placeholder-width: 500px; --smush-placeholder-aspect-ratio: 500\/500;\" \/><div class=\"gallery-enlarge\"><\/div><\/a><\/div><div class=\"gallery-column\"><a class=\"gallery-item photoswipe-item\" data-caption=\"Schindlerova plet\u00e1rna\" data-width=\"2560\" data-height=\"1707\" href=\"https:\/\/cottage.cz\/wp-content\/uploads\/2024\/11\/HORKA24-22-scaled.jpg\" rel=\"lightbox[20429]\"><img decoding=\"async\" class=\"gallery-img-desktop lazyload\" data-src=\"https:\/\/cottage.cz\/wp-content\/uploads\/2024\/11\/HORKA24-22-scaled-550x309.jpg\" alt=\"\" src=\"data:image\/svg+xml;base64,PHN2ZyB3aWR0aD0iMSIgaGVpZ2h0PSIxIiB4bWxucz0iaHR0cDovL3d3dy53My5vcmcvMjAwMC9zdmciPjwvc3ZnPg==\" style=\"--smush-placeholder-width: 550px; --smush-placeholder-aspect-ratio: 550\/309;\" \/><img decoding=\"async\" class=\"gallery-img-mobile lazyload\" data-src=\"https:\/\/cottage.cz\/wp-content\/uploads\/2024\/11\/HORKA24-22-scaled-500x500.jpg\" alt=\"\" src=\"data:image\/svg+xml;base64,PHN2ZyB3aWR0aD0iMSIgaGVpZ2h0PSIxIiB4bWxucz0iaHR0cDovL3d3dy53My5vcmcvMjAwMC9zdmciPjwvc3ZnPg==\" style=\"--smush-placeholder-width: 500px; --smush-placeholder-aspect-ratio: 500\/500;\" \/><div class=\"gallery-enlarge\"><\/div><\/a><\/div><style type=\"text\/css\">.gallery-1 .gallery-column { width: 33.33%; padding-bottom: 18.75%; }.gallery-1 { margin-left: -0px; margin-right: -0px; }.gallery-1 .gallery-item {bottom: 0px;left: 0px;right: 0px;top: 0px;}<\/style><\/div>\n<\/div>\n","protected":false},"excerpt":{"rendered":"<p>Krasna Lipa ist eine Stadt mit etwa 3600 Bewohner\u00a0und im nord\u00f6stlichen Teil befindet\u00a0Bezirk Decin. Stadt Fluss K\u0159inice, die weiter durch den Nationalpark B\u00f6hmische Schweiz in der Elbe. Krasna Lipa war das Ende 13. Jahrhundert. Die ersten Siedler waren wahrscheinlich auf 30 Familien Kolonisten aus Oberfranken.\u00a0Die erste schriftliche Erw\u00e4hnung\u00a0Termine\u00a0Jahr 1361, als der Besitzer des Dorfes ist [&hellip;]<\/p>\n","protected":false},"author":2,"featured_media":16513,"parent":0,"menu_order":0,"comment_status":"closed","ping_status":"closed","template":"","meta":{"_monsterinsights_skip_tracking":false,"_monsterinsights_sitenote_active":false,"_monsterinsights_sitenote_note":"","_monsterinsights_sitenote_category":0,"ngg_post_thumbnail":0,"footnotes":""},"class_list":["post-20429","page","type-page","status-publish","has-post-thumbnail","hentry"],"aioseo_notices":[],"_links":{"self":[{"href":"https:\/\/cottage.cz\/de\/wp-json\/wp\/v2\/pages\/20429","targetHints":{"allow":["GET"]}}],"collection":[{"href":"https:\/\/cottage.cz\/de\/wp-json\/wp\/v2\/pages"}],"about":[{"href":"https:\/\/cottage.cz\/de\/wp-json\/wp\/v2\/types\/page"}],"author":[{"embeddable":true,"href":"https:\/\/cottage.cz\/de\/wp-json\/wp\/v2\/users\/2"}],"replies":[{"embeddable":true,"href":"https:\/\/cottage.cz\/de\/wp-json\/wp\/v2\/comments?post=20429"}],"version-history":[{"count":5,"href":"https:\/\/cottage.cz\/de\/wp-json\/wp\/v2\/pages\/20429\/revisions"}],"predecessor-version":[{"id":24321,"href":"https:\/\/cottage.cz\/de\/wp-json\/wp\/v2\/pages\/20429\/revisions\/24321"}],"wp:featuredmedia":[{"embeddable":true,"href":"https:\/\/cottage.cz\/de\/wp-json\/wp\/v2\/media\/16513"}],"wp:attachment":[{"href":"https:\/\/cottage.cz\/de\/wp-json\/wp\/v2\/media?parent=20429"}],"curies":[{"name":"wp","href":"https:\/\/api.w.org\/{rel}","templated":true}]}}