{"id":20399,"date":"2023-12-20T16:11:20","date_gmt":"2023-12-20T15:11:20","guid":{"rendered":"https:\/\/cottage.napokusy.cz\/?page_id=20399"},"modified":"2023-12-20T16:11:23","modified_gmt":"2023-12-20T15:11:23","slug":"radtour-in-der-boehmischen-saechsischen-schweiz-ab-prag","status":"publish","type":"page","link":"https:\/\/cottage.cz\/de\/radtour-in-der-boehmischen-saechsischen-schweiz-ab-prag\/","title":{"rendered":"Radtour in der B\u00f6hmischen S\u00e4chsischen Schweiz ab Prag"},"content":{"rendered":"\n<pre id=\"tw-target-text\" class=\"wp-block-preformatted\"><\/pre>\n\n\n\n<p> Like bike and walk? Like to visit Pravcicka gate? Local guide Ales pick up you in train station De\u010d\u00edn and show you National park Bohemian Switzerland from seat of bike and also walking position:) Daily bike tour should be organize also on eletric bikes. You will see river <a href=\"https:\/\/www.cottage.cz\/en\/labsky-kanon\/\">Elbe canyon<\/a>, <a href=\"https:\/\/www.cottage.cz\/hrensko\/\">H\u0159ensko<\/a>, <a href=\"https:\/\/www.cottage.cz\/pravcicka-brana\/\">Pravcicka Gate<\/a><em>&#8222;<\/em><\/p>\n\n\n\n<figure class=\"wp-block-gallery has-nested-images columns-default is-cropped wp-block-gallery-1 is-layout-flex wp-block-gallery-is-layout-flex\">\n<figure class=\"wp-block-image size-large\"><img decoding=\"async\" width=\"1024\" height=\"576\" data-id=\"4493\" data-src=\"https:\/\/www.cottage.cz\/wp-content\/uploads\/2018\/03\/train-station-decin-1024x576.jpg\" alt=\"\" class=\"wp-image-4493 lazyload\" data-srcset=\"https:\/\/cottage.cz\/wp-content\/uploads\/2018\/03\/train-station-decin-1024x576.jpg 1024w, https:\/\/cottage.cz\/wp-content\/uploads\/2018\/03\/train-station-decin-300x169.jpg 300w, https:\/\/cottage.cz\/wp-content\/uploads\/2018\/03\/train-station-decin-768x432.jpg 768w, https:\/\/cottage.cz\/wp-content\/uploads\/2018\/03\/train-station-decin.jpg 1920w\" data-sizes=\"(max-width: 1024px) 100vw, 1024px\" src=\"data:image\/svg+xml;base64,PHN2ZyB3aWR0aD0iMSIgaGVpZ2h0PSIxIiB4bWxucz0iaHR0cDovL3d3dy53My5vcmcvMjAwMC9zdmciPjwvc3ZnPg==\" style=\"--smush-placeholder-width: 1024px; --smush-placeholder-aspect-ratio: 1024\/576;\" \/><figcaption class=\"wp-element-caption\">D\u011b\u010d\u00edn train station<\/figcaption><\/figure>\n\n\n\n<figure class=\"wp-block-image size-large\"><img decoding=\"async\" width=\"768\" height=\"1024\" data-id=\"5987\" data-src=\"https:\/\/www.cottage.cz\/wp-content\/uploads\/2019\/01\/IMG_20180806_141327-768x1024.jpg\" alt=\"\" class=\"wp-image-5987 lazyload\" data-srcset=\"https:\/\/cottage.cz\/wp-content\/uploads\/2019\/01\/IMG_20180806_141327-768x1024.jpg 768w, https:\/\/cottage.cz\/wp-content\/uploads\/2019\/01\/IMG_20180806_141327-225x300.jpg 225w\" data-sizes=\"(max-width: 768px) 100vw, 768px\" src=\"data:image\/svg+xml;base64,PHN2ZyB3aWR0aD0iMSIgaGVpZ2h0PSIxIiB4bWxucz0iaHR0cDovL3d3dy53My5vcmcvMjAwMC9zdmciPjwvc3ZnPg==\" style=\"--smush-placeholder-width: 768px; --smush-placeholder-aspect-ratio: 768\/1024;\" \/><figcaption class=\"wp-element-caption\">trail<\/figcaption><\/figure>\n\n\n\n<figure class=\"wp-block-image size-large\"><img decoding=\"async\" width=\"1024\" height=\"768\" data-id=\"5415\" data-src=\"https:\/\/www.cottage.cz\/wp-content\/uploads\/2018\/04\/IMG_20180707_122318-1024x768.jpg\" alt=\"\" class=\"wp-image-5415 lazyload\" data-srcset=\"https:\/\/cottage.cz\/wp-content\/uploads\/2018\/04\/IMG_20180707_122318-1024x768.jpg 1024w, https:\/\/cottage.cz\/wp-content\/uploads\/2018\/04\/IMG_20180707_122318-300x225.jpg 300w, https:\/\/cottage.cz\/wp-content\/uploads\/2018\/04\/IMG_20180707_122318-768x576.jpg 768w\" data-sizes=\"(max-width: 1024px) 100vw, 1024px\" src=\"data:image\/svg+xml;base64,PHN2ZyB3aWR0aD0iMSIgaGVpZ2h0PSIxIiB4bWxucz0iaHR0cDovL3d3dy53My5vcmcvMjAwMC9zdmciPjwvc3ZnPg==\" style=\"--smush-placeholder-width: 1024px; --smush-placeholder-aspect-ratio: 1024\/768;\" \/><figcaption class=\"wp-element-caption\">Panaroma view from Pravcicka gate<\/figcaption><\/figure>\n\n\n\n<figure class=\"wp-block-image size-large\"><img decoding=\"async\" width=\"1024\" height=\"576\" data-id=\"5018\" data-src=\"https:\/\/www.cottage.cz\/wp-content\/uploads\/2015\/07\/IMG_20160713_114304-1024x576.jpg\" alt=\"\" class=\"wp-image-5018 lazyload\" data-srcset=\"https:\/\/cottage.cz\/wp-content\/uploads\/2015\/07\/IMG_20160713_114304-1024x576.jpg 1024w, https:\/\/cottage.cz\/wp-content\/uploads\/2015\/07\/IMG_20160713_114304-300x169.jpg 300w, https:\/\/cottage.cz\/wp-content\/uploads\/2015\/07\/IMG_20160713_114304-768x432.jpg 768w, https:\/\/cottage.cz\/wp-content\/uploads\/2015\/07\/IMG_20160713_114304.jpg 1920w\" data-sizes=\"(max-width: 1024px) 100vw, 1024px\" src=\"data:image\/svg+xml;base64,PHN2ZyB3aWR0aD0iMSIgaGVpZ2h0PSIxIiB4bWxucz0iaHR0cDovL3d3dy53My5vcmcvMjAwMC9zdmciPjwvc3ZnPg==\" style=\"--smush-placeholder-width: 1024px; --smush-placeholder-aspect-ratio: 1024\/576;\" \/><figcaption class=\"wp-element-caption\">Feery<\/figcaption><\/figure>\n\n\n\n<figure class=\"wp-block-image size-large\"><img decoding=\"async\" width=\"1024\" height=\"768\" data-id=\"4942\" data-src=\"https:\/\/www.cottage.cz\/wp-content\/uploads\/2018\/04\/IMG_20170726_132550-1024x768.jpg\" alt=\"\" class=\"wp-image-4942 lazyload\" data-srcset=\"https:\/\/cottage.cz\/wp-content\/uploads\/2018\/04\/IMG_20170726_132550-1024x768.jpg 1024w, https:\/\/cottage.cz\/wp-content\/uploads\/2018\/04\/IMG_20170726_132550-300x225.jpg 300w, https:\/\/cottage.cz\/wp-content\/uploads\/2018\/04\/IMG_20170726_132550-768x576.jpg 768w\" data-sizes=\"(max-width: 1024px) 100vw, 1024px\" src=\"data:image\/svg+xml;base64,PHN2ZyB3aWR0aD0iMSIgaGVpZ2h0PSIxIiB4bWxucz0iaHR0cDovL3d3dy53My5vcmcvMjAwMC9zdmciPjwvc3ZnPg==\" style=\"--smush-placeholder-width: 1024px; --smush-placeholder-aspect-ratio: 1024\/768;\" \/><figcaption class=\"wp-element-caption\">Lunch during tour<\/figcaption><\/figure>\n\n\n\n<figure class=\"wp-block-image size-large\"><img decoding=\"async\" width=\"1024\" height=\"576\" data-id=\"4930\" data-src=\"https:\/\/www.cottage.cz\/wp-content\/uploads\/2018\/04\/pravcicka-gate-1024x576.jpg\" alt=\"\" class=\"wp-image-4930 lazyload\" data-srcset=\"https:\/\/cottage.cz\/wp-content\/uploads\/2018\/04\/pravcicka-gate-1024x576.jpg 1024w, https:\/\/cottage.cz\/wp-content\/uploads\/2018\/04\/pravcicka-gate-300x169.jpg 300w, https:\/\/cottage.cz\/wp-content\/uploads\/2018\/04\/pravcicka-gate-768x432.jpg 768w, https:\/\/cottage.cz\/wp-content\/uploads\/2018\/04\/pravcicka-gate.jpg 1920w\" data-sizes=\"(max-width: 1024px) 100vw, 1024px\" src=\"data:image\/svg+xml;base64,PHN2ZyB3aWR0aD0iMSIgaGVpZ2h0PSIxIiB4bWxucz0iaHR0cDovL3d3dy53My5vcmcvMjAwMC9zdmciPjwvc3ZnPg==\" style=\"--smush-placeholder-width: 1024px; --smush-placeholder-aspect-ratio: 1024\/576;\" \/><figcaption class=\"wp-element-caption\">Panorama view &#8211; Pravcicka gate<\/figcaption><\/figure>\n\n\n\n<figure class=\"wp-block-image size-large\"><img decoding=\"async\" width=\"1024\" height=\"768\" data-id=\"4934\" data-src=\"https:\/\/www.cottage.cz\/wp-content\/uploads\/2018\/04\/river-elbe-1024x768.jpg\" alt=\"\" class=\"wp-image-4934 lazyload\" data-srcset=\"https:\/\/cottage.cz\/wp-content\/uploads\/2018\/04\/river-elbe-1024x768.jpg 1024w, https:\/\/cottage.cz\/wp-content\/uploads\/2018\/04\/river-elbe-300x225.jpg 300w, https:\/\/cottage.cz\/wp-content\/uploads\/2018\/04\/river-elbe-768x576.jpg 768w, https:\/\/cottage.cz\/wp-content\/uploads\/2018\/04\/river-elbe.jpg 2048w\" data-sizes=\"(max-width: 1024px) 100vw, 1024px\" src=\"data:image\/svg+xml;base64,PHN2ZyB3aWR0aD0iMSIgaGVpZ2h0PSIxIiB4bWxucz0iaHR0cDovL3d3dy53My5vcmcvMjAwMC9zdmciPjwvc3ZnPg==\" style=\"--smush-placeholder-width: 1024px; --smush-placeholder-aspect-ratio: 1024\/768;\" \/><figcaption class=\"wp-element-caption\">Oldboat on river<\/figcaption><\/figure>\n\n\n\n<figure class=\"wp-block-image size-large\"><img decoding=\"async\" width=\"1024\" height=\"576\" data-id=\"4502\" data-src=\"https:\/\/www.cottage.cz\/wp-content\/uploads\/2018\/03\/IMG_20170511_122752-1024x576.jpg\" alt=\"\" class=\"wp-image-4502 lazyload\" data-srcset=\"https:\/\/cottage.cz\/wp-content\/uploads\/2018\/03\/IMG_20170511_122752-1024x576.jpg 1024w, https:\/\/cottage.cz\/wp-content\/uploads\/2018\/03\/IMG_20170511_122752-300x169.jpg 300w, https:\/\/cottage.cz\/wp-content\/uploads\/2018\/03\/IMG_20170511_122752-768x432.jpg 768w, https:\/\/cottage.cz\/wp-content\/uploads\/2018\/03\/IMG_20170511_122752.jpg 1920w\" data-sizes=\"(max-width: 1024px) 100vw, 1024px\" src=\"data:image\/svg+xml;base64,PHN2ZyB3aWR0aD0iMSIgaGVpZ2h0PSIxIiB4bWxucz0iaHR0cDovL3d3dy53My5vcmcvMjAwMC9zdmciPjwvc3ZnPg==\" style=\"--smush-placeholder-width: 1024px; --smush-placeholder-aspect-ratio: 1024\/576;\" \/><figcaption class=\"wp-element-caption\">walking from Pravcicka gate<\/figcaption><\/figure>\n<\/figure>\n\n\n\n<p><strong>Schedule<\/strong>:<\/p>\n\n\n\n<p><strong>8:33&nbsp; Get on the train from Prague <\/strong><\/p>\n\n\n\n<p>Timetables&nbsp;<strong>EC 176 <\/strong>:<br><strong>departure 8:24<\/strong>&nbsp;<strong>Prague<\/strong>&nbsp;Main train station \u2014&gt;&nbsp;<strong>arrival&nbsp; &nbsp;9:54&nbsp; Decin hl.n.<\/strong>&nbsp;<em>(I\u2019ll pick you up on the platform. I will wear big ranger hat.)<\/em>. <a href=\"https:\/\/www.cd.cz\/en\/spojeni-a-jizdenka\/\">You&nbsp; can buy TICKET ONLINE HERE&nbsp;<\/a>or You can buy ticket at cashbox in train station Prague&nbsp;<em>(note: be here sooner, you need to find it)<\/em><\/p>\n\n\n\n<p>09:59 Pick in train station D\u011b\u010d\u00edn , transport by bike to  Bohemian Switzerland National park by bike<\/p>\n\n\n\n<p>10:30&nbsp;river <a href=\"https:\/\/www.cottage.cz\/en\/labsky-kanon\/\">Elbe canyon<\/a> <\/p>\n\n\n\n<p>12:30 Lunch (at the restaurant during our trip)<\/p>\n\n\n\n<p>14:00&nbsp;<strong><a href=\"https:\/\/www.cottage.cz\/en\/pravcicka-gate\/\">Pravcicka gate<\/a>&nbsp;\u2013 4 km walk&nbsp;without&nbsp;bike.<\/strong>&nbsp; See panorama of Bohemian Switzerland, Afternoon braek (coffee or beer )<\/p>\n\n\n\n<p>16:30&nbsp;<strong>Return to Decin<\/strong>&nbsp;and train to Prague (going every hour)<\/p>\n\n\n\n<figure><iframe data-src=\"https:\/\/www.youtube.com\/embed\/GknUNdovhws\" width=\"853\" height=\"480\" src=\"data:image\/svg+xml;base64,PHN2ZyB3aWR0aD0iMSIgaGVpZ2h0PSIxIiB4bWxucz0iaHR0cDovL3d3dy53My5vcmcvMjAwMC9zdmciPjwvc3ZnPg==\" class=\"lazyload\" data-load-mode=\"1\"><\/iframe><\/figure>\n\n\n\n<figure class=\"wp-block-table\"><table><tbody><tr><td>Tour code:<\/td><td>10<\/td><\/tr><tr><td>Duration:<\/td><td>6 hours<\/td><\/tr><tr><td>Transport:<\/td><td>5 km walk, 32 km by bike<\/td><\/tr><tr><td> Departures:<\/td><td>8.24 am<\/td><\/tr><tr><td>Starting point:<\/td><td>train station D\u011b\u010d\u00edn, arrive from Prague by train<\/td><\/tr><tr><td>&nbsp;Arrives:<\/td><td>6 pm<\/td><\/tr><tr><td>&nbsp;Ending point:<\/td><td>train station D\u011b\u010din, continue by train to Prague<\/td><\/tr><\/tbody><\/table><\/figure>\n\n\n\n<figure class=\"wp-block-table\"><table><tbody><tr><td>\n<strong>1 person<\/strong>\n<\/td><td><strong>149 EUR per person<\/strong>, only with group<\/td><\/tr><tr><td>\n<strong>2 persons<\/strong>\n<\/td><td><strong>109 EUR per person<\/strong><\/td><\/tr><tr><td> <strong>3 -4 persons<\/strong> <\/td><td><strong>99 EUR&nbsp; per person<\/strong><\/td><\/tr><tr><td><\/td><td><\/td><\/tr><tr><td>&nbsp;<strong>Included:&nbsp;<\/strong><\/td><td>&nbsp;Rental bike, Fees,&nbsp;Drinks<\/td><\/tr><tr><td><strong>&nbsp;You need it:<\/strong><\/td><td>Sport shoes, Lunch (around 10 EUR)<\/td><\/tr><\/tbody><\/table><\/figure>\n\n\n\n<p><strong>RESERVATION FORM:<\/strong><\/p>\n\n\n\n<div class=\"wpcf7 no-js\" id=\"wpcf7-f5998-o1\" lang=\"\" dir=\"ltr\" data-wpcf7-id=\"5998\">\n<div class=\"screen-reader-response\"><p role=\"status\" aria-live=\"polite\" aria-atomic=\"true\"><\/p> <ul><\/ul><\/div>\n<form action=\"\/de\/wp-json\/wp\/v2\/pages\/20399#wpcf7-f5998-o1\" method=\"post\" class=\"wpcf7-form init\" aria-label=\"Kontaktformular\" novalidate=\"novalidate\" data-status=\"init\">\n<fieldset class=\"hidden-fields-container\"><input type=\"hidden\" name=\"_wpcf7\" value=\"5998\" \/><input type=\"hidden\" name=\"_wpcf7_version\" value=\"6.1.5\" \/><input type=\"hidden\" name=\"_wpcf7_locale\" value=\"\" \/><input type=\"hidden\" name=\"_wpcf7_unit_tag\" value=\"wpcf7-f5998-o1\" \/><input type=\"hidden\" name=\"_wpcf7_container_post\" value=\"0\" \/><input type=\"hidden\" name=\"_wpcf7_posted_data_hash\" value=\"\" \/><input type=\"hidden\" name=\"nlang\" value=\"de\" \/>\n<\/fieldset>\n<p><label> Name and Surname*<br \/>\n<span class=\"wpcf7-form-control-wrap\" data-name=\"your-name\"><input size=\"40\" maxlength=\"400\" class=\"wpcf7-form-control wpcf7-text wpcf7-validates-as-required\" aria-required=\"true\" aria-invalid=\"false\" value=\"\" type=\"text\" name=\"your-name\" \/><\/span> <\/label>\n<\/p>\n<p><label> Date*<br \/>\n<span class=\"wpcf7-form-control-wrap\" data-name=\"text-490\"><input size=\"40\" maxlength=\"400\" class=\"wpcf7-form-control wpcf7-text wpcf7-validates-as-required\" aria-required=\"true\" aria-invalid=\"false\" value=\"\" type=\"text\" name=\"text-490\" \/><\/span><\/label>\n<\/p>\n<p><label> E-mail*<br \/>\n<span class=\"wpcf7-form-control-wrap\" data-name=\"your-email\"><input size=\"40\" maxlength=\"400\" class=\"wpcf7-form-control wpcf7-email wpcf7-validates-as-required wpcf7-text wpcf7-validates-as-email\" aria-required=\"true\" aria-invalid=\"false\" value=\"\" type=\"email\" name=\"your-email\" \/><\/span> <\/label>\n<\/p>\n<p><label> Phone (or Whatsup)*<br \/>\n<span class=\"wpcf7-form-control-wrap\" data-name=\"tel-28\"><input size=\"40\" maxlength=\"400\" class=\"wpcf7-form-control wpcf7-text wpcf7-validates-as-required\" aria-required=\"true\" aria-invalid=\"false\" value=\"\" type=\"text\" name=\"tel-28\" \/><\/span> <\/label>\n<\/p>\n<p><label> Number of person*<br \/>\n<span class=\"wpcf7-form-control-wrap\" data-name=\"number-108\"><input class=\"wpcf7-form-control wpcf7-number wpcf7-validates-as-required wpcf7-validates-as-number\" min=\"1\" aria-required=\"true\" aria-invalid=\"false\" value=\"\" type=\"number\" name=\"number-108\" \/><\/span> <\/label>\n<\/p>\n<p><label> Note<br \/>\n<span class=\"wpcf7-form-control-wrap\" data-name=\"your-message\"><textarea cols=\"40\" rows=\"10\" maxlength=\"2000\" class=\"wpcf7-form-control wpcf7-textarea\" aria-invalid=\"false\" name=\"your-message\"><\/textarea><\/span> <\/label>\n<\/p>\n<p><input class=\"wpcf7-form-control wpcf7-submit has-spinner\" type=\"submit\" value=\"Send\" \/>\n<\/p><div class=\"wpcf7-response-output\" aria-hidden=\"true\"><\/div>\n<\/form>\n<\/div>\n\n\n\n","protected":false},"excerpt":{"rendered":"<p>Like bike and walk? Like to visit Pravcicka gate? Local guide Ales pick up you in train station De\u010d\u00edn and show you National park Bohemian Switzerland from seat of bike and also walking position:) Daily bike tour should be organize also on eletric bikes. You will see river Elbe canyon, H\u0159ensko, Pravcicka Gate&#8222; Schedule: 8:33&nbsp; [&hellip;]<\/p>\n","protected":false},"author":2,"featured_media":13477,"parent":0,"menu_order":0,"comment_status":"closed","ping_status":"closed","template":"","meta":{"_monsterinsights_skip_tracking":false,"_monsterinsights_sitenote_active":false,"_monsterinsights_sitenote_note":"","_monsterinsights_sitenote_category":0,"ngg_post_thumbnail":0,"footnotes":""},"class_list":["post-20399","page","type-page","status-publish","has-post-thumbnail","hentry"],"aioseo_notices":[],"_links":{"self":[{"href":"https:\/\/cottage.cz\/de\/wp-json\/wp\/v2\/pages\/20399","targetHints":{"allow":["GET"]}}],"collection":[{"href":"https:\/\/cottage.cz\/de\/wp-json\/wp\/v2\/pages"}],"about":[{"href":"https:\/\/cottage.cz\/de\/wp-json\/wp\/v2\/types\/page"}],"author":[{"embeddable":true,"href":"https:\/\/cottage.cz\/de\/wp-json\/wp\/v2\/users\/2"}],"replies":[{"embeddable":true,"href":"https:\/\/cottage.cz\/de\/wp-json\/wp\/v2\/comments?post=20399"}],"version-history":[{"count":1,"href":"https:\/\/cottage.cz\/de\/wp-json\/wp\/v2\/pages\/20399\/revisions"}],"predecessor-version":[{"id":20400,"href":"https:\/\/cottage.cz\/de\/wp-json\/wp\/v2\/pages\/20399\/revisions\/20400"}],"wp:featuredmedia":[{"embeddable":true,"href":"https:\/\/cottage.cz\/de\/wp-json\/wp\/v2\/media\/13477"}],"wp:attachment":[{"href":"https:\/\/cottage.cz\/de\/wp-json\/wp\/v2\/media?parent=20399"}],"curies":[{"name":"wp","href":"https:\/\/api.w.org\/{rel}","templated":true}]}}