{"id":20375,"date":"2023-12-17T23:43:28","date_gmt":"2023-12-17T22:43:28","guid":{"rendered":"https:\/\/cottage.napokusy.cz\/?page_id=20375"},"modified":"2023-12-17T23:55:09","modified_gmt":"2023-12-17T22:55:09","slug":"rosa-aussicht","status":"publish","type":"page","link":"https:\/\/cottage.cz\/de\/rosa-aussicht\/","title":{"rendered":"Rosa Aussicht"},"content":{"rendered":"\n<p>Nur eine Stunde von der Stadt D\u011b\u010d\u00edn entfernt, folgen Sie dem roten Touristenzeichen und Sie sind da. Blick auf die Elbschlucht mit allem. Weiter entlang der roten Stra\u00dfe erreichen Sie den \u00e4ltesten Aussichtspunkt der B\u00f6hmischen Schweiz \u2013\u00a0<a href=\"https:\/\/cottage.cz\/de\/belveder\/\" title=\"Belved\u00e9r\">Belvedere<\/a>.<\/p>\n","protected":false},"excerpt":{"rendered":"<p>Nur eine Stunde von der Stadt D\u011b\u010d\u00edn entfernt, folgen Sie dem roten Touristenzeichen und Sie sind da. Blick auf die Elbschlucht mit allem. Weiter entlang der roten Stra\u00dfe erreichen Sie den \u00e4ltesten Aussichtspunkt der B\u00f6hmischen Schweiz \u2013\u00a0Belvedere.<\/p>\n","protected":false},"author":4,"featured_media":18490,"parent":0,"menu_order":0,"comment_status":"closed","ping_status":"closed","template":"","meta":{"_monsterinsights_skip_tracking":false,"_monsterinsights_sitenote_active":false,"_monsterinsights_sitenote_note":"","_monsterinsights_sitenote_category":0,"ngg_post_thumbnail":0,"footnotes":""},"class_list":["post-20375","page","type-page","status-publish","has-post-thumbnail","hentry"],"aioseo_notices":[],"_links":{"self":[{"href":"https:\/\/cottage.cz\/de\/wp-json\/wp\/v2\/pages\/20375","targetHints":{"allow":["GET"]}}],"collection":[{"href":"https:\/\/cottage.cz\/de\/wp-json\/wp\/v2\/pages"}],"about":[{"href":"https:\/\/cottage.cz\/de\/wp-json\/wp\/v2\/types\/page"}],"author":[{"embeddable":true,"href":"https:\/\/cottage.cz\/de\/wp-json\/wp\/v2\/users\/4"}],"replies":[{"embeddable":true,"href":"https:\/\/cottage.cz\/de\/wp-json\/wp\/v2\/comments?post=20375"}],"version-history":[{"count":4,"href":"https:\/\/cottage.cz\/de\/wp-json\/wp\/v2\/pages\/20375\/revisions"}],"predecessor-version":[{"id":20388,"href":"https:\/\/cottage.cz\/de\/wp-json\/wp\/v2\/pages\/20375\/revisions\/20388"}],"wp:featuredmedia":[{"embeddable":true,"href":"https:\/\/cottage.cz\/de\/wp-json\/wp\/v2\/media\/18490"}],"wp:attachment":[{"href":"https:\/\/cottage.cz\/de\/wp-json\/wp\/v2\/media?parent=20375"}],"curies":[{"name":"wp","href":"https:\/\/api.w.org\/{rel}","templated":true}]}}