{"id":20349,"date":"2026-01-17T17:47:07","date_gmt":"2026-01-17T16:47:07","guid":{"rendered":"https:\/\/cottage.napokusy.cz\/?page_id=20349"},"modified":"2026-01-17T18:12:59","modified_gmt":"2026-01-17T17:12:59","slug":"naturliches-privates-wellness","status":"publish","type":"page","link":"https:\/\/cottage.cz\/de\/naturliches-privates-wellness\/","title":{"rendered":"Nat\u00fcrliches privates Wellness"},"content":{"rendered":"\n<p class=\"has-text-align-center\"><strong>Privater Wellnessbereich<\/strong><\/p>\n\n\n\n<p class=\"has-text-align-center\">Lieben Sie eine echte <a href=\"https:\/\/cottage.cz\/de\/finnische-sauna\/\" title=\"finnische Sauna\">finnische Sauna<\/a>? Kapazit\u00e4t 6 Personen. Temperatur 90\u00b0C<\/p>\n\n\n\n<figure class=\"wp-block-image size-large\"><img decoding=\"async\" width=\"1024\" height=\"683\" data-src=\"https:\/\/cottage.cz\/wp-content\/uploads\/2023\/10\/IMG-20230926-WA0012-1024x683.jpg\" alt=\"\" class=\"wp-image-19582 lazyload\" data-srcset=\"https:\/\/cottage.cz\/wp-content\/uploads\/2023\/10\/IMG-20230926-WA0012-1024x683.jpg 1024w, https:\/\/cottage.cz\/wp-content\/uploads\/2023\/10\/IMG-20230926-WA0012-300x200.jpg 300w, https:\/\/cottage.cz\/wp-content\/uploads\/2023\/10\/IMG-20230926-WA0012-768x512.jpg 768w, https:\/\/cottage.cz\/wp-content\/uploads\/2023\/10\/IMG-20230926-WA0012-1536x1024.jpg 1536w, https:\/\/cottage.cz\/wp-content\/uploads\/2023\/10\/IMG-20230926-WA0012-1320x880.jpg 1320w, https:\/\/cottage.cz\/wp-content\/uploads\/2023\/10\/IMG-20230926-WA0012.jpg 1800w\" data-sizes=\"(max-width: 1024px) 100vw, 1024px\" src=\"data:image\/svg+xml;base64,PHN2ZyB3aWR0aD0iMSIgaGVpZ2h0PSIxIiB4bWxucz0iaHR0cDovL3d3dy53My5vcmcvMjAwMC9zdmciPjwvc3ZnPg==\" style=\"--smush-placeholder-width: 1024px; --smush-placeholder-aspect-ratio: 1024\/683;\" \/><\/figure>\n\n\n\n<p class=\"has-text-align-center\"><strong>+<\/strong><br><a href=\"https:\/\/cottage.cz\/de\/hot-tub\/\" title=\"\">Whirlpool (Jacuzzi)<\/a> f\u00fcr bis zu 4 Personen. Temperatur 37\u00b0C.<br>(Wenn Sie es nutzen m\u00f6chten, informieren Sie uns bitte einen Tag im Voraus, im Sommer geschlossen)<\/p>\n\n\n<div class=\"wp-block-image\">\n<figure class=\"aligncenter\"><a href=\"https:\/\/www.cottage.cz\/wp-content\/uploads\/2018\/08\/01a-scaled-e1582123494867.jpg\" rel=\"lightbox[20349]\"><img decoding=\"async\" width=\"1024\" height=\"683\" data-src=\"https:\/\/www.cottage.cz\/wp-content\/uploads\/2018\/08\/01a-1024x683.jpg\" alt=\"\" class=\"wp-image-6904 lazyload\" src=\"data:image\/svg+xml;base64,PHN2ZyB3aWR0aD0iMSIgaGVpZ2h0PSIxIiB4bWxucz0iaHR0cDovL3d3dy53My5vcmcvMjAwMC9zdmciPjwvc3ZnPg==\" style=\"--smush-placeholder-width: 1024px; --smush-placeholder-aspect-ratio: 1024\/683;\" \/><\/a><\/figure>\n<\/div>\n\n\n<p class=\"has-text-align-center\"><strong>=<\/strong><\/p>\n\n\n\n<p class=\"has-text-align-center\"><strong>Private Nutzung 1.000 CZK <\/strong>in 2 Stunden <strong> inklusive der gesamten Entspannungszone und Bettw\u00e4sche.<\/strong><\/p>\n\n\n\n<p class=\"has-text-align-center\"><strong><a href=\"https:\/\/cottage.cz\/de\/hot-tub\/\" title=\"Hot Tub\">Hottube<\/a> im Freien<\/strong><\/p>\n\n\n\n<p>Entspannung in der Natur ist ein Stil, den Sie bei uns erleben werden. Uns gefiel der Whirlpool mit einer Temperatur von 37-40 \u00b0C. Kapazit\u00e4t 6 Personen, muss mindestens einen Tag im Voraus bestellt werden, Preis 2000 CZK f\u00fcr 4 Stunden. In Betrieb, wenn es kalt ist \ud83d\ude42<\/p>\n\n\n<div class=\"wp-block-image\">\n<figure class=\"aligncenter\"><a href=\"https:\/\/www.cottage.cz\/wp-content\/uploads\/2018\/11\/RV_CZ_Cottage_Night3-e1581600415124.jpg\" rel=\"lightbox[20349]\"><img decoding=\"async\" width=\"1024\" height=\"683\" data-src=\"https:\/\/www.cottage.cz\/wp-content\/uploads\/2018\/11\/RV_CZ_Cottage_Night3-1024x683.jpg\" alt=\"\" class=\"wp-image-5713 lazyload\" src=\"data:image\/svg+xml;base64,PHN2ZyB3aWR0aD0iMSIgaGVpZ2h0PSIxIiB4bWxucz0iaHR0cDovL3d3dy53My5vcmcvMjAwMC9zdmciPjwvc3ZnPg==\" style=\"--smush-placeholder-width: 1024px; --smush-placeholder-aspect-ratio: 1024\/683;\" \/><\/a><\/figure>\n<\/div>\n\n\n<p class=\"has-text-align-center\"><strong>Biotop<\/strong><br>Das ganze Jahr \u00fcber bieten wir Erfrischung im <a href=\"https:\/\/cottage.cz\/de\/teiche-und-schwimmbecken\/\" title=\"Teiche und Schwimmbecken\">Naturschwimmbad<\/a> im Garten. Freier Eintritt.<br>Ein Bonus f\u00fcr die Entspannung ist der Gesang der V\u00f6gel, das Quaken der Fr\u00f6sche und der Blick auf die Landschaft, der von jedem Fenster oder jeder Terrasse im Bohemian Cottage aus im wahrsten Sinne des Wortes ber\u00fchmt ist!<\/p>\n\n\n<div class=\"wp-block-image\">\n<figure class=\"aligncenter\"><a href=\"https:\/\/www.cottage.cz\/wp-content\/uploads\/2023\/09\/DSC07681-scaled.jpg\" rel=\"lightbox[20349]\"><img decoding=\"async\" width=\"1024\" height=\"683\" data-src=\"https:\/\/www.cottage.cz\/wp-content\/uploads\/2023\/09\/DSC07681-1024x683.jpg\" alt=\"\" class=\"wp-image-10652 lazyload\" data-srcset=\"https:\/\/cottage.cz\/wp-content\/uploads\/2023\/09\/DSC07681-1024x683.jpg 1024w, https:\/\/cottage.cz\/wp-content\/uploads\/2023\/09\/DSC07681-300x200.jpg 300w, https:\/\/cottage.cz\/wp-content\/uploads\/2023\/09\/DSC07681-768x512.jpg 768w, https:\/\/cottage.cz\/wp-content\/uploads\/2023\/09\/DSC07681-1536x1024.jpg 1536w, https:\/\/cottage.cz\/wp-content\/uploads\/2023\/09\/DSC07681-2048x1365.jpg 2048w, https:\/\/cottage.cz\/wp-content\/uploads\/2023\/09\/DSC07681-1320x880.jpg 1320w\" data-sizes=\"(max-width: 1024px) 100vw, 1024px\" src=\"data:image\/svg+xml;base64,PHN2ZyB3aWR0aD0iMSIgaGVpZ2h0PSIxIiB4bWxucz0iaHR0cDovL3d3dy53My5vcmcvMjAwMC9zdmciPjwvc3ZnPg==\" style=\"--smush-placeholder-width: 1024px; --smush-placeholder-aspect-ratio: 1024\/683;\" \/><\/a><\/figure>\n<\/div>\n\n\n<p class=\"has-text-align-center\"><strong><a href=\"https:\/\/cottage.cz\/de\/haerterei-und-sauna\/\" title=\"Otuzovarna: H\u00e4rterei und Sauna\">Sauna H\u00e4rtestation <\/a>(500 m von der Pension Bohemian Cottage entfernt)<\/strong><br><strong>H\u00e4rtende und echte finnische Sauna<\/strong> mit Holzofen. Panoramablick und Privatsph\u00e4re. M\u00f6glichkeit von Saunaritualen. Presi: min. 1000czk. <a href=\"https:\/\/cottage.cz\/de\/saunarituale-boheme-aufguss\/\" title=\"\">Saunarituale (Ein Aufguss-Ritual)<\/a><\/p>\n\n\n\n<p class=\"has-text-align-center\"><br><img decoding=\"async\" width=\"1024\" height=\"768\" data-srcset=\"https:\/\/cottage.cz\/wp-content\/uploads\/2024\/11\/20241024_143501-1024x768.jpg 1024w, https:\/\/cottage.cz\/wp-content\/uploads\/2024\/11\/20241024_143501-300x225.jpg 300w, https:\/\/cottage.cz\/wp-content\/uploads\/2024\/11\/20241024_143501-768x576.jpg 768w, https:\/\/cottage.cz\/wp-content\/uploads\/2024\/11\/20241024_143501-1536x1152.jpg 1536w, https:\/\/cottage.cz\/wp-content\/uploads\/2024\/11\/20241024_143501-2048x1536.jpg 2048w\" data-src=\"https:\/\/cottage.cz\/wp-content\/uploads\/2024\/11\/20241024_143501-1024x768.jpg\" alt=\"\" src=\"data:image\/svg+xml;base64,PHN2ZyB3aWR0aD0iMSIgaGVpZ2h0PSIxIiB4bWxucz0iaHR0cDovL3d3dy53My5vcmcvMjAwMC9zdmciPjwvc3ZnPg==\" class=\"lazyload\" style=\"--smush-placeholder-width: 1024px; --smush-placeholder-aspect-ratio: 1024\/768;\"><br><em><strong>Wellness-Dienstleistungen im G\u00e4stehaus bieten wir nur unseren G\u00e4sten an.<\/strong><\/em><\/p>\n\n\n\n<div class=\"wp-block-group\"><div class=\"wp-block-group__inner-container is-layout-flow wp-block-group-is-layout-flow\">\n<div class=\"wp-block-group\"><div class=\"wp-block-group__inner-container is-layout-flow wp-block-group-is-layout-flow\">\n<div class=\"wp-block-group\"><div class=\"wp-block-group__inner-container is-layout-flow wp-block-group-is-layout-flow\">\n<div class=\"wp-block-group\"><div class=\"wp-block-group__inner-container is-layout-flow wp-block-group-is-layout-flow\">\n<figure class=\"wp-block-gallery has-nested-images columns-3 is-cropped wp-block-gallery-1 is-layout-flex wp-block-gallery-is-layout-flex\">\n<figure class=\"wp-block-image size-large\"><a href=\"https:\/\/www.cottage.cz\/wp-content\/uploads\/2018\/08\/Resize-of-16LR.jpg\" rel=\"lightbox[20349]\"><img decoding=\"async\" width=\"1024\" height=\"683\" data-id=\"10135\" data-src=\"https:\/\/www.cottage.cz\/wp-content\/uploads\/2018\/08\/Resize-of-16LR-1024x683.jpg\" alt=\"\" class=\"wp-image-10135 lazyload\" data-srcset=\"https:\/\/cottage.cz\/wp-content\/uploads\/2018\/08\/Resize-of-16LR-1024x683.jpg 1024w, https:\/\/cottage.cz\/wp-content\/uploads\/2018\/08\/Resize-of-16LR-300x200.jpg 300w, https:\/\/cottage.cz\/wp-content\/uploads\/2018\/08\/Resize-of-16LR-768x512.jpg 768w, https:\/\/cottage.cz\/wp-content\/uploads\/2018\/08\/Resize-of-16LR.jpg 1200w\" data-sizes=\"(max-width: 1024px) 100vw, 1024px\" src=\"data:image\/svg+xml;base64,PHN2ZyB3aWR0aD0iMSIgaGVpZ2h0PSIxIiB4bWxucz0iaHR0cDovL3d3dy53My5vcmcvMjAwMC9zdmciPjwvc3ZnPg==\" style=\"--smush-placeholder-width: 1024px; --smush-placeholder-aspect-ratio: 1024\/683;\" \/><\/a><figcaption class=\"wp-element-caption\">Whirlpool und Sauna<\/figcaption><\/figure>\n\n\n\n<figure class=\"wp-block-image size-large\"><a href=\"https:\/\/www.cottage.cz\/wp-content\/uploads\/2022\/01\/IMG-20220131-WA0001.jpg\" rel=\"lightbox[20349]\"><img decoding=\"async\" width=\"768\" height=\"1024\" data-id=\"8962\" data-src=\"https:\/\/www.cottage.cz\/wp-content\/uploads\/2022\/01\/IMG-20220131-WA0001-768x1024.jpg\" alt=\"\" class=\"wp-image-8962 lazyload\" data-srcset=\"https:\/\/cottage.cz\/wp-content\/uploads\/2022\/01\/IMG-20220131-WA0001-768x1024.jpg 768w, https:\/\/cottage.cz\/wp-content\/uploads\/2022\/01\/IMG-20220131-WA0001-225x300.jpg 225w, https:\/\/cottage.cz\/wp-content\/uploads\/2022\/01\/IMG-20220131-WA0001-1152x1536.jpg 1152w, https:\/\/cottage.cz\/wp-content\/uploads\/2022\/01\/IMG-20220131-WA0001.jpg 1200w\" data-sizes=\"(max-width: 768px) 100vw, 768px\" src=\"data:image\/svg+xml;base64,PHN2ZyB3aWR0aD0iMSIgaGVpZ2h0PSIxIiB4bWxucz0iaHR0cDovL3d3dy53My5vcmcvMjAwMC9zdmciPjwvc3ZnPg==\" style=\"--smush-placeholder-width: 768px; --smush-placeholder-aspect-ratio: 768\/1024;\" \/><\/a><figcaption class=\"wp-element-caption\">Nacht-Whirlpool<\/figcaption><\/figure>\n\n\n\n<figure class=\"wp-block-image size-large\"><a href=\"https:\/\/www.cottage.cz\/wp-content\/uploads\/2022\/01\/IMG-20220131-WA0002.jpg\" rel=\"lightbox[20349]\"><img decoding=\"async\" width=\"768\" height=\"1024\" data-id=\"8963\" data-src=\"https:\/\/www.cottage.cz\/wp-content\/uploads\/2022\/01\/IMG-20220131-WA0002-768x1024.jpg\" alt=\"\" class=\"wp-image-8963 lazyload\" data-srcset=\"https:\/\/cottage.cz\/wp-content\/uploads\/2022\/01\/IMG-20220131-WA0002-768x1024.jpg 768w, https:\/\/cottage.cz\/wp-content\/uploads\/2022\/01\/IMG-20220131-WA0002-225x300.jpg 225w, https:\/\/cottage.cz\/wp-content\/uploads\/2022\/01\/IMG-20220131-WA0002-1152x1536.jpg 1152w, https:\/\/cottage.cz\/wp-content\/uploads\/2022\/01\/IMG-20220131-WA0002.jpg 1200w\" data-sizes=\"(max-width: 768px) 100vw, 768px\" src=\"data:image\/svg+xml;base64,PHN2ZyB3aWR0aD0iMSIgaGVpZ2h0PSIxIiB4bWxucz0iaHR0cDovL3d3dy53My5vcmcvMjAwMC9zdmciPjwvc3ZnPg==\" style=\"--smush-placeholder-width: 768px; --smush-placeholder-aspect-ratio: 768\/1024;\" \/><\/a><figcaption class=\"wp-element-caption\">Entspannen Sie Sich<\/figcaption><\/figure>\n\n\n\n<figure class=\"wp-block-image size-large\"><a href=\"https:\/\/www.cottage.cz\/wp-content\/uploads\/2018\/11\/RV_CZ_Cottage_Night7-e1581598483798.jpg\" rel=\"lightbox[20349]\"><img decoding=\"async\" width=\"1024\" height=\"683\" data-id=\"5715\" data-src=\"https:\/\/www.cottage.cz\/wp-content\/uploads\/2018\/11\/RV_CZ_Cottage_Night7-1024x683.jpg\" alt=\"\" class=\"wp-image-5715 lazyload\" src=\"data:image\/svg+xml;base64,PHN2ZyB3aWR0aD0iMSIgaGVpZ2h0PSIxIiB4bWxucz0iaHR0cDovL3d3dy53My5vcmcvMjAwMC9zdmciPjwvc3ZnPg==\" style=\"--smush-placeholder-width: 1024px; --smush-placeholder-aspect-ratio: 1024\/683;\" \/><\/a><figcaption class=\"wp-element-caption\">Teich und ein beheizter Zylinder<\/figcaption><\/figure>\n\n\n\n<figure class=\"wp-block-image size-large\"><a href=\"https:\/\/www.cottage.cz\/wp-content\/uploads\/2018\/08\/07a-scaled.jpg\" rel=\"lightbox[20349]\"><img decoding=\"async\" width=\"1024\" height=\"683\" data-id=\"9937\" data-src=\"https:\/\/www.cottage.cz\/wp-content\/uploads\/2018\/08\/07a-1024x683.jpg\" alt=\"\" class=\"wp-image-9937 lazyload\" data-srcset=\"https:\/\/cottage.cz\/wp-content\/uploads\/2018\/08\/07a-1024x683.jpg 1024w, https:\/\/cottage.cz\/wp-content\/uploads\/2018\/08\/07a-300x200.jpg 300w, https:\/\/cottage.cz\/wp-content\/uploads\/2018\/08\/07a-768x512.jpg 768w, https:\/\/cottage.cz\/wp-content\/uploads\/2018\/08\/07a-1536x1024.jpg 1536w, https:\/\/cottage.cz\/wp-content\/uploads\/2018\/08\/07a-2048x1365.jpg 2048w, https:\/\/cottage.cz\/wp-content\/uploads\/2018\/08\/07a-1320x880.jpg 1320w\" data-sizes=\"(max-width: 1024px) 100vw, 1024px\" src=\"data:image\/svg+xml;base64,PHN2ZyB3aWR0aD0iMSIgaGVpZ2h0PSIxIiB4bWxucz0iaHR0cDovL3d3dy53My5vcmcvMjAwMC9zdmciPjwvc3ZnPg==\" style=\"--smush-placeholder-width: 1024px; --smush-placeholder-aspect-ratio: 1024\/683;\" \/><\/a><figcaption class=\"wp-element-caption\">H\u00e4rten im Teich<\/figcaption><\/figure>\n\n\n\n<figure class=\"wp-block-image size-large\"><a href=\"https:\/\/cottage.cz\/wp-content\/uploads\/2025\/06\/20231126_144917.jpg\" rel=\"lightbox[20349]\"><img decoding=\"async\" width=\"1024\" height=\"576\" data-id=\"26756\" data-src=\"https:\/\/cottage.cz\/wp-content\/uploads\/2025\/06\/20231126_144917-1024x576.jpg\" alt=\"\" class=\"wp-image-26756 lazyload\" data-srcset=\"https:\/\/cottage.cz\/wp-content\/uploads\/2025\/06\/20231126_144917-1024x576.jpg 1024w, https:\/\/cottage.cz\/wp-content\/uploads\/2025\/06\/20231126_144917-300x169.jpg 300w, https:\/\/cottage.cz\/wp-content\/uploads\/2025\/06\/20231126_144917-768x432.jpg 768w, https:\/\/cottage.cz\/wp-content\/uploads\/2025\/06\/20231126_144917-1536x864.jpg 1536w, https:\/\/cottage.cz\/wp-content\/uploads\/2025\/06\/20231126_144917.jpg 1800w\" data-sizes=\"(max-width: 1024px) 100vw, 1024px\" src=\"data:image\/svg+xml;base64,PHN2ZyB3aWR0aD0iMSIgaGVpZ2h0PSIxIiB4bWxucz0iaHR0cDovL3d3dy53My5vcmcvMjAwMC9zdmciPjwvc3ZnPg==\" style=\"--smush-placeholder-width: 1024px; --smush-placeholder-aspect-ratio: 1024\/576;\" \/><\/a><figcaption class=\"wp-element-caption\">Aush\u00e4rtung im Freien<\/figcaption><\/figure>\n<\/figure>\n<\/div><\/div>\n<\/div><\/div>\n<\/div><\/div>\n\n\n\n<figure class=\"wp-block-video\"><video height=\"848\" style=\"aspect-ratio: 480 \/ 848;\" width=\"480\" controls src=\"https:\/\/www.cottage.cz\/wp-content\/uploads\/2023\/02\/VID-20230217-WA0003.mp4\"><\/video><\/figure>\n<\/div><\/div>\n\n\n\n<p><\/p>\n","protected":false},"excerpt":{"rendered":"<p>Privater Wellnessbereich Lieben Sie eine echte finnische Sauna? Kapazit\u00e4t 6 Personen. Temperatur 90\u00b0C +Whirlpool (Jacuzzi) f\u00fcr bis zu 4 Personen. Temperatur 37\u00b0C.(Wenn Sie es nutzen m\u00f6chten, informieren Sie uns bitte einen Tag im Voraus, im Sommer geschlossen) = Private Nutzung 1.000 CZK in 2 Stunden inklusive der gesamten Entspannungszone und Bettw\u00e4sche. Hottube im Freien Entspannung [&hellip;]<\/p>\n","protected":false},"author":4,"featured_media":26290,"parent":0,"menu_order":0,"comment_status":"closed","ping_status":"closed","template":"","meta":{"_monsterinsights_skip_tracking":false,"_monsterinsights_sitenote_active":false,"_monsterinsights_sitenote_note":"","_monsterinsights_sitenote_category":0,"ngg_post_thumbnail":0,"footnotes":""},"class_list":["post-20349","page","type-page","status-publish","has-post-thumbnail","hentry"],"aioseo_notices":[],"_links":{"self":[{"href":"https:\/\/cottage.cz\/de\/wp-json\/wp\/v2\/pages\/20349","targetHints":{"allow":["GET"]}}],"collection":[{"href":"https:\/\/cottage.cz\/de\/wp-json\/wp\/v2\/pages"}],"about":[{"href":"https:\/\/cottage.cz\/de\/wp-json\/wp\/v2\/types\/page"}],"author":[{"embeddable":true,"href":"https:\/\/cottage.cz\/de\/wp-json\/wp\/v2\/users\/4"}],"replies":[{"embeddable":true,"href":"https:\/\/cottage.cz\/de\/wp-json\/wp\/v2\/comments?post=20349"}],"version-history":[{"count":14,"href":"https:\/\/cottage.cz\/de\/wp-json\/wp\/v2\/pages\/20349\/revisions"}],"predecessor-version":[{"id":28651,"href":"https:\/\/cottage.cz\/de\/wp-json\/wp\/v2\/pages\/20349\/revisions\/28651"}],"wp:featuredmedia":[{"embeddable":true,"href":"https:\/\/cottage.cz\/de\/wp-json\/wp\/v2\/media\/26290"}],"wp:attachment":[{"href":"https:\/\/cottage.cz\/de\/wp-json\/wp\/v2\/media?parent=20349"}],"curies":[{"name":"wp","href":"https:\/\/api.w.org\/{rel}","templated":true}]}}