{"id":20334,"date":"2023-12-17T22:07:09","date_gmt":"2023-12-17T21:07:09","guid":{"rendered":"https:\/\/cottage.napokusy.cz\/?page_id=20334"},"modified":"2023-12-17T22:09:29","modified_gmt":"2023-12-17T21:09:29","slug":"penzion-kvilda","status":"publish","type":"page","link":"https:\/\/cottage.cz\/de\/penzion-kvilda\/","title":{"rendered":"Penzion KVILDA"},"content":{"rendered":"\n<p>Stellen Sie sich den Ort vor, wo die Natur des B\u00f6hmerwalds buchst\u00e4blich ein M\u00e4rchen fl\u00fcstert, wo Sie die sauberste Luft atmen und f\u00fchlen, wie sich Ihr K\u00f6rper mit Energie f\u00fcllt. Willkommen in der Pension Kvilda Lu\u010dn\u00ed!<br><br>Unsere Apartmentpension liegt im Herzen des B\u00f6hmerwalds, auf Kvilda, in der H\u00f6he 1050 m, in einer der sch\u00f6nsten und ruhigsten Gegenden der Tschechischen Republik. Umgeben von endlosen W\u00e4ldern und herrlichen Wiesen, ist ein wahres Paradies f\u00fcr Naturliebhaber.<br><br>Warum Sie sich f\u00fcr unser G\u00e4stehaus entscheiden sollten? Wir haben alles, Nach was suchst du! Wir bieten moderne, saubere und gem\u00fctliche Wohnungen, in dem Sie sich wie zu Hause f\u00fchlen werden. Jedes verf\u00fcgt \u00fcber eine voll ausgestattete K\u00fcche, Mikrowelle, Gro\u00dfe Wohnungen verf\u00fcgen \u00fcber einen Backofen, zum Beispiel f\u00fcr die Weihnachtsb\u00e4ckerei. WLAN ist verf\u00fcgbar, ein gro\u00dfer Fernseher, das Kohlebergwerk, der See, privates Badezimmer mit Toilette. Am Morgen wachen Sie mit Blick auf die wundersch\u00f6ne Landschaft des B\u00f6hmerwalds auf und fr\u00fchst\u00fccken in der ber\u00fchmten \u00f6rtlichen B\u00e4ckerei Kvildsk\u00e1.<br><br>Was ist mit den Aktivit\u00e4ten?? Die Pension Kvilda Lu\u010dn\u00ed ist ein idealer Ausgangspunkt f\u00fcr Wanderungen, Radfahren, Langlaufen und viele andere Outdoor-Aktivit\u00e4ten. In der n\u00e4heren Umgebung finden Sie viele touristische Ziele, Zu den bekanntesten z\u00e4hlen die Quellen der Moldau, die Grenzzone und der Geleevorhang in Bu\u010dina, H\u00fcttensumpf, der k\u00e4lteste Ort in der Tschechischen Republik Jezern\u00ed sla\u0165, F\u00fcrstliche Ebenen, Wolfsgehege in Srn\u00ed, Hirsch- und Luchsreservat auf Kvilda, Grattouren zum T\u0159\u00edsloli\u010dn\u00edk, Plechy\u00fd und Luzn\u00fd mit Blick auf die Alpen und viele andere. Nach einem Tag in der Natur k\u00f6nnen Sie entspannen oder am Feuer Kn\u00f6del backen, Oder bereiten Sie Ihr Abendessen auf dem Grill im Sitzbereich im Freien zu. Viele lokale Restaurants stehen Ihnen zur Verf\u00fcgung, B\u00e4ckerei, Caf\u00e9 und Konditorei, Sie k\u00f6nnen es in einem \u00f6rtlichen Selbstbedienungsladen kaufen. Und wenn es regnet, Besuchen Sie zum Beispiel das \u00f6rtliche Museum oder das Informationszentrum des Nationalparks B\u00f6hmerwald mit einer Ausstellung.<br><br>Warten Sie nicht, Buchen Sie noch heute bei uns <a href=\"http:\/\/www.penzionkvilda.cz\/\" target=\"_blank\" rel=\"noreferrer noopener\">Unterkunft, Kvilda Lu\u010dn\u00ed<\/a>\u00a0Es erwartet Sie und genie\u00dfen Sie Ihren Urlaub, was du nie vergessen wirst!<\/p>\n\n\n\n<p><a href=\"http:\/\/www.penzionkvilda.cz\/\" target=\"_blank\" rel=\"noreferrer noopener\">www.penzionkvilda.cz<\/a><\/p>\n","protected":false},"excerpt":{"rendered":"<p>Stellen Sie sich den Ort vor, wo die Natur des B\u00f6hmerwalds buchst\u00e4blich ein M\u00e4rchen fl\u00fcstert, wo Sie die sauberste Luft atmen und f\u00fchlen, wie sich Ihr K\u00f6rper mit Energie f\u00fcllt. Willkommen in der Pension Kvilda Lu\u010dn\u00ed! Unsere Apartmentpension liegt im Herzen des B\u00f6hmerwalds, auf Kvilda, in der H\u00f6he 1050 m, in einer der sch\u00f6nsten und [&hellip;]<\/p>\n","protected":false},"author":4,"featured_media":19084,"parent":0,"menu_order":0,"comment_status":"closed","ping_status":"closed","template":"","meta":{"_monsterinsights_skip_tracking":false,"_monsterinsights_sitenote_active":false,"_monsterinsights_sitenote_note":"","_monsterinsights_sitenote_category":0,"ngg_post_thumbnail":0,"footnotes":""},"class_list":["post-20334","page","type-page","status-publish","has-post-thumbnail","hentry"],"aioseo_notices":[],"_links":{"self":[{"href":"https:\/\/cottage.cz\/de\/wp-json\/wp\/v2\/pages\/20334","targetHints":{"allow":["GET"]}}],"collection":[{"href":"https:\/\/cottage.cz\/de\/wp-json\/wp\/v2\/pages"}],"about":[{"href":"https:\/\/cottage.cz\/de\/wp-json\/wp\/v2\/types\/page"}],"author":[{"embeddable":true,"href":"https:\/\/cottage.cz\/de\/wp-json\/wp\/v2\/users\/4"}],"replies":[{"embeddable":true,"href":"https:\/\/cottage.cz\/de\/wp-json\/wp\/v2\/comments?post=20334"}],"version-history":[{"count":2,"href":"https:\/\/cottage.cz\/de\/wp-json\/wp\/v2\/pages\/20334\/revisions"}],"predecessor-version":[{"id":20339,"href":"https:\/\/cottage.cz\/de\/wp-json\/wp\/v2\/pages\/20334\/revisions\/20339"}],"wp:featuredmedia":[{"embeddable":true,"href":"https:\/\/cottage.cz\/de\/wp-json\/wp\/v2\/media\/19084"}],"wp:attachment":[{"href":"https:\/\/cottage.cz\/de\/wp-json\/wp\/v2\/media?parent=20334"}],"curies":[{"name":"wp","href":"https:\/\/api.w.org\/{rel}","templated":true}]}}