{"id":20328,"date":"2023-12-17T22:00:21","date_gmt":"2023-12-17T21:00:21","guid":{"rendered":"https:\/\/cottage.napokusy.cz\/?page_id=20328"},"modified":"2026-02-04T18:33:41","modified_gmt":"2026-02-04T17:33:41","slug":"haerterei-und-sauna","status":"publish","type":"page","link":"https:\/\/cottage.cz\/de\/haerterei-und-sauna\/","title":{"rendered":"Otuzovarna: H\u00e4rterei und Sauna"},"content":{"rendered":"\n<p>Der <strong>Privat Gemeinschaft club Otuzovarna <\/strong>bietet Ruhe f\u00fcr Ihre Gesundheit und Entspannung. Liebst du es, dich abzuh\u00e4rten? Hier sind Sie richtig. Werden Sie ZUERST Mitglied im Club und dann k\u00f6nnen Sie eintreten. <a href=\"https:\/\/cottage.cz\/de\/haerterei-unf-sauna\/allgemeine-geschaeftsbedingungen-und-registrierung\/\" title=\"Anmeldung und Vereinssatzung hier.\">Anmeldung und Vereinssatzung hier.<\/a><\/p>\n\n\n\n<figure class=\"wp-block-gallery has-nested-images columns-default is-cropped wp-block-gallery-1 is-layout-flex wp-block-gallery-is-layout-flex\">\n<figure class=\"wp-block-image size-large\"><img decoding=\"async\" width=\"768\" height=\"1024\" data-id=\"10799\" data-src=\"https:\/\/www.cottage.cz\/wp-content\/uploads\/2023\/11\/20230912_101459-768x1024.jpg\" alt=\"\" class=\"wp-image-10799 lazyload\" data-srcset=\"https:\/\/cottage.cz\/wp-content\/uploads\/2023\/11\/20230912_101459-768x1024.jpg 768w, https:\/\/cottage.cz\/wp-content\/uploads\/2023\/11\/20230912_101459-225x300.jpg 225w, https:\/\/cottage.cz\/wp-content\/uploads\/2023\/11\/20230912_101459-1152x1536.jpg 1152w, https:\/\/cottage.cz\/wp-content\/uploads\/2023\/11\/20230912_101459-1536x2048.jpg 1536w, https:\/\/cottage.cz\/wp-content\/uploads\/2023\/11\/20230912_101459-1320x1760.jpg 1320w, https:\/\/cottage.cz\/wp-content\/uploads\/2023\/11\/20230912_101459-scaled.jpg 1920w\" data-sizes=\"(max-width: 768px) 100vw, 768px\" src=\"data:image\/svg+xml;base64,PHN2ZyB3aWR0aD0iMSIgaGVpZ2h0PSIxIiB4bWxucz0iaHR0cDovL3d3dy53My5vcmcvMjAwMC9zdmciPjwvc3ZnPg==\" style=\"--smush-placeholder-width: 768px; --smush-placeholder-aspect-ratio: 768\/1024;\" \/><\/figure>\n\n\n\n<figure class=\"wp-block-image size-large\"><img decoding=\"async\" width=\"768\" height=\"1024\" data-id=\"10798\" data-src=\"https:\/\/www.cottage.cz\/wp-content\/uploads\/2023\/11\/157659df-f3df-4c67-8741-1dcf068ae923-768x1024.jpg\" alt=\"\" class=\"wp-image-10798 lazyload\" data-srcset=\"https:\/\/cottage.cz\/wp-content\/uploads\/2023\/11\/157659df-f3df-4c67-8741-1dcf068ae923-768x1024.jpg 768w, https:\/\/cottage.cz\/wp-content\/uploads\/2023\/11\/157659df-f3df-4c67-8741-1dcf068ae923-225x300.jpg 225w, https:\/\/cottage.cz\/wp-content\/uploads\/2023\/11\/157659df-f3df-4c67-8741-1dcf068ae923-1152x1536.jpg 1152w, https:\/\/cottage.cz\/wp-content\/uploads\/2023\/11\/157659df-f3df-4c67-8741-1dcf068ae923.jpg 1200w\" data-sizes=\"(max-width: 768px) 100vw, 768px\" src=\"data:image\/svg+xml;base64,PHN2ZyB3aWR0aD0iMSIgaGVpZ2h0PSIxIiB4bWxucz0iaHR0cDovL3d3dy53My5vcmcvMjAwMC9zdmciPjwvc3ZnPg==\" style=\"--smush-placeholder-width: 768px; --smush-placeholder-aspect-ratio: 768\/1024;\" \/><\/figure>\n\n\n\n<figure class=\"wp-block-image size-large\"><img decoding=\"async\" width=\"768\" height=\"1024\" data-id=\"10797\" data-src=\"https:\/\/www.cottage.cz\/wp-content\/uploads\/2023\/11\/87f2520e-f4a8-41f0-98eb-103bbc7a35e6-768x1024.jpg\" alt=\"\" class=\"wp-image-10797 lazyload\" data-srcset=\"https:\/\/cottage.cz\/wp-content\/uploads\/2023\/11\/87f2520e-f4a8-41f0-98eb-103bbc7a35e6-768x1024.jpg 768w, https:\/\/cottage.cz\/wp-content\/uploads\/2023\/11\/87f2520e-f4a8-41f0-98eb-103bbc7a35e6-225x300.jpg 225w, https:\/\/cottage.cz\/wp-content\/uploads\/2023\/11\/87f2520e-f4a8-41f0-98eb-103bbc7a35e6-1152x1536.jpg 1152w, https:\/\/cottage.cz\/wp-content\/uploads\/2023\/11\/87f2520e-f4a8-41f0-98eb-103bbc7a35e6.jpg 1200w\" data-sizes=\"(max-width: 768px) 100vw, 768px\" src=\"data:image\/svg+xml;base64,PHN2ZyB3aWR0aD0iMSIgaGVpZ2h0PSIxIiB4bWxucz0iaHR0cDovL3d3dy53My5vcmcvMjAwMC9zdmciPjwvc3ZnPg==\" style=\"--smush-placeholder-width: 768px; --smush-placeholder-aspect-ratio: 768\/1024;\" \/><\/figure>\n<\/figure>\n\n\n\n<figure class=\"wp-block-gallery has-nested-images columns-default is-cropped wp-block-gallery-2 is-layout-flex wp-block-gallery-is-layout-flex\">\n<figure class=\"wp-block-image size-large\"><img decoding=\"async\" width=\"768\" height=\"1024\" data-id=\"24231\" data-src=\"https:\/\/cottage.cz\/wp-content\/uploads\/2024\/11\/20241101_162437-768x1024.jpg\" alt=\"\" class=\"wp-image-24231 lazyload\" data-srcset=\"https:\/\/cottage.cz\/wp-content\/uploads\/2024\/11\/20241101_162437-768x1024.jpg 768w, https:\/\/cottage.cz\/wp-content\/uploads\/2024\/11\/20241101_162437-225x300.jpg 225w, https:\/\/cottage.cz\/wp-content\/uploads\/2024\/11\/20241101_162437-1152x1536.jpg 1152w, https:\/\/cottage.cz\/wp-content\/uploads\/2024\/11\/20241101_162437-1536x2048.jpg 1536w, https:\/\/cottage.cz\/wp-content\/uploads\/2024\/11\/20241101_162437-scaled.jpg 1920w\" data-sizes=\"(max-width: 768px) 100vw, 768px\" src=\"data:image\/svg+xml;base64,PHN2ZyB3aWR0aD0iMSIgaGVpZ2h0PSIxIiB4bWxucz0iaHR0cDovL3d3dy53My5vcmcvMjAwMC9zdmciPjwvc3ZnPg==\" style=\"--smush-placeholder-width: 768px; --smush-placeholder-aspect-ratio: 768\/1024;\" \/><\/figure>\n\n\n\n<figure class=\"wp-block-image size-large\"><img decoding=\"async\" width=\"768\" height=\"1024\" data-id=\"23829\" data-src=\"https:\/\/cottage.cz\/wp-content\/uploads\/2024\/10\/20241023_160803-768x1024.jpg\" alt=\"\" class=\"wp-image-23829 lazyload\" data-srcset=\"https:\/\/cottage.cz\/wp-content\/uploads\/2024\/10\/20241023_160803-768x1024.jpg 768w, https:\/\/cottage.cz\/wp-content\/uploads\/2024\/10\/20241023_160803-225x300.jpg 225w, https:\/\/cottage.cz\/wp-content\/uploads\/2024\/10\/20241023_160803-1152x1536.jpg 1152w, https:\/\/cottage.cz\/wp-content\/uploads\/2024\/10\/20241023_160803-1536x2048.jpg 1536w, https:\/\/cottage.cz\/wp-content\/uploads\/2024\/10\/20241023_160803-scaled.jpg 1920w\" data-sizes=\"(max-width: 768px) 100vw, 768px\" src=\"data:image\/svg+xml;base64,PHN2ZyB3aWR0aD0iMSIgaGVpZ2h0PSIxIiB4bWxucz0iaHR0cDovL3d3dy53My5vcmcvMjAwMC9zdmciPjwvc3ZnPg==\" style=\"--smush-placeholder-width: 768px; --smush-placeholder-aspect-ratio: 768\/1024;\" \/><\/figure>\n\n\n\n<figure class=\"wp-block-image size-large\"><img decoding=\"async\" width=\"1024\" height=\"768\" data-id=\"23834\" data-src=\"https:\/\/cottage.cz\/wp-content\/uploads\/2024\/10\/20241024_143605-1-1024x768.jpg\" alt=\"\" class=\"wp-image-23834 lazyload\" data-srcset=\"https:\/\/cottage.cz\/wp-content\/uploads\/2024\/10\/20241024_143605-1-1024x768.jpg 1024w, https:\/\/cottage.cz\/wp-content\/uploads\/2024\/10\/20241024_143605-1-300x225.jpg 300w, https:\/\/cottage.cz\/wp-content\/uploads\/2024\/10\/20241024_143605-1-768x576.jpg 768w, https:\/\/cottage.cz\/wp-content\/uploads\/2024\/10\/20241024_143605-1-1536x1152.jpg 1536w, https:\/\/cottage.cz\/wp-content\/uploads\/2024\/10\/20241024_143605-1-2048x1536.jpg 2048w\" data-sizes=\"(max-width: 1024px) 100vw, 1024px\" src=\"data:image\/svg+xml;base64,PHN2ZyB3aWR0aD0iMSIgaGVpZ2h0PSIxIiB4bWxucz0iaHR0cDovL3d3dy53My5vcmcvMjAwMC9zdmciPjwvc3ZnPg==\" style=\"--smush-placeholder-width: 1024px; --smush-placeholder-aspect-ratio: 1024\/768;\" \/><\/figure>\n<\/figure>\n\n\n\n<p>H\u00fctte des Vereins Otu\u017eov\u00e1rna. Es wird verwendet, um sich umzuziehen, sich hinzusetzen und ein hei\u00dfes Getr\u00e4nk zuzubereiten.<br>Eintritt nur f\u00fcr Vereinsmitglieder.<\/p>\n\n\n\n<p>Die Clubkabine von Otu\u017eov\u00e1rna. Sie dient zum Umziehen, Sitzen und zur Zubereitung von Hei\u00dfgetr\u00e4nken. Zutritt nur f\u00fcr Clubmitglieder.<\/p>\n\n\n\n\n\n<figure class=\"wp-block-gallery has-nested-images columns-default is-cropped wp-block-gallery-3 is-layout-flex wp-block-gallery-is-layout-flex\">\n<figure class=\"wp-block-image size-large\"><img decoding=\"async\" width=\"577\" height=\"1024\" data-id=\"22590\" data-src=\"https:\/\/cottage.cz\/wp-content\/uploads\/2024\/04\/20240329_104113-577x1024.jpg\" alt=\"\" class=\"wp-image-22590 lazyload\" data-srcset=\"https:\/\/cottage.cz\/wp-content\/uploads\/2024\/04\/20240329_104113-577x1024.jpg 577w, https:\/\/cottage.cz\/wp-content\/uploads\/2024\/04\/20240329_104113-169x300.jpg 169w, https:\/\/cottage.cz\/wp-content\/uploads\/2024\/04\/20240329_104113-768x1364.jpg 768w, https:\/\/cottage.cz\/wp-content\/uploads\/2024\/04\/20240329_104113-865x1536.jpg 865w, https:\/\/cottage.cz\/wp-content\/uploads\/2024\/04\/20240329_104113-1153x2048.jpg 1153w, https:\/\/cottage.cz\/wp-content\/uploads\/2024\/04\/20240329_104113-scaled.jpg 1441w\" data-sizes=\"(max-width: 577px) 100vw, 577px\" src=\"data:image\/svg+xml;base64,PHN2ZyB3aWR0aD0iMSIgaGVpZ2h0PSIxIiB4bWxucz0iaHR0cDovL3d3dy53My5vcmcvMjAwMC9zdmciPjwvc3ZnPg==\" style=\"--smush-placeholder-width: 577px; --smush-placeholder-aspect-ratio: 577\/1024;\" \/><\/figure>\n\n\n\n<figure class=\"wp-block-image size-large\"><img decoding=\"async\" width=\"577\" height=\"1024\" data-id=\"22585\" data-src=\"https:\/\/cottage.cz\/wp-content\/uploads\/2024\/04\/20231031_165529-1-577x1024.jpg\" alt=\"\" class=\"wp-image-22585 lazyload\" data-srcset=\"https:\/\/cottage.cz\/wp-content\/uploads\/2024\/04\/20231031_165529-1-577x1024.jpg 577w, https:\/\/cottage.cz\/wp-content\/uploads\/2024\/04\/20231031_165529-1-169x300.jpg 169w, https:\/\/cottage.cz\/wp-content\/uploads\/2024\/04\/20231031_165529-1-768x1364.jpg 768w, https:\/\/cottage.cz\/wp-content\/uploads\/2024\/04\/20231031_165529-1-865x1536.jpg 865w, https:\/\/cottage.cz\/wp-content\/uploads\/2024\/04\/20231031_165529-1-1153x2048.jpg 1153w, https:\/\/cottage.cz\/wp-content\/uploads\/2024\/04\/20231031_165529-1-scaled.jpg 1441w\" data-sizes=\"(max-width: 577px) 100vw, 577px\" src=\"data:image\/svg+xml;base64,PHN2ZyB3aWR0aD0iMSIgaGVpZ2h0PSIxIiB4bWxucz0iaHR0cDovL3d3dy53My5vcmcvMjAwMC9zdmciPjwvc3ZnPg==\" style=\"--smush-placeholder-width: 577px; --smush-placeholder-aspect-ratio: 577\/1024;\" \/><\/figure>\n\n\n\n<figure class=\"wp-block-image size-large\"><img decoding=\"async\" width=\"768\" height=\"1024\" data-id=\"10798\" data-src=\"https:\/\/cottage.cz\/wp-content\/uploads\/2023\/11\/157659df-f3df-4c67-8741-1dcf068ae923-768x1024.jpg\" alt=\"\" class=\"wp-image-10798 lazyload\" data-srcset=\"https:\/\/cottage.cz\/wp-content\/uploads\/2023\/11\/157659df-f3df-4c67-8741-1dcf068ae923-768x1024.jpg 768w, https:\/\/cottage.cz\/wp-content\/uploads\/2023\/11\/157659df-f3df-4c67-8741-1dcf068ae923-225x300.jpg 225w, https:\/\/cottage.cz\/wp-content\/uploads\/2023\/11\/157659df-f3df-4c67-8741-1dcf068ae923-1152x1536.jpg 1152w, https:\/\/cottage.cz\/wp-content\/uploads\/2023\/11\/157659df-f3df-4c67-8741-1dcf068ae923.jpg 1200w\" data-sizes=\"(max-width: 768px) 100vw, 768px\" src=\"data:image\/svg+xml;base64,PHN2ZyB3aWR0aD0iMSIgaGVpZ2h0PSIxIiB4bWxucz0iaHR0cDovL3d3dy53My5vcmcvMjAwMC9zdmciPjwvc3ZnPg==\" style=\"--smush-placeholder-width: 768px; --smush-placeholder-aspect-ratio: 768\/1024;\" \/><\/figure>\n<\/figure>\n\n\n\n<p>Angenehme, einfache Sitzgelegenheiten, Kochgelegenheit (Gaskocher, Trinkwasser, grundlegende K\u00fcchenutensilien). 2-kW-Akku mit 220-V-Steckdose und Handy-Ladefunktion. Liegen auf dem Boden m\u00f6glich. Trockentoilette (Campingtauglich) und Badewanne mit Wasser.<\/p>\n\n\n\n<p>Die Sauna im Schwimmbad l\u00e4dt zum Entspannen und Aufw\u00e4rmen ein. Den Schwei\u00df k\u00f6nnen Sie anschlie\u00dfend direkt in den Mail\u00e4nder See abgeben. Zutritt nur f\u00fcr Clubmitglieder. Saunarituale m\u00f6glich.<\/p>\n\n\n\n<p>Verf\u00fcgbarkeitskalender<\/p>\n\n\n\n<iframe data-src=\"https:\/\/calendar.google.com\/calendar\/embed?src=krasnolipsko.cz_7k81qr4ml9e7plrvvlo1nn2gfg%40group.calendar.google.com&#038;ctz=Europe%2FPrague\" style=\"border: 0\" width=\"100%\" height=\"600\" frameborder=\"0\" scrolling=\"no\" src=\"data:image\/svg+xml;base64,PHN2ZyB3aWR0aD0iMSIgaGVpZ2h0PSIxIiB4bWxucz0iaHR0cDovL3d3dy53My5vcmcvMjAwMC9zdmciPjwvc3ZnPg==\" class=\"lazyload\" data-load-mode=\"1\"><\/iframe>\n\n\n\n<p><\/p>\n\n\n\n<p><a href=\"https:\/\/cottage.cz\/de\/wie-ich-die-schmiede-gebaut-habe\/\" title=\"\">Wie ich die Schmiede gebaut habe?<\/a><\/p>\n","protected":false},"excerpt":{"rendered":"<p>Der Privat Gemeinschaft club Otuzovarna bietet Ruhe f\u00fcr Ihre Gesundheit und Entspannung. Liebst du es, dich abzuh\u00e4rten? Hier sind Sie richtig. Werden Sie ZUERST Mitglied im Club und dann k\u00f6nnen Sie eintreten. Anmeldung und Vereinssatzung hier. H\u00fctte des Vereins Otu\u017eov\u00e1rna. Es wird verwendet, um sich umzuziehen, sich hinzusetzen und ein hei\u00dfes Getr\u00e4nk zuzubereiten.Eintritt nur f\u00fcr [&hellip;]<\/p>\n","protected":false},"author":4,"featured_media":23818,"parent":0,"menu_order":0,"comment_status":"closed","ping_status":"closed","template":"","meta":{"_monsterinsights_skip_tracking":false,"_monsterinsights_sitenote_active":false,"_monsterinsights_sitenote_note":"","_monsterinsights_sitenote_category":0,"ngg_post_thumbnail":0,"footnotes":""},"class_list":["post-20328","page","type-page","status-publish","has-post-thumbnail","hentry"],"aioseo_notices":[],"_links":{"self":[{"href":"https:\/\/cottage.cz\/de\/wp-json\/wp\/v2\/pages\/20328","targetHints":{"allow":["GET"]}}],"collection":[{"href":"https:\/\/cottage.cz\/de\/wp-json\/wp\/v2\/pages"}],"about":[{"href":"https:\/\/cottage.cz\/de\/wp-json\/wp\/v2\/types\/page"}],"author":[{"embeddable":true,"href":"https:\/\/cottage.cz\/de\/wp-json\/wp\/v2\/users\/4"}],"replies":[{"embeddable":true,"href":"https:\/\/cottage.cz\/de\/wp-json\/wp\/v2\/comments?post=20328"}],"version-history":[{"count":6,"href":"https:\/\/cottage.cz\/de\/wp-json\/wp\/v2\/pages\/20328\/revisions"}],"predecessor-version":[{"id":28679,"href":"https:\/\/cottage.cz\/de\/wp-json\/wp\/v2\/pages\/20328\/revisions\/28679"}],"wp:featuredmedia":[{"embeddable":true,"href":"https:\/\/cottage.cz\/de\/wp-json\/wp\/v2\/media\/23818"}],"wp:attachment":[{"href":"https:\/\/cottage.cz\/de\/wp-json\/wp\/v2\/media?parent=20328"}],"curies":[{"name":"wp","href":"https:\/\/api.w.org\/{rel}","templated":true}]}}