{"id":20319,"date":"2023-12-17T21:27:49","date_gmt":"2023-12-17T20:27:49","guid":{"rendered":"https:\/\/cottage.napokusy.cz\/?page_id=20319"},"modified":"2026-02-10T08:28:06","modified_gmt":"2026-02-10T07:28:06","slug":"massage","status":"publish","type":"page","link":"https:\/\/cottage.cz\/de\/massage\/","title":{"rendered":"Massage und  therapie"},"content":{"rendered":"<p>Wir lieben Ber\u00fchrungen, Massagen, Duft\u2026Wir w\u00e4hlen das beste f\u00fcr Sie, auf eigene Haut probieren, Womit wir uns umgeben, das was auch mit uns Wunder macht!<\/p>\n<p style=\"text-align: center;\"><strong>Manuelles verj\u00fcngendes Facelifting mit Martina<\/strong><br>Manuelles Lifting ist eine ABSOLUT \u201eGOTT\u201c neue revolution\u00e4re Methode, die das Gesicht ohne den Einsatz eines Skalpells* bereits nach der ersten Behandlung deutlich verj\u00fcngen kann, der Effekt sichtbar ist, Falten deutlich gegl\u00e4ttet werden, die Haut regeneriert und gestrafft wird<br>* sehr sanfte Technik, die mit einem angenehmen Gef\u00fchl tiefer Entspannung und innerem Wohlbefinden einhergeht<br>*bei der Massage werden bis zu 1000 Striche ausgef\u00fchrt, mit denen wir eine tolle Wirkung gegen Mimikfalten und Erm\u00fcdungsf\u00e4ltchen erzielen<br>Manuelles verj\u00fcngendes Facelifting (60 Minuten) &#8230;&#8230; 800 CZK<br>oder<br>Indische Kopfmassage (60 Minuten) &#8230;&#8230;.. 800 CZK<br>Muss im Voraus telefonisch gebucht werden: Martina, +420728567415<\/p>\n<div class=\"gallery-1 gallery-wrapper columns-wrapper\"><div class=\"gallery-column\"><a class=\"gallery-item photoswipe-item\" data-caption=\"\" data-width=\"1440\" data-height=\"2560\" href=\"https:\/\/cottage.cz\/wp-content\/uploads\/2024\/03\/IMG_4629-scaled.jpg\" rel=\"lightbox[20319]\"><img decoding=\"async\" class=\"gallery-img-desktop lazyload\" data-src=\"https:\/\/cottage.cz\/wp-content\/uploads\/2024\/03\/IMG_4629-scaled-550x309.jpg\" alt=\"\" src=\"data:image\/svg+xml;base64,PHN2ZyB3aWR0aD0iMSIgaGVpZ2h0PSIxIiB4bWxucz0iaHR0cDovL3d3dy53My5vcmcvMjAwMC9zdmciPjwvc3ZnPg==\" style=\"--smush-placeholder-width: 550px; --smush-placeholder-aspect-ratio: 550\/309;\" \/><img decoding=\"async\" class=\"gallery-img-mobile lazyload\" data-src=\"https:\/\/cottage.cz\/wp-content\/uploads\/2024\/03\/IMG_4629-scaled-500x500.jpg\" alt=\"\" src=\"data:image\/svg+xml;base64,PHN2ZyB3aWR0aD0iMSIgaGVpZ2h0PSIxIiB4bWxucz0iaHR0cDovL3d3dy53My5vcmcvMjAwMC9zdmciPjwvc3ZnPg==\" style=\"--smush-placeholder-width: 500px; --smush-placeholder-aspect-ratio: 500\/500;\" \/><div class=\"gallery-enlarge\"><\/div><\/a><\/div><div class=\"gallery-column\"><a class=\"gallery-item photoswipe-item\" data-caption=\"\" data-width=\"1440\" data-height=\"2560\" href=\"https:\/\/cottage.cz\/wp-content\/uploads\/2024\/03\/IMG_4628-scaled.jpg\" rel=\"lightbox[20319]\"><img decoding=\"async\" class=\"gallery-img-desktop lazyload\" data-src=\"https:\/\/cottage.cz\/wp-content\/uploads\/2024\/03\/IMG_4628-scaled-550x309.jpg\" alt=\"\" src=\"data:image\/svg+xml;base64,PHN2ZyB3aWR0aD0iMSIgaGVpZ2h0PSIxIiB4bWxucz0iaHR0cDovL3d3dy53My5vcmcvMjAwMC9zdmciPjwvc3ZnPg==\" style=\"--smush-placeholder-width: 550px; --smush-placeholder-aspect-ratio: 550\/309;\" \/><img decoding=\"async\" class=\"gallery-img-mobile lazyload\" data-src=\"https:\/\/cottage.cz\/wp-content\/uploads\/2024\/03\/IMG_4628-scaled-500x500.jpg\" alt=\"\" src=\"data:image\/svg+xml;base64,PHN2ZyB3aWR0aD0iMSIgaGVpZ2h0PSIxIiB4bWxucz0iaHR0cDovL3d3dy53My5vcmcvMjAwMC9zdmciPjwvc3ZnPg==\" style=\"--smush-placeholder-width: 500px; --smush-placeholder-aspect-ratio: 500\/500;\" \/><div class=\"gallery-enlarge\"><\/div><\/a><\/div><div class=\"gallery-column\"><a class=\"gallery-item photoswipe-item\" data-caption=\"\" data-width=\"1440\" data-height=\"2560\" href=\"https:\/\/cottage.cz\/wp-content\/uploads\/2024\/03\/IMG_4626-scaled.jpg\" rel=\"lightbox[20319]\"><img decoding=\"async\" class=\"gallery-img-desktop lazyload\" data-src=\"https:\/\/cottage.cz\/wp-content\/uploads\/2024\/03\/IMG_4626-scaled-550x309.jpg\" alt=\"\" src=\"data:image\/svg+xml;base64,PHN2ZyB3aWR0aD0iMSIgaGVpZ2h0PSIxIiB4bWxucz0iaHR0cDovL3d3dy53My5vcmcvMjAwMC9zdmciPjwvc3ZnPg==\" style=\"--smush-placeholder-width: 550px; --smush-placeholder-aspect-ratio: 550\/309;\" \/><img decoding=\"async\" class=\"gallery-img-mobile lazyload\" data-src=\"https:\/\/cottage.cz\/wp-content\/uploads\/2024\/03\/IMG_4626-scaled-500x500.jpg\" alt=\"\" src=\"data:image\/svg+xml;base64,PHN2ZyB3aWR0aD0iMSIgaGVpZ2h0PSIxIiB4bWxucz0iaHR0cDovL3d3dy53My5vcmcvMjAwMC9zdmciPjwvc3ZnPg==\" style=\"--smush-placeholder-width: 500px; --smush-placeholder-aspect-ratio: 500\/500;\" \/><div class=\"gallery-enlarge\"><\/div><\/a><\/div><style type=\"text\/css\">.gallery-1 .gallery-column { width: 33.33%; padding-bottom: 18.75%; }.gallery-1 { margin-left: -0px; margin-right: -0px; }.gallery-1 .gallery-item {bottom: 0px;left: 0px;right: 0px;top: 0px;}<\/style><\/div>\n<p style=\"text-align: center;\"><strong>Die Sport- und Regenerationsmassage<\/strong><\/p>\n<p><img decoding=\"async\" class=\"size-medium wp-image-21969 alignleft lazyload\" data-src=\"https:\/\/cottage.cz\/wp-content\/uploads\/2024\/02\/20240123_094016-169x300.jpg\" alt=\"\" width=\"169\" height=\"300\" data-srcset=\"https:\/\/cottage.cz\/wp-content\/uploads\/2024\/02\/20240123_094016-169x300.jpg 169w, https:\/\/cottage.cz\/wp-content\/uploads\/2024\/02\/20240123_094016-577x1024.jpg 577w, https:\/\/cottage.cz\/wp-content\/uploads\/2024\/02\/20240123_094016-768x1364.jpg 768w, https:\/\/cottage.cz\/wp-content\/uploads\/2024\/02\/20240123_094016-865x1536.jpg 865w, https:\/\/cottage.cz\/wp-content\/uploads\/2024\/02\/20240123_094016-1153x2048.jpg 1153w, https:\/\/cottage.cz\/wp-content\/uploads\/2024\/02\/20240123_094016-1320x2345.jpg 1320w, https:\/\/cottage.cz\/wp-content\/uploads\/2024\/02\/20240123_094016-scaled.jpg 1441w\" data-sizes=\"(max-width: 169px) 100vw, 169px\" src=\"data:image\/svg+xml;base64,PHN2ZyB3aWR0aD0iMSIgaGVpZ2h0PSIxIiB4bWxucz0iaHR0cDovL3d3dy53My5vcmcvMjAwMC9zdmciPjwvc3ZnPg==\" style=\"--smush-placeholder-width: 169px; --smush-placeholder-aspect-ratio: 169\/300;\" \/>Die Sport- und Regenerationsmassage, die auch als Ganzk\u00f6rpermassage bezeichnet wird, ist eine Massageart, bei der die R\u00fccken, die Schulter-\/Nackenpartie, der obere Ges\u00e4\u00dfteil, die Arme, Beine und die F\u00fc\u00dfe massiert werden. Ein besonderes Augenmerk wird daraufgelegt, den steifen Nacken dann noch in der R\u00fcckenlage zu entspannen und die Haut von Sch\u00e4del und Gesicht zu massieren (nur auf Kundenwunsch).<\/p>\n<p>DieSport-Massage (60 min) \u2026. 1000 CZK<\/p>\n<p><strong>Muss im Voraus gebucht werden<\/strong> unter Tel: Jaroslav Novak, <strong>+420606540150<\/strong><\/p>\n<p>&nbsp;<\/p>\n<p style=\"text-align: center;\"><strong>Bestellen auf ganzheitliche Aromatherapie-Massage<\/strong><\/p>\n<p><img decoding=\"async\" class=\"alignleft wp-image-13600 size-medium lazyload\" data-src=\"https:\/\/cottage.cz\/wp-content\/uploads\/2018\/06\/katma-300x200.jpg\" alt=\"\" width=\"300\" height=\"200\" data-srcset=\"https:\/\/cottage.cz\/wp-content\/uploads\/2018\/06\/katma-300x200.jpg 300w, https:\/\/cottage.cz\/wp-content\/uploads\/2018\/06\/katma.jpg 450w\" data-sizes=\"(max-width: 300px) 100vw, 300px\" src=\"data:image\/svg+xml;base64,PHN2ZyB3aWR0aD0iMSIgaGVpZ2h0PSIxIiB4bWxucz0iaHR0cDovL3d3dy53My5vcmcvMjAwMC9zdmciPjwvc3ZnPg==\" style=\"--smush-placeholder-width: 300px; --smush-placeholder-aspect-ratio: 300\/200;\" \/>Die gesamte Aromatherapie-Massage (120 min.) \u2026. 1550 CZK<\/p>\n<p>Dh Teilaromamassage. zur\u00fcck, Hals, Kopf (75 min.) 1150 CZK<\/p>\n<p>Aromatherapie-Massage R\u00fccken oder F\u00fc\u00dfe (50 min.) 1050 CZK<\/p>\n<p>Recht 300 CZK (Geb\u00fchr).<\/p>\n<p><strong>Muss im Voraus gebucht werden<\/strong>&nbsp;unter Tel: M.Sc.. Kate\u0159ina Hrazd\u00edrov\u00e1,&nbsp;<strong>+420605541023<\/strong><\/p>\n<p><em>(Wir bieten unseren G\u00e4sten nur Massagen und Behandlungen an)<\/em><\/p>\n\n\n<p><\/p>\n","protected":false},"excerpt":{"rendered":"<p>Wir lieben Ber\u00fchrungen, Massagen, Duft\u2026Wir w\u00e4hlen das beste f\u00fcr Sie, auf eigene Haut probieren, Womit wir uns umgeben, das was auch mit uns Wunder macht! Manuelles verj\u00fcngendes Facelifting mit MartinaManuelles Lifting ist eine ABSOLUT \u201eGOTT\u201c neue revolution\u00e4re Methode, die das Gesicht ohne den Einsatz eines Skalpells* bereits nach der ersten Behandlung deutlich verj\u00fcngen kann, der [&hellip;]<\/p>\n","protected":false},"author":4,"featured_media":17368,"parent":0,"menu_order":0,"comment_status":"closed","ping_status":"closed","template":"","meta":{"_monsterinsights_skip_tracking":false,"_monsterinsights_sitenote_active":false,"_monsterinsights_sitenote_note":"","_monsterinsights_sitenote_category":0,"ngg_post_thumbnail":0,"footnotes":""},"class_list":["post-20319","page","type-page","status-publish","has-post-thumbnail","hentry"],"aioseo_notices":[],"_links":{"self":[{"href":"https:\/\/cottage.cz\/de\/wp-json\/wp\/v2\/pages\/20319","targetHints":{"allow":["GET"]}}],"collection":[{"href":"https:\/\/cottage.cz\/de\/wp-json\/wp\/v2\/pages"}],"about":[{"href":"https:\/\/cottage.cz\/de\/wp-json\/wp\/v2\/types\/page"}],"author":[{"embeddable":true,"href":"https:\/\/cottage.cz\/de\/wp-json\/wp\/v2\/users\/4"}],"replies":[{"embeddable":true,"href":"https:\/\/cottage.cz\/de\/wp-json\/wp\/v2\/comments?post=20319"}],"version-history":[{"count":11,"href":"https:\/\/cottage.cz\/de\/wp-json\/wp\/v2\/pages\/20319\/revisions"}],"predecessor-version":[{"id":28694,"href":"https:\/\/cottage.cz\/de\/wp-json\/wp\/v2\/pages\/20319\/revisions\/28694"}],"wp:featuredmedia":[{"embeddable":true,"href":"https:\/\/cottage.cz\/de\/wp-json\/wp\/v2\/media\/17368"}],"wp:attachment":[{"href":"https:\/\/cottage.cz\/de\/wp-json\/wp\/v2\/media?parent=20319"}],"curies":[{"name":"wp","href":"https:\/\/api.w.org\/{rel}","templated":true}]}}