{"id":20313,"date":"2023-12-16T23:16:15","date_gmt":"2023-12-16T22:16:15","guid":{"rendered":"https:\/\/cottage.napokusy.cz\/?page_id=20313"},"modified":"2023-12-16T23:16:17","modified_gmt":"2023-12-16T22:16:17","slug":"shiatsu","status":"publish","type":"page","link":"https:\/\/cottage.cz\/de\/shiatsu\/","title":{"rendered":"Shiatsu"},"content":{"rendered":"\n<figure class=\"wp-block-gallery has-nested-images columns-default is-cropped wp-block-gallery-1 is-layout-flex wp-block-gallery-is-layout-flex\">\n<figure class=\"wp-block-image size-large\"><img decoding=\"async\" width=\"1024\" height=\"682\" data-id=\"9757\" data-src=\"https:\/\/www.cottage.cz\/wp-content\/uploads\/2022\/09\/4J4A1480-1024x682.jpg\" alt=\"\" class=\"wp-image-9757 lazyload\" data-srcset=\"https:\/\/cottage.cz\/wp-content\/uploads\/2022\/09\/4J4A1480-1024x682.jpg 1024w, https:\/\/cottage.cz\/wp-content\/uploads\/2022\/09\/4J4A1480-300x200.jpg 300w, https:\/\/cottage.cz\/wp-content\/uploads\/2022\/09\/4J4A1480-768x512.jpg 768w, https:\/\/cottage.cz\/wp-content\/uploads\/2022\/09\/4J4A1480-1536x1024.jpg 1536w, https:\/\/cottage.cz\/wp-content\/uploads\/2022\/09\/4J4A1480-1320x880.jpg 1320w, https:\/\/cottage.cz\/wp-content\/uploads\/2022\/09\/4J4A1480.jpg 2000w\" data-sizes=\"(max-width: 1024px) 100vw, 1024px\" src=\"data:image\/svg+xml;base64,PHN2ZyB3aWR0aD0iMSIgaGVpZ2h0PSIxIiB4bWxucz0iaHR0cDovL3d3dy53My5vcmcvMjAwMC9zdmciPjwvc3ZnPg==\" style=\"--smush-placeholder-width: 1024px; --smush-placeholder-aspect-ratio: 1024\/682;\" \/><\/figure>\n\n\n\n<figure class=\"wp-block-image size-large\"><img decoding=\"async\" width=\"1024\" height=\"682\" data-id=\"9759\" data-src=\"https:\/\/www.cottage.cz\/wp-content\/uploads\/2022\/09\/4J4A1457-1024x682.jpg\" alt=\"\" class=\"wp-image-9759 lazyload\" data-srcset=\"https:\/\/cottage.cz\/wp-content\/uploads\/2022\/09\/4J4A1457-1024x682.jpg 1024w, https:\/\/cottage.cz\/wp-content\/uploads\/2022\/09\/4J4A1457-300x200.jpg 300w, https:\/\/cottage.cz\/wp-content\/uploads\/2022\/09\/4J4A1457-768x512.jpg 768w, https:\/\/cottage.cz\/wp-content\/uploads\/2022\/09\/4J4A1457-1536x1024.jpg 1536w, https:\/\/cottage.cz\/wp-content\/uploads\/2022\/09\/4J4A1457-1320x880.jpg 1320w, https:\/\/cottage.cz\/wp-content\/uploads\/2022\/09\/4J4A1457.jpg 2000w\" data-sizes=\"(max-width: 1024px) 100vw, 1024px\" src=\"data:image\/svg+xml;base64,PHN2ZyB3aWR0aD0iMSIgaGVpZ2h0PSIxIiB4bWxucz0iaHR0cDovL3d3dy53My5vcmcvMjAwMC9zdmciPjwvc3ZnPg==\" style=\"--smush-placeholder-width: 1024px; --smush-placeholder-aspect-ratio: 1024\/682;\" \/><\/figure>\n\n\n\n<figure class=\"wp-block-image size-large\"><img decoding=\"async\" width=\"1024\" height=\"682\" data-id=\"9758\" data-src=\"https:\/\/www.cottage.cz\/wp-content\/uploads\/2022\/09\/4J4A1451-1024x682.jpg\" alt=\"\" class=\"wp-image-9758 lazyload\" data-srcset=\"https:\/\/cottage.cz\/wp-content\/uploads\/2022\/09\/4J4A1451-1024x682.jpg 1024w, https:\/\/cottage.cz\/wp-content\/uploads\/2022\/09\/4J4A1451-300x200.jpg 300w, https:\/\/cottage.cz\/wp-content\/uploads\/2022\/09\/4J4A1451-768x512.jpg 768w, https:\/\/cottage.cz\/wp-content\/uploads\/2022\/09\/4J4A1451-1536x1024.jpg 1536w, https:\/\/cottage.cz\/wp-content\/uploads\/2022\/09\/4J4A1451-1320x880.jpg 1320w, https:\/\/cottage.cz\/wp-content\/uploads\/2022\/09\/4J4A1451.jpg 2000w\" data-sizes=\"(max-width: 1024px) 100vw, 1024px\" src=\"data:image\/svg+xml;base64,PHN2ZyB3aWR0aD0iMSIgaGVpZ2h0PSIxIiB4bWxucz0iaHR0cDovL3d3dy53My5vcmcvMjAwMC9zdmciPjwvc3ZnPg==\" style=\"--smush-placeholder-width: 1024px; --smush-placeholder-aspect-ratio: 1024\/682;\" \/><\/figure>\n\n\n\n<figure class=\"wp-block-image size-large\"><img decoding=\"async\" width=\"1024\" height=\"682\" data-id=\"9756\" data-src=\"https:\/\/www.cottage.cz\/wp-content\/uploads\/2022\/09\/P1031773-1024x682.jpg\" alt=\"\" class=\"wp-image-9756 lazyload\" data-srcset=\"https:\/\/cottage.cz\/wp-content\/uploads\/2022\/09\/P1031773-1024x682.jpg 1024w, https:\/\/cottage.cz\/wp-content\/uploads\/2022\/09\/P1031773-300x200.jpg 300w, https:\/\/cottage.cz\/wp-content\/uploads\/2022\/09\/P1031773-768x512.jpg 768w, https:\/\/cottage.cz\/wp-content\/uploads\/2022\/09\/P1031773-1536x1024.jpg 1536w, https:\/\/cottage.cz\/wp-content\/uploads\/2022\/09\/P1031773-1320x880.jpg 1320w, https:\/\/cottage.cz\/wp-content\/uploads\/2022\/09\/P1031773.jpg 2000w\" data-sizes=\"(max-width: 1024px) 100vw, 1024px\" src=\"data:image\/svg+xml;base64,PHN2ZyB3aWR0aD0iMSIgaGVpZ2h0PSIxIiB4bWxucz0iaHR0cDovL3d3dy53My5vcmcvMjAwMC9zdmciPjwvc3ZnPg==\" style=\"--smush-placeholder-width: 1024px; --smush-placeholder-aspect-ratio: 1024\/682;\" \/><\/figure>\n<\/figure>\n\n\n\n<p>\u00dcbliche Behandlungsdauer: 90 mir,&nbsp;m\u00f6gliche Beratung<\/p>\n\n\n\n<p>\u201eShiatsu ist eine Einladung zu tiefem Vertrauen in den eigenen K\u00f6rper und seine Kr\u00e4fte.\u201c<\/p>\n\n\n\n<p><strong>Shiatsu ist eine japanische Massagetechnik, die sanfte Ber\u00fchrung auf Akupressur verwendet<br>Punkte. Die Shiatsu-Behandlung findet bekleidet auf einer Matte am Boden statt. W\u00e4hrend der Behandlung werden sie im K\u00f6rper gebildet<br>Bedingungen f\u00fcr die Wiederherstellung des Gleichgewichts sowohl auf der Energieebene, sowohl auf k\u00f6rperlicher als auch auf psychischer Ebene.<\/strong><\/p>\n\n\n\n<p><strong>Wie funktioniert es?<\/strong>&nbsp;Unsere Lebensenergie im K\u00f6rper&nbsp;(Zu)&nbsp;flie\u00dft durch ein Netzwerk von Meridianen,&nbsp;Bei einem gesunden, bewussten Menschen ist es so<br>sein Fluss ausgeglichen.&nbsp;Aus verschiedenen Gr\u00fcnden sammelt sich jedoch an manchen Stellen Ki an,&nbsp;als ob<br>Am Fluss wird ein Damm gebaut.&nbsp;Anderswo ist Ki schwach,&nbsp;wie wenn ein Bach austrocknet.&nbsp;Im Shiatsu verwenden wir Ber\u00fchrung und<br>Fingerdruck dazu,&nbsp;so dass an Stellen \u00fcbersch\u00fcssiges Ki freigesetzt wird und zu den Stellen flie\u00dfen kann,&nbsp;wo ist sie<br>Mangel.&nbsp;Zusammen mit dem Energiesystem bewegen sich auch K\u00f6rper und Geist in Richtung Harmonie.&nbsp;Es \u00f6ffnet<br>der Weg zur Gesundheit,&nbsp;innere Weisheit und tiefen Frieden.<br><br><strong>Wie es geht?<\/strong>&nbsp;Zu Beginn des Treffens besteht die M\u00f6glichkeit f\u00fcr ein kurzes Gespr\u00e4ch.&nbsp;Ich bin interessiert an,&nbsp;Was f\u00fcr ein Leben lebst du und was<br>M\u00f6chten Sie \u00e4ndern \u2013 zum Beispiel, was Ihnen weh tut?,&nbsp;Welche Krankheiten plagen Sie?,&nbsp;psychische Probleme oder was auch immer.<br>Im Anschluss an die eigentliche Behandlung erfolgt das Tragen der Kleidung auf einer Matte am Boden \u2013 sie kann im Sitzen oder Liegen erfolgen<br>zur\u00fcck,&nbsp;am Bauch oder an der Seite.&nbsp;Ich ber\u00fchre die Punkte auf den Meridianen entsprechend dem festgestellten Ungleichgewicht,&nbsp;ich benutze<br>auch durch Drehen der Gelenke,&nbsp;Dehnung oder Handfl\u00e4chendruck.&nbsp;Shiatsu ist jedes Mal anders,&nbsp;denn jeder ist einzigartig<br>Klient.&nbsp;Am Ende empfiehlt es sich, sich hinzulegen und ein paar Minuten auszuruhen.<br><br>W\u00e4hrend und nach der Ber\u00fchrungstherapie kann es zu einem Druckgef\u00fchl kommen,&nbsp;Hitze oder Vibration,&nbsp;Es k\u00f6nnen auch andere auftreten<br>Bilder,&nbsp;Erinnerungen oder Emotionen.&nbsp;Es ist gut, ihnen ihren Lauf zu lassen.&nbsp;Ich empfehle Sie nach der Behandlung weiter<br>G\u00f6nnen Sie sich Zeit zum Integrieren und Wahrnehmen,&nbsp;was im K\u00f6rper und in der Psyche passiert.&nbsp;Es ist ideal, Zeit f\u00fcr sich selbst zu haben.<br>Ist Shiatsu f\u00fcr Sie geeignet?? Jahr,&nbsp;wenn Sie unter geistigen oder k\u00f6rperlichen Problemen leiden,&nbsp;Sie wollen<br>zum Entspannen oder wenn Sie sich auf eine Reise zu einem tieferen Verst\u00e4ndnis Ihrer selbst und Ihres Lebens begeben m\u00f6chten.&nbsp;Shiatsu se<br>nicht empfohlen in der akuten Phase einer Infektionskrankheit oder w\u00e4hrend einer laufenden Chemotherapie.<br><br><strong>Wie soll ich kommen??<\/strong>&nbsp;Es ist gut, mindestens eine Stunde nach dem Essen zu kommen.&nbsp;Tragen Sie bequeme, nat\u00fcrliche Kleidung<br>Material&nbsp;(Idealerweise ohne Kn\u00f6pfe und Rei\u00dfverschl\u00fcsse)&nbsp;und Socken.&nbsp;Eine gute Wahl sind Hosen oder Leggings und ein T-Shirt<br>mit langen \u00c4rmeln.&nbsp;F\u00fcr Frauen empfehle ich einen Sport-BH,&nbsp;m\u00f6glicherweise vor der eigentlichen Behandlung<br>zieh den BH aus.&nbsp;Jeans sind nicht geeignet,&nbsp;kurze Hose,&nbsp;Rock,&nbsp;Unterhemd.<\/p>\n","protected":false},"excerpt":{"rendered":"<p>\u00dcbliche Behandlungsdauer: 90 mir,&nbsp;m\u00f6gliche Beratung \u201eShiatsu ist eine Einladung zu tiefem Vertrauen in den eigenen K\u00f6rper und seine Kr\u00e4fte.\u201c Shiatsu ist eine japanische Massagetechnik, die sanfte Ber\u00fchrung auf Akupressur verwendetPunkte. Die Shiatsu-Behandlung findet bekleidet auf einer Matte am Boden statt. W\u00e4hrend der Behandlung werden sie im K\u00f6rper gebildetBedingungen f\u00fcr die Wiederherstellung des Gleichgewichts sowohl auf [&hellip;]<\/p>\n","protected":false},"author":4,"featured_media":18340,"parent":0,"menu_order":0,"comment_status":"closed","ping_status":"closed","template":"","meta":{"_monsterinsights_skip_tracking":false,"_monsterinsights_sitenote_active":false,"_monsterinsights_sitenote_note":"","_monsterinsights_sitenote_category":0,"ngg_post_thumbnail":0,"footnotes":""},"class_list":["post-20313","page","type-page","status-publish","has-post-thumbnail","hentry"],"aioseo_notices":[],"_links":{"self":[{"href":"https:\/\/cottage.cz\/de\/wp-json\/wp\/v2\/pages\/20313","targetHints":{"allow":["GET"]}}],"collection":[{"href":"https:\/\/cottage.cz\/de\/wp-json\/wp\/v2\/pages"}],"about":[{"href":"https:\/\/cottage.cz\/de\/wp-json\/wp\/v2\/types\/page"}],"author":[{"embeddable":true,"href":"https:\/\/cottage.cz\/de\/wp-json\/wp\/v2\/users\/4"}],"replies":[{"embeddable":true,"href":"https:\/\/cottage.cz\/de\/wp-json\/wp\/v2\/comments?post=20313"}],"version-history":[{"count":1,"href":"https:\/\/cottage.cz\/de\/wp-json\/wp\/v2\/pages\/20313\/revisions"}],"predecessor-version":[{"id":20314,"href":"https:\/\/cottage.cz\/de\/wp-json\/wp\/v2\/pages\/20313\/revisions\/20314"}],"wp:featuredmedia":[{"embeddable":true,"href":"https:\/\/cottage.cz\/de\/wp-json\/wp\/v2\/media\/18340"}],"wp:attachment":[{"href":"https:\/\/cottage.cz\/de\/wp-json\/wp\/v2\/media?parent=20313"}],"curies":[{"name":"wp","href":"https:\/\/api.w.org\/{rel}","templated":true}]}}