{"id":20306,"date":"2023-12-16T23:08:34","date_gmt":"2023-12-16T22:08:34","guid":{"rendered":"https:\/\/cottage.napokusy.cz\/?page_id=20306"},"modified":"2023-12-16T23:08:36","modified_gmt":"2023-12-16T22:08:36","slug":"transport","status":"publish","type":"page","link":"https:\/\/cottage.cz\/de\/transport\/","title":{"rendered":"Transport"},"content":{"rendered":"\n<p>F\u00fcr unsere Kunden steht ein VW-Transporter mit 8+1 Sitzpl\u00e4tzen und ein 4-Rad-Gep\u00e4cktr\u00e4ger zur Verf\u00fcgung. So k\u00f6nnen wir Sie irgendwohin bringen, aber auch von irgendwoher bringen. Preis und Zeit richten sich nach der Vereinbarung. Wir bieten auch die M\u00f6glichkeit der Abholung am Bahnhof und am Flughafen an. Kontakt: <a href=\"mailto:info@cottage.cz\">info@cottage.cz<\/a><\/p>\n","protected":false},"excerpt":{"rendered":"<p>F\u00fcr unsere Kunden steht ein VW-Transporter mit 8+1 Sitzpl\u00e4tzen und ein 4-Rad-Gep\u00e4cktr\u00e4ger zur Verf\u00fcgung. So k\u00f6nnen wir Sie irgendwohin bringen, aber auch von irgendwoher bringen. Preis und Zeit richten sich nach der Vereinbarung. Wir bieten auch die M\u00f6glichkeit der Abholung am Bahnhof und am Flughafen an. Kontakt: info@cottage.cz<\/p>\n","protected":false},"author":4,"featured_media":15460,"parent":0,"menu_order":0,"comment_status":"closed","ping_status":"closed","template":"","meta":{"_monsterinsights_skip_tracking":false,"_monsterinsights_sitenote_active":false,"_monsterinsights_sitenote_note":"","_monsterinsights_sitenote_category":0,"ngg_post_thumbnail":0,"footnotes":""},"class_list":["post-20306","page","type-page","status-publish","has-post-thumbnail","hentry"],"aioseo_notices":[],"_links":{"self":[{"href":"https:\/\/cottage.cz\/de\/wp-json\/wp\/v2\/pages\/20306","targetHints":{"allow":["GET"]}}],"collection":[{"href":"https:\/\/cottage.cz\/de\/wp-json\/wp\/v2\/pages"}],"about":[{"href":"https:\/\/cottage.cz\/de\/wp-json\/wp\/v2\/types\/page"}],"author":[{"embeddable":true,"href":"https:\/\/cottage.cz\/de\/wp-json\/wp\/v2\/users\/4"}],"replies":[{"embeddable":true,"href":"https:\/\/cottage.cz\/de\/wp-json\/wp\/v2\/comments?post=20306"}],"version-history":[{"count":1,"href":"https:\/\/cottage.cz\/de\/wp-json\/wp\/v2\/pages\/20306\/revisions"}],"predecessor-version":[{"id":20307,"href":"https:\/\/cottage.cz\/de\/wp-json\/wp\/v2\/pages\/20306\/revisions\/20307"}],"wp:featuredmedia":[{"embeddable":true,"href":"https:\/\/cottage.cz\/de\/wp-json\/wp\/v2\/media\/15460"}],"wp:attachment":[{"href":"https:\/\/cottage.cz\/de\/wp-json\/wp\/v2\/media?parent=20306"}],"curies":[{"name":"wp","href":"https:\/\/api.w.org\/{rel}","templated":true}]}}