{"id":20286,"date":"2023-12-16T22:06:12","date_gmt":"2023-12-16T21:06:12","guid":{"rendered":"https:\/\/cottage.napokusy.cz\/?page_id=20286"},"modified":"2023-12-16T22:09:45","modified_gmt":"2023-12-16T21:09:45","slug":"mtb-touren","status":"publish","type":"page","link":"https:\/\/cottage.cz\/de\/mtb-touren\/","title":{"rendered":"MTB-Touren"},"content":{"rendered":"<p>Wollen Sie Mountainbike Lausitzer Gebirge und Nationalparks Tschechische und die S\u00e4chsische Schweiz gehen? Ales zertifiziert F\u00fchrer mit Ihnen \u00fcbergibt diese Region kreuz und quer. Wir denken an das Programm zusammen, Reisen, Unterhaltung, Verpflegung und Unterkunft. Es h\u00e4ngt alles von Ihren Anforderungen und Ihrer Partei.<\/p>\n<p>Beispiel:<\/p>\n<p><strong>1. den<\/strong>\u00a0\u2013 Der Ausdruck auf der sedmistovky\u00a0<a href=\"https:\/\/cottage.cz\/de\/lausitzer-gebirge\/\">Lausitzer Gebirge<\/a>. Sich zu einem Gipfel Tanne klettern (774m). Wir schauen auf der Suche und besuchen Sie das \u00f6rtliche Pub Radstation Fir. Wer ist wirklich gut, b\u00e4ndigt sein Fahrrad und den h\u00f6chsten Berg der Lausitzer Gebirge \u2013 Lu\u017e ohne den Boden zu ber\u00fchren. Reise endet in Varnsdorf, wo k\u00f6nnen wir lokale Spezialit\u00e4ten Brauerei Kocour schmecken. (n\u00e4mlich. Fotos)<\/p>\n<p>2.den \u2013 \u2026<\/p>\n<p><strong>Kontakt: Ale\u0161 Kubica, zertifizierte Guide,\u00a0<a href=\"mailto:info@cottage.cz\">info@cottage.cz<\/a>,\u00a0<a href=\"tel:+420736224222\">+420 736 224 222<\/a><\/strong><\/p>\n<div class=\"gallery-1 gallery-wrapper columns-wrapper\"><div class=\"gallery-column\"><a class=\"gallery-item photoswipe-item\" data-caption=\"\" data-width=\"800\" data-height=\"533\" href=\"https:\/\/cottage.cz\/wp-content\/uploads\/2017\/04\/17622699_1893079484294478_353507585_o-1.jpg\" rel=\"lightbox[20286]\"><img decoding=\"async\" class=\"gallery-img-desktop lazyload\" data-src=\"https:\/\/cottage.cz\/wp-content\/uploads\/2017\/04\/17622699_1893079484294478_353507585_o-1-550x309.jpg\" alt=\"\" src=\"data:image\/svg+xml;base64,PHN2ZyB3aWR0aD0iMSIgaGVpZ2h0PSIxIiB4bWxucz0iaHR0cDovL3d3dy53My5vcmcvMjAwMC9zdmciPjwvc3ZnPg==\" style=\"--smush-placeholder-width: 550px; --smush-placeholder-aspect-ratio: 550\/309;\" \/><img decoding=\"async\" class=\"gallery-img-mobile lazyload\" data-src=\"https:\/\/cottage.cz\/wp-content\/uploads\/2017\/04\/17622699_1893079484294478_353507585_o-1-500x500.jpg\" alt=\"\" src=\"data:image\/svg+xml;base64,PHN2ZyB3aWR0aD0iMSIgaGVpZ2h0PSIxIiB4bWxucz0iaHR0cDovL3d3dy53My5vcmcvMjAwMC9zdmciPjwvc3ZnPg==\" style=\"--smush-placeholder-width: 500px; --smush-placeholder-aspect-ratio: 500\/500;\" \/><div class=\"gallery-enlarge\"><\/div><\/a><\/div><div class=\"gallery-column\"><a class=\"gallery-item photoswipe-item\" data-caption=\"\" data-width=\"800\" data-height=\"450\" href=\"https:\/\/cottage.cz\/wp-content\/uploads\/2017\/04\/svetlik.jpg\" rel=\"lightbox[20286]\"><img decoding=\"async\" class=\"gallery-img-desktop lazyload\" data-src=\"https:\/\/cottage.cz\/wp-content\/uploads\/2017\/04\/svetlik-550x309.jpg\" alt=\"\" src=\"data:image\/svg+xml;base64,PHN2ZyB3aWR0aD0iMSIgaGVpZ2h0PSIxIiB4bWxucz0iaHR0cDovL3d3dy53My5vcmcvMjAwMC9zdmciPjwvc3ZnPg==\" style=\"--smush-placeholder-width: 550px; --smush-placeholder-aspect-ratio: 550\/309;\" \/><img decoding=\"async\" class=\"gallery-img-mobile lazyload\" data-src=\"https:\/\/cottage.cz\/wp-content\/uploads\/2017\/04\/svetlik-500x500.jpg\" alt=\"\" src=\"data:image\/svg+xml;base64,PHN2ZyB3aWR0aD0iMSIgaGVpZ2h0PSIxIiB4bWxucz0iaHR0cDovL3d3dy53My5vcmcvMjAwMC9zdmciPjwvc3ZnPg==\" style=\"--smush-placeholder-width: 500px; --smush-placeholder-aspect-ratio: 500\/500;\" \/><div class=\"gallery-enlarge\"><\/div><\/a><\/div><div class=\"gallery-column\"><a class=\"gallery-item photoswipe-item\" data-caption=\"\" data-width=\"800\" data-height=\"450\" href=\"https:\/\/cottage.cz\/wp-content\/uploads\/2017\/04\/IMG_20160507_114314.jpg\" rel=\"lightbox[20286]\"><img decoding=\"async\" class=\"gallery-img-desktop lazyload\" data-src=\"https:\/\/cottage.cz\/wp-content\/uploads\/2017\/04\/IMG_20160507_114314-550x309.jpg\" alt=\"\" src=\"data:image\/svg+xml;base64,PHN2ZyB3aWR0aD0iMSIgaGVpZ2h0PSIxIiB4bWxucz0iaHR0cDovL3d3dy53My5vcmcvMjAwMC9zdmciPjwvc3ZnPg==\" style=\"--smush-placeholder-width: 550px; --smush-placeholder-aspect-ratio: 550\/309;\" \/><img decoding=\"async\" class=\"gallery-img-mobile lazyload\" data-src=\"https:\/\/cottage.cz\/wp-content\/uploads\/2017\/04\/IMG_20160507_114314-500x500.jpg\" alt=\"\" src=\"data:image\/svg+xml;base64,PHN2ZyB3aWR0aD0iMSIgaGVpZ2h0PSIxIiB4bWxucz0iaHR0cDovL3d3dy53My5vcmcvMjAwMC9zdmciPjwvc3ZnPg==\" style=\"--smush-placeholder-width: 500px; --smush-placeholder-aspect-ratio: 500\/500;\" \/><div class=\"gallery-enlarge\"><\/div><\/a><\/div><div class=\"gallery-column\"><a class=\"gallery-item photoswipe-item\" data-caption=\"\" data-width=\"800\" data-height=\"450\" href=\"https:\/\/cottage.cz\/wp-content\/uploads\/2017\/04\/IMG_20160505_103630.jpg\" rel=\"lightbox[20286]\"><img decoding=\"async\" class=\"gallery-img-desktop lazyload\" data-src=\"https:\/\/cottage.cz\/wp-content\/uploads\/2017\/04\/IMG_20160505_103630-550x309.jpg\" alt=\"\" src=\"data:image\/svg+xml;base64,PHN2ZyB3aWR0aD0iMSIgaGVpZ2h0PSIxIiB4bWxucz0iaHR0cDovL3d3dy53My5vcmcvMjAwMC9zdmciPjwvc3ZnPg==\" style=\"--smush-placeholder-width: 550px; --smush-placeholder-aspect-ratio: 550\/309;\" \/><img decoding=\"async\" class=\"gallery-img-mobile lazyload\" data-src=\"https:\/\/cottage.cz\/wp-content\/uploads\/2017\/04\/IMG_20160505_103630-500x500.jpg\" alt=\"\" src=\"data:image\/svg+xml;base64,PHN2ZyB3aWR0aD0iMSIgaGVpZ2h0PSIxIiB4bWxucz0iaHR0cDovL3d3dy53My5vcmcvMjAwMC9zdmciPjwvc3ZnPg==\" style=\"--smush-placeholder-width: 500px; --smush-placeholder-aspect-ratio: 500\/500;\" \/><div class=\"gallery-enlarge\"><\/div><\/a><\/div><div class=\"gallery-column\"><a class=\"gallery-item photoswipe-item\" data-caption=\"\" data-width=\"800\" data-height=\"450\" href=\"https:\/\/cottage.cz\/wp-content\/uploads\/2017\/04\/stoupani-jedlova.jpg\" rel=\"lightbox[20286]\"><img decoding=\"async\" class=\"gallery-img-desktop lazyload\" data-src=\"https:\/\/cottage.cz\/wp-content\/uploads\/2017\/04\/stoupani-jedlova-550x309.jpg\" alt=\"\" src=\"data:image\/svg+xml;base64,PHN2ZyB3aWR0aD0iMSIgaGVpZ2h0PSIxIiB4bWxucz0iaHR0cDovL3d3dy53My5vcmcvMjAwMC9zdmciPjwvc3ZnPg==\" style=\"--smush-placeholder-width: 550px; --smush-placeholder-aspect-ratio: 550\/309;\" \/><img decoding=\"async\" class=\"gallery-img-mobile lazyload\" data-src=\"https:\/\/cottage.cz\/wp-content\/uploads\/2017\/04\/stoupani-jedlova-500x500.jpg\" alt=\"\" src=\"data:image\/svg+xml;base64,PHN2ZyB3aWR0aD0iMSIgaGVpZ2h0PSIxIiB4bWxucz0iaHR0cDovL3d3dy53My5vcmcvMjAwMC9zdmciPjwvc3ZnPg==\" style=\"--smush-placeholder-width: 500px; --smush-placeholder-aspect-ratio: 500\/500;\" \/><div class=\"gallery-enlarge\"><\/div><\/a><\/div><div class=\"gallery-column\"><a class=\"gallery-item photoswipe-item\" data-caption=\"\" data-width=\"800\" data-height=\"450\" href=\"https:\/\/cottage.cz\/wp-content\/uploads\/2017\/04\/vrchol-luz.jpg\" rel=\"lightbox[20286]\"><img decoding=\"async\" class=\"gallery-img-desktop lazyload\" data-src=\"https:\/\/cottage.cz\/wp-content\/uploads\/2017\/04\/vrchol-luz-550x309.jpg\" alt=\"\" src=\"data:image\/svg+xml;base64,PHN2ZyB3aWR0aD0iMSIgaGVpZ2h0PSIxIiB4bWxucz0iaHR0cDovL3d3dy53My5vcmcvMjAwMC9zdmciPjwvc3ZnPg==\" style=\"--smush-placeholder-width: 550px; --smush-placeholder-aspect-ratio: 550\/309;\" \/><img decoding=\"async\" class=\"gallery-img-mobile lazyload\" data-src=\"https:\/\/cottage.cz\/wp-content\/uploads\/2017\/04\/vrchol-luz-500x500.jpg\" alt=\"\" src=\"data:image\/svg+xml;base64,PHN2ZyB3aWR0aD0iMSIgaGVpZ2h0PSIxIiB4bWxucz0iaHR0cDovL3d3dy53My5vcmcvMjAwMC9zdmciPjwvc3ZnPg==\" style=\"--smush-placeholder-width: 500px; --smush-placeholder-aspect-ratio: 500\/500;\" \/><div class=\"gallery-enlarge\"><\/div><\/a><\/div><div class=\"gallery-column\"><a class=\"gallery-item photoswipe-item\" data-caption=\"\" data-width=\"800\" data-height=\"450\" href=\"https:\/\/cottage.cz\/wp-content\/uploads\/2017\/04\/IMG_20160505_115556.jpg\" rel=\"lightbox[20286]\"><img decoding=\"async\" class=\"gallery-img-desktop lazyload\" data-src=\"https:\/\/cottage.cz\/wp-content\/uploads\/2017\/04\/IMG_20160505_115556-550x309.jpg\" alt=\"\" src=\"data:image\/svg+xml;base64,PHN2ZyB3aWR0aD0iMSIgaGVpZ2h0PSIxIiB4bWxucz0iaHR0cDovL3d3dy53My5vcmcvMjAwMC9zdmciPjwvc3ZnPg==\" style=\"--smush-placeholder-width: 550px; --smush-placeholder-aspect-ratio: 550\/309;\" \/><img decoding=\"async\" class=\"gallery-img-mobile lazyload\" data-src=\"https:\/\/cottage.cz\/wp-content\/uploads\/2017\/04\/IMG_20160505_115556-500x500.jpg\" alt=\"\" src=\"data:image\/svg+xml;base64,PHN2ZyB3aWR0aD0iMSIgaGVpZ2h0PSIxIiB4bWxucz0iaHR0cDovL3d3dy53My5vcmcvMjAwMC9zdmciPjwvc3ZnPg==\" style=\"--smush-placeholder-width: 500px; --smush-placeholder-aspect-ratio: 500\/500;\" \/><div class=\"gallery-enlarge\"><\/div><\/a><\/div><div class=\"gallery-column\"><a class=\"gallery-item photoswipe-item\" data-caption=\"\" data-width=\"800\" data-height=\"450\" href=\"https:\/\/cottage.cz\/wp-content\/uploads\/2017\/04\/IMG_20160505_132437.jpg\" rel=\"lightbox[20286]\"><img decoding=\"async\" class=\"gallery-img-desktop lazyload\" data-src=\"https:\/\/cottage.cz\/wp-content\/uploads\/2017\/04\/IMG_20160505_132437-550x309.jpg\" alt=\"\" src=\"data:image\/svg+xml;base64,PHN2ZyB3aWR0aD0iMSIgaGVpZ2h0PSIxIiB4bWxucz0iaHR0cDovL3d3dy53My5vcmcvMjAwMC9zdmciPjwvc3ZnPg==\" style=\"--smush-placeholder-width: 550px; --smush-placeholder-aspect-ratio: 550\/309;\" \/><img decoding=\"async\" class=\"gallery-img-mobile lazyload\" data-src=\"https:\/\/cottage.cz\/wp-content\/uploads\/2017\/04\/IMG_20160505_132437-500x500.jpg\" alt=\"\" src=\"data:image\/svg+xml;base64,PHN2ZyB3aWR0aD0iMSIgaGVpZ2h0PSIxIiB4bWxucz0iaHR0cDovL3d3dy53My5vcmcvMjAwMC9zdmciPjwvc3ZnPg==\" style=\"--smush-placeholder-width: 500px; --smush-placeholder-aspect-ratio: 500\/500;\" \/><div class=\"gallery-enlarge\"><\/div><\/a><\/div><style type=\"text\/css\">.gallery-1 .gallery-column { width: 33.33%; padding-bottom: 18.75%; }.gallery-1 { margin-left: -0px; margin-right: -0px; }.gallery-1 .gallery-item {bottom: 0px;left: 0px;right: 0px;top: 0px;}<\/style><\/div>\n","protected":false},"excerpt":{"rendered":"<p>Wollen Sie Mountainbike Lausitzer Gebirge und Nationalparks Tschechische und die S\u00e4chsische Schweiz gehen? Ales zertifiziert F\u00fchrer mit Ihnen \u00fcbergibt diese Region kreuz und quer. Wir denken an das Programm zusammen, Reisen, Unterhaltung, Verpflegung und Unterkunft. Es h\u00e4ngt alles von Ihren Anforderungen und Ihrer Partei. Beispiel: 1. den\u00a0\u2013 Der Ausdruck auf der sedmistovky\u00a0Lausitzer Gebirge. Sich zu [&hellip;]<\/p>\n","protected":false},"author":4,"featured_media":16240,"parent":0,"menu_order":0,"comment_status":"closed","ping_status":"closed","template":"","meta":{"_monsterinsights_skip_tracking":false,"_monsterinsights_sitenote_active":false,"_monsterinsights_sitenote_note":"","_monsterinsights_sitenote_category":0,"ngg_post_thumbnail":0,"footnotes":""},"class_list":["post-20286","page","type-page","status-publish","has-post-thumbnail","hentry"],"aioseo_notices":[],"_links":{"self":[{"href":"https:\/\/cottage.cz\/de\/wp-json\/wp\/v2\/pages\/20286","targetHints":{"allow":["GET"]}}],"collection":[{"href":"https:\/\/cottage.cz\/de\/wp-json\/wp\/v2\/pages"}],"about":[{"href":"https:\/\/cottage.cz\/de\/wp-json\/wp\/v2\/types\/page"}],"author":[{"embeddable":true,"href":"https:\/\/cottage.cz\/de\/wp-json\/wp\/v2\/users\/4"}],"replies":[{"embeddable":true,"href":"https:\/\/cottage.cz\/de\/wp-json\/wp\/v2\/comments?post=20286"}],"version-history":[{"count":2,"href":"https:\/\/cottage.cz\/de\/wp-json\/wp\/v2\/pages\/20286\/revisions"}],"predecessor-version":[{"id":20291,"href":"https:\/\/cottage.cz\/de\/wp-json\/wp\/v2\/pages\/20286\/revisions\/20291"}],"wp:featuredmedia":[{"embeddable":true,"href":"https:\/\/cottage.cz\/de\/wp-json\/wp\/v2\/media\/16240"}],"wp:attachment":[{"href":"https:\/\/cottage.cz\/de\/wp-json\/wp\/v2\/media?parent=20286"}],"curies":[{"name":"wp","href":"https:\/\/api.w.org\/{rel}","templated":true}]}}