{"id":20274,"date":"2023-12-16T21:43:09","date_gmt":"2023-12-16T20:43:09","guid":{"rendered":"https:\/\/cottage.napokusy.cz\/?page_id=20274"},"modified":"2023-12-16T21:43:11","modified_gmt":"2023-12-16T20:43:11","slug":"kyjovsko-damm","status":"publish","type":"page","link":"https:\/\/cottage.cz\/de\/kyjovsko-damm\/","title":{"rendered":"Kyjovsko Damm"},"content":{"rendered":"<p>Kyjovsk\u00e1 Damm liegt am Rande des Dorfes Kyjov (weg von Krasna Lipa 4 km).P\u0159hradn\u00ed Tank wurde ein Damm auf rohen Strom auf Lausitzer Gebirge zu schaffen und der Nationalpark B\u00f6hmische Schweiz Gegend um ist 2 er hat. Es gibt keine Nahrung oder WC-Anlagen. Der Zugang zu Wasser ist f\u00fcr Kinder schwer m\u00edstama. Die Reinheit des Wassers in den hei\u00dfen Sommermonaten ist sehr gut.<\/p>\n<p><img decoding=\"async\" data-src=\"http:\/\/cottage.cz\/wp-content\/uploads\/2017\/07\/cottage_files\/kyjovska-prehrada.jpg\" src=\"data:image\/svg+xml;base64,PHN2ZyB3aWR0aD0iMSIgaGVpZ2h0PSIxIiB4bWxucz0iaHR0cDovL3d3dy53My5vcmcvMjAwMC9zdmciPjwvc3ZnPg==\" class=\"lazyload\" \/><\/p>\n","protected":false},"excerpt":{"rendered":"<p>Kyjovsk\u00e1 Damm liegt am Rande des Dorfes Kyjov (weg von Krasna Lipa 4 km).P\u0159hradn\u00ed Tank wurde ein Damm auf rohen Strom auf Lausitzer Gebirge zu schaffen und der Nationalpark B\u00f6hmische Schweiz Gegend um ist 2 er hat. Es gibt keine Nahrung oder WC-Anlagen. Der Zugang zu Wasser ist f\u00fcr Kinder schwer m\u00edstama. Die Reinheit des [&hellip;]<\/p>\n","protected":false},"author":4,"featured_media":0,"parent":0,"menu_order":0,"comment_status":"closed","ping_status":"closed","template":"","meta":{"_monsterinsights_skip_tracking":false,"_monsterinsights_sitenote_active":false,"_monsterinsights_sitenote_note":"","_monsterinsights_sitenote_category":0,"ngg_post_thumbnail":0,"footnotes":""},"class_list":["post-20274","page","type-page","status-publish","hentry"],"aioseo_notices":[],"_links":{"self":[{"href":"https:\/\/cottage.cz\/de\/wp-json\/wp\/v2\/pages\/20274","targetHints":{"allow":["GET"]}}],"collection":[{"href":"https:\/\/cottage.cz\/de\/wp-json\/wp\/v2\/pages"}],"about":[{"href":"https:\/\/cottage.cz\/de\/wp-json\/wp\/v2\/types\/page"}],"author":[{"embeddable":true,"href":"https:\/\/cottage.cz\/de\/wp-json\/wp\/v2\/users\/4"}],"replies":[{"embeddable":true,"href":"https:\/\/cottage.cz\/de\/wp-json\/wp\/v2\/comments?post=20274"}],"version-history":[{"count":1,"href":"https:\/\/cottage.cz\/de\/wp-json\/wp\/v2\/pages\/20274\/revisions"}],"predecessor-version":[{"id":20275,"href":"https:\/\/cottage.cz\/de\/wp-json\/wp\/v2\/pages\/20274\/revisions\/20275"}],"wp:attachment":[{"href":"https:\/\/cottage.cz\/de\/wp-json\/wp\/v2\/media?parent=20274"}],"curies":[{"name":"wp","href":"https:\/\/api.w.org\/{rel}","templated":true}]}}