{"id":20262,"date":"2023-12-16T21:17:59","date_gmt":"2023-12-16T20:17:59","guid":{"rendered":"https:\/\/cottage.napokusy.cz\/?page_id=20262"},"modified":"2023-12-16T21:18:01","modified_gmt":"2023-12-16T20:18:01","slug":"polevsko","status":"publish","type":"page","link":"https:\/\/cottage.cz\/de\/polevsko\/","title":{"rendered":"Polevsko"},"content":{"rendered":"<p>Polevsko ist ein Dorf zwischen Kittel und Nov\u00fd Bor im Lausitzer Gebirge. Sein Vorberg Charakter mit verstreuten Blockh\u00fctten ist ein Fest f\u00fcr die Augen. Und wenn alles mit Schnee bedeckt (In diesem Jahr ist nicht), Wegziehen Aufz\u00fcge, Reiten Sie ein Langlaufen und Bergd\u00f6rfer pl\u00f6tzlich verwandelt sich in einen kleinen \u201eCzech-Swiss Skigebiet. Unabh\u00e4ngig davon, ob Schnee, Sie k\u00f6nnen auch einen neuen Weg f\u00fcr Polevsk\u00fdmi Riesen finden (4km).<\/p>\n<p><img decoding=\"async\" class=\" lazyloaded\" src=\"https:\/\/www.cottage.cz\/files\/cottik_200.png\" alt=\"\" width=\"50\" data-src=\"https:\/\/www.cottage.cz\/files\/cottik_200.png\" \/>Ich empfehle Parkplatz vor dem Gemeindeamt. Der Weg ist f\u00fcr die Kinder geeignet. Achtung h\u00fcgeliges Gel\u00e4nde und die Fahrt kann erweitert werden auf 3 Stunden.<\/p>\n<p>aktuelle Informationen:<\/p>\n<p><a href=\"http:\/\/skipolevsko.cz\" target=\"_blank\" rel=\"noopener\">www.skipolevsko.cz<\/a><\/p>\n<p><a href=\"http:\/\/www.polevsko.ski\">www.polevsko.ski<\/a><\/p>\n<div class=\"gallery-1 gallery-wrapper columns-wrapper\"><div class=\"gallery-column\"><a class=\"gallery-item photoswipe-item\" data-caption=\"\" data-width=\"800\" data-height=\"450\" href=\"https:\/\/cottage.cz\/wp-content\/uploads\/2015\/12\/polevsko_2-1.jpg\" rel=\"lightbox[20262]\"><img decoding=\"async\" class=\"gallery-img-desktop lazyload\" data-src=\"https:\/\/cottage.cz\/wp-content\/uploads\/2015\/12\/polevsko_2-1-550x309.jpg\" alt=\"\" src=\"data:image\/svg+xml;base64,PHN2ZyB3aWR0aD0iMSIgaGVpZ2h0PSIxIiB4bWxucz0iaHR0cDovL3d3dy53My5vcmcvMjAwMC9zdmciPjwvc3ZnPg==\" style=\"--smush-placeholder-width: 550px; --smush-placeholder-aspect-ratio: 550\/309;\" \/><img decoding=\"async\" class=\"gallery-img-mobile lazyload\" data-src=\"https:\/\/cottage.cz\/wp-content\/uploads\/2015\/12\/polevsko_2-1-500x500.jpg\" alt=\"\" src=\"data:image\/svg+xml;base64,PHN2ZyB3aWR0aD0iMSIgaGVpZ2h0PSIxIiB4bWxucz0iaHR0cDovL3d3dy53My5vcmcvMjAwMC9zdmciPjwvc3ZnPg==\" style=\"--smush-placeholder-width: 500px; --smush-placeholder-aspect-ratio: 500\/500;\" \/><div class=\"gallery-enlarge\"><\/div><\/a><\/div><style type=\"text\/css\">.gallery-1 .gallery-column { width: 33.33%; padding-bottom: 18.75%; }.gallery-1 { margin-left: -0px; margin-right: -0px; }.gallery-1 .gallery-item {bottom: 0px;left: 0px;right: 0px;top: 0px;}<\/style><\/div>\n","protected":false},"excerpt":{"rendered":"<p>Polevsko ist ein Dorf zwischen Kittel und Nov\u00fd Bor im Lausitzer Gebirge. Sein Vorberg Charakter mit verstreuten Blockh\u00fctten ist ein Fest f\u00fcr die Augen. Und wenn alles mit Schnee bedeckt (In diesem Jahr ist nicht), Wegziehen Aufz\u00fcge, Reiten Sie ein Langlaufen und Bergd\u00f6rfer pl\u00f6tzlich verwandelt sich in einen kleinen \u201eCzech-Swiss Skigebiet. Unabh\u00e4ngig davon, ob Schnee, [&hellip;]<\/p>\n","protected":false},"author":4,"featured_media":0,"parent":0,"menu_order":0,"comment_status":"closed","ping_status":"closed","template":"","meta":{"_monsterinsights_skip_tracking":false,"_monsterinsights_sitenote_active":false,"_monsterinsights_sitenote_note":"","_monsterinsights_sitenote_category":0,"ngg_post_thumbnail":0,"footnotes":""},"class_list":["post-20262","page","type-page","status-publish","hentry"],"aioseo_notices":[],"_links":{"self":[{"href":"https:\/\/cottage.cz\/de\/wp-json\/wp\/v2\/pages\/20262","targetHints":{"allow":["GET"]}}],"collection":[{"href":"https:\/\/cottage.cz\/de\/wp-json\/wp\/v2\/pages"}],"about":[{"href":"https:\/\/cottage.cz\/de\/wp-json\/wp\/v2\/types\/page"}],"author":[{"embeddable":true,"href":"https:\/\/cottage.cz\/de\/wp-json\/wp\/v2\/users\/4"}],"replies":[{"embeddable":true,"href":"https:\/\/cottage.cz\/de\/wp-json\/wp\/v2\/comments?post=20262"}],"version-history":[{"count":1,"href":"https:\/\/cottage.cz\/de\/wp-json\/wp\/v2\/pages\/20262\/revisions"}],"predecessor-version":[{"id":20263,"href":"https:\/\/cottage.cz\/de\/wp-json\/wp\/v2\/pages\/20262\/revisions\/20263"}],"wp:attachment":[{"href":"https:\/\/cottage.cz\/de\/wp-json\/wp\/v2\/media?parent=20262"}],"curies":[{"name":"wp","href":"https:\/\/api.w.org\/{rel}","templated":true}]}}