{"id":20256,"date":"2023-12-16T21:06:22","date_gmt":"2023-12-16T20:06:22","guid":{"rendered":"https:\/\/cottage.napokusy.cz\/?page_id=20256"},"modified":"2023-12-16T21:06:24","modified_gmt":"2023-12-16T20:06:24","slug":"lobendava","status":"publish","type":"page","link":"https:\/\/cottage.cz\/de\/lobendava\/","title":{"rendered":"Lobendava"},"content":{"rendered":"\n<figure class=\"wp-block-gallery has-nested-images columns-default is-cropped wp-block-gallery-1 is-layout-flex wp-block-gallery-is-layout-flex\">\n<figure class=\"wp-block-image size-large\"><img decoding=\"async\" width=\"2048\" height=\"1536\" data-id=\"9639\" data-src=\"https:\/\/www.cottage.cz\/wp-content\/uploads\/2022\/08\/received_2899143983714663.jpeg\" alt=\"\" class=\"wp-image-9639 lazyload\" data-srcset=\"https:\/\/cottage.cz\/wp-content\/uploads\/2022\/08\/received_2899143983714663.jpeg 2048w, https:\/\/cottage.cz\/wp-content\/uploads\/2022\/08\/received_2899143983714663-300x225.jpeg 300w, https:\/\/cottage.cz\/wp-content\/uploads\/2022\/08\/received_2899143983714663-1024x768.jpeg 1024w, https:\/\/cottage.cz\/wp-content\/uploads\/2022\/08\/received_2899143983714663-768x576.jpeg 768w, https:\/\/cottage.cz\/wp-content\/uploads\/2022\/08\/received_2899143983714663-1536x1152.jpeg 1536w, https:\/\/cottage.cz\/wp-content\/uploads\/2022\/08\/received_2899143983714663-1320x990.jpeg 1320w\" data-sizes=\"(max-width: 2048px) 100vw, 2048px\" src=\"data:image\/svg+xml;base64,PHN2ZyB3aWR0aD0iMSIgaGVpZ2h0PSIxIiB4bWxucz0iaHR0cDovL3d3dy53My5vcmcvMjAwMC9zdmciPjwvc3ZnPg==\" style=\"--smush-placeholder-width: 2048px; --smush-placeholder-aspect-ratio: 2048\/1536;\" \/><\/figure>\n\n\n\n<figure class=\"wp-block-image size-large\"><img decoding=\"async\" width=\"1536\" height=\"2048\" data-id=\"9638\" data-src=\"https:\/\/www.cottage.cz\/wp-content\/uploads\/2022\/08\/received_2531688376972156.jpeg\" alt=\"\" class=\"wp-image-9638 lazyload\" data-srcset=\"https:\/\/cottage.cz\/wp-content\/uploads\/2022\/08\/received_2531688376972156.jpeg 1536w, https:\/\/cottage.cz\/wp-content\/uploads\/2022\/08\/received_2531688376972156-225x300.jpeg 225w, https:\/\/cottage.cz\/wp-content\/uploads\/2022\/08\/received_2531688376972156-768x1024.jpeg 768w, https:\/\/cottage.cz\/wp-content\/uploads\/2022\/08\/received_2531688376972156-1152x1536.jpeg 1152w, https:\/\/cottage.cz\/wp-content\/uploads\/2022\/08\/received_2531688376972156-1320x1760.jpeg 1320w\" data-sizes=\"(max-width: 1536px) 100vw, 1536px\" src=\"data:image\/svg+xml;base64,PHN2ZyB3aWR0aD0iMSIgaGVpZ2h0PSIxIiB4bWxucz0iaHR0cDovL3d3dy53My5vcmcvMjAwMC9zdmciPjwvc3ZnPg==\" style=\"--smush-placeholder-width: 1536px; --smush-placeholder-aspect-ratio: 1536\/2048;\" \/><\/figure>\n\n\n\n<figure class=\"wp-block-image size-large\"><img decoding=\"async\" width=\"2048\" height=\"1536\" data-id=\"9637\" data-src=\"https:\/\/www.cottage.cz\/wp-content\/uploads\/2022\/08\/received_795819584765251.jpeg\" alt=\"\" class=\"wp-image-9637 lazyload\" data-srcset=\"https:\/\/cottage.cz\/wp-content\/uploads\/2022\/08\/received_795819584765251.jpeg 2048w, https:\/\/cottage.cz\/wp-content\/uploads\/2022\/08\/received_795819584765251-300x225.jpeg 300w, https:\/\/cottage.cz\/wp-content\/uploads\/2022\/08\/received_795819584765251-1024x768.jpeg 1024w, https:\/\/cottage.cz\/wp-content\/uploads\/2022\/08\/received_795819584765251-768x576.jpeg 768w, https:\/\/cottage.cz\/wp-content\/uploads\/2022\/08\/received_795819584765251-1536x1152.jpeg 1536w, https:\/\/cottage.cz\/wp-content\/uploads\/2022\/08\/received_795819584765251-1320x990.jpeg 1320w\" data-sizes=\"(max-width: 2048px) 100vw, 2048px\" src=\"data:image\/svg+xml;base64,PHN2ZyB3aWR0aD0iMSIgaGVpZ2h0PSIxIiB4bWxucz0iaHR0cDovL3d3dy53My5vcmcvMjAwMC9zdmciPjwvc3ZnPg==\" style=\"--smush-placeholder-width: 2048px; --smush-placeholder-aspect-ratio: 2048\/1536;\" \/><\/figure>\n\n\n\n<figure class=\"wp-block-image size-large\"><img decoding=\"async\" width=\"1024\" height=\"576\" data-id=\"9641\" data-src=\"https:\/\/www.cottage.cz\/wp-content\/uploads\/2022\/08\/20220825_112941-1024x576.jpg\" alt=\"\" class=\"wp-image-9641 lazyload\" data-srcset=\"https:\/\/cottage.cz\/wp-content\/uploads\/2022\/08\/20220825_112941-1024x576.jpg 1024w, https:\/\/cottage.cz\/wp-content\/uploads\/2022\/08\/20220825_112941-300x169.jpg 300w, https:\/\/cottage.cz\/wp-content\/uploads\/2022\/08\/20220825_112941-768x432.jpg 768w, https:\/\/cottage.cz\/wp-content\/uploads\/2022\/08\/20220825_112941-1536x864.jpg 1536w, https:\/\/cottage.cz\/wp-content\/uploads\/2022\/08\/20220825_112941-2048x1152.jpg 2048w, https:\/\/cottage.cz\/wp-content\/uploads\/2022\/08\/20220825_112941-1320x743.jpg 1320w\" data-sizes=\"(max-width: 1024px) 100vw, 1024px\" src=\"data:image\/svg+xml;base64,PHN2ZyB3aWR0aD0iMSIgaGVpZ2h0PSIxIiB4bWxucz0iaHR0cDovL3d3dy53My5vcmcvMjAwMC9zdmciPjwvc3ZnPg==\" style=\"--smush-placeholder-width: 1024px; --smush-placeholder-aspect-ratio: 1024\/576;\" \/><\/figure>\n\n\n\n<figure class=\"wp-block-image size-large\"><img decoding=\"async\" width=\"1024\" height=\"576\" data-id=\"9642\" data-src=\"https:\/\/www.cottage.cz\/wp-content\/uploads\/2022\/08\/20220825_113503-1024x576.jpg\" alt=\"\" class=\"wp-image-9642 lazyload\" data-srcset=\"https:\/\/cottage.cz\/wp-content\/uploads\/2022\/08\/20220825_113503-1024x576.jpg 1024w, https:\/\/cottage.cz\/wp-content\/uploads\/2022\/08\/20220825_113503-300x169.jpg 300w, https:\/\/cottage.cz\/wp-content\/uploads\/2022\/08\/20220825_113503-768x432.jpg 768w, https:\/\/cottage.cz\/wp-content\/uploads\/2022\/08\/20220825_113503-1536x864.jpg 1536w, https:\/\/cottage.cz\/wp-content\/uploads\/2022\/08\/20220825_113503-2048x1152.jpg 2048w, https:\/\/cottage.cz\/wp-content\/uploads\/2022\/08\/20220825_113503-1320x743.jpg 1320w\" data-sizes=\"(max-width: 1024px) 100vw, 1024px\" src=\"data:image\/svg+xml;base64,PHN2ZyB3aWR0aD0iMSIgaGVpZ2h0PSIxIiB4bWxucz0iaHR0cDovL3d3dy53My5vcmcvMjAwMC9zdmciPjwvc3ZnPg==\" style=\"--smush-placeholder-width: 1024px; --smush-placeholder-aspect-ratio: 1024\/576;\" \/><\/figure>\n<\/figure>\n\n\n\n<p>Das Dorf Lobendava liegt im n\u00f6rdlichsten Teil des \u0160luknov-Kamms. Schon von weitem sieht man die dominante Barockkirche Mari\u00e4 Heimsuchung. Seine Gr\u00f6\u00dfe wird es zeigen, die vor dem Zweiten Weltkrieg im Dorf lebten. Krieg \u00fcber tausend Menschen. Jetzt nur noch ein paar hundert. Oberhalb des Dorfes befindet sich ein rekonstruierter Kreuzweg mit der St.-Anna-Kapelle.<\/p>\n\n\n\n<p>SPITZE: Von Lobendava aus f\u00e4hrt man am besten in den n\u00f6rdlichsten Teil der Tschechischen Republik.<\/p>\n","protected":false},"excerpt":{"rendered":"<p>Das Dorf Lobendava liegt im n\u00f6rdlichsten Teil des \u0160luknov-Kamms. Schon von weitem sieht man die dominante Barockkirche Mari\u00e4 Heimsuchung. Seine Gr\u00f6\u00dfe wird es zeigen, die vor dem Zweiten Weltkrieg im Dorf lebten. Krieg \u00fcber tausend Menschen. Jetzt nur noch ein paar hundert. Oberhalb des Dorfes befindet sich ein rekonstruierter Kreuzweg mit der St.-Anna-Kapelle. SPITZE: Von [&hellip;]<\/p>\n","protected":false},"author":4,"featured_media":18142,"parent":0,"menu_order":0,"comment_status":"closed","ping_status":"closed","template":"","meta":{"_monsterinsights_skip_tracking":false,"_monsterinsights_sitenote_active":false,"_monsterinsights_sitenote_note":"","_monsterinsights_sitenote_category":0,"ngg_post_thumbnail":0,"footnotes":""},"class_list":["post-20256","page","type-page","status-publish","has-post-thumbnail","hentry"],"aioseo_notices":[],"_links":{"self":[{"href":"https:\/\/cottage.cz\/de\/wp-json\/wp\/v2\/pages\/20256","targetHints":{"allow":["GET"]}}],"collection":[{"href":"https:\/\/cottage.cz\/de\/wp-json\/wp\/v2\/pages"}],"about":[{"href":"https:\/\/cottage.cz\/de\/wp-json\/wp\/v2\/types\/page"}],"author":[{"embeddable":true,"href":"https:\/\/cottage.cz\/de\/wp-json\/wp\/v2\/users\/4"}],"replies":[{"embeddable":true,"href":"https:\/\/cottage.cz\/de\/wp-json\/wp\/v2\/comments?post=20256"}],"version-history":[{"count":1,"href":"https:\/\/cottage.cz\/de\/wp-json\/wp\/v2\/pages\/20256\/revisions"}],"predecessor-version":[{"id":20257,"href":"https:\/\/cottage.cz\/de\/wp-json\/wp\/v2\/pages\/20256\/revisions\/20257"}],"wp:featuredmedia":[{"embeddable":true,"href":"https:\/\/cottage.cz\/de\/wp-json\/wp\/v2\/media\/18142"}],"wp:attachment":[{"href":"https:\/\/cottage.cz\/de\/wp-json\/wp\/v2\/media?parent=20256"}],"curies":[{"name":"wp","href":"https:\/\/api.w.org\/{rel}","templated":true}]}}