{"id":20240,"date":"2025-06-03T11:44:38","date_gmt":"2025-06-03T09:44:38","guid":{"rendered":"https:\/\/cottage.napokusy.cz\/?page_id=20240"},"modified":"2025-09-05T08:30:46","modified_gmt":"2025-09-05T06:30:46","slug":"kueche","status":"publish","type":"page","link":"https:\/\/cottage.cz\/de\/kueche\/","title":{"rendered":"K\u00fcche"},"content":{"rendered":"\n<p>Unsere K\u00fcche ist komplett mit Utensilien zum Kochen und Servieren ausgestattet 17 Leute. Es kann auch in den Sommermonaten verwendet werden&nbsp;<a href=\"https:\/\/www.cottage.cz\/de\/f%C3%BChlen\/\">terasu<\/a>.<br>Es gibt einen gro\u00dfen K\u00fchlschrank mit Gefrierfach, Backofen, Herd, Sp\u00fclmaschinen mit Tabs. Sie k\u00f6nnen es finden alle, Was die richtige Nahrung zu sein.<br>Es beinhaltet auch&nbsp;<a href=\"https:\/\/www.cottage.cz\/de\/samoobsluzny-bar\/\">Selbstbedienungsbar<\/a>&nbsp;mit regionalen Getr\u00e4nken und einer hochwertigen Nespresso-Kaffeemaschine.<\/p>\n\n\n\nngg_shortcode_0_placeholder\n\n\n\n<figure class=\"wp-block-video\"><video height=\"848\" style=\"aspect-ratio: 480 \/ 848;\" width=\"480\" controls src=\"https:\/\/www.cottage.cz\/wp-content\/uploads\/2023\/02\/VID-20230217-WA0008.mp4\"><\/video><\/figure>\n","protected":false},"excerpt":{"rendered":"<p>Unsere K\u00fcche ist komplett mit Utensilien zum Kochen und Servieren ausgestattet 17 Leute. Es kann auch in den Sommermonaten verwendet werden&nbsp;terasu.Es gibt einen gro\u00dfen K\u00fchlschrank mit Gefrierfach, Backofen, Herd, Sp\u00fclmaschinen mit Tabs. Sie k\u00f6nnen es finden alle, Was die richtige Nahrung zu sein.Es beinhaltet auch&nbsp;Selbstbedienungsbar&nbsp;mit regionalen Getr\u00e4nken und einer hochwertigen Nespresso-Kaffeemaschine.<\/p>\n","protected":false},"author":4,"featured_media":14773,"parent":0,"menu_order":0,"comment_status":"closed","ping_status":"closed","template":"","meta":{"_monsterinsights_skip_tracking":false,"_monsterinsights_sitenote_active":false,"_monsterinsights_sitenote_note":"","_monsterinsights_sitenote_category":0,"ngg_post_thumbnail":0,"footnotes":""},"class_list":["post-20240","page","type-page","status-publish","has-post-thumbnail","hentry"],"aioseo_notices":[],"_links":{"self":[{"href":"https:\/\/cottage.cz\/de\/wp-json\/wp\/v2\/pages\/20240","targetHints":{"allow":["GET"]}}],"collection":[{"href":"https:\/\/cottage.cz\/de\/wp-json\/wp\/v2\/pages"}],"about":[{"href":"https:\/\/cottage.cz\/de\/wp-json\/wp\/v2\/types\/page"}],"author":[{"embeddable":true,"href":"https:\/\/cottage.cz\/de\/wp-json\/wp\/v2\/users\/4"}],"replies":[{"embeddable":true,"href":"https:\/\/cottage.cz\/de\/wp-json\/wp\/v2\/comments?post=20240"}],"version-history":[{"count":5,"href":"https:\/\/cottage.cz\/de\/wp-json\/wp\/v2\/pages\/20240\/revisions"}],"predecessor-version":[{"id":27510,"href":"https:\/\/cottage.cz\/de\/wp-json\/wp\/v2\/pages\/20240\/revisions\/27510"}],"wp:featuredmedia":[{"embeddable":true,"href":"https:\/\/cottage.cz\/de\/wp-json\/wp\/v2\/media\/14773"}],"wp:attachment":[{"href":"https:\/\/cottage.cz\/de\/wp-json\/wp\/v2\/media?parent=20240"}],"curies":[{"name":"wp","href":"https:\/\/api.w.org\/{rel}","templated":true}]}}